{"id":1918,"date":"2021-01-29T16:29:11","date_gmt":"2021-01-29T16:29:11","guid":{"rendered":"http:\/\/stoelzle.com\/consumer\/ueber-uns\/fascination-glass\/"},"modified":"2022-06-07T10:03:53","modified_gmt":"2022-06-07T10:03:53","slug":"faszination-glas","status":"publish","type":"page","link":"https:\/\/www.stoelzle.com\/consumer\/de\/ueber-uns\/faszination-glas\/","title":{"rendered":"Faszination Glas"},"content":{"rendered":"<div class=\"wpb-content-wrapper\"><p>[vc_row][vc_column]<div class=\"vc-title   text-center\">\n              <div class=\"topline\">Der beste Werkstoff<\/div>\n              <h1 class=\"title position-relative separator\">Lebensmittel in Glas aufbewahren<\/h1>\n              <div class=\"row\"><div class=\"col-md-10 offset-md-1\"><\/p>\n<p class=\"large-text\">Glas ist unsere Leidenschaft und das nicht ohne Grund. Die folgenden sieben Kriterien beweisen, wieso Glas unumstritten das beste Verpackungsmaterial f\u00fcr Lebensmittel und Getr\u00e4nke ist. \u00dcberzeugen Sie sich selbst!<\/p>\n<p><\/div><\/div>\n            <\/div>[\/vc_column][\/vc_row][vc_row full_width=&#8221;stretch_row_content_no_spaces&#8221;][vc_column]<div id=\"id-content-cards\" class=\"row no-gutters  \">\n        <div class=\"col-sm-6 col-md-4 col-lg-3 \">\n          <div class=\"card card-text theme-blue\">\n            \n            <div class=\"card-overlay d-flex flex-column\">\n            \n            <div class=\"headline h3 w-100\">#1 Glas f\u00fcr unsere Gesundheit<\/div>\n            <div class=\"desc w-100\"><p>Glas ist zu 100% nat\u00fcrlich und fungiert durch seine inh\u00e4renten Eigenschaften als sichere Barriere gegen \u00e4u\u00dfere Einwirkungen. Das macht Glas zur nat\u00fcrlichen Wahl, um die Gesundheit der Menschen zu erhalten.<\/p><\/div>\n            \n              <div class=\"mt-auto\">\n                \n              <\/div>\n            <\/div>\n          <\/div>\n        <\/div>\n        <div class=\"col-sm-6 col-md-4 col-lg-3 \">\n          <div class=\"card no-zoom theme-dark\">\n            \n          <div class=\"card-image position-absolute w-100 h-100\">\n            <img decoding=\"async\" class=\"w-100 h-100\"  src=\"https:\/\/www.stoelzle.com\/consumer\/wp-content\/uploads\/sites\/3\/2021\/02\/fascination-glass-health-bottle-800x800.jpg\" alt=\"Sauces and juice stored in glass bottles\" \/>\n          <\/div>\n            <div class=\"card-overlay d-flex flex-column\">\n            \n            \n            \n            \n              <div class=\"mt-auto\">\n                \n              <\/div>\n            <\/div>\n          <\/div>\n        <\/div>\n        <div class=\"col-sm-6 col-md-4 col-lg-3 \">\n          <div class=\"card card-text theme-light-gray\">\n            \n            <div class=\"card-overlay d-flex flex-column\">\n            \n            <div class=\"headline h3 w-100\">#2 Purer Geschmack <\/div>\n            <div class=\"desc w-100\"><p>Kein anderes Verpackungsmaterial sch\u00fctzt den Inhalt und h\u00e4lt ihn frisch und lecker wie Glas. Es ist geruchs- und geschmacksneutral, weshalb Sie Ihr Lieblingsprodukt stets unverf\u00e4lscht und pur genie\u00dfen k\u00f6nnen. <\/p><\/div>\n            \n              <div class=\"mt-auto\">\n                \n              <\/div>\n            <\/div>\n          <\/div>\n        <\/div>\n        <div class=\"col-sm-6 col-md-4 col-lg-3 \">\n          <div class=\"card no-zoom theme-dark\">\n            \n          <div class=\"card-image position-absolute w-100 h-100\">\n            <img decoding=\"async\" class=\"w-100 h-100\"  src=\"https:\/\/www.stoelzle.com\/consumer\/wp-content\/uploads\/sites\/3\/2021\/02\/fascination-glass-tasteless-vegetables-800x800.jpg\" alt=\"Salad layered in a glass jar\" \/>\n          <\/div>\n            <div class=\"card-overlay d-flex flex-column\">\n            \n            \n            \n            \n              <div class=\"mt-auto\">\n                \n              <\/div>\n            <\/div>\n          <\/div>\n        <\/div>\n        <div class=\"col-sm-6 col-md-4 col-lg-3 \">\n          <div class=\"card card-text theme-white\">\n            \n            <div class=\"card-overlay d-flex flex-column\">\n            \n            <div class=\"headline h3 w-100\">#3 Sicherheit<\/div>\n            <div class=\"desc w-100\"><p>Mit Glas sind Sie auf der sicheren Seite: Durch seine nat\u00fcrliche Zusammensetzung sch\u00fctzt es den Inhalt ebenso wie Ihre Gesundheit.  Zudem halten wir uns bei Stoelzle an den globalen Verpackungsstandard f\u00fcr Lebensmittel (BRC Zertifizierung) und k\u00f6nnen damit h\u00f6chste Produktqualit\u00e4t sicherstellen. <\/p><\/div>\n            \n              <div class=\"mt-auto\">\n                \n              <\/div>\n            <\/div>\n          <\/div>\n        <\/div>\n        <div class=\"col-sm-6 col-md-4 col-lg-3 \">\n          <div class=\"card card-text theme-blue\">\n            \n            <div class=\"card-overlay d-flex flex-column\">\n            \n            <div class=\"headline h3 w-100\">#4 Vielf\u00e4ltige Anwendungsbereiche<\/div>\n            <div class=\"desc w-100\"><p>Das Marmeladeglas am Fr\u00fchst\u00fcckstisch, ein Kosmetiktiegel im Badezimmer, eine Spirituosenflasche an der Bar oder ein Arzneimittel im Schrank \u2013 Glasverpackungen begleiten uns durch den gesamten Tag und sind nahezu f\u00fcr alle F\u00fcllg\u00fcter geeignet.<\/p><\/div>\n            \n              <div class=\"mt-auto\">\n                \n              <\/div>\n            <\/div>\n          <\/div>\n        <\/div>\n        <div class=\"col-sm-6 col-md-4 col-lg-3 \">\n          <div class=\"card no-zoom theme-dark\">\n            \n          <div class=\"card-image position-absolute w-100 h-100\">\n            <img decoding=\"async\" class=\"w-100 h-100\"  src=\"https:\/\/www.stoelzle.com\/consumer\/wp-content\/uploads\/sites\/3\/2021\/02\/fascination-glass-safety-fruit-800x800.jpg\" alt=\"Fruit pieces in mini glasses\" \/>\n          <\/div>\n            <div class=\"card-overlay d-flex flex-column\">\n            \n            \n            \n            \n              <div class=\"mt-auto\">\n                \n              <\/div>\n            <\/div>\n          <\/div>\n        <\/div>\n        <div class=\"col-sm-6 col-md-4 col-lg-3 \">\n          <div class=\"card card-text theme-light-gray\">\n            \n            <div class=\"card-overlay d-flex flex-column\">\n            \n            <div class=\"headline h3 w-100\">#5 Formvollendet und wundersch\u00f6n<\/div>\n            <div class=\"desc w-100\"><p>Glasverpackungen haben eine lange Tradition, behalten stets ihre Form und \u00fcberzeugen in deren Schlichtheit. Glas steht mit dessen gl\u00e4nzender Optik stellvertretend f\u00fcr hochwertige Produkte.<\/p><\/div>\n            \n              <div class=\"mt-auto\">\n                \n              <\/div>\n            <\/div>\n          <\/div>\n        <\/div>\n        <div class=\"col-sm-6 col-md-4 col-lg-3 \">\n          <div class=\"card no-zoom theme-dark\">\n            \n          <div class=\"card-image position-absolute w-100 h-100\">\n            <img decoding=\"async\" class=\"w-100 h-100\"  src=\"https:\/\/www.stoelzle.com\/consumer\/wp-content\/uploads\/sites\/3\/2021\/02\/fascination-glass-trecycling-naturally-800x800.jpg\" alt=\"Variety of filled glass jars and plants smbolic for the sustainable advantage of glass\" \/>\n          <\/div>\n            <div class=\"card-overlay d-flex flex-column\">\n            \n            \n            \n            \n              <div class=\"mt-auto\">\n                \n              <\/div>\n            <\/div>\n          <\/div>\n        <\/div>\n        <div class=\"col-sm-6 col-md-4 col-lg-3 \">\n          <div class=\"card card-text theme-white\">\n            \n            <div class=\"card-overlay d-flex flex-column\">\n            \n            <div class=\"headline h3 w-100\">#6 Glas bleibt Glas<\/div>\n            <div class=\"desc w-100\"><p>Glas wird zu 100% aus nat\u00fcrlich vorkommenden Inhaltsstoffen hergestellt. Zudem kann es ohne Qualit\u00e4tsverlust immer wieder recycelt und zu neuen Glasbeh\u00e4ltern verarbeitet werden. Glasrecycling bildet  einen vollendeten Materialkreislauf. <\/p><\/div>\n            \n              <div class=\"mt-auto\">\n                \n              <\/div>\n            <\/div>\n          <\/div>\n        <\/div>\n        <div class=\"col-sm-6 col-md-4 col-lg-3 \">\n          <div class=\"card card-text theme-blue\">\n            \n            <div class=\"card-overlay d-flex flex-column\">\n            \n            <div class=\"headline h3 w-100\">#7 Alle lieben Glas<\/div>\n            <div class=\"desc w-100\"><p>Glas entspricht dem globalen Interesse von Nachhaltigkeit, Sicherheit und Gesundheit. Es liegt hoch im Kurs und wird als bevorzugtes Verpackungsmaterial empfohlen.<\/p><\/div>\n            \n              <div class=\"mt-auto\">\n                \n              <\/div>\n            <\/div>\n          <\/div>\n        <\/div>\n        <div class=\"col-sm-6 col-md-4 col-lg-3 \">\n          <div class=\"card no-zoom theme-dark\">\n            \n          <div class=\"card-image position-absolute w-100 h-100\">\n            <img decoding=\"async\" class=\"w-100 h-100\"  src=\"https:\/\/www.stoelzle.com\/consumer\/wp-content\/uploads\/sites\/3\/2021\/02\/home-glass-packaging-food-beverages-800x800.jpg\" alt=\"Selection of glass jars filled with some deliciuos food products\" \/>\n          <\/div>\n            <div class=\"card-overlay d-flex flex-column\">\n            \n            \n            \n            \n              <div class=\"mt-auto\">\n                \n              <\/div>\n            <\/div>\n          <\/div>\n        <\/div><\/div>[\/vc_column][\/vc_row]<\/p>\n<\/div>","protected":false},"excerpt":{"rendered":"<p>[vc_row][vc_column][\/vc_column][\/vc_row][vc_row full_width=&#8221;stretch_row_content_no_spaces&#8221;][vc_column][\/vc_column][\/vc_row]<\/p>\n","protected":false},"author":1,"featured_media":0,"parent":1074,"menu_order":50,"comment_status":"closed","ping_status":"closed","template":"","meta":{"_acf_changed":false,"footnotes":""},"class_list":["post-1918","page","type-page","status-publish","hentry"],"acf":[],"yoast_head":"<!-- This site is optimized with the Yoast SEO plugin v26.6 - https:\/\/yoast.com\/wordpress\/plugins\/seo\/ -->\n<title>Lebensmittel in Glas aufbewahren \u00bb alle Vorteile | Stoelzle<\/title>\n<meta name=\"description\" content=\"Glas ist wiederverwertbar und so die ideale Verpackung f\u00fcr Lebensmittel \u279c Alle Vorteile davon, Lebensmittel in Glas aufzubewahren!\" \/>\n<meta name=\"robots\" content=\"index, follow, max-snippet:-1, max-image-preview:large, max-video-preview:-1\" \/>\n<link rel=\"canonical\" href=\"https:\/\/www.stoelzle.com\/consumer\/de\/ueber-uns\/faszination-glas\/\" \/>\n<meta property=\"og:locale\" content=\"de_DE\" \/>\n<meta property=\"og:type\" content=\"article\" \/>\n<meta property=\"og:title\" content=\"Lebensmittel in Glas aufbewahren \u00bb alle Vorteile | Stoelzle\" \/>\n<meta property=\"og:description\" content=\"Glas ist wiederverwertbar und so die ideale Verpackung f\u00fcr Lebensmittel \u279c Alle Vorteile davon, Lebensmittel in Glas aufzubewahren!\" \/>\n<meta property=\"og:url\" content=\"https:\/\/www.stoelzle.com\/consumer\/de\/ueber-uns\/faszination-glas\/\" \/>\n<meta property=\"og:site_name\" content=\"Stoelzle Consumer \u2013 Food &amp; Beverages\" \/>\n<meta property=\"article:modified_time\" content=\"2022-06-07T10:03:53+00:00\" \/>\n<meta name=\"twitter:card\" content=\"summary_large_image\" \/>\n<meta name=\"twitter:label1\" content=\"Gesch\u00e4tzte Lesezeit\" \/>\n\t<meta name=\"twitter:data1\" content=\"1 Minute\" \/>\n<script type=\"application\/ld+json\" class=\"yoast-schema-graph\">{\"@context\":\"https:\/\/schema.org\",\"@graph\":[{\"@type\":\"WebPage\",\"@id\":\"https:\/\/www.stoelzle.com\/consumer\/de\/ueber-uns\/faszination-glas\/\",\"url\":\"https:\/\/www.stoelzle.com\/consumer\/de\/ueber-uns\/faszination-glas\/\",\"name\":\"Lebensmittel in Glas aufbewahren \u00bb alle Vorteile | Stoelzle\",\"isPartOf\":{\"@id\":\"https:\/\/www.stoelzle.com\/consumer\/de\/#website\"},\"datePublished\":\"2021-01-29T16:29:11+00:00\",\"dateModified\":\"2022-06-07T10:03:53+00:00\",\"description\":\"Glas ist wiederverwertbar und so die ideale Verpackung f\u00fcr Lebensmittel \u279c Alle Vorteile davon, Lebensmittel in Glas aufzubewahren!\",\"breadcrumb\":{\"@id\":\"https:\/\/www.stoelzle.com\/consumer\/de\/ueber-uns\/faszination-glas\/#breadcrumb\"},\"inLanguage\":\"de-DE\",\"potentialAction\":[{\"@type\":\"ReadAction\",\"target\":[\"https:\/\/www.stoelzle.com\/consumer\/de\/ueber-uns\/faszination-glas\/\"]}]},{\"@type\":\"BreadcrumbList\",\"@id\":\"https:\/\/www.stoelzle.com\/consumer\/de\/ueber-uns\/faszination-glas\/#breadcrumb\",\"itemListElement\":[{\"@type\":\"ListItem\",\"position\":1,\"name\":\"Home\",\"item\":\"https:\/\/www.stoelzle.com\/de\/\"},{\"@type\":\"ListItem\",\"position\":2,\"name\":\"Food &amp; Beverages\",\"item\":\"https:\/\/www.stoelzle.com\/consumer\/de\/\"},{\"@type\":\"ListItem\",\"position\":3,\"name\":\"\u00dcber uns\",\"item\":\"https:\/\/www.stoelzle.com\/consumer\/de\/ueber-uns\/\"},{\"@type\":\"ListItem\",\"position\":4,\"name\":\"Faszination Glas\"}]},{\"@type\":\"WebSite\",\"@id\":\"https:\/\/www.stoelzle.com\/consumer\/de\/#website\",\"url\":\"https:\/\/www.stoelzle.com\/consumer\/de\/\",\"name\":\"Stoelzle Consumer \u2013 Food &amp; Beverages\",\"description\":\"\",\"publisher\":{\"@id\":\"https:\/\/www.stoelzle.com\/consumer\/de\/#organization\"},\"potentialAction\":[{\"@type\":\"SearchAction\",\"target\":{\"@type\":\"EntryPoint\",\"urlTemplate\":\"https:\/\/www.stoelzle.com\/consumer\/de\/?s={search_term_string}\"},\"query-input\":{\"@type\":\"PropertyValueSpecification\",\"valueRequired\":true,\"valueName\":\"search_term_string\"}}],\"inLanguage\":\"de-DE\"},{\"@type\":\"Organization\",\"@id\":\"https:\/\/www.stoelzle.com\/consumer\/de\/#organization\",\"name\":\"Stoelzle Consumer - Food & Beverages\",\"url\":\"https:\/\/www.stoelzle.com\/consumer\/de\/\",\"logo\":{\"@type\":\"ImageObject\",\"inLanguage\":\"de-DE\",\"@id\":\"https:\/\/www.stoelzle.com\/consumer\/de\/#\/schema\/logo\/image\/\",\"url\":\"https:\/\/www.stoelzle.com\/consumer\/wp-content\/uploads\/sites\/3\/2021\/03\/logo_consumer.svg\",\"contentUrl\":\"https:\/\/www.stoelzle.com\/consumer\/wp-content\/uploads\/sites\/3\/2021\/03\/logo_consumer.svg\",\"width\":156,\"height\":40,\"caption\":\"Stoelzle Consumer - Food & Beverages\"},\"image\":{\"@id\":\"https:\/\/www.stoelzle.com\/consumer\/de\/#\/schema\/logo\/image\/\"}}]}<\/script>\n<!-- \/ Yoast SEO plugin. -->","yoast_head_json":{"title":"Lebensmittel in Glas aufbewahren \u00bb alle Vorteile | Stoelzle","description":"Glas ist wiederverwertbar und so die ideale Verpackung f\u00fcr Lebensmittel \u279c Alle Vorteile davon, Lebensmittel in Glas aufzubewahren!","robots":{"index":"index","follow":"follow","max-snippet":"max-snippet:-1","max-image-preview":"max-image-preview:large","max-video-preview":"max-video-preview:-1"},"canonical":"https:\/\/www.stoelzle.com\/consumer\/de\/ueber-uns\/faszination-glas\/","og_locale":"de_DE","og_type":"article","og_title":"Lebensmittel in Glas aufbewahren \u00bb alle Vorteile | Stoelzle","og_description":"Glas ist wiederverwertbar und so die ideale Verpackung f\u00fcr Lebensmittel \u279c Alle Vorteile davon, Lebensmittel in Glas aufzubewahren!","og_url":"https:\/\/www.stoelzle.com\/consumer\/de\/ueber-uns\/faszination-glas\/","og_site_name":"Stoelzle Consumer \u2013 Food &amp; Beverages","article_modified_time":"2022-06-07T10:03:53+00:00","twitter_card":"summary_large_image","twitter_misc":{"Gesch\u00e4tzte Lesezeit":"1 Minute"},"schema":{"@context":"https:\/\/schema.org","@graph":[{"@type":"WebPage","@id":"https:\/\/www.stoelzle.com\/consumer\/de\/ueber-uns\/faszination-glas\/","url":"https:\/\/www.stoelzle.com\/consumer\/de\/ueber-uns\/faszination-glas\/","name":"Lebensmittel in Glas aufbewahren \u00bb alle Vorteile | Stoelzle","isPartOf":{"@id":"https:\/\/www.stoelzle.com\/consumer\/de\/#website"},"datePublished":"2021-01-29T16:29:11+00:00","dateModified":"2022-06-07T10:03:53+00:00","description":"Glas ist wiederverwertbar und so die ideale Verpackung f\u00fcr Lebensmittel \u279c Alle Vorteile davon, Lebensmittel in Glas aufzubewahren!","breadcrumb":{"@id":"https:\/\/www.stoelzle.com\/consumer\/de\/ueber-uns\/faszination-glas\/#breadcrumb"},"inLanguage":"de-DE","potentialAction":[{"@type":"ReadAction","target":["https:\/\/www.stoelzle.com\/consumer\/de\/ueber-uns\/faszination-glas\/"]}]},{"@type":"BreadcrumbList","@id":"https:\/\/www.stoelzle.com\/consumer\/de\/ueber-uns\/faszination-glas\/#breadcrumb","itemListElement":[{"@type":"ListItem","position":1,"name":"Home","item":"https:\/\/www.stoelzle.com\/de\/"},{"@type":"ListItem","position":2,"name":"Food &amp; Beverages","item":"https:\/\/www.stoelzle.com\/consumer\/de\/"},{"@type":"ListItem","position":3,"name":"\u00dcber uns","item":"https:\/\/www.stoelzle.com\/consumer\/de\/ueber-uns\/"},{"@type":"ListItem","position":4,"name":"Faszination Glas"}]},{"@type":"WebSite","@id":"https:\/\/www.stoelzle.com\/consumer\/de\/#website","url":"https:\/\/www.stoelzle.com\/consumer\/de\/","name":"Stoelzle Consumer \u2013 Food &amp; Beverages","description":"","publisher":{"@id":"https:\/\/www.stoelzle.com\/consumer\/de\/#organization"},"potentialAction":[{"@type":"SearchAction","target":{"@type":"EntryPoint","urlTemplate":"https:\/\/www.stoelzle.com\/consumer\/de\/?s={search_term_string}"},"query-input":{"@type":"PropertyValueSpecification","valueRequired":true,"valueName":"search_term_string"}}],"inLanguage":"de-DE"},{"@type":"Organization","@id":"https:\/\/www.stoelzle.com\/consumer\/de\/#organization","name":"Stoelzle Consumer - Food & Beverages","url":"https:\/\/www.stoelzle.com\/consumer\/de\/","logo":{"@type":"ImageObject","inLanguage":"de-DE","@id":"https:\/\/www.stoelzle.com\/consumer\/de\/#\/schema\/logo\/image\/","url":"https:\/\/www.stoelzle.com\/consumer\/wp-content\/uploads\/sites\/3\/2021\/03\/logo_consumer.svg","contentUrl":"https:\/\/www.stoelzle.com\/consumer\/wp-content\/uploads\/sites\/3\/2021\/03\/logo_consumer.svg","width":156,"height":40,"caption":"Stoelzle Consumer - Food & Beverages"},"image":{"@id":"https:\/\/www.stoelzle.com\/consumer\/de\/#\/schema\/logo\/image\/"}}]}},"_links":{"self":[{"href":"https:\/\/www.stoelzle.com\/consumer\/de\/wp-json\/wp\/v2\/pages\/1918","targetHints":{"allow":["GET"]}}],"collection":[{"href":"https:\/\/www.stoelzle.com\/consumer\/de\/wp-json\/wp\/v2\/pages"}],"about":[{"href":"https:\/\/www.stoelzle.com\/consumer\/de\/wp-json\/wp\/v2\/types\/page"}],"author":[{"embeddable":true,"href":"https:\/\/www.stoelzle.com\/consumer\/de\/wp-json\/wp\/v2\/users\/1"}],"replies":[{"embeddable":true,"href":"https:\/\/www.stoelzle.com\/consumer\/de\/wp-json\/wp\/v2\/comments?post=1918"}],"version-history":[{"count":0,"href":"https:\/\/www.stoelzle.com\/consumer\/de\/wp-json\/wp\/v2\/pages\/1918\/revisions"}],"up":[{"embeddable":true,"href":"https:\/\/www.stoelzle.com\/consumer\/de\/wp-json\/wp\/v2\/pages\/1074"}],"wp:attachment":[{"href":"https:\/\/www.stoelzle.com\/consumer\/de\/wp-json\/wp\/v2\/media?parent=1918"}],"curies":[{"name":"wp","href":"https:\/\/api.w.org\/{rel}","templated":true}]}}