{"id":1913,"date":"2021-01-29T16:14:12","date_gmt":"2021-01-29T16:14:12","guid":{"rendered":"http:\/\/stoelzle.com\/consumer\/ueber-uns\/quality\/"},"modified":"2021-05-18T11:28:15","modified_gmt":"2021-05-18T11:28:15","slug":"qualitaet","status":"publish","type":"page","link":"https:\/\/www.stoelzle.com\/consumer\/de\/ueber-uns\/qualitaet\/","title":{"rendered":"Qualit\u00e4t"},"content":{"rendered":"<div class=\"wpb-content-wrapper\"><p>[vc_row][vc_column]<div class=\"vc-title   text-center\">\n              <div class=\"topline\">Qualifizierte Prozesse und Produkte<\/div>\n              <h1 class=\"title position-relative separator\">Qualit\u00e4t &amp; Sicherheit<\/h1>\n              <div class=\"row\"><div class=\"col-md-10 offset-md-1\"><\/p>\n<p class=\"large-text\">Stoelzle ist Garant f\u00fcr h\u00f6chste Qualit\u00e4t und Perfektion in der Produktion von Verpackungsglas. Wir legen gro\u00dfen Wert auf die kontinuierliche Verbesserung betrieblicher Prozesse, um die Qualit\u00e4t unserer Produkte auch in Zukunft sicherzustellen.<\/p>\n<p><\/div><\/div>\n            <\/div>[\/vc_column][\/vc_row][vc_row full_width=&#8221;stretch_row_content_no_spaces&#8221;][vc_column]<div id=\"id-content-cards\" class=\"row no-gutters  \">\n        <div class=\"col-sm-6 col-md-4 col-lg-3 \">\n          <a href=\"\/consumer\/de\/downloads\/\"  class=\"card d-block card-text theme-light-gray\">\n            \n            <div class=\"card-overlay d-flex flex-column\">\n            <div class=\"sub-headline w-100\">Downloads<\/div>\n            <div class=\"headline h3 w-100\">Zertifikate<\/div>\n            <div class=\"desc w-100\"><p><ul>\n  <li>ISO 9001:2015 <\/li>\n  <li>ISO 15378 (GMP)<\/li>\n  <li>BRC IOP Food Packaging Standard <\/li>\n<\/ul><\/p><\/div>\n            \n              <div class=\"mt-auto\">\n                <span class=\"cta big-button arrow\"><\/span>\n              <\/div>\n            <\/div>\n          <\/a>\n        <\/div>\n        <div class=\"col-sm-6 col-md-4 col-lg-3 \">\n          <div class=\"card card-text theme-blue\">\n            \n            <div class=\"card-overlay d-flex flex-column\">\n            <div class=\"sub-headline w-100\">Stand der Technik<\/div>\n            <div class=\"headline h3 w-100\">Fertigungs- und Qualit\u00e4tspr\u00fcfanlagen<\/div>\n            <div class=\"desc w-100\"><p>Hochspezialisierte Inspektionsanlagen  gew\u00e4hrleisten eine l\u00fcckenlose visuelle und mechanische Qualit\u00e4tskontrolle s\u00e4mtlicher Produkte. <\/p><\/div>\n            \n              <div class=\"mt-auto\">\n                \n              <\/div>\n            <\/div>\n          <\/div>\n        <\/div>\n        <div class=\"col-sm-6 col-md-4 col-lg-3 d-block d-md-none d-lg-block\">\n          <div class=\"card no-zoom theme-dark\">\n            \n          <div class=\"card-image position-absolute w-100 h-100\">\n            <img decoding=\"async\" class=\"w-100 h-100\"  src=\"https:\/\/www.stoelzle.com\/consumer\/wp-content\/uploads\/sites\/3\/2021\/02\/quality-management-system-800x800.jpg\" alt=\"Modern inspection machine at the cold end section\" \/>\n          <\/div>\n            <div class=\"card-overlay d-flex flex-column\">\n            \n            \n            \n            \n              <div class=\"mt-auto\">\n                \n              <\/div>\n            <\/div>\n          <\/div>\n        <\/div>\n        <div class=\"col-sm-6 col-md-4 col-lg-3 \">\n          <a href=\"\/de\/unternehmen\/qualitaet\/\"  target=\"_blank\"  class=\"card d-block card-text theme-white\">\n            \n            <div class=\"card-overlay d-flex flex-column\">\n            <div class=\"sub-headline w-100\">Qualit\u00e4tsmanagement<\/div>\n            <div class=\"headline h3 w-100\">Qualit\u00e4t bei Stoelzle<\/div>\n            <div class=\"desc w-100\"><p>Gruppenweit standardisierte Qualit\u00e4tsprozesse f\u00fcr eine einheitlich hohe Produktqualit\u00e4t.<\/p><\/div>\n            \n              <div class=\"mt-auto\">\n                <span class=\"cta big-button arrow\"><\/span>\n              <\/div>\n            <\/div>\n          <\/a>\n        <\/div><\/div>[\/vc_column][\/vc_row][vc_row][vc_column]<div class=\"vc-two-columns  \">\n                <div class=\"row\">\n                    <div class=\"col-sm-6 bg-white image-left\"><img loading=\"lazy\" decoding=\"async\" width=\"1024\" height=\"666\" src=\"https:\/\/www.stoelzle.com\/consumer\/wp-content\/uploads\/sites\/3\/2021\/02\/quality-backup-system-1024x666.jpg\" class=\"w-100 h-100 cover\" alt=\"Employee at the operation of the quality facilities\" srcset=\"https:\/\/www.stoelzle.com\/consumer\/wp-content\/uploads\/sites\/3\/2021\/02\/quality-backup-system-1024x666.jpg 1024w, https:\/\/www.stoelzle.com\/consumer\/wp-content\/uploads\/sites\/3\/2021\/02\/quality-backup-system-480x312.jpg 480w, https:\/\/www.stoelzle.com\/consumer\/wp-content\/uploads\/sites\/3\/2021\/02\/quality-backup-system-1536x998.jpg 1536w, https:\/\/www.stoelzle.com\/consumer\/wp-content\/uploads\/sites\/3\/2021\/02\/quality-backup-system-992x645.jpg 992w, https:\/\/www.stoelzle.com\/consumer\/wp-content\/uploads\/sites\/3\/2021\/02\/quality-backup-system-600x390.jpg 600w, https:\/\/www.stoelzle.com\/consumer\/wp-content\/uploads\/sites\/3\/2021\/02\/quality-backup-system.jpg 2000w\" sizes=\"auto, (max-width: 1024px) 100vw, 1024px\" \/><\/div>\n                    <div class=\"col-sm-6 bg-white image-left\"><div class=\"column-content h-100 d-flex flex-column justify-content-center\"><\/p>\n<h2>Backup, Qualit\u00e4t und Flexibilit\u00e4t<\/h2>\n<p>Ein zentral gesteuertes Produktions- und Qualit\u00e4tssicherungssystem bietet eine Backup-Funktion an, die h\u00f6chste Flexibilit\u00e4t und Sicherheit in der Produktion an mehreren Standorten gew\u00e4hrleistet.<\/div><\/div>\n                <\/div>\n            <\/div><div class=\"vc-two-columns  \">\n                <div class=\"row\">\n                    <div class=\"col-sm-6 bg-gray image-right\"><div class=\"column-content h-100 d-flex flex-column justify-content-center\"><\/p>\n<h2>Qualit\u00e4tskontrolle am kalten Ende<\/h2>\n<p>Nach den ersten Qualit\u00e4tskontrollen am hei\u00dfen Ende werden die Gl\u00e4ser kontrolliert herunter gek\u00fchlt und anschlie\u00dfend einer noch umfangreicheren Qualit\u00e4tskontrolle unterzogen. Moderne Kamerasysteme \u00fcbernehmen die Inspektion des Bodens, der M\u00fcndung und der Glasw\u00e4nde. Zus\u00e4tzlich durchl\u00e4uft jedes einzelne Glas einer mechanischen und optischen Endkontrolle. Damit erzielen wir eine 100% Kontrolle der Produkte.<\/div><\/div>\n                    <div class=\"col-sm-6 bg-gray image-right\"><img loading=\"lazy\" decoding=\"async\" width=\"1024\" height=\"666\" src=\"https:\/\/www.stoelzle.com\/consumer\/wp-content\/uploads\/sites\/3\/2021\/02\/quality-control-cold-end-1024x666.jpg\" class=\"w-100 h-100 cover\" alt=\"Glass jars on the conveyor at the entry of the turning machine\" srcset=\"https:\/\/www.stoelzle.com\/consumer\/wp-content\/uploads\/sites\/3\/2021\/02\/quality-control-cold-end-1024x666.jpg 1024w, https:\/\/www.stoelzle.com\/consumer\/wp-content\/uploads\/sites\/3\/2021\/02\/quality-control-cold-end-480x312.jpg 480w, https:\/\/www.stoelzle.com\/consumer\/wp-content\/uploads\/sites\/3\/2021\/02\/quality-control-cold-end-1536x998.jpg 1536w, https:\/\/www.stoelzle.com\/consumer\/wp-content\/uploads\/sites\/3\/2021\/02\/quality-control-cold-end-992x645.jpg 992w, https:\/\/www.stoelzle.com\/consumer\/wp-content\/uploads\/sites\/3\/2021\/02\/quality-control-cold-end-600x390.jpg 600w, https:\/\/www.stoelzle.com\/consumer\/wp-content\/uploads\/sites\/3\/2021\/02\/quality-control-cold-end.jpg 2000w\" sizes=\"auto, (max-width: 1024px) 100vw, 1024px\" \/><\/div>\n                <\/div>\n            <\/div><div class=\"vc-two-columns  \">\n                <div class=\"row\">\n                    <div class=\"col-sm-6 bg-white image-left\"><img loading=\"lazy\" decoding=\"async\" width=\"1024\" height=\"666\" src=\"https:\/\/www.stoelzle.com\/consumer\/wp-content\/uploads\/sites\/3\/2021\/02\/quality-food-safety-brc-standard-1024x666.jpg\" class=\"w-100 h-100 cover\" alt=\"Top view of filled spice jars\" srcset=\"https:\/\/www.stoelzle.com\/consumer\/wp-content\/uploads\/sites\/3\/2021\/02\/quality-food-safety-brc-standard-1024x666.jpg 1024w, https:\/\/www.stoelzle.com\/consumer\/wp-content\/uploads\/sites\/3\/2021\/02\/quality-food-safety-brc-standard-480x312.jpg 480w, https:\/\/www.stoelzle.com\/consumer\/wp-content\/uploads\/sites\/3\/2021\/02\/quality-food-safety-brc-standard-1536x998.jpg 1536w, https:\/\/www.stoelzle.com\/consumer\/wp-content\/uploads\/sites\/3\/2021\/02\/quality-food-safety-brc-standard-992x645.jpg 992w, https:\/\/www.stoelzle.com\/consumer\/wp-content\/uploads\/sites\/3\/2021\/02\/quality-food-safety-brc-standard-600x390.jpg 600w, https:\/\/www.stoelzle.com\/consumer\/wp-content\/uploads\/sites\/3\/2021\/02\/quality-food-safety-brc-standard.jpg 2000w\" sizes=\"auto, (max-width: 1024px) 100vw, 1024px\" \/><\/div>\n                    <div class=\"col-sm-6 bg-white image-left\"><div class=\"column-content h-100 d-flex flex-column justify-content-center\"><\/p>\n<div class=\"topline\">Lebensmittelsicherheit<\/div>\n<h2>BRC Standard<\/h2>\n<h4>Globaler Standard f\u00fcr Verpackung<\/h4>\n<p>Die Sicherheit unserer Lebensmittel und deren unver\u00e4nderte Qualit\u00e4t haben f\u00fcr uns h\u00f6chste Priorit\u00e4t, weshalb wir von Stoelzle den globalen BRC Standards f\u00fcr Verpackung folgen. Wir verpflichten uns der Einhaltung umfassender Sicherheits-, Qualit\u00e4ts-, Betriebs- und Hygienekriterien, um die Herstellung und Auslieferung von Glasbeh\u00e4ltnissen nach h\u00f6chsten Hygienestandards sicherzustellen und die Qualit\u00e4t der abgepackten Lebensmittel zu sch\u00fctzen.<\/p>\n<p><a class=\"editor-button cta\" href=\"https:\/\/www.stoelzle.com\/wp-content\/uploads\/2021\/04\/brc-gs-STO-DE.pdf\" target=\"_blank\" rel=\"noopener\">Download<\/a><\/div><\/div>\n                <\/div>\n            <\/div>[\/vc_column][\/vc_row]<\/p>\n<\/div>","protected":false},"excerpt":{"rendered":"<p>[vc_row][vc_column][\/vc_column][\/vc_row][vc_row full_width=&#8221;stretch_row_content_no_spaces&#8221;][vc_column][\/vc_column][\/vc_row][vc_row][vc_column][\/vc_column][\/vc_row]<\/p>\n","protected":false},"author":1,"featured_media":0,"parent":1074,"menu_order":40,"comment_status":"closed","ping_status":"closed","template":"","meta":{"_acf_changed":false,"footnotes":""},"class_list":["post-1913","page","type-page","status-publish","hentry"],"acf":[],"yoast_head":"<!-- This site is optimized with the Yoast SEO plugin v26.6 - https:\/\/yoast.com\/wordpress\/plugins\/seo\/ -->\n<title>Hochwertige Verpackungen \u00bb Unsere Priorit\u00e4t | Stoelzle<\/title>\n<meta name=\"robots\" content=\"index, follow, max-snippet:-1, max-image-preview:large, max-video-preview:-1\" \/>\n<link rel=\"canonical\" href=\"https:\/\/www.stoelzle.com\/de\/unternehmen\/qualitaet\/\" \/>\n<meta property=\"og:locale\" content=\"de_DE\" \/>\n<meta property=\"og:type\" content=\"article\" \/>\n<meta property=\"og:title\" content=\"Hochwertige Verpackungen \u00bb Unsere Priorit\u00e4t | Stoelzle\" \/>\n<meta property=\"og:description\" content=\"[vc_row][vc_column][\/vc_column][\/vc_row][vc_row full_width=&#8221;stretch_row_content_no_spaces&#8221;][vc_column][\/vc_column][\/vc_row][vc_row][vc_column][\/vc_column][\/vc_row]\" \/>\n<meta property=\"og:url\" content=\"https:\/\/www.stoelzle.com\/de\/unternehmen\/qualitaet\" \/>\n<meta property=\"og:site_name\" content=\"Stoelzle Consumer \u2013 Food &amp; Beverages\" \/>\n<meta property=\"article:modified_time\" content=\"2021-05-18T11:28:15+00:00\" \/>\n<meta name=\"twitter:card\" content=\"summary_large_image\" \/>\n<meta name=\"twitter:label1\" content=\"Gesch\u00e4tzte Lesezeit\" \/>\n\t<meta name=\"twitter:data1\" content=\"1 Minute\" \/>\n<script type=\"application\/ld+json\" class=\"yoast-schema-graph\">{\"@context\":\"https:\/\/schema.org\",\"@graph\":[{\"@type\":\"WebPage\",\"@id\":\"https:\/\/www.stoelzle.com\/consumer\/de\/ueber-uns\/qualitaet\/\",\"url\":\"https:\/\/www.stoelzle.com\/de\/unternehmen\/qualitaet\",\"name\":\"Hochwertige Verpackungen \u00bb Unsere Priorit\u00e4t | Stoelzle\",\"isPartOf\":{\"@id\":\"https:\/\/www.stoelzle.com\/consumer\/de\/#website\"},\"datePublished\":\"2021-01-29T16:14:12+00:00\",\"dateModified\":\"2021-05-18T11:28:15+00:00\",\"breadcrumb\":{\"@id\":\"https:\/\/www.stoelzle.com\/de\/unternehmen\/qualitaet#breadcrumb\"},\"inLanguage\":\"de-DE\",\"potentialAction\":[{\"@type\":\"ReadAction\",\"target\":[\"https:\/\/www.stoelzle.com\/de\/unternehmen\/qualitaet\"]}]},{\"@type\":\"BreadcrumbList\",\"@id\":\"https:\/\/www.stoelzle.com\/de\/unternehmen\/qualitaet#breadcrumb\",\"itemListElement\":[{\"@type\":\"ListItem\",\"position\":1,\"name\":\"Home\",\"item\":\"https:\/\/www.stoelzle.com\/de\/\"},{\"@type\":\"ListItem\",\"position\":2,\"name\":\"Food &amp; Beverages\",\"item\":\"https:\/\/www.stoelzle.com\/consumer\/de\/\"},{\"@type\":\"ListItem\",\"position\":3,\"name\":\"\u00dcber uns\",\"item\":\"https:\/\/www.stoelzle.com\/consumer\/de\/ueber-uns\/\"},{\"@type\":\"ListItem\",\"position\":4,\"name\":\"Qualit\u00e4t\"}]},{\"@type\":\"WebSite\",\"@id\":\"https:\/\/www.stoelzle.com\/consumer\/de\/#website\",\"url\":\"https:\/\/www.stoelzle.com\/consumer\/de\/\",\"name\":\"Stoelzle Consumer \u2013 Food &amp; Beverages\",\"description\":\"\",\"publisher\":{\"@id\":\"https:\/\/www.stoelzle.com\/consumer\/de\/#organization\"},\"potentialAction\":[{\"@type\":\"SearchAction\",\"target\":{\"@type\":\"EntryPoint\",\"urlTemplate\":\"https:\/\/www.stoelzle.com\/consumer\/de\/?s={search_term_string}\"},\"query-input\":{\"@type\":\"PropertyValueSpecification\",\"valueRequired\":true,\"valueName\":\"search_term_string\"}}],\"inLanguage\":\"de-DE\"},{\"@type\":\"Organization\",\"@id\":\"https:\/\/www.stoelzle.com\/consumer\/de\/#organization\",\"name\":\"Stoelzle Consumer - Food & Beverages\",\"url\":\"https:\/\/www.stoelzle.com\/consumer\/de\/\",\"logo\":{\"@type\":\"ImageObject\",\"inLanguage\":\"de-DE\",\"@id\":\"https:\/\/www.stoelzle.com\/consumer\/de\/#\/schema\/logo\/image\/\",\"url\":\"https:\/\/www.stoelzle.com\/consumer\/wp-content\/uploads\/sites\/3\/2021\/03\/logo_consumer.svg\",\"contentUrl\":\"https:\/\/www.stoelzle.com\/consumer\/wp-content\/uploads\/sites\/3\/2021\/03\/logo_consumer.svg\",\"width\":156,\"height\":40,\"caption\":\"Stoelzle Consumer - Food & Beverages\"},\"image\":{\"@id\":\"https:\/\/www.stoelzle.com\/consumer\/de\/#\/schema\/logo\/image\/\"}}]}<\/script>\n<!-- \/ Yoast SEO plugin. -->","yoast_head_json":{"title":"Hochwertige Verpackungen \u00bb Unsere Priorit\u00e4t | Stoelzle","robots":{"index":"index","follow":"follow","max-snippet":"max-snippet:-1","max-image-preview":"max-image-preview:large","max-video-preview":"max-video-preview:-1"},"canonical":"https:\/\/www.stoelzle.com\/de\/unternehmen\/qualitaet\/","og_locale":"de_DE","og_type":"article","og_title":"Hochwertige Verpackungen \u00bb Unsere Priorit\u00e4t | Stoelzle","og_description":"[vc_row][vc_column][\/vc_column][\/vc_row][vc_row full_width=&#8221;stretch_row_content_no_spaces&#8221;][vc_column][\/vc_column][\/vc_row][vc_row][vc_column][\/vc_column][\/vc_row]","og_url":"https:\/\/www.stoelzle.com\/de\/unternehmen\/qualitaet","og_site_name":"Stoelzle Consumer \u2013 Food &amp; Beverages","article_modified_time":"2021-05-18T11:28:15+00:00","twitter_card":"summary_large_image","twitter_misc":{"Gesch\u00e4tzte Lesezeit":"1 Minute"},"schema":{"@context":"https:\/\/schema.org","@graph":[{"@type":"WebPage","@id":"https:\/\/www.stoelzle.com\/consumer\/de\/ueber-uns\/qualitaet\/","url":"https:\/\/www.stoelzle.com\/de\/unternehmen\/qualitaet","name":"Hochwertige Verpackungen \u00bb Unsere Priorit\u00e4t | Stoelzle","isPartOf":{"@id":"https:\/\/www.stoelzle.com\/consumer\/de\/#website"},"datePublished":"2021-01-29T16:14:12+00:00","dateModified":"2021-05-18T11:28:15+00:00","breadcrumb":{"@id":"https:\/\/www.stoelzle.com\/de\/unternehmen\/qualitaet#breadcrumb"},"inLanguage":"de-DE","potentialAction":[{"@type":"ReadAction","target":["https:\/\/www.stoelzle.com\/de\/unternehmen\/qualitaet"]}]},{"@type":"BreadcrumbList","@id":"https:\/\/www.stoelzle.com\/de\/unternehmen\/qualitaet#breadcrumb","itemListElement":[{"@type":"ListItem","position":1,"name":"Home","item":"https:\/\/www.stoelzle.com\/de\/"},{"@type":"ListItem","position":2,"name":"Food &amp; Beverages","item":"https:\/\/www.stoelzle.com\/consumer\/de\/"},{"@type":"ListItem","position":3,"name":"\u00dcber uns","item":"https:\/\/www.stoelzle.com\/consumer\/de\/ueber-uns\/"},{"@type":"ListItem","position":4,"name":"Qualit\u00e4t"}]},{"@type":"WebSite","@id":"https:\/\/www.stoelzle.com\/consumer\/de\/#website","url":"https:\/\/www.stoelzle.com\/consumer\/de\/","name":"Stoelzle Consumer \u2013 Food &amp; Beverages","description":"","publisher":{"@id":"https:\/\/www.stoelzle.com\/consumer\/de\/#organization"},"potentialAction":[{"@type":"SearchAction","target":{"@type":"EntryPoint","urlTemplate":"https:\/\/www.stoelzle.com\/consumer\/de\/?s={search_term_string}"},"query-input":{"@type":"PropertyValueSpecification","valueRequired":true,"valueName":"search_term_string"}}],"inLanguage":"de-DE"},{"@type":"Organization","@id":"https:\/\/www.stoelzle.com\/consumer\/de\/#organization","name":"Stoelzle Consumer - Food & Beverages","url":"https:\/\/www.stoelzle.com\/consumer\/de\/","logo":{"@type":"ImageObject","inLanguage":"de-DE","@id":"https:\/\/www.stoelzle.com\/consumer\/de\/#\/schema\/logo\/image\/","url":"https:\/\/www.stoelzle.com\/consumer\/wp-content\/uploads\/sites\/3\/2021\/03\/logo_consumer.svg","contentUrl":"https:\/\/www.stoelzle.com\/consumer\/wp-content\/uploads\/sites\/3\/2021\/03\/logo_consumer.svg","width":156,"height":40,"caption":"Stoelzle Consumer - Food & Beverages"},"image":{"@id":"https:\/\/www.stoelzle.com\/consumer\/de\/#\/schema\/logo\/image\/"}}]}},"_links":{"self":[{"href":"https:\/\/www.stoelzle.com\/consumer\/de\/wp-json\/wp\/v2\/pages\/1913","targetHints":{"allow":["GET"]}}],"collection":[{"href":"https:\/\/www.stoelzle.com\/consumer\/de\/wp-json\/wp\/v2\/pages"}],"about":[{"href":"https:\/\/www.stoelzle.com\/consumer\/de\/wp-json\/wp\/v2\/types\/page"}],"author":[{"embeddable":true,"href":"https:\/\/www.stoelzle.com\/consumer\/de\/wp-json\/wp\/v2\/users\/1"}],"replies":[{"embeddable":true,"href":"https:\/\/www.stoelzle.com\/consumer\/de\/wp-json\/wp\/v2\/comments?post=1913"}],"version-history":[{"count":0,"href":"https:\/\/www.stoelzle.com\/consumer\/de\/wp-json\/wp\/v2\/pages\/1913\/revisions"}],"up":[{"embeddable":true,"href":"https:\/\/www.stoelzle.com\/consumer\/de\/wp-json\/wp\/v2\/pages\/1074"}],"wp:attachment":[{"href":"https:\/\/www.stoelzle.com\/consumer\/de\/wp-json\/wp\/v2\/media?parent=1913"}],"curies":[{"name":"wp","href":"https:\/\/api.w.org\/{rel}","templated":true}]}}