{"id":1681,"date":"2021-01-29T16:29:18","date_gmt":"2021-01-29T16:29:18","guid":{"rendered":"http:\/\/stoelzle.com\/consumer\/?page_id=1681"},"modified":"2021-09-29T06:31:28","modified_gmt":"2021-09-29T06:31:28","slug":"dekoration","status":"publish","type":"page","link":"https:\/\/www.stoelzle.com\/consumer\/de\/service\/dekoration\/","title":{"rendered":"Dekoration"},"content":{"rendered":"<div class=\"wpb-content-wrapper\"><p>[vc_row][vc_column]<div class=\"vc-title   text-center\">\n              <div class=\"topline\">Einzigartige Produkte<\/div>\n              <h1 class=\"title position-relative separator\">Individualit\u00e4t durch Dekoration<\/h1>\n              <div class=\"row\"><div class=\"col-md-10 offset-md-1\"><\/p>\n<p class=\"large-text\">Mithilfe von Dekorationen machen Sie Ihr Glas unverwechselbar. Kennzeichnen Sie das Glas mit Ihrem Logo, verwenden Sie Farbe oder nutzen Sie die Dekoration f\u00fcr das Ausweisen von Produktinformationen. Sie gew\u00e4hren Ihren Kunden die maximale Sicht auf den Inhalt und ersparen sich die Etiketten.<\/p>\n<p><\/div><\/div>\n            <\/div>[\/vc_column][\/vc_row][vc_row full_width=&#8221;stretch_row_content_no_spaces&#8221;][vc_column]<div id=\"id-content-cards\" class=\"row no-gutters  \">\n        <div class=\"col-sm-6 col-md-4 col-lg-3 \">\n          <div class=\"card card-text theme-light-gray\">\n            \n            <div class=\"card-overlay d-flex flex-column\">\n            <div class=\"sub-headline w-100\">Neu<\/div>\n            <div class=\"headline h3 w-100\">Innovative und umweltfreundliche Dekorationstechniken<\/div>\n            <div class=\"desc w-100\"><p><ul>\n  <li>Quality Glass Coat 2.0<\/li>\n  <li>Tigital<\/li>\n<\/ul><\/p><\/div>\n            \n              <div class=\"mt-auto\">\n                \n              <\/div>\n            <\/div>\n          <\/div>\n        <\/div>\n        <div class=\"col-sm-6 col-md-4 col-lg-3 d-block d-md-none d-lg-block\">\n          <div class=\"card no-zoom theme-dark\">\n            \n          <div class=\"card-image position-absolute w-100 h-100\">\n            <img decoding=\"async\" class=\"w-100 h-100\"  src=\"https:\/\/www.stoelzle.com\/consumer\/wp-content\/uploads\/sites\/3\/2021\/02\/decoration-group-800x800.jpg\" alt=\"Composition of decorated samples\" \/>\n          <\/div>\n            <div class=\"card-overlay d-flex flex-column\">\n            \n            \n            \n            \n              <div class=\"mt-auto\">\n                \n              <\/div>\n            <\/div>\n          <\/div>\n        <\/div>\n        <div class=\"col-sm-6 col-md-4 col-lg-3 \">\n          <a href=\"\/consumer\/de\/kontakt\/\"  class=\"card d-block card-text theme-blue\">\n            \n            <div class=\"card-overlay d-flex flex-column\">\n            <div class=\"sub-headline w-100\">Kontakt<\/div>\n            <div class=\"headline h3 w-100\">Fragen zu unseren Dekorationen?<\/div>\n            \n            \n              <div class=\"mt-auto\">\n                <span class=\"cta big-button arrow\"><\/span>\n              <\/div>\n            <\/div>\n          <\/a>\n        <\/div>\n        <div class=\"col-sm-6 col-md-4 col-lg-3 \">\n          <div class=\"card card-text theme-light-gray\">\n            \n            <div class=\"card-overlay d-flex flex-column\">\n            <div class=\"sub-headline w-100\">Eigene Produktion<\/div>\n            <div class=\"headline h3 w-100\">Drei hauseigene Dekorationswerke<\/div>\n            <div class=\"desc w-100\"><p><ul>\n  <li>Stoelzle Cz\u0119stochowa (Polen)<\/li>\n  <li>Stoelzle Flaconnage (England)<\/li>\n  <li>Stoelzle Masni\u00e8res Decoration (Frankreich)<\/li>\n<\/ul><\/p><\/div>\n            \n              <div class=\"mt-auto\">\n                \n              <\/div>\n            <\/div>\n          <\/div>\n        <\/div><\/div>[\/vc_column][\/vc_row][vc_row][vc_column]<div class=\"vc-title spacing-top-m  text-center\">\n              \n              <h2 class=\"title position-relative\">Dekorationstechniken<\/h2>\n              \n            <\/div><div id=\"id-dekorationstechniken-slider\" class=\" spacing-bottom-s\"><div class=\"row content-slider mb-5\"><div class=\"col\"><div>\n                        <div class=\"mb-3\"><div class=\"content-slider-image\">\n                      <img decoding=\"async\" class=\"img-fluid w-100 h-100\" src=\"https:\/\/www.stoelzle.com\/consumer\/wp-content\/uploads\/sites\/3\/2021\/02\/decoration-spraying.jpg\" alt=\"Sample of glass bottle decorated with effect spraying\">\n                    <\/div><\/div>\n                        <div class=\"h3 content-slider-title\">Lackierung<\/div><div class=\"content-slider-text\">Mittels Spr\u00fchtechnik wird Farbe auf das Glas aufgetragen. Diese Art der Dekoration kann einfach mit anderen Dekorationstechniken kombiniert werden. Wir bieten eine gro\u00dfe Auswahl an l\u00f6sungsmittelfreien Farben und unterschiedlichen Ausf\u00fchrungen: deckend, transparent, matt,  gl\u00e4nzend oder mit einzigartigen Effekten. <\/div>\n                      <\/div><\/div><div class=\"col\"><div>\n                        <div class=\"mb-3\"><div class=\"content-slider-image\">\n                      <img decoding=\"async\" class=\"img-fluid w-100 h-100\" src=\"https:\/\/www.stoelzle.com\/consumer\/wp-content\/uploads\/sites\/3\/2021\/02\/decoration-printing.jpg\" alt=\"Sample of glass bottle decorated with printed flower\">\n                    <\/div><\/div>\n                        <div class=\"h3 content-slider-title\">Siebdruck<\/div><div class=\"content-slider-text\">Vollautomatisierter Siebdruck erm\u00f6glicht eine pr\u00e4zise Dekoration. Je nach Anforderungen arbeiten wir mit allen g\u00e4ngigen Farbsystemen und setzen ausschlie\u00dflich schwermetallfreie Farben ein. Jedes Farbsystem bringt andere Vorteil. Mit organischen UV Farben k\u00f6nnen bis zu neun Farben in einem einzigen Durchlauf angebracht werden. Keramische Farben hingegen \u00fcberzeugen durch eine sehr hohe Best\u00e4ndigkeit gegen mechanischen Abrieb. <\/div>\n                      <\/div><\/div><div class=\"col\"><div>\n                        <div class=\"mb-3\"><div class=\"content-slider-image\">\n                      <img decoding=\"async\" class=\"img-fluid w-100 h-100\" src=\"https:\/\/www.stoelzle.com\/consumer\/wp-content\/uploads\/sites\/3\/2021\/02\/decoration-frosting.jpg\" alt=\"Sample of glass bottle decorated with masked frosting\">\n                    <\/div><\/div>\n                        <div class=\"h3 content-slider-title\">S\u00e4uremattierung<\/div><div class=\"content-slider-text\">Durch diesen Veredelungsprozess erh\u00e4lt das Glas eine matte Oberfl\u00e4che. Derart behandeltes Glas kann auf Wunsch mit Siebdruck und Hei\u00dfpr\u00e4gung weiter dekoriert werden.<\/div>\n                      <\/div><\/div><\/div><div class=\"mb-4\"><div class=\"row\"><div class=\"col content-slider-arrows text-center\"><\/div><\/div><\/div><\/div>\n    <script async>\n      jQuery(document).ready(function($) {\n        jQuery(\"#id-dekorationstechniken-slider .content-slider\").slick({\n          slidesToShow: 3,\n          prevArrow: \"<span class=\\\"d-inline-block slick-arrow slick-arrow-prev\\\"><\/span>\",\n          nextArrow: \"<span class=\\\"d-inline-block slick-arrow slick-arrow-next\\\"><\/span>\",\n          appendArrows: $(\"#id-dekorationstechniken-slider .content-slider-arrows\"),\n          adaptiveHeight: true,\n          responsive: [\n            {\n              breakpoint: 1024,\n              settings: {\n                slidesToShow: 2\n              }\n            },\n            {\n              breakpoint: 768,\n              settings: {\n                slidesToShow: 1\n              }\n            },\n          ]\n        });\n      });\n    <\/script>[\/vc_column][\/vc_row][vc_row full_width=&#8221;stretch_row&#8221; el_class=&#8221;light-gray&#8221;][vc_column]<div class=\"vc-title spacing-top-m  text-center\">\n              \n              <h2 class=\"title position-relative\">St\u00e4rken Sie Ihre Marke!<\/h2>\n              <div class=\"row\"><div class=\"col-md-10 offset-md-1\"><\/p>\n<p class=\"h4\">Au\u00dfergew\u00f6hnlich \u2013 Einzigartig \u2013 Unverwechselbar<\/p>\n<p>&nbsp;<\/p>\n<p>Verleihen Sie Ihrer Verpackung einen besonderen optischen oder haptischen Effekt und machen Sie damit Ihr Produkt einzigartig. Wir bieten zahlreiche traditionelle und innovative Techniken der Dekoration. Wir entwickeln st\u00e4ndig neue Verfahren und Techniken, die noch effizienter, noch besser und noch umweltschonender sind.<\/div><\/div>\n            <\/div>[vc_row_inner][vc_column_inner width=&#8221;1\/6&#8243;][\/vc_column_inner][vc_column_inner width=&#8221;1\/6&#8243;][vc_column_text]<\/p>\n<ul>\n<li>Digitaldruck<\/li>\n<li>Effektlackierung<\/li>\n<li>Hei\u00dffolienpr\u00e4gung<\/li>\n<li>Refliefdekor<\/li>\n<li>Lasergravur<\/li>\n<\/ul>\n<p>[\/vc_column_text][\/vc_column_inner][vc_column_inner width=&#8221;1\/6&#8243;][vc_column_text]<\/p>\n<ul>\n<li>NRG 4.0<\/li>\n<li>Tigital<\/li>\n<li>Siebdruck<\/li>\n<li>Lackierung<\/li>\n<li>Quadrichromie<\/li>\n<\/ul>\n<p>[\/vc_column_text][\/vc_column_inner][vc_column_inner width=&#8221;1\/6&#8243;][vc_column_text]<\/p>\n<ul>\n<li>UV Kleben<\/li>\n<li>Quali Glass Coat 2.0<\/li>\n<li>Rundum-Druck<\/li>\n<li>IPET Beschichtung<\/li>\n<li>Bruchsicheres Glas<\/li>\n<\/ul>\n<p>[\/vc_column_text][\/vc_column_inner][vc_column_inner width=&#8221;1\/6&#8243;][vc_column_text]<\/p>\n<ul>\n<li>Frosting<\/li>\n<li>Abziehbilder<\/li>\n<li>Sleeving<\/li>\n<li>Tampo Druck<\/li>\n<\/ul>\n<p>[\/vc_column_text][\/vc_column_inner][vc_column_inner width=&#8221;1\/6&#8243;][\/vc_column_inner][\/vc_row_inner]<div class=\"vc-spacer spacing-bottom-s\"><\/div>[vc_column_text]<\/p>\n<p style=\"text-align: center\"><a class=\"editor-button cta\" href=\"\/de\/service\/dekoration\/\" target=\"_blank\" rel=\"noopener\">Mehr \u00fcber unsere Dekorationstechniken<\/a><\/p>\n<p>[\/vc_column_text]<div class=\"vc-spacer spacing-bottom-m\"><\/div>[\/vc_column][\/vc_row][vc_row full_width=&#8221;stretch_row&#8221;][vc_column]<div class=\"vc-spacer spacing-bottom-m\"><\/div>[vc_row_inner content_placement=&#8221;middle&#8221; el_class=&#8221;text-text&#8221;][vc_column_inner width=&#8221;1\/2&#8243;][vc_video link=&#8221;https:\/\/youtu.be\/AuNEtKqExAo&#8221;][\/vc_column_inner][vc_column_inner width=&#8221;1\/2&#8243;][vc_column_text]<\/p>\n<div class=\"topline\">Video<\/div>\n<h2>Ihre Vorteile<\/h2>\n<ul>\n<li>Individualit\u00e4t<\/li>\n<li>Unterst\u00fctzung der Markenbildung<\/li>\n<li>Umweltschonende Dekorationstechniken<\/li>\n<li>Unendliche Vielfalt<\/li>\n<li>Vorsprung gegen\u00fcber Konkurrenz<\/li>\n<\/ul>\n<p>[\/vc_column_text][\/vc_column_inner][\/vc_row_inner]<div class=\"vc-spacer spacing-bottom-m\"><\/div>[\/vc_column][\/vc_row]<\/p>\n<\/div>","protected":false},"excerpt":{"rendered":"<p>[vc_row][vc_column][\/vc_column][\/vc_row][vc_row full_width=&#8221;stretch_row_content_no_spaces&#8221;][vc_column][\/vc_column][\/vc_row][vc_row][vc_column][\/vc_column][\/vc_row][vc_row full_width=&#8221;stretch_row&#8221; el_class=&#8221;light-gray&#8221;][vc_column][vc_row_inner][vc_column_inner width=&#8221;1\/6&#8243;][\/vc_column_inner][vc_column_inner width=&#8221;1\/6&#8243;][vc_column_text] Digitaldruck Effektlackierung Hei\u00dffolienpr\u00e4gung Refliefdekor Lasergravur [\/vc_column_text][\/vc_column_inner][vc_column_inner width=&#8221;1\/6&#8243;][vc_column_text] NRG 4.0 Tigital Siebdruck Lackierung Quadrichromie [\/vc_column_text][\/vc_column_inner][vc_column_inner width=&#8221;1\/6&#8243;][vc_column_text] UV Kleben Quali Glass Coat 2.0 Rundum-Druck IPET Beschichtung Bruchsicheres Glas [\/vc_column_text][\/vc_column_inner][vc_column_inner width=&#8221;1\/6&#8243;][vc_column_text] Frosting Abziehbilder Sleeving Tampo Druck [\/vc_column_text][\/vc_column_inner][vc_column_inner width=&#8221;1\/6&#8243;][\/vc_column_inner][\/vc_row_inner][vc_column_text] Mehr \u00fcber unsere Dekorationstechniken [\/vc_column_text][\/vc_column][\/vc_row][vc_row full_width=&#8221;stretch_row&#8221;][vc_column][vc_row_inner content_placement=&#8221;middle&#8221; el_class=&#8221;text-text&#8221;][vc_column_inner width=&#8221;1\/2&#8243;][vc_video link=&#8221;https:\/\/youtu.be\/AuNEtKqExAo&#8221;][\/vc_column_inner][vc_column_inner width=&#8221;1\/2&#8243;][vc_column_text] Video Ihre Vorteile [&hellip;]<\/p>\n","protected":false},"author":1,"featured_media":0,"parent":1718,"menu_order":100,"comment_status":"closed","ping_status":"closed","template":"","meta":{"_acf_changed":false,"footnotes":""},"class_list":["post-1681","page","type-page","status-publish","hentry"],"acf":[],"yoast_head":"<!-- This site is optimized with the Yoast SEO plugin v26.6 - https:\/\/yoast.com\/wordpress\/plugins\/seo\/ -->\n<title>Individualit\u00e4t durch Dekoration \u00bb zur \u00dcbersicht | Stoelzle<\/title>\n<meta name=\"robots\" content=\"index, follow, max-snippet:-1, max-image-preview:large, max-video-preview:-1\" \/>\n<link rel=\"canonical\" href=\"https:\/\/www.stoelzle.com\/consumer\/de\/service\/dekoration\/\" \/>\n<meta property=\"og:locale\" content=\"de_DE\" \/>\n<meta property=\"og:type\" content=\"article\" \/>\n<meta property=\"og:title\" content=\"Individualit\u00e4t durch Dekoration \u00bb zur \u00dcbersicht | Stoelzle\" \/>\n<meta property=\"og:description\" content=\"[vc_row][vc_column][\/vc_column][\/vc_row][vc_row full_width=&#8221;stretch_row_content_no_spaces&#8221;][vc_column][\/vc_column][\/vc_row][vc_row][vc_column][\/vc_column][\/vc_row][vc_row full_width=&#8221;stretch_row&#8221; el_class=&#8221;light-gray&#8221;][vc_column][vc_row_inner][vc_column_inner width=&#8221;1\/6&#8243;][\/vc_column_inner][vc_column_inner width=&#8221;1\/6&#8243;][vc_column_text] Digitaldruck Effektlackierung Hei\u00dffolienpr\u00e4gung Refliefdekor Lasergravur [\/vc_column_text][\/vc_column_inner][vc_column_inner width=&#8221;1\/6&#8243;][vc_column_text] NRG 4.0 Tigital Siebdruck Lackierung Quadrichromie [\/vc_column_text][\/vc_column_inner][vc_column_inner width=&#8221;1\/6&#8243;][vc_column_text] UV Kleben Quali Glass Coat 2.0 Rundum-Druck IPET Beschichtung Bruchsicheres Glas [\/vc_column_text][\/vc_column_inner][vc_column_inner width=&#8221;1\/6&#8243;][vc_column_text] Frosting Abziehbilder Sleeving Tampo Druck [\/vc_column_text][\/vc_column_inner][vc_column_inner width=&#8221;1\/6&#8243;][\/vc_column_inner][\/vc_row_inner][vc_column_text] Mehr \u00fcber unsere Dekorationstechniken [\/vc_column_text][\/vc_column][\/vc_row][vc_row full_width=&#8221;stretch_row&#8221;][vc_column][vc_row_inner content_placement=&#8221;middle&#8221; el_class=&#8221;text-text&#8221;][vc_column_inner width=&#8221;1\/2&#8243;][vc_video link=&#8221;https:\/\/youtu.be\/AuNEtKqExAo&#8221;][\/vc_column_inner][vc_column_inner width=&#8221;1\/2&#8243;][vc_column_text] Video Ihre Vorteile [&hellip;]\" \/>\n<meta property=\"og:url\" content=\"https:\/\/www.stoelzle.com\/consumer\/de\/service\/dekoration\/\" \/>\n<meta property=\"og:site_name\" content=\"Stoelzle Consumer \u2013 Food &amp; Beverages\" \/>\n<meta property=\"article:modified_time\" content=\"2021-09-29T06:31:28+00:00\" \/>\n<meta name=\"twitter:card\" content=\"summary_large_image\" \/>\n<meta name=\"twitter:label1\" content=\"Gesch\u00e4tzte Lesezeit\" \/>\n\t<meta name=\"twitter:data1\" content=\"1 Minute\" \/>\n<script type=\"application\/ld+json\" class=\"yoast-schema-graph\">{\"@context\":\"https:\/\/schema.org\",\"@graph\":[{\"@type\":\"WebPage\",\"@id\":\"https:\/\/www.stoelzle.com\/consumer\/de\/service\/dekoration\/\",\"url\":\"https:\/\/www.stoelzle.com\/consumer\/de\/service\/dekoration\/\",\"name\":\"Individualit\u00e4t durch Dekoration \u00bb zur \u00dcbersicht | Stoelzle\",\"isPartOf\":{\"@id\":\"https:\/\/www.stoelzle.com\/consumer\/de\/#website\"},\"datePublished\":\"2021-01-29T16:29:18+00:00\",\"dateModified\":\"2021-09-29T06:31:28+00:00\",\"breadcrumb\":{\"@id\":\"https:\/\/www.stoelzle.com\/consumer\/de\/service\/dekoration\/#breadcrumb\"},\"inLanguage\":\"de-DE\",\"potentialAction\":[{\"@type\":\"ReadAction\",\"target\":[\"https:\/\/www.stoelzle.com\/consumer\/de\/service\/dekoration\/\"]}]},{\"@type\":\"BreadcrumbList\",\"@id\":\"https:\/\/www.stoelzle.com\/consumer\/de\/service\/dekoration\/#breadcrumb\",\"itemListElement\":[{\"@type\":\"ListItem\",\"position\":1,\"name\":\"Home\",\"item\":\"https:\/\/www.stoelzle.com\/de\/\"},{\"@type\":\"ListItem\",\"position\":2,\"name\":\"Food &amp; Beverages\",\"item\":\"https:\/\/www.stoelzle.com\/consumer\/de\/\"},{\"@type\":\"ListItem\",\"position\":3,\"name\":\"Services\",\"item\":\"https:\/\/www.stoelzle.com\/consumer\/de\/service\/\"},{\"@type\":\"ListItem\",\"position\":4,\"name\":\"Dekoration\"}]},{\"@type\":\"WebSite\",\"@id\":\"https:\/\/www.stoelzle.com\/consumer\/de\/#website\",\"url\":\"https:\/\/www.stoelzle.com\/consumer\/de\/\",\"name\":\"Stoelzle Consumer \u2013 Food &amp; Beverages\",\"description\":\"\",\"publisher\":{\"@id\":\"https:\/\/www.stoelzle.com\/consumer\/de\/#organization\"},\"potentialAction\":[{\"@type\":\"SearchAction\",\"target\":{\"@type\":\"EntryPoint\",\"urlTemplate\":\"https:\/\/www.stoelzle.com\/consumer\/de\/?s={search_term_string}\"},\"query-input\":{\"@type\":\"PropertyValueSpecification\",\"valueRequired\":true,\"valueName\":\"search_term_string\"}}],\"inLanguage\":\"de-DE\"},{\"@type\":\"Organization\",\"@id\":\"https:\/\/www.stoelzle.com\/consumer\/de\/#organization\",\"name\":\"Stoelzle Consumer - Food & Beverages\",\"url\":\"https:\/\/www.stoelzle.com\/consumer\/de\/\",\"logo\":{\"@type\":\"ImageObject\",\"inLanguage\":\"de-DE\",\"@id\":\"https:\/\/www.stoelzle.com\/consumer\/de\/#\/schema\/logo\/image\/\",\"url\":\"https:\/\/www.stoelzle.com\/consumer\/wp-content\/uploads\/sites\/3\/2021\/03\/logo_consumer.svg\",\"contentUrl\":\"https:\/\/www.stoelzle.com\/consumer\/wp-content\/uploads\/sites\/3\/2021\/03\/logo_consumer.svg\",\"width\":156,\"height\":40,\"caption\":\"Stoelzle Consumer - Food & Beverages\"},\"image\":{\"@id\":\"https:\/\/www.stoelzle.com\/consumer\/de\/#\/schema\/logo\/image\/\"}}]}<\/script>\n<!-- \/ Yoast SEO plugin. -->","yoast_head_json":{"title":"Individualit\u00e4t durch Dekoration \u00bb zur \u00dcbersicht | Stoelzle","robots":{"index":"index","follow":"follow","max-snippet":"max-snippet:-1","max-image-preview":"max-image-preview:large","max-video-preview":"max-video-preview:-1"},"canonical":"https:\/\/www.stoelzle.com\/consumer\/de\/service\/dekoration\/","og_locale":"de_DE","og_type":"article","og_title":"Individualit\u00e4t durch Dekoration \u00bb zur \u00dcbersicht | Stoelzle","og_description":"[vc_row][vc_column][\/vc_column][\/vc_row][vc_row full_width=&#8221;stretch_row_content_no_spaces&#8221;][vc_column][\/vc_column][\/vc_row][vc_row][vc_column][\/vc_column][\/vc_row][vc_row full_width=&#8221;stretch_row&#8221; el_class=&#8221;light-gray&#8221;][vc_column][vc_row_inner][vc_column_inner width=&#8221;1\/6&#8243;][\/vc_column_inner][vc_column_inner width=&#8221;1\/6&#8243;][vc_column_text] Digitaldruck Effektlackierung Hei\u00dffolienpr\u00e4gung Refliefdekor Lasergravur [\/vc_column_text][\/vc_column_inner][vc_column_inner width=&#8221;1\/6&#8243;][vc_column_text] NRG 4.0 Tigital Siebdruck Lackierung Quadrichromie [\/vc_column_text][\/vc_column_inner][vc_column_inner width=&#8221;1\/6&#8243;][vc_column_text] UV Kleben Quali Glass Coat 2.0 Rundum-Druck IPET Beschichtung Bruchsicheres Glas [\/vc_column_text][\/vc_column_inner][vc_column_inner width=&#8221;1\/6&#8243;][vc_column_text] Frosting Abziehbilder Sleeving Tampo Druck [\/vc_column_text][\/vc_column_inner][vc_column_inner width=&#8221;1\/6&#8243;][\/vc_column_inner][\/vc_row_inner][vc_column_text] Mehr \u00fcber unsere Dekorationstechniken [\/vc_column_text][\/vc_column][\/vc_row][vc_row full_width=&#8221;stretch_row&#8221;][vc_column][vc_row_inner content_placement=&#8221;middle&#8221; el_class=&#8221;text-text&#8221;][vc_column_inner width=&#8221;1\/2&#8243;][vc_video link=&#8221;https:\/\/youtu.be\/AuNEtKqExAo&#8221;][\/vc_column_inner][vc_column_inner width=&#8221;1\/2&#8243;][vc_column_text] Video Ihre Vorteile [&hellip;]","og_url":"https:\/\/www.stoelzle.com\/consumer\/de\/service\/dekoration\/","og_site_name":"Stoelzle Consumer \u2013 Food &amp; Beverages","article_modified_time":"2021-09-29T06:31:28+00:00","twitter_card":"summary_large_image","twitter_misc":{"Gesch\u00e4tzte Lesezeit":"1 Minute"},"schema":{"@context":"https:\/\/schema.org","@graph":[{"@type":"WebPage","@id":"https:\/\/www.stoelzle.com\/consumer\/de\/service\/dekoration\/","url":"https:\/\/www.stoelzle.com\/consumer\/de\/service\/dekoration\/","name":"Individualit\u00e4t durch Dekoration \u00bb zur \u00dcbersicht | Stoelzle","isPartOf":{"@id":"https:\/\/www.stoelzle.com\/consumer\/de\/#website"},"datePublished":"2021-01-29T16:29:18+00:00","dateModified":"2021-09-29T06:31:28+00:00","breadcrumb":{"@id":"https:\/\/www.stoelzle.com\/consumer\/de\/service\/dekoration\/#breadcrumb"},"inLanguage":"de-DE","potentialAction":[{"@type":"ReadAction","target":["https:\/\/www.stoelzle.com\/consumer\/de\/service\/dekoration\/"]}]},{"@type":"BreadcrumbList","@id":"https:\/\/www.stoelzle.com\/consumer\/de\/service\/dekoration\/#breadcrumb","itemListElement":[{"@type":"ListItem","position":1,"name":"Home","item":"https:\/\/www.stoelzle.com\/de\/"},{"@type":"ListItem","position":2,"name":"Food &amp; Beverages","item":"https:\/\/www.stoelzle.com\/consumer\/de\/"},{"@type":"ListItem","position":3,"name":"Services","item":"https:\/\/www.stoelzle.com\/consumer\/de\/service\/"},{"@type":"ListItem","position":4,"name":"Dekoration"}]},{"@type":"WebSite","@id":"https:\/\/www.stoelzle.com\/consumer\/de\/#website","url":"https:\/\/www.stoelzle.com\/consumer\/de\/","name":"Stoelzle Consumer \u2013 Food &amp; Beverages","description":"","publisher":{"@id":"https:\/\/www.stoelzle.com\/consumer\/de\/#organization"},"potentialAction":[{"@type":"SearchAction","target":{"@type":"EntryPoint","urlTemplate":"https:\/\/www.stoelzle.com\/consumer\/de\/?s={search_term_string}"},"query-input":{"@type":"PropertyValueSpecification","valueRequired":true,"valueName":"search_term_string"}}],"inLanguage":"de-DE"},{"@type":"Organization","@id":"https:\/\/www.stoelzle.com\/consumer\/de\/#organization","name":"Stoelzle Consumer - Food & Beverages","url":"https:\/\/www.stoelzle.com\/consumer\/de\/","logo":{"@type":"ImageObject","inLanguage":"de-DE","@id":"https:\/\/www.stoelzle.com\/consumer\/de\/#\/schema\/logo\/image\/","url":"https:\/\/www.stoelzle.com\/consumer\/wp-content\/uploads\/sites\/3\/2021\/03\/logo_consumer.svg","contentUrl":"https:\/\/www.stoelzle.com\/consumer\/wp-content\/uploads\/sites\/3\/2021\/03\/logo_consumer.svg","width":156,"height":40,"caption":"Stoelzle Consumer - Food & Beverages"},"image":{"@id":"https:\/\/www.stoelzle.com\/consumer\/de\/#\/schema\/logo\/image\/"}}]}},"_links":{"self":[{"href":"https:\/\/www.stoelzle.com\/consumer\/de\/wp-json\/wp\/v2\/pages\/1681","targetHints":{"allow":["GET"]}}],"collection":[{"href":"https:\/\/www.stoelzle.com\/consumer\/de\/wp-json\/wp\/v2\/pages"}],"about":[{"href":"https:\/\/www.stoelzle.com\/consumer\/de\/wp-json\/wp\/v2\/types\/page"}],"author":[{"embeddable":true,"href":"https:\/\/www.stoelzle.com\/consumer\/de\/wp-json\/wp\/v2\/users\/1"}],"replies":[{"embeddable":true,"href":"https:\/\/www.stoelzle.com\/consumer\/de\/wp-json\/wp\/v2\/comments?post=1681"}],"version-history":[{"count":0,"href":"https:\/\/www.stoelzle.com\/consumer\/de\/wp-json\/wp\/v2\/pages\/1681\/revisions"}],"up":[{"embeddable":true,"href":"https:\/\/www.stoelzle.com\/consumer\/de\/wp-json\/wp\/v2\/pages\/1718"}],"wp:attachment":[{"href":"https:\/\/www.stoelzle.com\/consumer\/de\/wp-json\/wp\/v2\/media?parent=1681"}],"curies":[{"name":"wp","href":"https:\/\/api.w.org\/{rel}","templated":true}]}}