{"id":1074,"date":"2021-01-29T13:23:35","date_gmt":"2021-01-29T13:23:35","guid":{"rendered":"http:\/\/stoelzle.com\/consumer\/about-us\/"},"modified":"2022-08-09T11:50:12","modified_gmt":"2022-08-09T11:50:12","slug":"ueber-uns","status":"publish","type":"page","link":"https:\/\/www.stoelzle.com\/consumer\/de\/ueber-uns\/","title":{"rendered":"\u00dcber uns"},"content":{"rendered":"<div class=\"wpb-content-wrapper\"><p>[vc_row][vc_column]<div class=\"vc-title   text-center\">\n              <div class=\"topline\">\u00dcBER UNS<\/div>\n              <h1 class=\"title position-relative separator\">Stoelzle Lebensmittel &amp; Getr\u00e4nke<\/h1>\n              <div class=\"row\"><div class=\"col-md-10 offset-md-1\"><\/p>\n<p class=\"large-text\" style=\"text-align: center\">Lebensmittel und Getr\u00e4nke sollen gesund und sicher verpackt werden und dabei den vollen Geschmack behalten &#8211; als Glashersteller sind wir davon \u00fcberzeugt, dass Glas diese Eigenschaften am besten bewahrt. Wir haben es uns zur Aufgabe gemacht, die weltweiten M\u00e4rkte f\u00fcr Lebensmittel und Getr\u00e4nke mit einer sicheren und umweltfreundlichen Verpackung zu versorgen. Es gibt keine bessere Verpackung, wenn es um Geschmack, Gesundheit und Nachhaltigkeit geht.<\/p>\n<p><\/div><\/div>\n            <\/div>[\/vc_column][\/vc_row][vc_row full_width=&#8221;stretch_row_content_no_spaces&#8221;][vc_column]<div id=\"id-0\" class=\"row no-gutters  \">\n        <div class=\"col-sm-6 col-md-4 col-lg-3 \">\n          <div class=\"card card-text theme-blue quote\">\n            \n            <div class=\"card-overlay d-flex flex-column\">\n            \n            <div class=\"headline h3 w-100\">Glasverpackungen f\u00fcr Ihre Lebensmittel und Getr\u00e4nke \u2013 in vielen Formen und Gr\u00f6\u00dfen.<\/div>\n            \n            \n              <div class=\"mt-auto\">\n                \n              <\/div>\n            <\/div>\n          <\/div>\n        <\/div>\n        <div class=\"col-sm-6 col-md-4 col-lg-3 \">\n          <div class=\"card no-zoom theme-dark\">\n            \n          <div class=\"card-image position-absolute w-100 h-100\">\n            <img decoding=\"async\" class=\"w-100 h-100\"  src=\"https:\/\/www.stoelzle.com\/consumer\/wp-content\/uploads\/sites\/3\/2021\/02\/packaging-glass-spices-bottles-800x800.jpg\" alt=\"Selection of filled spice jars and hot sauce bottles\" \/>\n          <\/div>\n            <div class=\"card-overlay d-flex flex-column\">\n            \n            \n            \n            \n              <div class=\"mt-auto\">\n                \n              <\/div>\n            <\/div>\n          <\/div>\n        <\/div>\n        <div class=\"col-sm-6 col-md-4 col-lg-3 \">\n          <div class=\"card card-text theme-light-gray\">\n            \n            <div class=\"card-overlay d-flex flex-column\">\n            \n            <div class=\"headline h3 w-100\">Unsere Vision<\/div>\n            <div class=\"desc w-100\"><p>Wir m\u00f6chten f\u00fcr unsere Kunden und unsere Mitarbeiter dauerhaft ein bevorzugter Partner sein, getragen von einer Unternehmenskultur von gegenseitigem Vertrauen und dem Anspruch hoher Leistungsbereitschaft, Flexibilit\u00e4t und Verl\u00e4sslichkeit.<\/p><\/div>\n            \n              <div class=\"mt-auto\">\n                \n              <\/div>\n            <\/div>\n          <\/div>\n        <\/div>\n        <div class=\"col-sm-6 col-md-4 col-lg-3 d-block d-md-none d-lg-block\">\n          <div class=\"card no-zoom theme-dark\">\n            \n          <div class=\"card-image position-absolute w-100 h-100\">\n            <img decoding=\"async\" class=\"w-100 h-100\"  src=\"https:\/\/www.stoelzle.com\/consumer\/wp-content\/uploads\/sites\/3\/2021\/02\/milk-bottles-glass-closure-800x800.jpg\" alt=\"Milk bottles in different sizes filled and closed with twist off closures\" \/>\n          <\/div>\n            <div class=\"card-overlay d-flex flex-column\">\n            \n            \n            \n            \n              <div class=\"mt-auto\">\n                \n              <\/div>\n            <\/div>\n          <\/div>\n        <\/div><\/div>[\/vc_column][\/vc_row][vc_row full_width=&#8221;stretch_row&#8221;][vc_column][vc_row_inner content_placement=&#8221;middle&#8221; el_class=&#8221;text-text&#8221;][vc_column_inner width=&#8221;1\/2&#8243;]\n      <div class=\"vc-image\">\n         \n          <img loading=\"lazy\" decoding=\"async\" width=\"2000\" height=\"1500\" src=\"https:\/\/www.stoelzle.com\/consumer\/wp-content\/uploads\/sites\/3\/2021\/04\/about-us-product-range.jpg\" class=\"img-fluid w-100 h-100 d-none d-md-block\" alt=\"Zusammenstellung von Gl\u00e4sern und Flaschen in diversen Formen und Gr\u00f6\u00dfen\" srcset=\"https:\/\/www.stoelzle.com\/consumer\/wp-content\/uploads\/sites\/3\/2021\/04\/about-us-product-range.jpg 2000w, https:\/\/www.stoelzle.com\/consumer\/wp-content\/uploads\/sites\/3\/2021\/04\/about-us-product-range-480x360.jpg 480w, https:\/\/www.stoelzle.com\/consumer\/wp-content\/uploads\/sites\/3\/2021\/04\/about-us-product-range-1024x768.jpg 1024w, https:\/\/www.stoelzle.com\/consumer\/wp-content\/uploads\/sites\/3\/2021\/04\/about-us-product-range-1536x1152.jpg 1536w, https:\/\/www.stoelzle.com\/consumer\/wp-content\/uploads\/sites\/3\/2021\/04\/about-us-product-range-992x744.jpg 992w, https:\/\/www.stoelzle.com\/consumer\/wp-content\/uploads\/sites\/3\/2021\/04\/about-us-product-range-800x600.jpg 800w, https:\/\/www.stoelzle.com\/consumer\/wp-content\/uploads\/sites\/3\/2021\/04\/about-us-product-range-600x450.jpg 600w\" sizes=\"auto, (max-width: 2000px) 100vw, 2000px\" \/> \n          <img loading=\"lazy\" decoding=\"async\" width=\"992\" height=\"744\" src=\"https:\/\/www.stoelzle.com\/consumer\/wp-content\/uploads\/sites\/3\/2021\/04\/about-us-product-range-992x744.jpg\" class=\"img-fluid w-100 h-100 d-mdx-none\" alt=\"Zusammenstellung von Gl\u00e4sern und Flaschen in diversen Formen und Gr\u00f6\u00dfen\" srcset=\"https:\/\/www.stoelzle.com\/consumer\/wp-content\/uploads\/sites\/3\/2021\/04\/about-us-product-range-992x744.jpg 992w, https:\/\/www.stoelzle.com\/consumer\/wp-content\/uploads\/sites\/3\/2021\/04\/about-us-product-range-480x360.jpg 480w, https:\/\/www.stoelzle.com\/consumer\/wp-content\/uploads\/sites\/3\/2021\/04\/about-us-product-range-1024x768.jpg 1024w, https:\/\/www.stoelzle.com\/consumer\/wp-content\/uploads\/sites\/3\/2021\/04\/about-us-product-range-1536x1152.jpg 1536w, https:\/\/www.stoelzle.com\/consumer\/wp-content\/uploads\/sites\/3\/2021\/04\/about-us-product-range-800x600.jpg 800w, https:\/\/www.stoelzle.com\/consumer\/wp-content\/uploads\/sites\/3\/2021\/04\/about-us-product-range-600x450.jpg 600w, https:\/\/www.stoelzle.com\/consumer\/wp-content\/uploads\/sites\/3\/2021\/04\/about-us-product-range.jpg 2000w\" sizes=\"auto, (max-width: 992px) 100vw, 992px\" \/>\n          \n         \n      <\/div>[\/vc_column_inner][vc_column_inner width=&#8221;1\/2&#8243;][vc_column_text]<\/p>\n<h2>Unser Produktportfolio<\/h2>\n<ul>\n<li class=\"large-text\"><a href=\"\/consumer\/de\/produkte\/flasche\/\">Flaschen<\/a><\/li>\n<li class=\"large-text\"><a href=\"\/consumer\/de\/produkte\/schraubglas\/\">Schraubgl\u00e4ser<\/a><\/li>\n<li class=\"large-text\"><a href=\"\/consumer\/de\/produkte\/gewuerzglas\/\">Gew\u00fcrzgl\u00e4ser<\/a><\/li>\n<\/ul>\n<p>[\/vc_column_text][\/vc_column_inner][\/vc_row_inner][\/vc_column][\/vc_row][vc_row full_width=&#8221;stretch_row&#8221; el_class=&#8221;light-gray&#8221;][vc_column]<div class=\"vc-title spacing-top-m  text-center\">\n              \n              <h2 class=\"title position-relative\">Wir sind Teil der Stoelzle Glasgruppe<\/h2>\n              \n            <\/div>[vc_row_inner][vc_column_inner width=&#8221;1\/6&#8243;][\/vc_column_inner][vc_column_inner width=&#8221;2\/6&#8243;][vc_column_text]<\/p>\n<ul>\n<li>Ihr Spezialist f\u00fcr hochwertiges Verpackungsmaterial<\/li>\n<li>Teil eines international t\u00e4tigen Privatunternehmens<\/li>\n<li>\u00dcber 200 Jahre an Erfahrung in der Herstellung von Glas<\/li>\n<\/ul>\n<p>[\/vc_column_text][\/vc_column_inner][vc_column_inner width=&#8221;2\/6&#8243;][vc_column_text]<\/p>\n<ul>\n<li>One-Stop-Shop f\u00fcr Entwicklung, Produktion, Dekoration und Verschl\u00fcsse<\/li>\n<li>Sieben Produktionsst\u00e4tten in \u00d6sterreich, England, Frankreich, Tschechien, Polen und USA<\/li>\n<\/ul>\n<p>[\/vc_column_text][\/vc_column_inner][vc_column_inner width=&#8221;1\/6&#8243;][\/vc_column_inner][\/vc_row_inner]<div class=\"vc-spacer spacing-bottom-s\"><\/div><div id=\"id-bu-overview\" class=\"vc-gallery  spacing-bottom-s\"><div class=\"mb-4\"><div class=\"row\"><div class=\"col content-slider-arrows text-center\"><\/div><\/div><\/div><div class=\"row vc-gallery-slider\"><a  href=\"\/pharma\/de\/\"  class=\"vc-gallery-item mb-4 style-3 col-sm-6 col-md-4 col-lg-3\">\n                  <div class=\"vc-gallery-image off show-border\"><img decoding=\"async\" class=\"img-fluid\" src=\"https:\/\/www.stoelzle.com\/consumer\/wp-content\/uploads\/sites\/3\/2021\/02\/business-units-pharma-800x800.jpg\" alt=\"Dropper bottle with closures\"><\/div>\n                  <div class=\"vc-gallery-content\"><div class=\"vc-gallery-title\">Pharma<\/div><\/div>\n                <\/a><a  href=\"\/beauty\/de\/\"  class=\"vc-gallery-item mb-4 style-3 col-sm-6 col-md-4 col-lg-3\">\n                  <div class=\"vc-gallery-image off show-border\"><img decoding=\"async\" class=\"img-fluid\" src=\"https:\/\/www.stoelzle.com\/consumer\/wp-content\/uploads\/sites\/3\/2021\/02\/business-units-perfumery-800x800.jpg\" alt=\"Filled perfume bottle\"><\/div>\n                  <div class=\"vc-gallery-content\"><div class=\"vc-gallery-title\">Parf\u00fcmerie & Kosmetik<\/div><\/div>\n                <\/a><a  href=\"\/de\/geschaeftsfelder\/prestige-spirits\/\"  class=\"vc-gallery-item mb-4 style-3 col-sm-6 col-md-4 col-lg-3\">\n                  <div class=\"vc-gallery-image off show-border\"><img decoding=\"async\" class=\"img-fluid\" src=\"https:\/\/www.stoelzle.com\/consumer\/wp-content\/uploads\/sites\/3\/2021\/02\/business-unit-prestige-spirits-800x800.jpg\" alt=\"Decorated premium spirit bottle\"><\/div>\n                  <div class=\"vc-gallery-content\"><div class=\"vc-gallery-title\">Spirituosen<\/div><\/div>\n                <\/a><a  href=\"\/de\/geschaeftsfelder\/tableware\/\"  class=\"vc-gallery-item mb-4 style-3 col-sm-6 col-md-4 col-lg-3\">\n                  <div class=\"vc-gallery-image off show-border\"><img decoding=\"async\" class=\"img-fluid\" src=\"https:\/\/www.stoelzle.com\/consumer\/wp-content\/uploads\/sites\/3\/2021\/02\/business-units-tableware-800x800.jpg\" alt=\"water jug\"><\/div>\n                  <div class=\"vc-gallery-content\"><div class=\"vc-gallery-title\">Tableware<\/div><\/div>\n                <\/a><a  href=\"\/de\/geschaeftsfelder\/kerzenglaeser-laternen\/\"  class=\"vc-gallery-item mb-4 style-3 col-sm-6 col-md-4 col-lg-3\">\n                  <div class=\"vc-gallery-image off show-border\"><img decoding=\"async\" class=\"img-fluid\" src=\"https:\/\/www.stoelzle.com\/consumer\/wp-content\/uploads\/sites\/3\/2021\/02\/business-units-lanterns-800x800.jpg\" alt=\"decorated lantern made out of glass\"><\/div>\n                  <div class=\"vc-gallery-content\"><div class=\"vc-gallery-title\">Kerzengl\u00e4ser & Laternen<\/div><\/div>\n                <\/a><a  href=\"\/de\/geschaeftsfelder\/medical-laborbedarf\/\"  class=\"vc-gallery-item mb-4 style-3 col-sm-6 col-md-4 col-lg-3\">\n                  <div class=\"vc-gallery-image off show-border\"><img decoding=\"async\" class=\"img-fluid\" src=\"https:\/\/www.stoelzle.com\/consumer\/wp-content\/uploads\/sites\/3\/2021\/02\/business-units-medical-800x800.jpg\" alt=\"lab supply & consumables\"><\/div>\n                  <div class=\"vc-gallery-content\"><div class=\"vc-gallery-title\">Medical & Laborbedarf<\/div><\/div>\n                <\/a><a  href=\"\/de\/geschaeftsfelder\/mini-spirituosen\/\"  class=\"vc-gallery-item mb-4 style-3 col-sm-6 col-md-4 col-lg-3\">\n                  <div class=\"vc-gallery-image off show-border\"><img decoding=\"async\" class=\"img-fluid\" src=\"https:\/\/www.stoelzle.com\/consumer\/wp-content\/uploads\/sites\/3\/2021\/08\/business-unit-mini-spirits3-800x800.jpg\" alt=\"Taschenflasche gef\u00fcllt mit Spirituose\"><\/div>\n                  <div class=\"vc-gallery-content\"><div class=\"vc-gallery-title\">Mini Spirituosen<\/div><\/div>\n                <\/a><\/div><\/div>\n      <script async>\n        jQuery(document).ready(function($) {\n          jQuery(\"#id-bu-overview .vc-gallery-slider\").slick({\n            slidesToShow: 4,\n            prevArrow: \"<span class=\\\"d-inline-block slick-arrow slick-arrow-prev\\\"><\/span>\",\n            nextArrow: \"<span class=\\\"d-inline-block slick-arrow slick-arrow-next\\\"><\/span>\",\n            appendArrows: $(\"#id-bu-overview .content-slider-arrows\"),\n            adaptiveHeight: true,\n            responsive: [\n              {\n                breakpoint: 1024,\n                settings: {\n                  slidesToShow: 2\n                }\n              },\n              {\n                breakpoint: 768,\n                settings: {\n                  slidesToShow: 1\n                }\n              },\n            ]\n          });\n        });\n      <\/script>[vc_column_text]<\/p>\n<p style=\"text-align: center\"><a class=\"editor-button cta\" href=\"https:\/\/www.stoelzle.com\/de\/\" target=\"_blank\" rel=\"noopener\">Zur Stoelzle Glasgruppe<\/a><\/p>\n<p>[\/vc_column_text]<div class=\"vc-spacer spacing-bottom-m\"><\/div>[\/vc_column][\/vc_row][vc_row full_width=&#8221;stretch_row&#8221;][vc_column]<div class=\"vc-spacer spacing-bottom-m\"><\/div>[vc_row_inner content_placement=&#8221;middle&#8221; el_class=&#8221;text-text&#8221;][vc_column_inner width=&#8221;1\/2&#8243;]\n      <div class=\"vc-image\">\n         \n          <img loading=\"lazy\" decoding=\"async\" width=\"2000\" height=\"1300\" src=\"https:\/\/www.stoelzle.com\/consumer\/wp-content\/uploads\/sites\/3\/2021\/02\/stoelzle-management.jpg\" class=\"img-fluid w-100 h-100 d-none d-md-block\" alt=\"Top Management consisting of CEO, CSCO and CFO\" srcset=\"https:\/\/www.stoelzle.com\/consumer\/wp-content\/uploads\/sites\/3\/2021\/02\/stoelzle-management.jpg 2000w, https:\/\/www.stoelzle.com\/consumer\/wp-content\/uploads\/sites\/3\/2021\/02\/stoelzle-management-480x312.jpg 480w, https:\/\/www.stoelzle.com\/consumer\/wp-content\/uploads\/sites\/3\/2021\/02\/stoelzle-management-1024x666.jpg 1024w, https:\/\/www.stoelzle.com\/consumer\/wp-content\/uploads\/sites\/3\/2021\/02\/stoelzle-management-1536x998.jpg 1536w, https:\/\/www.stoelzle.com\/consumer\/wp-content\/uploads\/sites\/3\/2021\/02\/stoelzle-management-992x645.jpg 992w, https:\/\/www.stoelzle.com\/consumer\/wp-content\/uploads\/sites\/3\/2021\/02\/stoelzle-management-600x390.jpg 600w\" sizes=\"auto, (max-width: 2000px) 100vw, 2000px\" \/> \n          <img loading=\"lazy\" decoding=\"async\" width=\"992\" height=\"645\" src=\"https:\/\/www.stoelzle.com\/consumer\/wp-content\/uploads\/sites\/3\/2021\/02\/stoelzle-management-992x645.jpg\" class=\"img-fluid w-100 h-100 d-mdx-none\" alt=\"Top Management consisting of CEO, CSCO and CFO\" srcset=\"https:\/\/www.stoelzle.com\/consumer\/wp-content\/uploads\/sites\/3\/2021\/02\/stoelzle-management-992x645.jpg 992w, https:\/\/www.stoelzle.com\/consumer\/wp-content\/uploads\/sites\/3\/2021\/02\/stoelzle-management-480x312.jpg 480w, https:\/\/www.stoelzle.com\/consumer\/wp-content\/uploads\/sites\/3\/2021\/02\/stoelzle-management-1024x666.jpg 1024w, https:\/\/www.stoelzle.com\/consumer\/wp-content\/uploads\/sites\/3\/2021\/02\/stoelzle-management-1536x998.jpg 1536w, https:\/\/www.stoelzle.com\/consumer\/wp-content\/uploads\/sites\/3\/2021\/02\/stoelzle-management-600x390.jpg 600w, https:\/\/www.stoelzle.com\/consumer\/wp-content\/uploads\/sites\/3\/2021\/02\/stoelzle-management.jpg 2000w\" sizes=\"auto, (max-width: 992px) 100vw, 992px\" \/>\n          \n         \n      <\/div>[\/vc_column_inner][vc_column_inner width=&#8221;1\/2&#8243;][vc_column_text]<\/p>\n<p class=\"h2\">Wir sind f\u00fcr Sie da!<\/p>\n<p>Zufriedenheit unserer Kunden und Mitarbeiter hat f\u00fcr uns oberste Priorit\u00e4t. Mit fundiertem Fachwissen tritt unser Team tagt\u00e4glichen Herausforderungen gegen\u00fcber und steht Ihnen mit kompetenter Beratung zur Seite. Erfahren Sie mehr \u00fcber das Management der Stoelzle Glass Group!<\/p>\n<p><a class=\"editor-button cta\" href=\"\/de\/unternehmen\/management\/\" target=\"_blank\" rel=\"noopener\">Zum Management<\/a>[\/vc_column_text][\/vc_column_inner][\/vc_row_inner]<div class=\"vc-spacer spacing-bottom-m\"><\/div>[\/vc_column][\/vc_row]<\/p>\n<\/div>","protected":false},"excerpt":{"rendered":"<p>[vc_row][vc_column][\/vc_column][\/vc_row][vc_row full_width=&#8221;stretch_row_content_no_spaces&#8221;][vc_column][\/vc_column][\/vc_row][vc_row full_width=&#8221;stretch_row&#8221;][vc_column][vc_row_inner content_placement=&#8221;middle&#8221; el_class=&#8221;text-text&#8221;][vc_column_inner width=&#8221;1\/2&#8243;][\/vc_column_inner][vc_column_inner width=&#8221;1\/2&#8243;][vc_column_text] Unser Produktportfolio Flaschen Schraubgl\u00e4ser Gew\u00fcrzgl\u00e4ser [\/vc_column_text][\/vc_column_inner][\/vc_row_inner][\/vc_column][\/vc_row][vc_row full_width=&#8221;stretch_row&#8221; el_class=&#8221;light-gray&#8221;][vc_column][vc_row_inner][vc_column_inner width=&#8221;1\/6&#8243;][\/vc_column_inner][vc_column_inner width=&#8221;2\/6&#8243;][vc_column_text] Ihr Spezialist f\u00fcr hochwertiges Verpackungsmaterial Teil eines international t\u00e4tigen Privatunternehmens \u00dcber 200 Jahre an Erfahrung in der Herstellung von Glas [\/vc_column_text][\/vc_column_inner][vc_column_inner width=&#8221;2\/6&#8243;][vc_column_text] One-Stop-Shop f\u00fcr Entwicklung, Produktion, Dekoration und Verschl\u00fcsse Sieben Produktionsst\u00e4tten in \u00d6sterreich, England, Frankreich, Tschechien, Polen und [&hellip;]<\/p>\n","protected":false},"author":1,"featured_media":0,"parent":0,"menu_order":20,"comment_status":"closed","ping_status":"closed","template":"","meta":{"_acf_changed":false,"footnotes":""},"class_list":["post-1074","page","type-page","status-publish","hentry"],"acf":[],"yoast_head":"<!-- This site is optimized with the Yoast SEO plugin v26.6 - https:\/\/yoast.com\/wordpress\/plugins\/seo\/ -->\n<title>Stoelzle Lebensmittel &amp; Getr\u00e4nke \u00bb \u00dcber uns | Stoelzle<\/title>\n<meta name=\"description\" content=\"Stoelzle Consumer \u279c Teil der Stoelzle Glassgruppe \u2713 One-stop-shop \u2713 hochwertige Verpackungen f\u00fcr Lebensmittel und Getr\u00e4nke \u2713 Mehr erfahren!\" \/>\n<meta name=\"robots\" content=\"index, follow, max-snippet:-1, max-image-preview:large, max-video-preview:-1\" \/>\n<link rel=\"canonical\" href=\"https:\/\/www.stoelzle.com\/consumer\/de\/ueber-uns\/\" \/>\n<meta property=\"og:locale\" content=\"de_DE\" \/>\n<meta property=\"og:type\" content=\"article\" \/>\n<meta property=\"og:title\" content=\"Stoelzle Lebensmittel &amp; Getr\u00e4nke \u00bb \u00dcber uns | Stoelzle\" \/>\n<meta property=\"og:description\" content=\"Stoelzle Consumer \u279c Teil der Stoelzle Glassgruppe \u2713 One-stop-shop \u2713 hochwertige Verpackungen f\u00fcr Lebensmittel und Getr\u00e4nke \u2713 Mehr erfahren!\" \/>\n<meta property=\"og:url\" content=\"https:\/\/www.stoelzle.com\/consumer\/de\/ueber-uns\/\" \/>\n<meta property=\"og:site_name\" content=\"Stoelzle Consumer \u2013 Food &amp; Beverages\" \/>\n<meta property=\"article:modified_time\" content=\"2022-08-09T11:50:12+00:00\" \/>\n<meta name=\"twitter:card\" content=\"summary_large_image\" \/>\n<meta name=\"twitter:label1\" content=\"Gesch\u00e4tzte Lesezeit\" \/>\n\t<meta name=\"twitter:data1\" content=\"1 Minute\" \/>\n<script type=\"application\/ld+json\" class=\"yoast-schema-graph\">{\"@context\":\"https:\/\/schema.org\",\"@graph\":[{\"@type\":\"WebPage\",\"@id\":\"https:\/\/www.stoelzle.com\/consumer\/de\/ueber-uns\/\",\"url\":\"https:\/\/www.stoelzle.com\/consumer\/de\/ueber-uns\/\",\"name\":\"Stoelzle Lebensmittel & Getr\u00e4nke \u00bb \u00dcber uns | Stoelzle\",\"isPartOf\":{\"@id\":\"https:\/\/www.stoelzle.com\/consumer\/de\/#website\"},\"datePublished\":\"2021-01-29T13:23:35+00:00\",\"dateModified\":\"2022-08-09T11:50:12+00:00\",\"description\":\"Stoelzle Consumer \u279c Teil der Stoelzle Glassgruppe \u2713 One-stop-shop \u2713 hochwertige Verpackungen f\u00fcr Lebensmittel und Getr\u00e4nke \u2713 Mehr erfahren!\",\"breadcrumb\":{\"@id\":\"https:\/\/www.stoelzle.com\/consumer\/de\/ueber-uns\/#breadcrumb\"},\"inLanguage\":\"de-DE\",\"potentialAction\":[{\"@type\":\"ReadAction\",\"target\":[\"https:\/\/www.stoelzle.com\/consumer\/de\/ueber-uns\/\"]}]},{\"@type\":\"BreadcrumbList\",\"@id\":\"https:\/\/www.stoelzle.com\/consumer\/de\/ueber-uns\/#breadcrumb\",\"itemListElement\":[{\"@type\":\"ListItem\",\"position\":1,\"name\":\"Home\",\"item\":\"https:\/\/www.stoelzle.com\/de\/\"},{\"@type\":\"ListItem\",\"position\":2,\"name\":\"Food &amp; Beverages\",\"item\":\"https:\/\/www.stoelzle.com\/consumer\/de\/\"},{\"@type\":\"ListItem\",\"position\":3,\"name\":\"\u00dcber uns\"}]},{\"@type\":\"WebSite\",\"@id\":\"https:\/\/www.stoelzle.com\/consumer\/de\/#website\",\"url\":\"https:\/\/www.stoelzle.com\/consumer\/de\/\",\"name\":\"Stoelzle Consumer \u2013 Food &amp; Beverages\",\"description\":\"\",\"publisher\":{\"@id\":\"https:\/\/www.stoelzle.com\/consumer\/de\/#organization\"},\"potentialAction\":[{\"@type\":\"SearchAction\",\"target\":{\"@type\":\"EntryPoint\",\"urlTemplate\":\"https:\/\/www.stoelzle.com\/consumer\/de\/?s={search_term_string}\"},\"query-input\":{\"@type\":\"PropertyValueSpecification\",\"valueRequired\":true,\"valueName\":\"search_term_string\"}}],\"inLanguage\":\"de-DE\"},{\"@type\":\"Organization\",\"@id\":\"https:\/\/www.stoelzle.com\/consumer\/de\/#organization\",\"name\":\"Stoelzle Consumer - Food & Beverages\",\"url\":\"https:\/\/www.stoelzle.com\/consumer\/de\/\",\"logo\":{\"@type\":\"ImageObject\",\"inLanguage\":\"de-DE\",\"@id\":\"https:\/\/www.stoelzle.com\/consumer\/de\/#\/schema\/logo\/image\/\",\"url\":\"https:\/\/www.stoelzle.com\/consumer\/wp-content\/uploads\/sites\/3\/2021\/03\/logo_consumer.svg\",\"contentUrl\":\"https:\/\/www.stoelzle.com\/consumer\/wp-content\/uploads\/sites\/3\/2021\/03\/logo_consumer.svg\",\"width\":156,\"height\":40,\"caption\":\"Stoelzle Consumer - Food & Beverages\"},\"image\":{\"@id\":\"https:\/\/www.stoelzle.com\/consumer\/de\/#\/schema\/logo\/image\/\"}}]}<\/script>\n<!-- \/ Yoast SEO plugin. -->","yoast_head_json":{"title":"Stoelzle Lebensmittel & Getr\u00e4nke \u00bb \u00dcber uns | Stoelzle","description":"Stoelzle Consumer \u279c Teil der Stoelzle Glassgruppe \u2713 One-stop-shop \u2713 hochwertige Verpackungen f\u00fcr Lebensmittel und Getr\u00e4nke \u2713 Mehr erfahren!","robots":{"index":"index","follow":"follow","max-snippet":"max-snippet:-1","max-image-preview":"max-image-preview:large","max-video-preview":"max-video-preview:-1"},"canonical":"https:\/\/www.stoelzle.com\/consumer\/de\/ueber-uns\/","og_locale":"de_DE","og_type":"article","og_title":"Stoelzle Lebensmittel & Getr\u00e4nke \u00bb \u00dcber uns | Stoelzle","og_description":"Stoelzle Consumer \u279c Teil der Stoelzle Glassgruppe \u2713 One-stop-shop \u2713 hochwertige Verpackungen f\u00fcr Lebensmittel und Getr\u00e4nke \u2713 Mehr erfahren!","og_url":"https:\/\/www.stoelzle.com\/consumer\/de\/ueber-uns\/","og_site_name":"Stoelzle Consumer \u2013 Food &amp; Beverages","article_modified_time":"2022-08-09T11:50:12+00:00","twitter_card":"summary_large_image","twitter_misc":{"Gesch\u00e4tzte Lesezeit":"1 Minute"},"schema":{"@context":"https:\/\/schema.org","@graph":[{"@type":"WebPage","@id":"https:\/\/www.stoelzle.com\/consumer\/de\/ueber-uns\/","url":"https:\/\/www.stoelzle.com\/consumer\/de\/ueber-uns\/","name":"Stoelzle Lebensmittel & Getr\u00e4nke \u00bb \u00dcber uns | Stoelzle","isPartOf":{"@id":"https:\/\/www.stoelzle.com\/consumer\/de\/#website"},"datePublished":"2021-01-29T13:23:35+00:00","dateModified":"2022-08-09T11:50:12+00:00","description":"Stoelzle Consumer \u279c Teil der Stoelzle Glassgruppe \u2713 One-stop-shop \u2713 hochwertige Verpackungen f\u00fcr Lebensmittel und Getr\u00e4nke \u2713 Mehr erfahren!","breadcrumb":{"@id":"https:\/\/www.stoelzle.com\/consumer\/de\/ueber-uns\/#breadcrumb"},"inLanguage":"de-DE","potentialAction":[{"@type":"ReadAction","target":["https:\/\/www.stoelzle.com\/consumer\/de\/ueber-uns\/"]}]},{"@type":"BreadcrumbList","@id":"https:\/\/www.stoelzle.com\/consumer\/de\/ueber-uns\/#breadcrumb","itemListElement":[{"@type":"ListItem","position":1,"name":"Home","item":"https:\/\/www.stoelzle.com\/de\/"},{"@type":"ListItem","position":2,"name":"Food &amp; Beverages","item":"https:\/\/www.stoelzle.com\/consumer\/de\/"},{"@type":"ListItem","position":3,"name":"\u00dcber uns"}]},{"@type":"WebSite","@id":"https:\/\/www.stoelzle.com\/consumer\/de\/#website","url":"https:\/\/www.stoelzle.com\/consumer\/de\/","name":"Stoelzle Consumer \u2013 Food &amp; Beverages","description":"","publisher":{"@id":"https:\/\/www.stoelzle.com\/consumer\/de\/#organization"},"potentialAction":[{"@type":"SearchAction","target":{"@type":"EntryPoint","urlTemplate":"https:\/\/www.stoelzle.com\/consumer\/de\/?s={search_term_string}"},"query-input":{"@type":"PropertyValueSpecification","valueRequired":true,"valueName":"search_term_string"}}],"inLanguage":"de-DE"},{"@type":"Organization","@id":"https:\/\/www.stoelzle.com\/consumer\/de\/#organization","name":"Stoelzle Consumer - Food & Beverages","url":"https:\/\/www.stoelzle.com\/consumer\/de\/","logo":{"@type":"ImageObject","inLanguage":"de-DE","@id":"https:\/\/www.stoelzle.com\/consumer\/de\/#\/schema\/logo\/image\/","url":"https:\/\/www.stoelzle.com\/consumer\/wp-content\/uploads\/sites\/3\/2021\/03\/logo_consumer.svg","contentUrl":"https:\/\/www.stoelzle.com\/consumer\/wp-content\/uploads\/sites\/3\/2021\/03\/logo_consumer.svg","width":156,"height":40,"caption":"Stoelzle Consumer - Food & Beverages"},"image":{"@id":"https:\/\/www.stoelzle.com\/consumer\/de\/#\/schema\/logo\/image\/"}}]}},"_links":{"self":[{"href":"https:\/\/www.stoelzle.com\/consumer\/de\/wp-json\/wp\/v2\/pages\/1074","targetHints":{"allow":["GET"]}}],"collection":[{"href":"https:\/\/www.stoelzle.com\/consumer\/de\/wp-json\/wp\/v2\/pages"}],"about":[{"href":"https:\/\/www.stoelzle.com\/consumer\/de\/wp-json\/wp\/v2\/types\/page"}],"author":[{"embeddable":true,"href":"https:\/\/www.stoelzle.com\/consumer\/de\/wp-json\/wp\/v2\/users\/1"}],"replies":[{"embeddable":true,"href":"https:\/\/www.stoelzle.com\/consumer\/de\/wp-json\/wp\/v2\/comments?post=1074"}],"version-history":[{"count":0,"href":"https:\/\/www.stoelzle.com\/consumer\/de\/wp-json\/wp\/v2\/pages\/1074\/revisions"}],"wp:attachment":[{"href":"https:\/\/www.stoelzle.com\/consumer\/de\/wp-json\/wp\/v2\/media?parent=1074"}],"curies":[{"name":"wp","href":"https:\/\/api.w.org\/{rel}","templated":true}]}}