{"id":19,"date":"2021-01-29T16:56:01","date_gmt":"2021-01-29T16:56:01","guid":{"rendered":"http:\/\/stoelzle.com\/beauty\/?page_id=19"},"modified":"2022-07-20T10:14:43","modified_gmt":"2022-07-20T10:14:43","slug":"special-design","status":"publish","type":"page","link":"https:\/\/www.stoelzle.com\/beauty\/customization\/special-design\/","title":{"rendered":"Special Designs"},"content":{"rendered":"<div class=\"wpb-content-wrapper\"><p>[vc_row][vc_column]<div class=\"vc-title   text-center\">\n              <div class=\"topline\">The material glass<\/div>\n              <h1 class=\"title position-relative separator\">Special design<\/h1>\n              <div class=\"row\"><div class=\"col-md-10 offset-md-1\"><\/p>\n<p class=\"large-text\">Glass is a living and fascinating material. The manufacture for luxury perfumery and cosmetics products requires excellent know-how. Our product development team looks back on years of experience in design and technical execution. We constantly accept the challenge to push boundaries with every new project.<\/p>\n<p><\/div><\/div>\n            <\/div>[\/vc_column][\/vc_row][vc_row full_width=&#8221;stretch_row_content_no_spaces&#8221;][vc_column]<div class=\"vc-two-columns  \">\n                <div class=\"row\">\n                    <div class=\"col-sm-6 bg-gray image-left\"><img loading=\"lazy\" decoding=\"async\" width=\"1024\" height=\"666\" src=\"https:\/\/www.stoelzle.com\/beauty\/wp-content\/uploads\/sites\/4\/2022\/07\/DVN-100ml-1024x666.jpg\" class=\"w-100 h-100 cover\" alt=\"Eaux de parfum Dries Van Noten 100ml collection\" srcset=\"https:\/\/www.stoelzle.com\/beauty\/wp-content\/uploads\/sites\/4\/2022\/07\/DVN-100ml-1024x666.jpg 1024w, https:\/\/www.stoelzle.com\/beauty\/wp-content\/uploads\/sites\/4\/2022\/07\/DVN-100ml-480x312.jpg 480w, https:\/\/www.stoelzle.com\/beauty\/wp-content\/uploads\/sites\/4\/2022\/07\/DVN-100ml-992x645.jpg 992w, https:\/\/www.stoelzle.com\/beauty\/wp-content\/uploads\/sites\/4\/2022\/07\/DVN-100ml-180x117.jpg 180w, https:\/\/www.stoelzle.com\/beauty\/wp-content\/uploads\/sites\/4\/2022\/07\/DVN-100ml.jpg 1500w\" sizes=\"auto, (max-width: 1024px) 100vw, 1024px\" \/><\/div>\n                    <div class=\"col-sm-6 bg-gray image-left\"><div class=\"column-content h-100 d-flex flex-column justify-content-center\"><\/p>\n<h2>Dries Van Noten &#8211; Eaux de parfum 100ml collection<\/h2>\n<p>The Belgian designer has entrusted Stoelzle Masni\u00e8res with the exclusive production of both the glass and the decoration of these refillable bottles which like the world of Dries Van Noten, are full of striking visual statements.<\/p>\n<p>This great collaboration between the development teams has made it possible to meet several challenges that make each of these bottles an object of beauty on itself:<\/p>\n<ul>\n<li>Develop 10 versions of different decorations for each of the fragrances.<br \/>\n8 bottles were lacquered : Jardin de l\u2019Orangerie, Neon Garden, Rosa Carnivora, Cannabis Patchouli, Voodoo Chile, Rock the Myrrh, Fleur du Mal, Soie Malaquais<br \/>\nand 2 bottles were powdered (Exclusive STO process\/Quali Glass Coat 2.0) : Raving Rose and Santal Greenery.<\/li>\n<li>Adapt a new &#8220;clockwork&#8221; type neck with notches.<\/li>\n<li>Provide several solutions for gluing the shells to ensure the perfect adhesion of each of the beautiful materials chosen for these 10 projects: porcelain, wood, metal, resin. Making these bottles true collectable objects.<\/li>\n<\/ul>\n<p><\/div><\/div>\n                <\/div>\n            <\/div><div class=\"vc-two-columns  \">\n                <div class=\"row\">\n                    <div class=\"col-sm-6 bg-blue image-right\"><div class=\"column-content h-100 d-flex flex-column justify-content-center\"><\/p>\n<h2>Lisa Eldridge &#8211; Seamless skin foundation<\/h2>\n<p>Proud of this first collaboration with the talented Make Up Artist Lisa Eldridge, the Stoelzle Masni\u00e8res team has put all its know-how at the service of her creator to produce this magnificent, clean bottle with an elegant oblong shape. Its refined and luxurious decoration is the perfect signature of this internationally renowned artist.<\/p>\n<p>It was a technical challenge to achieve the right proportions for this original shape. A very specific process was adapted to ensure the correct distribution of the premium glass chosen for this Seamless Skin Foundation range.<\/p>\n<p>A very nice graphic effect for this bottle which can be presented on its base or lying down<\/p>\n<p><\/div><\/div>\n                    <div class=\"col-sm-6 bg-blue image-right\"><img loading=\"lazy\" decoding=\"async\" width=\"591\" height=\"394\" src=\"https:\/\/www.stoelzle.com\/beauty\/wp-content\/uploads\/sites\/4\/2022\/07\/LEF-1.jpg\" class=\"w-100 h-100 cover\" alt=\"English Make Up artist Lisa Eldridge Seamless skin foundation\" srcset=\"https:\/\/www.stoelzle.com\/beauty\/wp-content\/uploads\/sites\/4\/2022\/07\/LEF-1.jpg 591w, https:\/\/www.stoelzle.com\/beauty\/wp-content\/uploads\/sites\/4\/2022\/07\/LEF-1-480x320.jpg 480w, https:\/\/www.stoelzle.com\/beauty\/wp-content\/uploads\/sites\/4\/2022\/07\/LEF-1-180x120.jpg 180w\" sizes=\"auto, (max-width: 591px) 100vw, 591px\" \/><\/div>\n                <\/div>\n            <\/div><div class=\"vc-two-columns  \">\n                <div class=\"row\">\n                    <div class=\"col-sm-6 bg-white image-left\"><img loading=\"lazy\" decoding=\"async\" width=\"1024\" height=\"666\" src=\"https:\/\/www.stoelzle.com\/beauty\/wp-content\/uploads\/sites\/4\/2021\/05\/special-design-caron-aimez-moi-1024x666.jpg\" class=\"w-100 h-100 cover\" alt=\"Customized perfume bottle of Caron Aimez-moi comme je suis\" srcset=\"https:\/\/www.stoelzle.com\/beauty\/wp-content\/uploads\/sites\/4\/2021\/05\/special-design-caron-aimez-moi-1024x666.jpg 1024w, https:\/\/www.stoelzle.com\/beauty\/wp-content\/uploads\/sites\/4\/2021\/05\/special-design-caron-aimez-moi-480x312.jpg 480w, https:\/\/www.stoelzle.com\/beauty\/wp-content\/uploads\/sites\/4\/2021\/05\/special-design-caron-aimez-moi-1536x998.jpg 1536w, https:\/\/www.stoelzle.com\/beauty\/wp-content\/uploads\/sites\/4\/2021\/05\/special-design-caron-aimez-moi-992x645.jpg 992w, https:\/\/www.stoelzle.com\/beauty\/wp-content\/uploads\/sites\/4\/2021\/05\/special-design-caron-aimez-moi-600x390.jpg 600w, https:\/\/www.stoelzle.com\/beauty\/wp-content\/uploads\/sites\/4\/2021\/05\/special-design-caron-aimez-moi.jpg 2000w\" sizes=\"auto, (max-width: 1024px) 100vw, 1024px\" \/><\/div>\n                    <div class=\"col-sm-6 bg-white image-left\"><div class=\"column-content h-100 d-flex flex-column justify-content-center\"><\/p>\n<h2>Parfums Caron \u2013 Aimez-moi comme je suis<\/h2>\n<p>The Stoelzle Masni\u00e8res Parfumerie teams put all their technical know-how into the creation of this beautiful bottle. A very structured bottle with curved sides required a very technical design of the tooling and a very good mastery of the process in order to obtain the right distribution at the level of the columns and the shoulder.<\/p>\n<p>In addition, the small screw ring for a high glass weight was another challenge. Indeed, Parfums Caron&#8217;s environmental charter required easy separation of the pump from the bottle during disposal. Finally, a particularly delicate check had to be performed to verify the flatness of the window for the plate housing. Another fine detail was a discreet parting line.<\/p>\n<p>Close collaboration with the teams at Parfums CARON made it possible to produce these very beautiful bottles in the pure tradition of French haute perfumery.<\/div><\/div>\n                <\/div>\n            <\/div><div class=\"vc-two-columns  \">\n                <div class=\"row\">\n                    <div class=\"col-sm-6 bg-gray image-right\"><div class=\"column-content h-100 d-flex flex-column justify-content-center\"><\/p>\n<h2>Angels&#8217; Share &#8211; Kilian<\/h2>\n<p>Angels&#8217; Share was concocted in collaboration with perfumer Benoist Lapouza to create a rare atypical fragrance that needed an atypical bottle.<\/p>\n<p>The brand entrusted Stoelzle Masni\u00e8res Parfumerie with the creation of these very beautiful bottles that are instantly addictive to the touch. A thick glass, engraved with the emblematic K motif, reflecting light from every angle! Trompe l&#8217;oeil objects, reminiscent of cocktail glasses in Art Deco bars &#8230; The great complexity of the design of this bottle required a real technical feat from the Stoelzle team. For this major launch, several challenges were successfully met:<\/p>\n<ul>\n<li>a facetted bottle, very rich in glass, carried by a very small screw ring<\/li>\n<li>a very regular distribution at the base and shoulder despite very pronounced intaglio engraving<\/li>\n<li>the creation of a very specific mould, requiring a demoulding in several parts<\/li>\n<li>perfect dimensional control to allow a good positioning and gluing of the plate<\/li>\n<\/ul>\n<p><\/div><\/div>\n                    <div class=\"col-sm-6 bg-gray image-right\"><img loading=\"lazy\" decoding=\"async\" width=\"1024\" height=\"666\" src=\"https:\/\/www.stoelzle.com\/beauty\/wp-content\/uploads\/sites\/4\/2021\/05\/special-design-angels-share-kilian-1024x666.jpg\" class=\"w-100 h-100 cover\" alt=\"Customized perfume bottle of Angel&#039;s share by Kilian\" srcset=\"https:\/\/www.stoelzle.com\/beauty\/wp-content\/uploads\/sites\/4\/2021\/05\/special-design-angels-share-kilian-1024x666.jpg 1024w, https:\/\/www.stoelzle.com\/beauty\/wp-content\/uploads\/sites\/4\/2021\/05\/special-design-angels-share-kilian-480x312.jpg 480w, https:\/\/www.stoelzle.com\/beauty\/wp-content\/uploads\/sites\/4\/2021\/05\/special-design-angels-share-kilian-1536x998.jpg 1536w, https:\/\/www.stoelzle.com\/beauty\/wp-content\/uploads\/sites\/4\/2021\/05\/special-design-angels-share-kilian-992x645.jpg 992w, https:\/\/www.stoelzle.com\/beauty\/wp-content\/uploads\/sites\/4\/2021\/05\/special-design-angels-share-kilian-600x390.jpg 600w, https:\/\/www.stoelzle.com\/beauty\/wp-content\/uploads\/sites\/4\/2021\/05\/special-design-angels-share-kilian.jpg 2000w\" sizes=\"auto, (max-width: 1024px) 100vw, 1024px\" \/><\/div>\n                <\/div>\n            <\/div><div class=\"vc-two-columns  \">\n                <div class=\"row\">\n                    <div class=\"col-sm-6 bg-blue image-left\"><img loading=\"lazy\" decoding=\"async\" width=\"1024\" height=\"666\" src=\"https:\/\/www.stoelzle.com\/beauty\/wp-content\/uploads\/sites\/4\/2021\/05\/special-design-coach-dreams-eau-de-parfum-1024x666.jpg\" class=\"w-100 h-100 cover\" alt=\"Customized perfume bottle of Coach dreams perfume\" srcset=\"https:\/\/www.stoelzle.com\/beauty\/wp-content\/uploads\/sites\/4\/2021\/05\/special-design-coach-dreams-eau-de-parfum-1024x666.jpg 1024w, https:\/\/www.stoelzle.com\/beauty\/wp-content\/uploads\/sites\/4\/2021\/05\/special-design-coach-dreams-eau-de-parfum-480x312.jpg 480w, https:\/\/www.stoelzle.com\/beauty\/wp-content\/uploads\/sites\/4\/2021\/05\/special-design-coach-dreams-eau-de-parfum-1536x998.jpg 1536w, https:\/\/www.stoelzle.com\/beauty\/wp-content\/uploads\/sites\/4\/2021\/05\/special-design-coach-dreams-eau-de-parfum-992x645.jpg 992w, https:\/\/www.stoelzle.com\/beauty\/wp-content\/uploads\/sites\/4\/2021\/05\/special-design-coach-dreams-eau-de-parfum-600x390.jpg 600w, https:\/\/www.stoelzle.com\/beauty\/wp-content\/uploads\/sites\/4\/2021\/05\/special-design-coach-dreams-eau-de-parfum.jpg 2000w\" sizes=\"auto, (max-width: 1024px) 100vw, 1024px\" \/><\/div>\n                    <div class=\"col-sm-6 bg-blue image-left\"><div class=\"column-content h-100 d-flex flex-column justify-content-center\"><\/p>\n<h2>Coach &#8211; Dreams<\/h2>\n<p>A very beautiful design inspired by the vintage universe of far-west apothecaries. The curve of the bottle is reminiscent of a pretty flask. The base is made of a beautiful glass ring that supports a thick glass sole. A dedicated space holds the white label on which stands the logo and the emblematic signature of the horses and the carriage.<\/div><\/div>\n                <\/div>\n            <\/div><div class=\"vc-two-columns  \">\n                <div class=\"row\">\n                    <div class=\"col-sm-6 bg-white image-right\"><div class=\"column-content h-100 d-flex flex-column justify-content-center\"><\/p>\n<h2>Perfume gun collection &#8211; Frederic Malle<\/h2>\n<p>In terms of innovation, Stoelzle Masni\u00e8res Parfumerie is doubly proud. On the one hand of its first collaboration with the teams of Editions de Parfums Fr\u00e9d\u00e9ric Malle, and on the other hand of the development of the first bottle treated with the &#8220;Quali Glass Coat 2.0&#8221; powder coating technique. Applied to amber bottles, more commonly used in the pharmaceutical industry, the 40-micron powder coating provides a perfectly smooth, flawless surface with a beautiful, top-of-the-range matt finish.<\/div><\/div>\n                    <div class=\"col-sm-6 bg-white image-right\"><img loading=\"lazy\" decoding=\"async\" width=\"1024\" height=\"666\" src=\"https:\/\/www.stoelzle.com\/beauty\/wp-content\/uploads\/sites\/4\/2021\/05\/special-design-gun-jurassic-flower-1024x666.jpg\" class=\"w-100 h-100 cover\" alt=\"Customized perfume bottle of Frederic Malle Perfume Gun\" srcset=\"https:\/\/www.stoelzle.com\/beauty\/wp-content\/uploads\/sites\/4\/2021\/05\/special-design-gun-jurassic-flower-1024x666.jpg 1024w, https:\/\/www.stoelzle.com\/beauty\/wp-content\/uploads\/sites\/4\/2021\/05\/special-design-gun-jurassic-flower-480x312.jpg 480w, https:\/\/www.stoelzle.com\/beauty\/wp-content\/uploads\/sites\/4\/2021\/05\/special-design-gun-jurassic-flower-1536x998.jpg 1536w, https:\/\/www.stoelzle.com\/beauty\/wp-content\/uploads\/sites\/4\/2021\/05\/special-design-gun-jurassic-flower-992x645.jpg 992w, https:\/\/www.stoelzle.com\/beauty\/wp-content\/uploads\/sites\/4\/2021\/05\/special-design-gun-jurassic-flower-600x390.jpg 600w, https:\/\/www.stoelzle.com\/beauty\/wp-content\/uploads\/sites\/4\/2021\/05\/special-design-gun-jurassic-flower.jpg 2000w\" sizes=\"auto, (max-width: 1024px) 100vw, 1024px\" \/><\/div>\n                <\/div>\n            <\/div>[\/vc_column][\/vc_row]<\/p>\n<\/div>","protected":false},"excerpt":{"rendered":"<p>[vc_row][vc_column][\/vc_column][\/vc_row][vc_row full_width=&#8221;stretch_row_content_no_spaces&#8221;][vc_column][\/vc_column][\/vc_row]<\/p>\n","protected":false},"author":1,"featured_media":0,"parent":16,"menu_order":110,"comment_status":"closed","ping_status":"closed","template":"","meta":{"_acf_changed":false,"footnotes":""},"class_list":["post-19","page","type-page","status-publish","hentry"],"acf":[],"yoast_head":"<!-- This site is optimized with the Yoast SEO plugin v26.6 - https:\/\/yoast.com\/wordpress\/plugins\/seo\/ -->\n<title>Perfume Bottle Designs \u00bb Original &amp; Unique | Stoelzle<\/title>\n<meta name=\"description\" content=\"Discover our sophisticated perfume bottle designs. We aim to make your glass bottles and containers stand out from the mass \u2713 Find out more!\" \/>\n<meta name=\"robots\" content=\"index, follow, max-snippet:-1, max-image-preview:large, max-video-preview:-1\" \/>\n<link rel=\"canonical\" href=\"https:\/\/www.stoelzle.com\/beauty\/customization\/special-design\/\" \/>\n<meta property=\"og:locale\" content=\"en_US\" \/>\n<meta property=\"og:type\" content=\"article\" \/>\n<meta property=\"og:title\" content=\"Perfume Bottle Designs \u00bb Original &amp; Unique | Stoelzle\" \/>\n<meta property=\"og:description\" content=\"Discover our sophisticated perfume bottle designs. We aim to make your glass bottles and containers stand out from the mass \u2713 Find out more!\" \/>\n<meta property=\"og:url\" content=\"https:\/\/www.stoelzle.com\/beauty\/customization\/special-design\/\" \/>\n<meta property=\"og:site_name\" content=\"Stoelzle Beauty \u2013 Perfumery &amp; Cosmetics\" \/>\n<meta property=\"article:modified_time\" content=\"2022-07-20T10:14:43+00:00\" \/>\n<meta name=\"twitter:card\" content=\"summary_large_image\" \/>\n<meta name=\"twitter:label1\" content=\"Est. reading time\" \/>\n\t<meta name=\"twitter:data1\" content=\"4 minutes\" \/>\n<script type=\"application\/ld+json\" class=\"yoast-schema-graph\">{\"@context\":\"https:\/\/schema.org\",\"@graph\":[{\"@type\":\"WebPage\",\"@id\":\"https:\/\/www.stoelzle.com\/beauty\/customization\/special-design\/\",\"url\":\"https:\/\/www.stoelzle.com\/beauty\/customization\/special-design\/\",\"name\":\"Perfume Bottle Designs \u00bb Original & Unique | Stoelzle\",\"isPartOf\":{\"@id\":\"https:\/\/www.stoelzle.com\/beauty\/#website\"},\"datePublished\":\"2021-01-29T16:56:01+00:00\",\"dateModified\":\"2022-07-20T10:14:43+00:00\",\"description\":\"Discover our sophisticated perfume bottle designs. We aim to make your glass bottles and containers stand out from the mass \u2713 Find out more!\",\"breadcrumb\":{\"@id\":\"https:\/\/www.stoelzle.com\/beauty\/customization\/special-design\/#breadcrumb\"},\"inLanguage\":\"en-US\",\"potentialAction\":[{\"@type\":\"ReadAction\",\"target\":[\"https:\/\/www.stoelzle.com\/beauty\/customization\/special-design\/\"]}]},{\"@type\":\"BreadcrumbList\",\"@id\":\"https:\/\/www.stoelzle.com\/beauty\/customization\/special-design\/#breadcrumb\",\"itemListElement\":[{\"@type\":\"ListItem\",\"position\":1,\"name\":\"Home\",\"item\":\"https:\/\/www.stoelzle.com\"},{\"@type\":\"ListItem\",\"position\":2,\"name\":\"Perfumery &amp; Cosmetics\",\"item\":\"https:\/\/www.stoelzle.com\/beauty\/\"},{\"@type\":\"ListItem\",\"position\":3,\"name\":\"Customisation\",\"item\":\"https:\/\/www.stoelzle.com\/beauty\/customization\/\"},{\"@type\":\"ListItem\",\"position\":4,\"name\":\"Special Designs\"}]},{\"@type\":\"WebSite\",\"@id\":\"https:\/\/www.stoelzle.com\/beauty\/#website\",\"url\":\"https:\/\/www.stoelzle.com\/beauty\/\",\"name\":\"Stoelzle Beauty \u2013 Perfumery &amp; Cosmetics\",\"description\":\"\",\"publisher\":{\"@id\":\"https:\/\/www.stoelzle.com\/beauty\/#organization\"},\"potentialAction\":[{\"@type\":\"SearchAction\",\"target\":{\"@type\":\"EntryPoint\",\"urlTemplate\":\"https:\/\/www.stoelzle.com\/beauty\/?s={search_term_string}\"},\"query-input\":{\"@type\":\"PropertyValueSpecification\",\"valueRequired\":true,\"valueName\":\"search_term_string\"}}],\"inLanguage\":\"en-US\"},{\"@type\":\"Organization\",\"@id\":\"https:\/\/www.stoelzle.com\/beauty\/#organization\",\"name\":\"Stoelzle Beauty - Perfumery & Cosmetics\",\"url\":\"https:\/\/www.stoelzle.com\/beauty\/\",\"logo\":{\"@type\":\"ImageObject\",\"inLanguage\":\"en-US\",\"@id\":\"https:\/\/www.stoelzle.com\/beauty\/#\/schema\/logo\/image\/\",\"url\":\"https:\/\/www.stoelzle.com\/beauty\/wp-content\/uploads\/sites\/4\/2021\/03\/logo_beauty.svg\",\"contentUrl\":\"https:\/\/www.stoelzle.com\/beauty\/wp-content\/uploads\/sites\/4\/2021\/03\/logo_beauty.svg\",\"width\":173,\"height\":40,\"caption\":\"Stoelzle Beauty - Perfumery & Cosmetics\"},\"image\":{\"@id\":\"https:\/\/www.stoelzle.com\/beauty\/#\/schema\/logo\/image\/\"}}]}<\/script>\n<!-- \/ Yoast SEO plugin. -->","yoast_head_json":{"title":"Perfume Bottle Designs \u00bb Original & Unique | Stoelzle","description":"Discover our sophisticated perfume bottle designs. We aim to make your glass bottles and containers stand out from the mass \u2713 Find out more!","robots":{"index":"index","follow":"follow","max-snippet":"max-snippet:-1","max-image-preview":"max-image-preview:large","max-video-preview":"max-video-preview:-1"},"canonical":"https:\/\/www.stoelzle.com\/beauty\/customization\/special-design\/","og_locale":"en_US","og_type":"article","og_title":"Perfume Bottle Designs \u00bb Original & Unique | Stoelzle","og_description":"Discover our sophisticated perfume bottle designs. We aim to make your glass bottles and containers stand out from the mass \u2713 Find out more!","og_url":"https:\/\/www.stoelzle.com\/beauty\/customization\/special-design\/","og_site_name":"Stoelzle Beauty \u2013 Perfumery &amp; Cosmetics","article_modified_time":"2022-07-20T10:14:43+00:00","twitter_card":"summary_large_image","twitter_misc":{"Est. reading time":"4 minutes"},"schema":{"@context":"https:\/\/schema.org","@graph":[{"@type":"WebPage","@id":"https:\/\/www.stoelzle.com\/beauty\/customization\/special-design\/","url":"https:\/\/www.stoelzle.com\/beauty\/customization\/special-design\/","name":"Perfume Bottle Designs \u00bb Original & Unique | Stoelzle","isPartOf":{"@id":"https:\/\/www.stoelzle.com\/beauty\/#website"},"datePublished":"2021-01-29T16:56:01+00:00","dateModified":"2022-07-20T10:14:43+00:00","description":"Discover our sophisticated perfume bottle designs. We aim to make your glass bottles and containers stand out from the mass \u2713 Find out more!","breadcrumb":{"@id":"https:\/\/www.stoelzle.com\/beauty\/customization\/special-design\/#breadcrumb"},"inLanguage":"en-US","potentialAction":[{"@type":"ReadAction","target":["https:\/\/www.stoelzle.com\/beauty\/customization\/special-design\/"]}]},{"@type":"BreadcrumbList","@id":"https:\/\/www.stoelzle.com\/beauty\/customization\/special-design\/#breadcrumb","itemListElement":[{"@type":"ListItem","position":1,"name":"Home","item":"https:\/\/www.stoelzle.com"},{"@type":"ListItem","position":2,"name":"Perfumery &amp; Cosmetics","item":"https:\/\/www.stoelzle.com\/beauty\/"},{"@type":"ListItem","position":3,"name":"Customisation","item":"https:\/\/www.stoelzle.com\/beauty\/customization\/"},{"@type":"ListItem","position":4,"name":"Special Designs"}]},{"@type":"WebSite","@id":"https:\/\/www.stoelzle.com\/beauty\/#website","url":"https:\/\/www.stoelzle.com\/beauty\/","name":"Stoelzle Beauty \u2013 Perfumery &amp; Cosmetics","description":"","publisher":{"@id":"https:\/\/www.stoelzle.com\/beauty\/#organization"},"potentialAction":[{"@type":"SearchAction","target":{"@type":"EntryPoint","urlTemplate":"https:\/\/www.stoelzle.com\/beauty\/?s={search_term_string}"},"query-input":{"@type":"PropertyValueSpecification","valueRequired":true,"valueName":"search_term_string"}}],"inLanguage":"en-US"},{"@type":"Organization","@id":"https:\/\/www.stoelzle.com\/beauty\/#organization","name":"Stoelzle Beauty - Perfumery & Cosmetics","url":"https:\/\/www.stoelzle.com\/beauty\/","logo":{"@type":"ImageObject","inLanguage":"en-US","@id":"https:\/\/www.stoelzle.com\/beauty\/#\/schema\/logo\/image\/","url":"https:\/\/www.stoelzle.com\/beauty\/wp-content\/uploads\/sites\/4\/2021\/03\/logo_beauty.svg","contentUrl":"https:\/\/www.stoelzle.com\/beauty\/wp-content\/uploads\/sites\/4\/2021\/03\/logo_beauty.svg","width":173,"height":40,"caption":"Stoelzle Beauty - Perfumery & Cosmetics"},"image":{"@id":"https:\/\/www.stoelzle.com\/beauty\/#\/schema\/logo\/image\/"}}]}},"_links":{"self":[{"href":"https:\/\/www.stoelzle.com\/beauty\/wp-json\/wp\/v2\/pages\/19","targetHints":{"allow":["GET"]}}],"collection":[{"href":"https:\/\/www.stoelzle.com\/beauty\/wp-json\/wp\/v2\/pages"}],"about":[{"href":"https:\/\/www.stoelzle.com\/beauty\/wp-json\/wp\/v2\/types\/page"}],"author":[{"embeddable":true,"href":"https:\/\/www.stoelzle.com\/beauty\/wp-json\/wp\/v2\/users\/1"}],"replies":[{"embeddable":true,"href":"https:\/\/www.stoelzle.com\/beauty\/wp-json\/wp\/v2\/comments?post=19"}],"version-history":[{"count":0,"href":"https:\/\/www.stoelzle.com\/beauty\/wp-json\/wp\/v2\/pages\/19\/revisions"}],"up":[{"embeddable":true,"href":"https:\/\/www.stoelzle.com\/beauty\/wp-json\/wp\/v2\/pages\/16"}],"wp:attachment":[{"href":"https:\/\/www.stoelzle.com\/beauty\/wp-json\/wp\/v2\/media?parent=19"}],"curies":[{"name":"wp","href":"https:\/\/api.w.org\/{rel}","templated":true}]}}