{"id":1878,"date":"2021-03-07T09:10:04","date_gmt":"2021-03-07T09:10:04","guid":{"rendered":"https:\/\/stoelzle.com\/beauty\/legal-notice\/"},"modified":"2023-12-20T09:12:54","modified_gmt":"2023-12-20T09:12:54","slug":"mention-legale","status":"publish","type":"page","link":"https:\/\/www.stoelzle.com\/beauty\/fr\/mention-legale\/","title":{"rendered":"Mentions l\u00e9gales"},"content":{"rendered":"<div class=\"wpb-content-wrapper\"><p>[vc_row][vc_column]<div class=\"vc-title  spacing-bottom-l text-center\">\n              <div class=\"topline\">Stoelzle Parfums &amp; Cosm\u00e9tiques<\/div>\n              <h1 class=\"title position-relative separator\">Mentions l\u00e9gales<\/h1>\n              \n            <\/div><div class=\"vc-spacer spacing-bottom-m\"><\/div>[vc_row_inner el_class=&#8221;text-text&#8221;][vc_column_inner width=&#8221;1\/12&#8243;][\/vc_column_inner][vc_column_inner width=&#8221;5\/12&#8243;][vc_column_text]<\/p>\n<p><a href=\"https:\/\/firmen.wko.at\/stoelzle-oberglas-gmbh\/steiermark\/?firmaid=e78add77-9b59-4370-aab6-5740f1743a37\" target=\"_blank\" rel=\"noopener\">Obligation d&#8217;informer<\/a> selon le \u00a75 de la loi sur le e-commerce, \u00a714 du code commercial autrichien, \u00a763 de la loi sur la r\u00e9glementation des \u00e9changes, du commerce et de l&#8217;industrie et le devoir de divulgation du \u00a725 de la loi sur les m\u00e9dias.<\/p>\n<p class=\"h5\">Stoelzle Oberglas GmbH<\/p>\n<p>Fabrikstra\u00dfe 11<br \/>\nA-8580 K\u00f6flach<br \/>\nT\u00e9l\u00e9phone : +43 3144 706<br \/>\nT\u00e9l\u00e9copie : +43 3144 706 251<br \/>\nCourrier \u00e9lectronique : <a href=\"mailto:office@stoelzle.com\">office@stoelzle.com<\/a><\/p>\n<p>Objet de l\u2019activit\u00e9 : Fabrication d\u2019objets en verre<br \/>\nTVA Intracommunautaire : ATU 14980706<br \/>\nRegistre du Commerce : FN 63600f<br \/>\nTribunal du registre du commerce : Landesgericht f. ZRS Graz<\/p>\n<p>PDG : Dr. August Grupp, MBA<\/p>\n<p class=\"h5\">Exon\u00e9ration de la responsabilit\u00e9<\/p>\n<p>Stoelzle Oberglas GmbH s\u2019efforce de maintenir les informations publi\u00e9es \u00e0 jour et exactes, mais d\u00e9cline toute responsabilit\u00e9 en ce qui concerne l\u2019actualit\u00e9, l\u2019exactitude et l\u2019exhaustivit\u00e9 des contenus. Par cons\u00e9quent, Stoelzle Oberglas GmbH ne saurait \u00eatre tenue pour responsable de tout dommage r\u00e9sultant de l\u2019utilisation du contenu.<\/p>\n<p>[\/vc_column_text][\/vc_column_inner][vc_column_inner width=&#8221;5\/12&#8243;][vc_column_text]<\/p>\n<p class=\"h5\">Liens vers des sites Internet externes<\/p>\n<p>Ce site Internet contient des liens vers des sites Internet externes sur lesquels nous n\u2019avons aucun contr\u00f4le. Par cons\u00e9quent, nous d\u00e9clinons toute responsabilit\u00e9 en ce qui concerne ces contenus externes. Le fournisseur ou l\u2019op\u00e9rateur respectif des sites Internet est toujours responsable du contenu des sites Internet li\u00e9s. Les informations qui y sont publi\u00e9es ne refl\u00e8tent pas non plus le point de vue de Stoelzle Oberglas GmbH.<\/p>\n<p class=\"h5\">Droit d\u2019auteur<\/p>\n<p>Copyright \u00a9 Stoelzle Oberglas GmbH. Tous droits r\u00e9serv\u00e9s. Les contenus de ce site Internet sont prot\u00e9g\u00e9s par le droit d\u2019auteur. Sans l\u2019autorisation \u00e9crite pr\u00e9alable de Stoelzle Oberglas GmbH, il est interdit de reproduire sous quelque forme que ce soit, de traiter par des syst\u00e8mes \u00e9lectroniques, de reproduire ou de distribuer le contenu de ce site Internet.<\/p>\n<p class=\"h5\">Cr\u00e9dits photo<\/p>\n<p>Les images, photos, vid\u00e9os et graphiques de ce site Web sont prot\u00e9g\u00e9s par le droit d&#8217;auteur. Sources d&#8217;images : Die Abbilderei, Jutta K\u00fcgerl Fotografie, Mathias Kniepeiss, Toni Muhr, Studio Foto Palac Jerzy Kozlowski, Adobe Stock, Stoelzle Archiv.<\/p>\n<p class=\"h5\">Concept, conception et mise en \u0153uvre<\/p>\n<p>Stoelzle Oberglas Gmbh &amp; Bramauer Branding, \u2028<a href=\"https:\/\/www.bramauer.at\/\" target=\"_blank\" rel=\"noopener\">www.bramauer.at<\/a>[\/vc_column_text][\/vc_column_inner][vc_column_inner width=&#8221;1\/12&#8243;][\/vc_column_inner][\/vc_row_inner]<div class=\"vc-spacer spacing-bottom-m\"><\/div>[\/vc_column][\/vc_row][vc_row][vc_column][\/vc_column][\/vc_row]<\/p>\n<\/div>","protected":false},"excerpt":{"rendered":"<p>[vc_row][vc_column][vc_row_inner el_class=&#8221;text-text&#8221;][vc_column_inner width=&#8221;1\/12&#8243;][\/vc_column_inner][vc_column_inner width=&#8221;5\/12&#8243;][vc_column_text] Obligation d&#8217;informer selon le \u00a75 de la loi sur le e-commerce, \u00a714 du code commercial autrichien, \u00a763 de la loi sur la r\u00e9glementation des \u00e9changes, du commerce et de l&#8217;industrie et le devoir de divulgation du \u00a725 de la loi sur les m\u00e9dias. Stoelzle Oberglas GmbH Fabrikstra\u00dfe 11 A-8580 K\u00f6flach T\u00e9l\u00e9phone [&hellip;]<\/p>\n","protected":false},"author":1,"featured_media":0,"parent":0,"menu_order":200,"comment_status":"closed","ping_status":"closed","template":"","meta":{"_acf_changed":false,"footnotes":""},"class_list":["post-1878","page","type-page","status-publish","hentry"],"acf":[],"yoast_head":"<!-- This site is optimized with the Yoast SEO plugin v26.6 - https:\/\/yoast.com\/wordpress\/plugins\/seo\/ -->\n<title>Mentions l\u00e9gales du site internet I Stoelzle<\/title>\n<meta name=\"description\" content=\"Retrouvez les mentions l\u00e9gales du site internet Stoelzle\" \/>\n<meta name=\"robots\" content=\"noindex, follow\" \/>\n<meta property=\"og:locale\" content=\"fr_FR\" \/>\n<meta property=\"og:type\" content=\"article\" \/>\n<meta property=\"og:title\" content=\"Mentions l\u00e9gales du site internet I Stoelzle\" \/>\n<meta property=\"og:description\" content=\"Retrouvez les mentions l\u00e9gales du site internet Stoelzle\" \/>\n<meta property=\"og:url\" content=\"https:\/\/www.stoelzle.com\/beauty\/fr\/mention-legale\/\" \/>\n<meta property=\"og:site_name\" content=\"Stoelzle Beauty \u2013 Perfumery &amp; Cosmetics\" \/>\n<meta property=\"article:modified_time\" content=\"2023-12-20T09:12:54+00:00\" \/>\n<meta name=\"twitter:card\" content=\"summary_large_image\" \/>\n<meta name=\"twitter:label1\" content=\"Dur\u00e9e de lecture estim\u00e9e\" \/>\n\t<meta name=\"twitter:data1\" content=\"2 minutes\" \/>\n<script type=\"application\/ld+json\" class=\"yoast-schema-graph\">{\"@context\":\"https:\/\/schema.org\",\"@graph\":[{\"@type\":\"WebPage\",\"@id\":\"https:\/\/www.stoelzle.com\/beauty\/fr\/mention-legale\/\",\"url\":\"https:\/\/www.stoelzle.com\/beauty\/fr\/mention-legale\/\",\"name\":\"Mentions l\u00e9gales du site internet I Stoelzle\",\"isPartOf\":{\"@id\":\"https:\/\/www.stoelzle.com\/beauty\/#website\"},\"datePublished\":\"2021-03-07T09:10:04+00:00\",\"dateModified\":\"2023-12-20T09:12:54+00:00\",\"description\":\"Retrouvez les mentions l\u00e9gales du site internet Stoelzle\",\"breadcrumb\":{\"@id\":\"https:\/\/www.stoelzle.com\/beauty\/fr\/mention-legale\/#breadcrumb\"},\"inLanguage\":\"fr-FR\",\"potentialAction\":[{\"@type\":\"ReadAction\",\"target\":[\"https:\/\/www.stoelzle.com\/beauty\/fr\/mention-legale\/\"]}]},{\"@type\":\"BreadcrumbList\",\"@id\":\"https:\/\/www.stoelzle.com\/beauty\/fr\/mention-legale\/#breadcrumb\",\"itemListElement\":[{\"@type\":\"ListItem\",\"position\":1,\"name\":\"Home\",\"item\":\"https:\/\/www.stoelzle.com\"},{\"@type\":\"ListItem\",\"position\":2,\"name\":\"Perfumery &amp; Cosmetics\",\"item\":\"https:\/\/www.stoelzle.com\/beauty\/fr\/\"},{\"@type\":\"ListItem\",\"position\":3,\"name\":\"Mentions l\u00e9gales\"}]},{\"@type\":\"WebSite\",\"@id\":\"https:\/\/www.stoelzle.com\/beauty\/#website\",\"url\":\"https:\/\/www.stoelzle.com\/beauty\/\",\"name\":\"Stoelzle Beauty \u2013 Perfumery &amp; Cosmetics\",\"description\":\"\",\"publisher\":{\"@id\":\"https:\/\/www.stoelzle.com\/beauty\/#organization\"},\"potentialAction\":[{\"@type\":\"SearchAction\",\"target\":{\"@type\":\"EntryPoint\",\"urlTemplate\":\"https:\/\/www.stoelzle.com\/beauty\/?s={search_term_string}\"},\"query-input\":{\"@type\":\"PropertyValueSpecification\",\"valueRequired\":true,\"valueName\":\"search_term_string\"}}],\"inLanguage\":\"fr-FR\"},{\"@type\":\"Organization\",\"@id\":\"https:\/\/www.stoelzle.com\/beauty\/#organization\",\"name\":\"Stoelzle Beauty - Perfumery & Cosmetics\",\"url\":\"https:\/\/www.stoelzle.com\/beauty\/\",\"logo\":{\"@type\":\"ImageObject\",\"inLanguage\":\"fr-FR\",\"@id\":\"https:\/\/www.stoelzle.com\/beauty\/#\/schema\/logo\/image\/\",\"url\":\"https:\/\/www.stoelzle.com\/beauty\/wp-content\/uploads\/sites\/4\/2021\/03\/logo_beauty.svg\",\"contentUrl\":\"https:\/\/www.stoelzle.com\/beauty\/wp-content\/uploads\/sites\/4\/2021\/03\/logo_beauty.svg\",\"width\":173,\"height\":40,\"caption\":\"Stoelzle Beauty - Perfumery & Cosmetics\"},\"image\":{\"@id\":\"https:\/\/www.stoelzle.com\/beauty\/#\/schema\/logo\/image\/\"}}]}<\/script>\n<!-- \/ Yoast SEO plugin. -->","yoast_head_json":{"title":"Mentions l\u00e9gales du site internet I Stoelzle","description":"Retrouvez les mentions l\u00e9gales du site internet Stoelzle","robots":{"index":"noindex","follow":"follow"},"og_locale":"fr_FR","og_type":"article","og_title":"Mentions l\u00e9gales du site internet I Stoelzle","og_description":"Retrouvez les mentions l\u00e9gales du site internet Stoelzle","og_url":"https:\/\/www.stoelzle.com\/beauty\/fr\/mention-legale\/","og_site_name":"Stoelzle Beauty \u2013 Perfumery &amp; Cosmetics","article_modified_time":"2023-12-20T09:12:54+00:00","twitter_card":"summary_large_image","twitter_misc":{"Dur\u00e9e de lecture estim\u00e9e":"2 minutes"},"schema":{"@context":"https:\/\/schema.org","@graph":[{"@type":"WebPage","@id":"https:\/\/www.stoelzle.com\/beauty\/fr\/mention-legale\/","url":"https:\/\/www.stoelzle.com\/beauty\/fr\/mention-legale\/","name":"Mentions l\u00e9gales du site internet I Stoelzle","isPartOf":{"@id":"https:\/\/www.stoelzle.com\/beauty\/#website"},"datePublished":"2021-03-07T09:10:04+00:00","dateModified":"2023-12-20T09:12:54+00:00","description":"Retrouvez les mentions l\u00e9gales du site internet Stoelzle","breadcrumb":{"@id":"https:\/\/www.stoelzle.com\/beauty\/fr\/mention-legale\/#breadcrumb"},"inLanguage":"fr-FR","potentialAction":[{"@type":"ReadAction","target":["https:\/\/www.stoelzle.com\/beauty\/fr\/mention-legale\/"]}]},{"@type":"BreadcrumbList","@id":"https:\/\/www.stoelzle.com\/beauty\/fr\/mention-legale\/#breadcrumb","itemListElement":[{"@type":"ListItem","position":1,"name":"Home","item":"https:\/\/www.stoelzle.com"},{"@type":"ListItem","position":2,"name":"Perfumery &amp; Cosmetics","item":"https:\/\/www.stoelzle.com\/beauty\/fr\/"},{"@type":"ListItem","position":3,"name":"Mentions l\u00e9gales"}]},{"@type":"WebSite","@id":"https:\/\/www.stoelzle.com\/beauty\/#website","url":"https:\/\/www.stoelzle.com\/beauty\/","name":"Stoelzle Beauty \u2013 Perfumery &amp; Cosmetics","description":"","publisher":{"@id":"https:\/\/www.stoelzle.com\/beauty\/#organization"},"potentialAction":[{"@type":"SearchAction","target":{"@type":"EntryPoint","urlTemplate":"https:\/\/www.stoelzle.com\/beauty\/?s={search_term_string}"},"query-input":{"@type":"PropertyValueSpecification","valueRequired":true,"valueName":"search_term_string"}}],"inLanguage":"fr-FR"},{"@type":"Organization","@id":"https:\/\/www.stoelzle.com\/beauty\/#organization","name":"Stoelzle Beauty - Perfumery & Cosmetics","url":"https:\/\/www.stoelzle.com\/beauty\/","logo":{"@type":"ImageObject","inLanguage":"fr-FR","@id":"https:\/\/www.stoelzle.com\/beauty\/#\/schema\/logo\/image\/","url":"https:\/\/www.stoelzle.com\/beauty\/wp-content\/uploads\/sites\/4\/2021\/03\/logo_beauty.svg","contentUrl":"https:\/\/www.stoelzle.com\/beauty\/wp-content\/uploads\/sites\/4\/2021\/03\/logo_beauty.svg","width":173,"height":40,"caption":"Stoelzle Beauty - Perfumery & Cosmetics"},"image":{"@id":"https:\/\/www.stoelzle.com\/beauty\/#\/schema\/logo\/image\/"}}]}},"_links":{"self":[{"href":"https:\/\/www.stoelzle.com\/beauty\/fr\/wp-json\/wp\/v2\/pages\/1878","targetHints":{"allow":["GET"]}}],"collection":[{"href":"https:\/\/www.stoelzle.com\/beauty\/fr\/wp-json\/wp\/v2\/pages"}],"about":[{"href":"https:\/\/www.stoelzle.com\/beauty\/fr\/wp-json\/wp\/v2\/types\/page"}],"author":[{"embeddable":true,"href":"https:\/\/www.stoelzle.com\/beauty\/fr\/wp-json\/wp\/v2\/users\/1"}],"replies":[{"embeddable":true,"href":"https:\/\/www.stoelzle.com\/beauty\/fr\/wp-json\/wp\/v2\/comments?post=1878"}],"version-history":[{"count":0,"href":"https:\/\/www.stoelzle.com\/beauty\/fr\/wp-json\/wp\/v2\/pages\/1878\/revisions"}],"wp:attachment":[{"href":"https:\/\/www.stoelzle.com\/beauty\/fr\/wp-json\/wp\/v2\/media?parent=1878"}],"curies":[{"name":"wp","href":"https:\/\/api.w.org\/{rel}","templated":true}]}}