{"id":1658,"date":"2021-01-29T16:56:01","date_gmt":"2021-01-29T16:56:01","guid":{"rendered":"https:\/\/stoelzle.com\/beauty\/customization\/special-design\/"},"modified":"2021-05-11T09:26:19","modified_gmt":"2021-05-11T09:26:19","slug":"design-special","status":"publish","type":"page","link":"https:\/\/www.stoelzle.com\/beauty\/fr\/service-personnalise\/design-special\/","title":{"rendered":"Design sp\u00e9cial"},"content":{"rendered":"<div class=\"wpb-content-wrapper\"><p>[vc_row][vc_column]<div class=\"vc-title   text-center\">\n              <div class=\"topline\">Le verre<\/div>\n              <h1 class=\"title position-relative separator\">Design sp\u00e9cial<\/h1>\n              <div class=\"row\"><div class=\"col-md-10 offset-md-1\"><\/p>\n<p class=\"large-text\">Le verre est un mat\u00e9riau vivant et fascinant. Sa fabrication pour les produits de parfumerie et de cosm\u00e9tique de luxe requiert un excellent savoir-faire. Notre \u00e9quipe de d\u00e9veloppement de produits s&#8217;appuie sur des ann\u00e9es d&#8217;exp\u00e9rience en mati\u00e8re de conception et d&#8217;ex\u00e9cution technique. Nous relevons constamment le d\u00e9fi de repousser les limites avec chaque nouveau projet.<\/p>\n<p><\/div><\/div>\n            <\/div>[\/vc_column][\/vc_row][vc_row full_width=&#8221;stretch_row_content_no_spaces&#8221;][vc_column]<div class=\"vc-two-columns  \">\n                <div class=\"row\">\n                    <div class=\"col-sm-6 bg-gray image-left\"><img loading=\"lazy\" decoding=\"async\" width=\"1024\" height=\"666\" src=\"https:\/\/www.stoelzle.com\/beauty\/wp-content\/uploads\/sites\/4\/2021\/05\/special-design-givenchy-irresistible-1024x666.jpg\" class=\"w-100 h-100 cover\" alt=\"Flacon de parfum personnalis\u00e9 de Givenchy - L&#039;irr\u00e9sistible\" srcset=\"https:\/\/www.stoelzle.com\/beauty\/wp-content\/uploads\/sites\/4\/2021\/05\/special-design-givenchy-irresistible-1024x666.jpg 1024w, https:\/\/www.stoelzle.com\/beauty\/wp-content\/uploads\/sites\/4\/2021\/05\/special-design-givenchy-irresistible-480x312.jpg 480w, https:\/\/www.stoelzle.com\/beauty\/wp-content\/uploads\/sites\/4\/2021\/05\/special-design-givenchy-irresistible-1536x998.jpg 1536w, https:\/\/www.stoelzle.com\/beauty\/wp-content\/uploads\/sites\/4\/2021\/05\/special-design-givenchy-irresistible-992x645.jpg 992w, https:\/\/www.stoelzle.com\/beauty\/wp-content\/uploads\/sites\/4\/2021\/05\/special-design-givenchy-irresistible-600x390.jpg 600w, https:\/\/www.stoelzle.com\/beauty\/wp-content\/uploads\/sites\/4\/2021\/05\/special-design-givenchy-irresistible.jpg 2000w\" sizes=\"auto, (max-width: 1024px) 100vw, 1024px\" \/><\/div>\n                    <div class=\"col-sm-6 bg-gray image-left\"><div class=\"column-content h-100 d-flex flex-column justify-content-center\"><\/p>\n<h2>L&#8217;Irr\u00e9sistible &#8211; Givenchy<\/h2>\n<p>C\u2019est \u00e0 Stoelzle Masni\u00e8res Parfumerie que la Maison Givenchy a confi\u00e9 la r\u00e9alisation de ce flacon dont les prismes, chers \u00e0 Hubert de Givenchy, jouent tout en nuance et transparence la teinte ros\u00e9e de cette magnifique fragrance. A la fois carr\u00e9 et arrondi aux angles, la forme de ce flacon est d\u2019une grande \u00e9l\u00e9gance. Le d\u00e9fi technique a \u00e9t\u00e9 de cr\u00e9er un moule sp\u00e9cial afin de pouvoir ins\u00e9rer une plaque de m\u00e9tal sur l\u2019\u00e9paule du flacon laisant sublimer les angles des facettes. Et il a fallu tout le savoir-faire des \u00e9quipes STO pour r\u00e9ussir une belle r\u00e9partition de verre sans aucune perturbation visuelle. Une touche tr\u00e8s couture pour cet \u00e9crin moderne et ultra f\u00e9minin.<\/div><\/div>\n                <\/div>\n            <\/div><div class=\"vc-two-columns  \">\n                <div class=\"row\">\n                    <div class=\"col-sm-6 bg-blue image-right\"><div class=\"column-content h-100 d-flex flex-column justify-content-center\"><\/p>\n<h2>Mademoiselle Rochas in black<\/h2>\n<p>En \u00e9troite collaboration avec la soci\u00e9t\u00e9 Interparfums, nous avons r\u00e9alis\u00e9 le magnifique flacon Mademoiselle Rochas en 2017. Il \u00e9tait essentiel pour la marque que les fines c\u00f4tes \u00e0 intervalles r\u00e9guliers tout autour du flacon refl\u00e8tent les d\u00e9tails haute couture de la Maison Fran\u00e7aise. De plus, le flacon devait \u00e9galement offrir des surfaces absolument planes des deux c\u00f4t\u00e9s afin de positionner parfaitement l&#8217;\u00e9tiquette.<\/p>\n<p>Le flacon a ensuite \u00e9t\u00e9 d\u00e9clin\u00e9 en 2019 pour Mademoiselle Rochas Couture. En respectant les souhaits d&#8217;Interparfums, nous avons pu cr\u00e9er un flacon d&#8217;excellence, techniquement exigeant, en totale harmonie avec l&#8217;image de la marque embl\u00e9matique du patrimoine fran\u00e7ais.<\/div><\/div>\n                    <div class=\"col-sm-6 bg-blue image-right\"><img loading=\"lazy\" decoding=\"async\" width=\"1024\" height=\"666\" src=\"https:\/\/www.stoelzle.com\/beauty\/wp-content\/uploads\/sites\/4\/2021\/05\/special-design-mademoiselle-rochas-black-1024x666.jpg\" class=\"w-100 h-100 cover\" alt=\"Flacon de parfum personnalis\u00e9 de Rochas - Mademoiselle en noir\" srcset=\"https:\/\/www.stoelzle.com\/beauty\/wp-content\/uploads\/sites\/4\/2021\/05\/special-design-mademoiselle-rochas-black-1024x666.jpg 1024w, https:\/\/www.stoelzle.com\/beauty\/wp-content\/uploads\/sites\/4\/2021\/05\/special-design-mademoiselle-rochas-black-480x312.jpg 480w, https:\/\/www.stoelzle.com\/beauty\/wp-content\/uploads\/sites\/4\/2021\/05\/special-design-mademoiselle-rochas-black-1536x998.jpg 1536w, https:\/\/www.stoelzle.com\/beauty\/wp-content\/uploads\/sites\/4\/2021\/05\/special-design-mademoiselle-rochas-black-992x645.jpg 992w, https:\/\/www.stoelzle.com\/beauty\/wp-content\/uploads\/sites\/4\/2021\/05\/special-design-mademoiselle-rochas-black-600x390.jpg 600w, https:\/\/www.stoelzle.com\/beauty\/wp-content\/uploads\/sites\/4\/2021\/05\/special-design-mademoiselle-rochas-black.jpg 2000w\" sizes=\"auto, (max-width: 1024px) 100vw, 1024px\" \/><\/div>\n                <\/div>\n            <\/div><div class=\"vc-two-columns  \">\n                <div class=\"row\">\n                    <div class=\"col-sm-6 bg-white image-left\"><img loading=\"lazy\" decoding=\"async\" width=\"1024\" height=\"666\" src=\"https:\/\/www.stoelzle.com\/beauty\/wp-content\/uploads\/sites\/4\/2021\/05\/special-design-caron-aimez-moi-1024x666.jpg\" class=\"w-100 h-100 cover\" alt=\"Flacon de parfum personnalis\u00e9 de Caron - Aimez-moi comme je suis\" srcset=\"https:\/\/www.stoelzle.com\/beauty\/wp-content\/uploads\/sites\/4\/2021\/05\/special-design-caron-aimez-moi-1024x666.jpg 1024w, https:\/\/www.stoelzle.com\/beauty\/wp-content\/uploads\/sites\/4\/2021\/05\/special-design-caron-aimez-moi-480x312.jpg 480w, https:\/\/www.stoelzle.com\/beauty\/wp-content\/uploads\/sites\/4\/2021\/05\/special-design-caron-aimez-moi-1536x998.jpg 1536w, https:\/\/www.stoelzle.com\/beauty\/wp-content\/uploads\/sites\/4\/2021\/05\/special-design-caron-aimez-moi-992x645.jpg 992w, https:\/\/www.stoelzle.com\/beauty\/wp-content\/uploads\/sites\/4\/2021\/05\/special-design-caron-aimez-moi-600x390.jpg 600w, https:\/\/www.stoelzle.com\/beauty\/wp-content\/uploads\/sites\/4\/2021\/05\/special-design-caron-aimez-moi.jpg 2000w\" sizes=\"auto, (max-width: 1024px) 100vw, 1024px\" \/><\/div>\n                    <div class=\"col-sm-6 bg-white image-left\"><div class=\"column-content h-100 d-flex flex-column justify-content-center\"><\/p>\n<h2>Parfums Caron \u2013 Aimez-moi comme je suis<\/h2>\n<p>Les \u00e9quipes Stoelzle Masni\u00e8res Parfumerie ont mis tout leur savoir-faire technique pour la r\u00e9alisation de ce beau flacon.<\/p>\n<p>Un flacon tr\u00e8s structur\u00e9 dont les courbes rentrantes sur les c\u00f4t\u00e9s ont n\u00e9cessit\u00e9 une conception tr\u00e8s technique de l\u2019outillage et une tr\u00e8s bonne ma\u00eetrise du process afin d\u2019obtenir la bonne r\u00e9partition au niveau des colonnes et de l\u2019\u00e9paule. Par ailleurs, la bague \u00e0 vis de petite taille pour un poids de verre \u00e9lev\u00e9 fut un autre challenge \u00e0 relever. En effet, la charte environnementale des Parfums Caron imposait de pouvoir s\u00e9parer ais\u00e9ment la pompe du flacon lors de sa mise au rebut. Enfin, un contr\u00f4le particuli\u00e8rement d\u00e9licat a d\u00fb \u00eatre effectu\u00e9 pour v\u00e9rifier la plan\u00e9it\u00e9 de la fen\u00eatre pour le logement de la plaque. Autre finesse du d\u00e9tail, un plan de joint discret.<\/p>\n<p>Une \u00e9troite collaboration avec les \u00e9quipes des Parfums CARON a permis la r\u00e9alisation de ces tr\u00e8s beaux flacons dans la pure tradition de la haute parfumerie fran\u00e7aise.<\/div><\/div>\n                <\/div>\n            <\/div><div class=\"vc-two-columns  \">\n                <div class=\"row\">\n                    <div class=\"col-sm-6 bg-gray image-right\"><div class=\"column-content h-100 d-flex flex-column justify-content-center\"><\/p>\n<h2>Angels\u2019 Share &#8211; Kilian<\/h2>\n<p>C\u2019est en collaboration avec le parfumeur Benoist Lapouza qu\u2019a \u00e9t\u00e9 concoct\u00e9 Angels\u2019 Share afin de cr\u00e9er un elixir atypique rare.<\/p>\n<p>C\u2019est \u00e0 Stoelzle Masni\u00e8res Parfumerie que la marque a confi\u00e9 la r\u00e9alisation de ces tr\u00e8s beaux flacons instantan\u00e9ment addictifs au toucher. Un verre \u00e9pais, grav\u00e9 du motif K embl\u00e9matique, r\u00e9lf\u00e9chissant la lumi\u00e8re sous tous ses angles ! Des objets trompe l\u2019oeil, rappelant les verres \u00e0 cocktail des bars Art D\u00e9co \u2026 La grande complexit\u00e9 du design de ce flacon a demand\u00e9 \u00e0 l\u2019\u00e9quipe Stoelzle une r\u00e9elle prouesse technique. Pour ce lancement majeur, plusieurs d\u00e9fis ont \u00e9t\u00e9 relev\u00e9s avec succ\u00e8s :<\/p>\n<ul>\n<li>un flacon facett\u00e9, tr\u00e8s riche en verre, emmen\u00e9 par une toute petite bague \u00e0 vis<\/li>\n<li>une distribution tr\u00e8s r\u00e9guli\u00e8re \u00e0 la base et \u00e0 l\u2019\u00e9paule malgr\u00e9 des gravures en creux bien marqu\u00e9es<\/li>\n<li>la cr\u00e9ation d\u2019un moule tr\u00e8s sp\u00e9cifique, imposant un d\u00e9moulage en plusieurs parties<\/li>\n<li>une parfaite ma\u00eetrise dimensionnelle pour permettre une bonne mise en place et le collage de la plaque<\/li>\n<\/ul>\n<p><\/div><\/div>\n                    <div class=\"col-sm-6 bg-gray image-right\"><img loading=\"lazy\" decoding=\"async\" width=\"1024\" height=\"666\" src=\"https:\/\/www.stoelzle.com\/beauty\/wp-content\/uploads\/sites\/4\/2021\/05\/special-design-angels-share-kilian-1024x666.jpg\" class=\"w-100 h-100 cover\" alt=\"Flacon de parfum personnalis\u00e9 de Kilian - Angel&#039;s Share\" srcset=\"https:\/\/www.stoelzle.com\/beauty\/wp-content\/uploads\/sites\/4\/2021\/05\/special-design-angels-share-kilian-1024x666.jpg 1024w, https:\/\/www.stoelzle.com\/beauty\/wp-content\/uploads\/sites\/4\/2021\/05\/special-design-angels-share-kilian-480x312.jpg 480w, https:\/\/www.stoelzle.com\/beauty\/wp-content\/uploads\/sites\/4\/2021\/05\/special-design-angels-share-kilian-1536x998.jpg 1536w, https:\/\/www.stoelzle.com\/beauty\/wp-content\/uploads\/sites\/4\/2021\/05\/special-design-angels-share-kilian-992x645.jpg 992w, https:\/\/www.stoelzle.com\/beauty\/wp-content\/uploads\/sites\/4\/2021\/05\/special-design-angels-share-kilian-600x390.jpg 600w, https:\/\/www.stoelzle.com\/beauty\/wp-content\/uploads\/sites\/4\/2021\/05\/special-design-angels-share-kilian.jpg 2000w\" sizes=\"auto, (max-width: 1024px) 100vw, 1024px\" \/><\/div>\n                <\/div>\n            <\/div><div class=\"vc-two-columns  \">\n                <div class=\"row\">\n                    <div class=\"col-sm-6 bg-blue image-left\"><img loading=\"lazy\" decoding=\"async\" width=\"1024\" height=\"666\" src=\"https:\/\/www.stoelzle.com\/beauty\/wp-content\/uploads\/sites\/4\/2021\/05\/special-design-coach-dreams-eau-de-parfum-1024x666.jpg\" class=\"w-100 h-100 cover\" alt=\"Flacon de parfum personnalis\u00e9 de Coach - Dreams\" srcset=\"https:\/\/www.stoelzle.com\/beauty\/wp-content\/uploads\/sites\/4\/2021\/05\/special-design-coach-dreams-eau-de-parfum-1024x666.jpg 1024w, https:\/\/www.stoelzle.com\/beauty\/wp-content\/uploads\/sites\/4\/2021\/05\/special-design-coach-dreams-eau-de-parfum-480x312.jpg 480w, https:\/\/www.stoelzle.com\/beauty\/wp-content\/uploads\/sites\/4\/2021\/05\/special-design-coach-dreams-eau-de-parfum-1536x998.jpg 1536w, https:\/\/www.stoelzle.com\/beauty\/wp-content\/uploads\/sites\/4\/2021\/05\/special-design-coach-dreams-eau-de-parfum-992x645.jpg 992w, https:\/\/www.stoelzle.com\/beauty\/wp-content\/uploads\/sites\/4\/2021\/05\/special-design-coach-dreams-eau-de-parfum-600x390.jpg 600w, https:\/\/www.stoelzle.com\/beauty\/wp-content\/uploads\/sites\/4\/2021\/05\/special-design-coach-dreams-eau-de-parfum.jpg 2000w\" sizes=\"auto, (max-width: 1024px) 100vw, 1024px\" \/><\/div>\n                    <div class=\"col-sm-6 bg-blue image-left\"><div class=\"column-content h-100 d-flex flex-column justify-content-center\"><\/p>\n<h2>Coach Dreams<\/h2>\n<p>Un tr\u00e8s beau design inspir\u00e9 des apothicaires far-west. La courbe du flacon rappelle celle d&#8217;une belle flasque. La base est constitu\u00e9e d&#8217;un bel anneau en verre qui supporte une semelle en verre \u00e9paisse. Un espace d\u00e9di\u00e9 acceuille l&#8217;\u00e9tiquette blanche sur laquelle se trouve le logo et la signature embl\u00e9matique de la marque avec des chevaux et la cal\u00e8che.<\/div><\/div>\n                <\/div>\n            <\/div><div class=\"vc-two-columns  \">\n                <div class=\"row\">\n                    <div class=\"col-sm-6 bg-white image-right\"><div class=\"column-content h-100 d-flex flex-column justify-content-center\"><\/p>\n<h2>Perfume gun collection &#8211; Fr\u00e9d\u00e9ric Malle<\/h2>\n<p>En terme d\u2019innovation, Stoelzle Masni\u00e8res Parfumerie est doublement fi\u00e8re. D\u2019une part de sa premi\u00e8re collaboration avec les \u00e9quipes des Editions de Parfums Fr\u00e9d\u00e9ric Malle, d\u2019autre part du d\u00e9veloppement du premier flacon trait\u00e9 selon la technique de d\u00e9cor de poudrage \u00ab Quali Glass Coat 2.0 \u00bb. Appliqu\u00e9 sur flacon ambr\u00e9, plus habituellement utilis\u00e9 dans l\u2019univers de la pharmacie, le poudrage \u00e0 40 microns permet d\u2019obtenir une surface parfaitement lisse, sans aucun d\u00e9faut et d\u2019une belle matit\u00e9 haut de gamme.<\/div><\/div>\n                    <div class=\"col-sm-6 bg-white image-right\"><img loading=\"lazy\" decoding=\"async\" width=\"1024\" height=\"666\" src=\"https:\/\/www.stoelzle.com\/beauty\/wp-content\/uploads\/sites\/4\/2021\/05\/special-design-gun-jurassic-flower-1024x666.jpg\" class=\"w-100 h-100 cover\" alt=\"Bouteille de parfum d&#039;int\u00e9rieur flacon personnalis\u00e9 de Fr\u00e9d\u00e9ric Malle - Perfume Gun\" srcset=\"https:\/\/www.stoelzle.com\/beauty\/wp-content\/uploads\/sites\/4\/2021\/05\/special-design-gun-jurassic-flower-1024x666.jpg 1024w, https:\/\/www.stoelzle.com\/beauty\/wp-content\/uploads\/sites\/4\/2021\/05\/special-design-gun-jurassic-flower-480x312.jpg 480w, https:\/\/www.stoelzle.com\/beauty\/wp-content\/uploads\/sites\/4\/2021\/05\/special-design-gun-jurassic-flower-1536x998.jpg 1536w, https:\/\/www.stoelzle.com\/beauty\/wp-content\/uploads\/sites\/4\/2021\/05\/special-design-gun-jurassic-flower-992x645.jpg 992w, https:\/\/www.stoelzle.com\/beauty\/wp-content\/uploads\/sites\/4\/2021\/05\/special-design-gun-jurassic-flower-600x390.jpg 600w, https:\/\/www.stoelzle.com\/beauty\/wp-content\/uploads\/sites\/4\/2021\/05\/special-design-gun-jurassic-flower.jpg 2000w\" sizes=\"auto, (max-width: 1024px) 100vw, 1024px\" \/><\/div>\n                <\/div>\n            <\/div>[\/vc_column][\/vc_row]<\/p>\n<\/div>","protected":false},"excerpt":{"rendered":"<p>[vc_row][vc_column][\/vc_column][\/vc_row][vc_row full_width=&#8221;stretch_row_content_no_spaces&#8221;][vc_column][\/vc_column][\/vc_row]<\/p>\n","protected":false},"author":1,"featured_media":0,"parent":1646,"menu_order":110,"comment_status":"closed","ping_status":"closed","template":"","meta":{"_acf_changed":false,"footnotes":""},"class_list":["post-1658","page","type-page","status-publish","hentry"],"acf":[],"yoast_head":"<!-- This site is optimized with the Yoast SEO plugin v26.6 - https:\/\/yoast.com\/wordpress\/plugins\/seo\/ -->\n<title>Flacon de parfum design original et unique I Stoelzle<\/title>\n<meta name=\"description\" content=\"D\u00e9couvrez nos designs de flacons de parfum sophistiqu\u00e9s. Notre objectif est de faire de votre projet un mod\u00e8le unique ! \u2713 en savoir plus!\" \/>\n<meta name=\"robots\" content=\"index, follow, max-snippet:-1, max-image-preview:large, max-video-preview:-1\" \/>\n<link rel=\"canonical\" href=\"https:\/\/www.stoelzle.com\/beauty\/fr\/service-personnalise\/design-special\/\" \/>\n<meta property=\"og:locale\" content=\"fr_FR\" \/>\n<meta property=\"og:type\" content=\"article\" \/>\n<meta property=\"og:title\" content=\"Flacon de parfum design original et unique I Stoelzle\" \/>\n<meta property=\"og:description\" content=\"D\u00e9couvrez nos designs de flacons de parfum sophistiqu\u00e9s. Notre objectif est de faire de votre projet un mod\u00e8le unique ! \u2713 en savoir plus!\" \/>\n<meta property=\"og:url\" content=\"https:\/\/www.stoelzle.com\/beauty\/fr\/service-personnalise\/design-special\/\" \/>\n<meta property=\"og:site_name\" content=\"Stoelzle Beauty \u2013 Perfumery &amp; Cosmetics\" \/>\n<meta property=\"article:modified_time\" content=\"2021-05-11T09:26:19+00:00\" \/>\n<meta name=\"twitter:card\" content=\"summary_large_image\" \/>\n<meta name=\"twitter:label1\" content=\"Dur\u00e9e de lecture estim\u00e9e\" \/>\n\t<meta name=\"twitter:data1\" content=\"4 minutes\" \/>\n<script type=\"application\/ld+json\" class=\"yoast-schema-graph\">{\"@context\":\"https:\/\/schema.org\",\"@graph\":[{\"@type\":\"WebPage\",\"@id\":\"https:\/\/www.stoelzle.com\/beauty\/fr\/service-personnalise\/design-special\/\",\"url\":\"https:\/\/www.stoelzle.com\/beauty\/fr\/service-personnalise\/design-special\/\",\"name\":\"Flacon de parfum design original et unique I Stoelzle\",\"isPartOf\":{\"@id\":\"https:\/\/www.stoelzle.com\/beauty\/#website\"},\"datePublished\":\"2021-01-29T16:56:01+00:00\",\"dateModified\":\"2021-05-11T09:26:19+00:00\",\"description\":\"D\u00e9couvrez nos designs de flacons de parfum sophistiqu\u00e9s. Notre objectif est de faire de votre projet un mod\u00e8le unique ! \u2713 en savoir plus!\",\"breadcrumb\":{\"@id\":\"https:\/\/www.stoelzle.com\/beauty\/fr\/service-personnalise\/design-special\/#breadcrumb\"},\"inLanguage\":\"fr-FR\",\"potentialAction\":[{\"@type\":\"ReadAction\",\"target\":[\"https:\/\/www.stoelzle.com\/beauty\/fr\/service-personnalise\/design-special\/\"]}]},{\"@type\":\"BreadcrumbList\",\"@id\":\"https:\/\/www.stoelzle.com\/beauty\/fr\/service-personnalise\/design-special\/#breadcrumb\",\"itemListElement\":[{\"@type\":\"ListItem\",\"position\":1,\"name\":\"Home\",\"item\":\"https:\/\/www.stoelzle.com\"},{\"@type\":\"ListItem\",\"position\":2,\"name\":\"Perfumery &amp; Cosmetics\",\"item\":\"https:\/\/www.stoelzle.com\/beauty\/fr\/\"},{\"@type\":\"ListItem\",\"position\":3,\"name\":\"Service personnalis\u00e9\",\"item\":\"https:\/\/www.stoelzle.com\/beauty\/fr\/service-personnalise\/\"},{\"@type\":\"ListItem\",\"position\":4,\"name\":\"Design sp\u00e9cial\"}]},{\"@type\":\"WebSite\",\"@id\":\"https:\/\/www.stoelzle.com\/beauty\/#website\",\"url\":\"https:\/\/www.stoelzle.com\/beauty\/\",\"name\":\"Stoelzle Beauty \u2013 Perfumery &amp; Cosmetics\",\"description\":\"\",\"publisher\":{\"@id\":\"https:\/\/www.stoelzle.com\/beauty\/#organization\"},\"potentialAction\":[{\"@type\":\"SearchAction\",\"target\":{\"@type\":\"EntryPoint\",\"urlTemplate\":\"https:\/\/www.stoelzle.com\/beauty\/?s={search_term_string}\"},\"query-input\":{\"@type\":\"PropertyValueSpecification\",\"valueRequired\":true,\"valueName\":\"search_term_string\"}}],\"inLanguage\":\"fr-FR\"},{\"@type\":\"Organization\",\"@id\":\"https:\/\/www.stoelzle.com\/beauty\/#organization\",\"name\":\"Stoelzle Beauty - Perfumery & Cosmetics\",\"url\":\"https:\/\/www.stoelzle.com\/beauty\/\",\"logo\":{\"@type\":\"ImageObject\",\"inLanguage\":\"fr-FR\",\"@id\":\"https:\/\/www.stoelzle.com\/beauty\/#\/schema\/logo\/image\/\",\"url\":\"https:\/\/www.stoelzle.com\/beauty\/wp-content\/uploads\/sites\/4\/2021\/03\/logo_beauty.svg\",\"contentUrl\":\"https:\/\/www.stoelzle.com\/beauty\/wp-content\/uploads\/sites\/4\/2021\/03\/logo_beauty.svg\",\"width\":173,\"height\":40,\"caption\":\"Stoelzle Beauty - Perfumery & Cosmetics\"},\"image\":{\"@id\":\"https:\/\/www.stoelzle.com\/beauty\/#\/schema\/logo\/image\/\"}}]}<\/script>\n<!-- \/ Yoast SEO plugin. -->","yoast_head_json":{"title":"Flacon de parfum design original et unique I Stoelzle","description":"D\u00e9couvrez nos designs de flacons de parfum sophistiqu\u00e9s. Notre objectif est de faire de votre projet un mod\u00e8le unique ! \u2713 en savoir plus!","robots":{"index":"index","follow":"follow","max-snippet":"max-snippet:-1","max-image-preview":"max-image-preview:large","max-video-preview":"max-video-preview:-1"},"canonical":"https:\/\/www.stoelzle.com\/beauty\/fr\/service-personnalise\/design-special\/","og_locale":"fr_FR","og_type":"article","og_title":"Flacon de parfum design original et unique I Stoelzle","og_description":"D\u00e9couvrez nos designs de flacons de parfum sophistiqu\u00e9s. Notre objectif est de faire de votre projet un mod\u00e8le unique ! \u2713 en savoir plus!","og_url":"https:\/\/www.stoelzle.com\/beauty\/fr\/service-personnalise\/design-special\/","og_site_name":"Stoelzle Beauty \u2013 Perfumery &amp; Cosmetics","article_modified_time":"2021-05-11T09:26:19+00:00","twitter_card":"summary_large_image","twitter_misc":{"Dur\u00e9e de lecture estim\u00e9e":"4 minutes"},"schema":{"@context":"https:\/\/schema.org","@graph":[{"@type":"WebPage","@id":"https:\/\/www.stoelzle.com\/beauty\/fr\/service-personnalise\/design-special\/","url":"https:\/\/www.stoelzle.com\/beauty\/fr\/service-personnalise\/design-special\/","name":"Flacon de parfum design original et unique I Stoelzle","isPartOf":{"@id":"https:\/\/www.stoelzle.com\/beauty\/#website"},"datePublished":"2021-01-29T16:56:01+00:00","dateModified":"2021-05-11T09:26:19+00:00","description":"D\u00e9couvrez nos designs de flacons de parfum sophistiqu\u00e9s. Notre objectif est de faire de votre projet un mod\u00e8le unique ! \u2713 en savoir plus!","breadcrumb":{"@id":"https:\/\/www.stoelzle.com\/beauty\/fr\/service-personnalise\/design-special\/#breadcrumb"},"inLanguage":"fr-FR","potentialAction":[{"@type":"ReadAction","target":["https:\/\/www.stoelzle.com\/beauty\/fr\/service-personnalise\/design-special\/"]}]},{"@type":"BreadcrumbList","@id":"https:\/\/www.stoelzle.com\/beauty\/fr\/service-personnalise\/design-special\/#breadcrumb","itemListElement":[{"@type":"ListItem","position":1,"name":"Home","item":"https:\/\/www.stoelzle.com"},{"@type":"ListItem","position":2,"name":"Perfumery &amp; Cosmetics","item":"https:\/\/www.stoelzle.com\/beauty\/fr\/"},{"@type":"ListItem","position":3,"name":"Service personnalis\u00e9","item":"https:\/\/www.stoelzle.com\/beauty\/fr\/service-personnalise\/"},{"@type":"ListItem","position":4,"name":"Design sp\u00e9cial"}]},{"@type":"WebSite","@id":"https:\/\/www.stoelzle.com\/beauty\/#website","url":"https:\/\/www.stoelzle.com\/beauty\/","name":"Stoelzle Beauty \u2013 Perfumery &amp; Cosmetics","description":"","publisher":{"@id":"https:\/\/www.stoelzle.com\/beauty\/#organization"},"potentialAction":[{"@type":"SearchAction","target":{"@type":"EntryPoint","urlTemplate":"https:\/\/www.stoelzle.com\/beauty\/?s={search_term_string}"},"query-input":{"@type":"PropertyValueSpecification","valueRequired":true,"valueName":"search_term_string"}}],"inLanguage":"fr-FR"},{"@type":"Organization","@id":"https:\/\/www.stoelzle.com\/beauty\/#organization","name":"Stoelzle Beauty - Perfumery & Cosmetics","url":"https:\/\/www.stoelzle.com\/beauty\/","logo":{"@type":"ImageObject","inLanguage":"fr-FR","@id":"https:\/\/www.stoelzle.com\/beauty\/#\/schema\/logo\/image\/","url":"https:\/\/www.stoelzle.com\/beauty\/wp-content\/uploads\/sites\/4\/2021\/03\/logo_beauty.svg","contentUrl":"https:\/\/www.stoelzle.com\/beauty\/wp-content\/uploads\/sites\/4\/2021\/03\/logo_beauty.svg","width":173,"height":40,"caption":"Stoelzle Beauty - Perfumery & Cosmetics"},"image":{"@id":"https:\/\/www.stoelzle.com\/beauty\/#\/schema\/logo\/image\/"}}]}},"_links":{"self":[{"href":"https:\/\/www.stoelzle.com\/beauty\/fr\/wp-json\/wp\/v2\/pages\/1658","targetHints":{"allow":["GET"]}}],"collection":[{"href":"https:\/\/www.stoelzle.com\/beauty\/fr\/wp-json\/wp\/v2\/pages"}],"about":[{"href":"https:\/\/www.stoelzle.com\/beauty\/fr\/wp-json\/wp\/v2\/types\/page"}],"author":[{"embeddable":true,"href":"https:\/\/www.stoelzle.com\/beauty\/fr\/wp-json\/wp\/v2\/users\/1"}],"replies":[{"embeddable":true,"href":"https:\/\/www.stoelzle.com\/beauty\/fr\/wp-json\/wp\/v2\/comments?post=1658"}],"version-history":[{"count":0,"href":"https:\/\/www.stoelzle.com\/beauty\/fr\/wp-json\/wp\/v2\/pages\/1658\/revisions"}],"up":[{"embeddable":true,"href":"https:\/\/www.stoelzle.com\/beauty\/fr\/wp-json\/wp\/v2\/pages\/1646"}],"wp:attachment":[{"href":"https:\/\/www.stoelzle.com\/beauty\/fr\/wp-json\/wp\/v2\/media?parent=1658"}],"curies":[{"name":"wp","href":"https:\/\/api.w.org\/{rel}","templated":true}]}}