{"id":1654,"date":"2021-01-29T16:56:01","date_gmt":"2021-01-29T16:56:01","guid":{"rendered":"https:\/\/stoelzle.com\/beauty\/customization\/decoration\/"},"modified":"2021-05-10T12:33:33","modified_gmt":"2021-05-10T12:33:33","slug":"decoration","status":"publish","type":"page","link":"https:\/\/www.stoelzle.com\/beauty\/fr\/service-personnalise\/decoration\/","title":{"rendered":"D\u00e9coration"},"content":{"rendered":"<div class=\"wpb-content-wrapper\"><p>[vc_row][vc_column]<div class=\"vc-title   text-center\">\n              <div class=\"topline\">Produit unique<\/div>\n              <h1 class=\"title position-relative separator\">D\u00e9coration<\/h1>\n              <div class=\"row\"><div class=\"col-md-10 offset-md-1\"><\/p>\n<p class=\"large-text\">Ces derni\u00e8res ann\u00e9es, la d\u00e9coration est devenue de plus en plus importante, en particulier dans le secteur de la Parfumerie et Cosm\u00e9tique. Pour que les flacons se d\u00e9marquent de la masse de produits disponibles sur le march\u00e9, de plus en plus de clients se tournent vers des techniques de d\u00e9coration sophistiqu\u00e9es et commandent des gammes exclusives dans le haut de gamme. Stoelzle Masni\u00e8res Parfumerie d\u00e9veloppe \u00e9galement plusieurs gammes de nouveaux types de d\u00e9coration plus \u00e9cologiques.<\/p>\n<p><\/div><\/div>\n            <\/div>[\/vc_column][\/vc_row][vc_row full_width=&#8221;stretch_row_content_no_spaces&#8221;][vc_column]<div id=\"id-content-cards\" class=\"row no-gutters  \">\n        <div class=\"col-sm-6 col-md-4 col-lg-3 \">\n          <div class=\"card no-zoom theme-dark\">\n            \n          <div class=\"card-image position-absolute w-100 h-100\">\n            <img decoding=\"async\" class=\"w-100 h-100\"  src=\"https:\/\/www.stoelzle.com\/beauty\/wp-content\/uploads\/sites\/4\/2021\/02\/decoration-sites-perfume-800x800.jpg\" alt=\"Decorated perfume bottle\" \/>\n          <\/div>\n            <div class=\"card-overlay d-flex flex-column\">\n            \n            \n            \n            \n              <div class=\"mt-auto\">\n                \n              <\/div>\n            <\/div>\n          <\/div>\n        <\/div>\n        <div class=\"col-sm-6 col-md-4 col-lg-3 \">\n          <div class=\"card card-text theme-light-gray\">\n            \n            <div class=\"card-overlay d-flex flex-column\">\n            <div class=\"sub-headline w-100\">La tradition rencontre l'innovation<\/div>\n            <div class=\"headline h3 w-100\">Trois sites de d\u00e9coration en interne<\/div>\n            <div class=\"desc w-100\"><p><ul>\n  <li>Stoelzle Cz\u0119stochowa (Pologne)<\/li>\n  <li>Stoelzle Flaconnage (Angleterre)<\/li>\n  <li>Stoelzle Masni\u00e8res Decoration (France)<\/li>\n<\/ul><\/p><\/div>\n            \n              <div class=\"mt-auto\">\n                \n              <\/div>\n            <\/div>\n          <\/div>\n        <\/div>\n        <div class=\"col-sm-6 col-md-4 col-lg-3 d-block d-md-none d-lg-block\">\n          <div class=\"card no-zoom theme-dark\">\n            \n          <div class=\"card-image position-absolute w-100 h-100\">\n            <img decoding=\"async\" class=\"w-100 h-100\"  src=\"https:\/\/www.stoelzle.com\/beauty\/wp-content\/uploads\/sites\/4\/2021\/02\/decoration-wood-bottle-800x800.jpg\" alt=\"Two decorated perfume bottles in wood optic\" \/>\n          <\/div>\n            <div class=\"card-overlay d-flex flex-column\">\n            \n            \n            \n            \n              <div class=\"mt-auto\">\n                \n              <\/div>\n            <\/div>\n          <\/div>\n        <\/div>\n        <div class=\"col-sm-6 col-md-4 col-lg-3 \">\n          <a href=\"https:\/\/stoelzle.com\/beauty\/fr\/contacter\/\"  class=\"card d-block card-text theme-blue\">\n            \n            <div class=\"card-overlay d-flex flex-column\">\n            <div class=\"sub-headline w-100\">Contact<\/div>\n            <div class=\"headline h3 w-100\">Questions au sujet de la d\u00e9coration ?<\/div>\n            \n            \n              <div class=\"mt-auto\">\n                <span class=\"cta big-button arrow\"><\/span>\n              <\/div>\n            <\/div>\n          <\/a>\n        <\/div><\/div>[\/vc_column][\/vc_row][vc_row][vc_column]<div class=\"vc-title spacing-top-m  text-center\">\n              \n              <h2 class=\"title position-relative\">Techniques de d\u00e9coration<\/h2>\n              \n            <\/div><div id=\"id-decoration-techniques-slider\" class=\" spacing-bottom-m\"><div class=\"mb-4\"><div class=\"row\"><div class=\"col content-slider-arrows text-center\"><\/div><\/div><\/div><div class=\"row content-slider mb-5\"><div class=\"col\"><div>\n                        <div class=\"mb-3\"><div class=\"content-slider-image\">\n                      <img decoding=\"async\" class=\"img-fluid w-100 h-100\" src=\"https:\/\/www.stoelzle.com\/beauty\/wp-content\/uploads\/sites\/4\/2021\/02\/decoration_carbon-spray.jpg\" alt=\"Perfume bottles decorated with carbon spray\">\n                    <\/div><\/div>\n                        <div class=\"h3 content-slider-title\">Spray carbone<\/div><div class=\"content-slider-text\">La pulv\u00e9risation est une technique de d\u00e9coration largement utilis\u00e9e qui peut produire une vari\u00e9t\u00e9 de r\u00e9sultats. La pulv\u00e9risation de carbone est une variante du rev\u00eatement \u00e0 effet et donne au verre un aspect carbone unique. <\/div>\n                      <\/div><\/div><div class=\"col\"><div>\n                        <div class=\"mb-3\"><div class=\"content-slider-image\">\n                      <img decoding=\"async\" class=\"img-fluid w-100 h-100\" src=\"https:\/\/www.stoelzle.com\/beauty\/wp-content\/uploads\/sites\/4\/2021\/02\/decoration-digital-print.jpg\" alt=\"Perfume bottles decorated with digital print\">\n                    <\/div><\/div>\n                        <div class=\"h3 content-slider-title\">Impression num\u00e9rique<\/div><div class=\"content-slider-text\">La d\u00e9coration en tant que telle a gagn\u00e9 en vari\u00e9t\u00e9 \u00e0 l'\u00e8re du num\u00e9rique. Les imprimantes num\u00e9riques nous permettent de transf\u00e9rer des d\u00e9cors photor\u00e9alistes, sans limite, avec une gamme compl\u00e8te de couleurs, sur une grande vari\u00e9t\u00e9 de formes et de tailles de flacons, sans autre traitement. Cette technique convient parfaitement \u00e0 la d\u00e9coration de petites s\u00e9ries personnalis\u00e9es et d'\u00e9ditions limit\u00e9es.<\/div>\n                      <\/div><\/div><div class=\"col\"><div>\n                        <div class=\"mb-3\"><div class=\"content-slider-image\">\n                      <img decoding=\"async\" class=\"img-fluid w-100 h-100\" src=\"https:\/\/www.stoelzle.com\/beauty\/wp-content\/uploads\/sites\/4\/2021\/02\/decoration-metallization-spray.jpg\" alt=\"Perfume bottles decorated with metallisation spray\">\n                    <\/div><\/div>\n                        <div class=\"h3 content-slider-title\">Spray m\u00e9tallisation<\/div><div class=\"content-slider-text\">Une alternative \u00e9conomique \u00e0 la m\u00e9tallisation consiste \u00e0 utiliser la technique de pulv\u00e9risation qui se traduit \u00e9galement par une surface m\u00e9tallique brillante.<\/div>\n                      <\/div><\/div><div class=\"col\"><div>\n                        <div class=\"mb-3\"><div class=\"content-slider-image\">\n                      <img decoding=\"async\" class=\"img-fluid w-100 h-100\" src=\"https:\/\/www.stoelzle.com\/beauty\/wp-content\/uploads\/sites\/4\/2021\/02\/decoration-tigital.jpg\" alt=\"Perfume bottles decorated with TIGITAL\">\n                    <\/div><\/div>\n                        <div class=\"h3 content-slider-title\">Tigital<\/div><div class=\"content-slider-text\">Cette nouvelle g\u00e9n\u00e9ration de d\u00e9coration est le r\u00e9sultat de plusieurs mois de collaboration entre la soci\u00e9t\u00e9 Tiger et Stoelzle Glass Group. C'est une technique de transfert de d\u00e9cor eco-responsable qui consiste \u00e0 une application de peinture en poudre assist\u00e9e d'une machine de marquage \u00e0 chaud.\n<ul>\n<li>D\u00e9coration eco-responsable<\/li>\n<li>Haute r\u00e9sistance m\u00e9canique et qualit\u00e9 d'impression sup\u00e9rieure \u00e0 l'impression digitale<\/li>\n<li>Pas de solvant et r\u00e9duction d'\u00e9mission de CO<sub>2<\/sub> de 85%<\/li>\n<li>Possibilit\u00e9 de produire des petites s\u00e9ries<\/li>\n<\/ul><\/div>\n                      <\/div><\/div><div class=\"col\"><div>\n                        <div class=\"mb-3\"><div class=\"content-slider-image\">\n                      <img decoding=\"async\" class=\"img-fluid w-100 h-100\" src=\"https:\/\/www.stoelzle.com\/beauty\/wp-content\/uploads\/sites\/4\/2021\/02\/decoration-quali-glass-coat.jpg\" alt=\"Perfume bottles decorated with quality glass coat\">\n                    <\/div><\/div>\n                        <div class=\"h3 content-slider-title\">Quali Glass Coat 2.0<\/div><div class=\"content-slider-text\">Nouveau proc\u00e9d\u00e9 original pour la Parfumerie & la Cosm\u00e9tique en peinture poudre. \n<ul>\n<li>D\u00e9coration eco-responsable<\/li>\n<li>Haute r\u00e9sistance m\u00e9canique et qualit\u00e9 d'impression sup\u00e9rieure \u00e0 l'impression digitale<\/li>\n<li>Pas de solvant et r\u00e9duction d'emission de CO<sub>2<\/sub> de 77%<\/li>\n<li>100% des mati\u00e8res sont r\u00e9cup\u00e9r\u00e9es<\/li>\n<li>Possibilit\u00e9 de produire des petites s\u00e9ries, large gamme de couleur et de textures<\/li>\n<\/ul><\/div>\n                      <\/div><\/div><\/div><\/div>\n    <script async>\n      jQuery(document).ready(function($) {\n        jQuery(\"#id-decoration-techniques-slider .content-slider\").slick({\n          slidesToShow: 3,\n          prevArrow: \"<span class=\\\"d-inline-block slick-arrow slick-arrow-prev\\\"><\/span>\",\n          nextArrow: \"<span class=\\\"d-inline-block slick-arrow slick-arrow-next\\\"><\/span>\",\n          appendArrows: $(\"#id-decoration-techniques-slider .content-slider-arrows\"),\n          adaptiveHeight: true,\n          responsive: [\n            {\n              breakpoint: 1024,\n              settings: {\n                slidesToShow: 2\n              }\n            },\n            {\n              breakpoint: 768,\n              settings: {\n                slidesToShow: 1\n              }\n            },\n          ]\n        });\n      });\n    <\/script>[\/vc_column][\/vc_row][vc_row full_width=&#8221;stretch_row&#8221; css=&#8221;.vc_custom_1612528106625{background-color: #f0f0f0 !important;}&#8221;][vc_column]<div class=\"vc-title spacing-top-m  text-center\">\n              \n              <h2 class=\"title position-relative\">Renforcez votre marque !<\/h2>\n              <div class=\"row\"><div class=\"col-md-10 offset-md-1\">Des effets sp\u00e9ciaux, visuels ou haptiques, valoriseront votre produit et le rendront unique. Nous proposons une large gamme de techniques de d\u00e9coration traditionnelles et innovantes. En outre, nous d\u00e9veloppons en permanence de nouveaux proc\u00e9d\u00e9s et techniques toujours plus efficaces, plus performants et plus respectueux de l&#8217;environnement.<\/p>\n<p>&nbsp;<\/p>\n<p><a class=\"editor-button cta\" href=\"\/services\/decoration\/\" target=\"_blank\" rel=\"noopener\">En savoir davantage sur nos techniques de d\u00e9coration<\/a><\/div><\/div>\n            <\/div>[vc_row_inner][vc_column_inner width=&#8221;1\/6&#8243;][\/vc_column_inner][vc_column_inner width=&#8221;1\/6&#8243;][vc_column_text]<\/p>\n<ul>\n<li>Impression num\u00e9rique<\/li>\n<li>Laquage textur\u00e9<\/li>\n<li>Marquage \u00e0 chaud<\/li>\n<li>D\u00e9cor en relief<\/li>\n<li>Gravure au laser<\/li>\n<\/ul>\n<p>[\/vc_column_text][\/vc_column_inner][vc_column_inner width=&#8221;1\/6&#8243;][vc_column_text]<\/p>\n<ul>\n<li>NRG 4.0<\/li>\n<li>Tigital<\/li>\n<li>S\u00e9rigraphie<\/li>\n<li>Laquage<\/li>\n<li>Quadrichromie<\/li>\n<\/ul>\n<p>[\/vc_column_text][\/vc_column_inner][vc_column_inner width=&#8221;1\/6&#8243;][vc_column_text]<\/p>\n<ul>\n<li>Collage\/collage UV<\/li>\n<li>Quali Glass Coat 2.0<\/li>\n<li>S\u00e9rigraphie dans les angles<\/li>\n<li>Traitement IPET<\/li>\n<\/ul>\n<p>[\/vc_column_text][\/vc_column_inner][vc_column_inner width=&#8221;1\/6&#8243;][vc_column_text]<\/p>\n<ul>\n<li>Laquage protecteur<\/li>\n<li>D\u00e9polissage<\/li>\n<li>D\u00e9calcomanies<\/li>\n<li>Manchonnage<\/li>\n<li>Tampographie<\/li>\n<\/ul>\n<p>[\/vc_column_text][\/vc_column_inner][vc_column_inner width=&#8221;1\/6&#8243;][\/vc_column_inner][\/vc_row_inner]<div class=\"vc-spacer spacing-bottom-m\"><\/div>[\/vc_column][\/vc_row][vc_row full_width=&#8221;stretch_row&#8221;][vc_column]<div class=\"vc-spacer spacing-bottom-m\"><\/div>[vc_row_inner content_placement=&#8221;middle&#8221; el_class=&#8221;text-text&#8221;][vc_column_inner width=&#8221;1\/2&#8243;][vc_video link=&#8221;https:\/\/youtu.be\/AuNEtKqExAo&#8221;][\/vc_column_inner][vc_column_inner width=&#8221;1\/2&#8243;][vc_column_text]<\/p>\n<div class=\"topline\">Vid\u00e9o<\/div>\n<h2>D\u00e9coration \u00e0 Stoelzle<\/h2>\n<ul>\n<li>Techniques de d\u00e9coration innovantes<\/li>\n<li>Investissements r\u00e9guliers dans de nouveaux d\u00e9veloppements<\/li>\n<li>Techniques de d\u00e9coration eco-responsables<\/li>\n<li>R\u00e9sultats \u00e9tonnants<\/li>\n<\/ul>\n<p>[\/vc_column_text][\/vc_column_inner][\/vc_row_inner]<div class=\"vc-spacer spacing-bottom-m\"><\/div>[\/vc_column][\/vc_row]<\/p>\n<\/div>","protected":false},"excerpt":{"rendered":"<p>[vc_row][vc_column][\/vc_column][\/vc_row][vc_row full_width=&#8221;stretch_row_content_no_spaces&#8221;][vc_column][\/vc_column][\/vc_row][vc_row][vc_column][\/vc_column][\/vc_row][vc_row full_width=&#8221;stretch_row&#8221; css=&#8221;.vc_custom_1612528106625{background-color: #f0f0f0 !important;}&#8221;][vc_column][vc_row_inner][vc_column_inner width=&#8221;1\/6&#8243;][\/vc_column_inner][vc_column_inner width=&#8221;1\/6&#8243;][vc_column_text] Impression num\u00e9rique Laquage textur\u00e9 Marquage \u00e0 chaud D\u00e9cor en relief Gravure au laser [\/vc_column_text][\/vc_column_inner][vc_column_inner width=&#8221;1\/6&#8243;][vc_column_text] NRG 4.0 Tigital S\u00e9rigraphie Laquage Quadrichromie [\/vc_column_text][\/vc_column_inner][vc_column_inner width=&#8221;1\/6&#8243;][vc_column_text] Collage\/collage UV Quali Glass Coat 2.0 S\u00e9rigraphie dans les angles Traitement IPET [\/vc_column_text][\/vc_column_inner][vc_column_inner width=&#8221;1\/6&#8243;][vc_column_text] Laquage protecteur D\u00e9polissage D\u00e9calcomanies Manchonnage Tampographie [\/vc_column_text][\/vc_column_inner][vc_column_inner width=&#8221;1\/6&#8243;][\/vc_column_inner][\/vc_row_inner][\/vc_column][\/vc_row][vc_row full_width=&#8221;stretch_row&#8221;][vc_column][vc_row_inner content_placement=&#8221;middle&#8221; [&hellip;]<\/p>\n","protected":false},"author":1,"featured_media":0,"parent":1646,"menu_order":100,"comment_status":"closed","ping_status":"closed","template":"","meta":{"_acf_changed":false,"footnotes":""},"class_list":["post-1654","page","type-page","status-publish","hentry"],"acf":[],"yoast_head":"<!-- This site is optimized with the Yoast SEO plugin v26.6 - https:\/\/yoast.com\/wordpress\/plugins\/seo\/ -->\n<title>Techniques de d\u00e9coration sur le verre pour les produits de marque I Stoelzle<\/title>\n<meta name=\"description\" content=\"Stoelzle propose une s\u00e9lection de diverses techniques de d\u00e9coration \u279c s\u00e9rigraphie et d\u00e9calcomanies \u2713 impression jet d&#039;encre \u2713 marquage \u00e0 chaud \u2713 d\u00e9couvres toutes nos techniques!\" \/>\n<meta name=\"robots\" content=\"index, follow, max-snippet:-1, max-image-preview:large, max-video-preview:-1\" \/>\n<link rel=\"canonical\" href=\"https:\/\/www.stoelzle.com\/beauty\/fr\/service-personnalise\/decoration\/\" \/>\n<meta property=\"og:locale\" content=\"fr_FR\" \/>\n<meta property=\"og:type\" content=\"article\" \/>\n<meta property=\"og:title\" content=\"Techniques de d\u00e9coration sur le verre pour les produits de marque I Stoelzle\" \/>\n<meta property=\"og:description\" content=\"Stoelzle propose une s\u00e9lection de diverses techniques de d\u00e9coration \u279c s\u00e9rigraphie et d\u00e9calcomanies \u2713 impression jet d&#039;encre \u2713 marquage \u00e0 chaud \u2713 d\u00e9couvres toutes nos techniques!\" \/>\n<meta property=\"og:url\" content=\"https:\/\/www.stoelzle.com\/beauty\/fr\/service-personnalise\/decoration\/\" \/>\n<meta property=\"og:site_name\" content=\"Stoelzle Beauty \u2013 Perfumery &amp; Cosmetics\" \/>\n<meta property=\"article:modified_time\" content=\"2021-05-10T12:33:33+00:00\" \/>\n<meta name=\"twitter:card\" content=\"summary_large_image\" \/>\n<meta name=\"twitter:label1\" content=\"Dur\u00e9e de lecture estim\u00e9e\" \/>\n\t<meta name=\"twitter:data1\" content=\"2 minutes\" \/>\n<script type=\"application\/ld+json\" class=\"yoast-schema-graph\">{\"@context\":\"https:\/\/schema.org\",\"@graph\":[{\"@type\":\"WebPage\",\"@id\":\"https:\/\/www.stoelzle.com\/beauty\/fr\/service-personnalise\/decoration\/\",\"url\":\"https:\/\/www.stoelzle.com\/beauty\/fr\/service-personnalise\/decoration\/\",\"name\":\"Techniques de d\u00e9coration sur le verre pour les produits de marque I Stoelzle\",\"isPartOf\":{\"@id\":\"https:\/\/www.stoelzle.com\/beauty\/#website\"},\"datePublished\":\"2021-01-29T16:56:01+00:00\",\"dateModified\":\"2021-05-10T12:33:33+00:00\",\"description\":\"Stoelzle propose une s\u00e9lection de diverses techniques de d\u00e9coration \u279c s\u00e9rigraphie et d\u00e9calcomanies \u2713 impression jet d'encre \u2713 marquage \u00e0 chaud \u2713 d\u00e9couvres toutes nos techniques!\",\"breadcrumb\":{\"@id\":\"https:\/\/www.stoelzle.com\/beauty\/fr\/service-personnalise\/decoration\/#breadcrumb\"},\"inLanguage\":\"fr-FR\",\"potentialAction\":[{\"@type\":\"ReadAction\",\"target\":[\"https:\/\/www.stoelzle.com\/beauty\/fr\/service-personnalise\/decoration\/\"]}]},{\"@type\":\"BreadcrumbList\",\"@id\":\"https:\/\/www.stoelzle.com\/beauty\/fr\/service-personnalise\/decoration\/#breadcrumb\",\"itemListElement\":[{\"@type\":\"ListItem\",\"position\":1,\"name\":\"Home\",\"item\":\"https:\/\/www.stoelzle.com\"},{\"@type\":\"ListItem\",\"position\":2,\"name\":\"Perfumery &amp; Cosmetics\",\"item\":\"https:\/\/www.stoelzle.com\/beauty\/fr\/\"},{\"@type\":\"ListItem\",\"position\":3,\"name\":\"Service personnalis\u00e9\",\"item\":\"https:\/\/www.stoelzle.com\/beauty\/fr\/service-personnalise\/\"},{\"@type\":\"ListItem\",\"position\":4,\"name\":\"D\u00e9coration\"}]},{\"@type\":\"WebSite\",\"@id\":\"https:\/\/www.stoelzle.com\/beauty\/#website\",\"url\":\"https:\/\/www.stoelzle.com\/beauty\/\",\"name\":\"Stoelzle Beauty \u2013 Perfumery &amp; Cosmetics\",\"description\":\"\",\"publisher\":{\"@id\":\"https:\/\/www.stoelzle.com\/beauty\/#organization\"},\"potentialAction\":[{\"@type\":\"SearchAction\",\"target\":{\"@type\":\"EntryPoint\",\"urlTemplate\":\"https:\/\/www.stoelzle.com\/beauty\/?s={search_term_string}\"},\"query-input\":{\"@type\":\"PropertyValueSpecification\",\"valueRequired\":true,\"valueName\":\"search_term_string\"}}],\"inLanguage\":\"fr-FR\"},{\"@type\":\"Organization\",\"@id\":\"https:\/\/www.stoelzle.com\/beauty\/#organization\",\"name\":\"Stoelzle Beauty - Perfumery & Cosmetics\",\"url\":\"https:\/\/www.stoelzle.com\/beauty\/\",\"logo\":{\"@type\":\"ImageObject\",\"inLanguage\":\"fr-FR\",\"@id\":\"https:\/\/www.stoelzle.com\/beauty\/#\/schema\/logo\/image\/\",\"url\":\"https:\/\/www.stoelzle.com\/beauty\/wp-content\/uploads\/sites\/4\/2021\/03\/logo_beauty.svg\",\"contentUrl\":\"https:\/\/www.stoelzle.com\/beauty\/wp-content\/uploads\/sites\/4\/2021\/03\/logo_beauty.svg\",\"width\":173,\"height\":40,\"caption\":\"Stoelzle Beauty - Perfumery & Cosmetics\"},\"image\":{\"@id\":\"https:\/\/www.stoelzle.com\/beauty\/#\/schema\/logo\/image\/\"}}]}<\/script>\n<!-- \/ Yoast SEO plugin. -->","yoast_head_json":{"title":"Techniques de d\u00e9coration sur le verre pour les produits de marque I Stoelzle","description":"Stoelzle propose une s\u00e9lection de diverses techniques de d\u00e9coration \u279c s\u00e9rigraphie et d\u00e9calcomanies \u2713 impression jet d'encre \u2713 marquage \u00e0 chaud \u2713 d\u00e9couvres toutes nos techniques!","robots":{"index":"index","follow":"follow","max-snippet":"max-snippet:-1","max-image-preview":"max-image-preview:large","max-video-preview":"max-video-preview:-1"},"canonical":"https:\/\/www.stoelzle.com\/beauty\/fr\/service-personnalise\/decoration\/","og_locale":"fr_FR","og_type":"article","og_title":"Techniques de d\u00e9coration sur le verre pour les produits de marque I Stoelzle","og_description":"Stoelzle propose une s\u00e9lection de diverses techniques de d\u00e9coration \u279c s\u00e9rigraphie et d\u00e9calcomanies \u2713 impression jet d'encre \u2713 marquage \u00e0 chaud \u2713 d\u00e9couvres toutes nos techniques!","og_url":"https:\/\/www.stoelzle.com\/beauty\/fr\/service-personnalise\/decoration\/","og_site_name":"Stoelzle Beauty \u2013 Perfumery &amp; Cosmetics","article_modified_time":"2021-05-10T12:33:33+00:00","twitter_card":"summary_large_image","twitter_misc":{"Dur\u00e9e de lecture estim\u00e9e":"2 minutes"},"schema":{"@context":"https:\/\/schema.org","@graph":[{"@type":"WebPage","@id":"https:\/\/www.stoelzle.com\/beauty\/fr\/service-personnalise\/decoration\/","url":"https:\/\/www.stoelzle.com\/beauty\/fr\/service-personnalise\/decoration\/","name":"Techniques de d\u00e9coration sur le verre pour les produits de marque I Stoelzle","isPartOf":{"@id":"https:\/\/www.stoelzle.com\/beauty\/#website"},"datePublished":"2021-01-29T16:56:01+00:00","dateModified":"2021-05-10T12:33:33+00:00","description":"Stoelzle propose une s\u00e9lection de diverses techniques de d\u00e9coration \u279c s\u00e9rigraphie et d\u00e9calcomanies \u2713 impression jet d'encre \u2713 marquage \u00e0 chaud \u2713 d\u00e9couvres toutes nos techniques!","breadcrumb":{"@id":"https:\/\/www.stoelzle.com\/beauty\/fr\/service-personnalise\/decoration\/#breadcrumb"},"inLanguage":"fr-FR","potentialAction":[{"@type":"ReadAction","target":["https:\/\/www.stoelzle.com\/beauty\/fr\/service-personnalise\/decoration\/"]}]},{"@type":"BreadcrumbList","@id":"https:\/\/www.stoelzle.com\/beauty\/fr\/service-personnalise\/decoration\/#breadcrumb","itemListElement":[{"@type":"ListItem","position":1,"name":"Home","item":"https:\/\/www.stoelzle.com"},{"@type":"ListItem","position":2,"name":"Perfumery &amp; Cosmetics","item":"https:\/\/www.stoelzle.com\/beauty\/fr\/"},{"@type":"ListItem","position":3,"name":"Service personnalis\u00e9","item":"https:\/\/www.stoelzle.com\/beauty\/fr\/service-personnalise\/"},{"@type":"ListItem","position":4,"name":"D\u00e9coration"}]},{"@type":"WebSite","@id":"https:\/\/www.stoelzle.com\/beauty\/#website","url":"https:\/\/www.stoelzle.com\/beauty\/","name":"Stoelzle Beauty \u2013 Perfumery &amp; Cosmetics","description":"","publisher":{"@id":"https:\/\/www.stoelzle.com\/beauty\/#organization"},"potentialAction":[{"@type":"SearchAction","target":{"@type":"EntryPoint","urlTemplate":"https:\/\/www.stoelzle.com\/beauty\/?s={search_term_string}"},"query-input":{"@type":"PropertyValueSpecification","valueRequired":true,"valueName":"search_term_string"}}],"inLanguage":"fr-FR"},{"@type":"Organization","@id":"https:\/\/www.stoelzle.com\/beauty\/#organization","name":"Stoelzle Beauty - Perfumery & Cosmetics","url":"https:\/\/www.stoelzle.com\/beauty\/","logo":{"@type":"ImageObject","inLanguage":"fr-FR","@id":"https:\/\/www.stoelzle.com\/beauty\/#\/schema\/logo\/image\/","url":"https:\/\/www.stoelzle.com\/beauty\/wp-content\/uploads\/sites\/4\/2021\/03\/logo_beauty.svg","contentUrl":"https:\/\/www.stoelzle.com\/beauty\/wp-content\/uploads\/sites\/4\/2021\/03\/logo_beauty.svg","width":173,"height":40,"caption":"Stoelzle Beauty - Perfumery & Cosmetics"},"image":{"@id":"https:\/\/www.stoelzle.com\/beauty\/#\/schema\/logo\/image\/"}}]}},"_links":{"self":[{"href":"https:\/\/www.stoelzle.com\/beauty\/fr\/wp-json\/wp\/v2\/pages\/1654","targetHints":{"allow":["GET"]}}],"collection":[{"href":"https:\/\/www.stoelzle.com\/beauty\/fr\/wp-json\/wp\/v2\/pages"}],"about":[{"href":"https:\/\/www.stoelzle.com\/beauty\/fr\/wp-json\/wp\/v2\/types\/page"}],"author":[{"embeddable":true,"href":"https:\/\/www.stoelzle.com\/beauty\/fr\/wp-json\/wp\/v2\/users\/1"}],"replies":[{"embeddable":true,"href":"https:\/\/www.stoelzle.com\/beauty\/fr\/wp-json\/wp\/v2\/comments?post=1654"}],"version-history":[{"count":0,"href":"https:\/\/www.stoelzle.com\/beauty\/fr\/wp-json\/wp\/v2\/pages\/1654\/revisions"}],"up":[{"embeddable":true,"href":"https:\/\/www.stoelzle.com\/beauty\/fr\/wp-json\/wp\/v2\/pages\/1646"}],"wp:attachment":[{"href":"https:\/\/www.stoelzle.com\/beauty\/fr\/wp-json\/wp\/v2\/media?parent=1654"}],"curies":[{"name":"wp","href":"https:\/\/api.w.org\/{rel}","templated":true}]}}