{"id":1650,"date":"2021-01-29T16:55:53","date_gmt":"2021-01-29T16:55:53","guid":{"rendered":"https:\/\/stoelzle.com\/beauty\/customization\/product-development\/"},"modified":"2021-03-16T10:07:30","modified_gmt":"2021-03-16T10:07:30","slug":"produit-developpement","status":"publish","type":"page","link":"https:\/\/www.stoelzle.com\/beauty\/fr\/service-personnalise\/produit-developpement\/","title":{"rendered":"Produit d\u00e9veloppement"},"content":{"rendered":"<div class=\"wpb-content-wrapper\"><p>[vc_row][vc_column]<div class=\"vc-title   text-center\">\n              <div class=\"topline\">Designs \u00e0 la mode<\/div>\n              <h1 class=\"title position-relative separator\">Produit d\u00e9veloppement<\/h1>\n              <div class=\"row\"><div class=\"col-md-10 offset-md-1\"><\/p>\n<p class=\"large-text\">En ce qui concerne la Parfumerie et la Cosm\u00e9tique, Stoelzle Glass Group s&#8217;efforce de d\u00e9velopper un design personnalis\u00e9 dans plus de 80% de tous les produits. Chaque article porte un message unique qui se refl\u00e8te dans la conception du produit. Selon les sp\u00e9cifications des clients, un concept est \u00e9valu\u00e9, le design interpr\u00e9t\u00e9 et la production r\u00e9alis\u00e9e, avec des solutions techniques trouv\u00e9es pour les conceptions les plus id\u00e9alistes et les plus exigeantes.<\/p>\n<p><\/div><\/div>\n            <\/div>[\/vc_column][\/vc_row][vc_row full_width=&#8221;stretch_row_content_no_spaces&#8221;][vc_column]<div id=\"id-content-cards\" class=\"row no-gutters  \">\n        <div class=\"col-sm-6 col-md-4 col-lg-3 \">\n          <div class=\"card card-text theme-blue quote\">\n            \n            <div class=\"card-overlay d-flex flex-column\">\n            \n            <div class=\"headline h3 w-100\">Conceptions sur mesure, qualit\u00e9 sans compromis, service flexible et excellent, d\u00e9lai de mise sur le march\u00e9 court.<\/div>\n            \n            \n              <div class=\"mt-auto\">\n                \n              <\/div>\n            <\/div>\n          <\/div>\n        <\/div>\n        <div class=\"col-sm-6 col-md-4 col-lg-3 \">\n          <div class=\"card no-zoom theme-dark\">\n            \n          <div class=\"card-image position-absolute w-100 h-100\">\n            <img decoding=\"async\" class=\"w-100 h-100\"  src=\"https:\/\/www.stoelzle.com\/beauty\/wp-content\/uploads\/sites\/4\/2021\/02\/products-customized-shapes-800x800.jpg\" alt=\"Detail view of customized perfume bottle\" \/>\n          <\/div>\n            <div class=\"card-overlay d-flex flex-column\">\n            \n            \n            \n            \n              <div class=\"mt-auto\">\n                \n              <\/div>\n            <\/div>\n          <\/div>\n        <\/div>\n        <div class=\"col-sm-6 col-md-4 col-lg-3 \">\n          <div class=\"card card-text theme-light-gray\">\n            \n            <div class=\"card-overlay d-flex flex-column\">\n            \n            <div class=\"headline h3 w-100\">Le temps c'est de l'argent<\/div>\n            <div class=\"desc w-100\"><p>Du dessin client \u00e0 l'\u00e9chantillonnage en verre, seulement 4 semaines ont \u00e9t\u00e9 n\u00e9cessaires pour ce mod\u00e8le. STM a d\u00e9montr\u00e9 sa solide expertise dans la production de formes techniquement exigeantes. L'un des principaux d\u00e9fis \u00e9tait d'obtenir des facettes dans les diff\u00e9rentes tailles de bouteilles.<\/p><\/div>\n            \n              <div class=\"mt-auto\">\n                \n              <\/div>\n            <\/div>\n          <\/div>\n        <\/div>\n        <div class=\"col-sm-6 col-md-4 col-lg-3 d-block d-md-none d-lg-block\">\n          <div class=\"card card-text theme-blue quote\">\n            \n            <div class=\"card-overlay d-flex flex-column\">\n            \n            <div class=\"headline h3 w-100\">Plus de 300 produits d\u00e9velopp\u00e9s par an.<\/div>\n            \n            \n              <div class=\"mt-auto\">\n                \n              <\/div>\n            <\/div>\n          <\/div>\n        <\/div><\/div>[\/vc_column][\/vc_row][vc_row][vc_column]<div class=\"vc-title spacing-top-m  text-center\">\n              \n              <h2 class=\"title position-relative\">\u00c9tape par \u00e9tape de votre flacon<\/h2>\n              \n            <\/div><div id=\"id-step-by-step-slider\" class=\" spacing-bottom-m\"><div class=\"mb-4\"><div class=\"row\"><div class=\"col content-slider-arrows text-center\"><\/div><\/div><\/div><div class=\"row content-slider mb-5\"><div class=\"col\"><div>\n                        <div class=\"mb-3\"><div class=\"content-slider-image\">\n                      <img decoding=\"async\" class=\"img-fluid w-100 h-100 show-border\" src=\"https:\/\/www.stoelzle.com\/beauty\/wp-content\/uploads\/sites\/4\/2021\/02\/product-development-1-idea.jpg\" alt=\"Sketch of a perfume bottle\">\n                    <\/div><\/div>\n                        <div class=\"h3 content-slider-title\">#1 \u2013 L'id\u00e9e<\/div><div class=\"content-slider-text\">Tout commence quelque part, tout comme le d\u00e9veloppement des produits. Les premi\u00e8res id\u00e9es et r\u00e9flexions sont \u00e0 la base du d\u00e9veloppement. Parlez-nous de vos cr\u00e9ations uniques et\/ou envoyez-nous votre croquis et nous vous aiderons \u00e0 r\u00e9aliser vos r\u00eaves.<\/div>\n                      <\/div><\/div><div class=\"col\"><div>\n                        <div class=\"mb-3\"><div class=\"content-slider-image\">\n                      <img decoding=\"async\" class=\"img-fluid w-100 h-100 show-border\" src=\"https:\/\/www.stoelzle.com\/beauty\/wp-content\/uploads\/sites\/4\/2021\/02\/product-development-2-technical-drawing.jpg\" alt=\"Part of the mould for the new product development\">\n                    <\/div><\/div>\n                        <div class=\"h3 content-slider-title\">#2 \u2013 Le dessin technique<\/div><div class=\"content-slider-text\">Gr\u00e2ce \u00e0 notre solide expertise dans la production de formes techniquement exigeantes, nous pouvons relever presque tous les d\u00e9fis. Lors de la pr\u00e9paration du dessin appropri\u00e9, notre \u00e9quipe exp\u00e9riment\u00e9e prend en compte tous les d\u00e9tails afin que tout se passe au mieux en production. Dans ce cas pr\u00e9cis, le principal d\u00e9fi \u00e9tait d'obtenir des facettes nettes et une r\u00e9alisation parfaite du corps facett\u00e9 dans les diff\u00e9rentes tailles de bouteilles.<\/div>\n                      <\/div><\/div><div class=\"col\"><div>\n                        <div class=\"mb-3\"><div class=\"content-slider-image\">\n                      <img decoding=\"async\" class=\"img-fluid w-100 h-100 show-border\" src=\"https:\/\/www.stoelzle.com\/beauty\/wp-content\/uploads\/sites\/4\/2021\/02\/product-development-3-3d-print.jpg\" alt=\"3D model of a new product development\">\n                    <\/div><\/div>\n                        <div class=\"h3 content-slider-title\">#3 \u2013 L'option impression 3D<\/div><div class=\"content-slider-text\">La technologie de pointe permet de visualiser les id\u00e9es \u00e0 l'aide d'imprimantes 3D en r\u00e9alisant votre premier prototype personnalis\u00e9.<\/div>\n                      <\/div><\/div><div class=\"col\"><div>\n                        <div class=\"mb-3\"><div class=\"content-slider-image\">\n                      <img decoding=\"async\" class=\"img-fluid w-100 h-100 show-border\" src=\"https:\/\/www.stoelzle.com\/beauty\/wp-content\/uploads\/sites\/4\/2021\/02\/product-development-4-decoration.jpg\" alt=\"Finale customized and decorated perfume bottle\">\n                    <\/div><\/div>\n                        <div class=\"h3 content-slider-title\">#4 \u2013 La d\u00e9coration<\/div><div class=\"content-slider-text\">Cr\u00e9ez de superbes produits en ajoutant de la d\u00e9coration. Nous ne limiterons pas votre cr\u00e9ativit\u00e9 ! Nous avons 3 sites de production D\u00e9cor en Angleterre, Pologne et France. Pour r\u00e9pondre \u00e0 toutes vos attentes, nous utilisons de nombreuses techniques de d\u00e9coration traditionnelles et innovantes.<\/div>\n                      <\/div><\/div><\/div><\/div>\n    <script async>\n      jQuery(document).ready(function($) {\n        jQuery(\"#id-step-by-step-slider .content-slider\").slick({\n          slidesToShow: 3,\n          prevArrow: \"<span class=\\\"d-inline-block slick-arrow slick-arrow-prev\\\"><\/span>\",\n          nextArrow: \"<span class=\\\"d-inline-block slick-arrow slick-arrow-next\\\"><\/span>\",\n          appendArrows: $(\"#id-step-by-step-slider .content-slider-arrows\"),\n          adaptiveHeight: true,\n          responsive: [\n            {\n              breakpoint: 1024,\n              settings: {\n                slidesToShow: 2\n              }\n            },\n            {\n              breakpoint: 768,\n              settings: {\n                slidesToShow: 1\n              }\n            },\n          ]\n        });\n      });\n    <\/script>[\/vc_column][\/vc_row][vc_row full_width=&#8221;stretch_row_content_no_spaces&#8221;][vc_column]<div class=\"vc-two-columns  \">\n                <div class=\"row\">\n                    <div class=\"col-sm-6 bg-gray image-right\"><div class=\"column-content h-100 d-flex flex-column justify-content-center\"><\/p>\n<div class=\"topline\">Contactez-nous<\/div>\n<h2>Faites-nous part de vos id\u00e9es !<\/h2>\n<p>B\u00e9n\u00e9ficiez d&#8217;une \u00e9quipe d&#8217;experts dans les domaines du design, de la technologie et de la production de verre.<\/p>\n<p><a class=\"editor-button cta\" href=\"\/beauty\/fr\/contacter\/\">\u00c9crivez-nous<\/a><\/div><\/div>\n                    <div class=\"col-sm-6 bg-gray image-right\"><img loading=\"lazy\" decoding=\"async\" width=\"1024\" height=\"666\" src=\"https:\/\/www.stoelzle.com\/beauty\/wp-content\/uploads\/sites\/4\/2021\/02\/customization-product-development-1024x666.jpg\" class=\"w-100 h-100 cover\" alt=\"Employee constructing a new bottle on his computer\" srcset=\"https:\/\/www.stoelzle.com\/beauty\/wp-content\/uploads\/sites\/4\/2021\/02\/customization-product-development-1024x666.jpg 1024w, https:\/\/www.stoelzle.com\/beauty\/wp-content\/uploads\/sites\/4\/2021\/02\/customization-product-development-480x312.jpg 480w, https:\/\/www.stoelzle.com\/beauty\/wp-content\/uploads\/sites\/4\/2021\/02\/customization-product-development-1536x998.jpg 1536w, https:\/\/www.stoelzle.com\/beauty\/wp-content\/uploads\/sites\/4\/2021\/02\/customization-product-development-992x645.jpg 992w, https:\/\/www.stoelzle.com\/beauty\/wp-content\/uploads\/sites\/4\/2021\/02\/customization-product-development-600x390.jpg 600w, https:\/\/www.stoelzle.com\/beauty\/wp-content\/uploads\/sites\/4\/2021\/02\/customization-product-development.jpg 2000w\" sizes=\"auto, (max-width: 1024px) 100vw, 1024px\" \/><\/div>\n                <\/div>\n            <\/div>[\/vc_column][\/vc_row]<\/p>\n<\/div>","protected":false},"excerpt":{"rendered":"<p>[vc_row][vc_column][\/vc_column][\/vc_row][vc_row full_width=&#8221;stretch_row_content_no_spaces&#8221;][vc_column][\/vc_column][\/vc_row][vc_row][vc_column][\/vc_column][\/vc_row][vc_row full_width=&#8221;stretch_row_content_no_spaces&#8221;][vc_column][\/vc_column][\/vc_row]<\/p>\n","protected":false},"author":1,"featured_media":0,"parent":1646,"menu_order":90,"comment_status":"closed","ping_status":"closed","template":"","meta":{"_acf_changed":false,"footnotes":""},"class_list":["post-1650","page","type-page","status-publish","hentry"],"acf":[],"yoast_head":"<!-- This site is optimized with the Yoast SEO plugin v26.6 - https:\/\/yoast.com\/wordpress\/plugins\/seo\/ -->\n<title>Flacon de parfum personnalis\u00e9 \u00bb conception sur mesure I Stoelzle<\/title>\n<meta name=\"description\" content=\"Selon les sp\u00e9cifications des clients, Stoelzle \u00e9value un concept et interpr\u00e8te une conception \u279c les flacons de parfum personnalis\u00e9s sont ainsi devenus une r\u00e9alit\u00e9 \u2713\" \/>\n<meta name=\"robots\" content=\"index, follow, max-snippet:-1, max-image-preview:large, max-video-preview:-1\" \/>\n<link rel=\"canonical\" href=\"https:\/\/www.stoelzle.com\/beauty\/fr\/service-personnalise\/produit-developpement\/\" \/>\n<meta property=\"og:locale\" content=\"fr_FR\" \/>\n<meta property=\"og:type\" content=\"article\" \/>\n<meta property=\"og:title\" content=\"Flacon de parfum personnalis\u00e9 \u00bb conception sur mesure I Stoelzle\" \/>\n<meta property=\"og:description\" content=\"Selon les sp\u00e9cifications des clients, Stoelzle \u00e9value un concept et interpr\u00e8te une conception \u279c les flacons de parfum personnalis\u00e9s sont ainsi devenus une r\u00e9alit\u00e9 \u2713\" \/>\n<meta property=\"og:url\" content=\"https:\/\/www.stoelzle.com\/beauty\/fr\/service-personnalise\/produit-developpement\/\" \/>\n<meta property=\"og:site_name\" content=\"Stoelzle Beauty \u2013 Perfumery &amp; Cosmetics\" \/>\n<meta property=\"article:modified_time\" content=\"2021-03-16T10:07:30+00:00\" \/>\n<meta name=\"twitter:card\" content=\"summary_large_image\" \/>\n<meta name=\"twitter:label1\" content=\"Dur\u00e9e de lecture estim\u00e9e\" \/>\n\t<meta name=\"twitter:data1\" content=\"1 minute\" \/>\n<script type=\"application\/ld+json\" class=\"yoast-schema-graph\">{\"@context\":\"https:\/\/schema.org\",\"@graph\":[{\"@type\":\"WebPage\",\"@id\":\"https:\/\/www.stoelzle.com\/beauty\/fr\/service-personnalise\/produit-developpement\/\",\"url\":\"https:\/\/www.stoelzle.com\/beauty\/fr\/service-personnalise\/produit-developpement\/\",\"name\":\"Flacon de parfum personnalis\u00e9 \u00bb conception sur mesure I Stoelzle\",\"isPartOf\":{\"@id\":\"https:\/\/www.stoelzle.com\/beauty\/#website\"},\"datePublished\":\"2021-01-29T16:55:53+00:00\",\"dateModified\":\"2021-03-16T10:07:30+00:00\",\"description\":\"Selon les sp\u00e9cifications des clients, Stoelzle \u00e9value un concept et interpr\u00e8te une conception \u279c les flacons de parfum personnalis\u00e9s sont ainsi devenus une r\u00e9alit\u00e9 \u2713\",\"breadcrumb\":{\"@id\":\"https:\/\/www.stoelzle.com\/beauty\/fr\/service-personnalise\/produit-developpement\/#breadcrumb\"},\"inLanguage\":\"fr-FR\",\"potentialAction\":[{\"@type\":\"ReadAction\",\"target\":[\"https:\/\/www.stoelzle.com\/beauty\/fr\/service-personnalise\/produit-developpement\/\"]}]},{\"@type\":\"BreadcrumbList\",\"@id\":\"https:\/\/www.stoelzle.com\/beauty\/fr\/service-personnalise\/produit-developpement\/#breadcrumb\",\"itemListElement\":[{\"@type\":\"ListItem\",\"position\":1,\"name\":\"Home\",\"item\":\"https:\/\/www.stoelzle.com\"},{\"@type\":\"ListItem\",\"position\":2,\"name\":\"Perfumery &amp; Cosmetics\",\"item\":\"https:\/\/www.stoelzle.com\/beauty\/fr\/\"},{\"@type\":\"ListItem\",\"position\":3,\"name\":\"Service personnalis\u00e9\",\"item\":\"https:\/\/www.stoelzle.com\/beauty\/fr\/service-personnalise\/\"},{\"@type\":\"ListItem\",\"position\":4,\"name\":\"Produit d\u00e9veloppement\"}]},{\"@type\":\"WebSite\",\"@id\":\"https:\/\/www.stoelzle.com\/beauty\/#website\",\"url\":\"https:\/\/www.stoelzle.com\/beauty\/\",\"name\":\"Stoelzle Beauty \u2013 Perfumery &amp; Cosmetics\",\"description\":\"\",\"publisher\":{\"@id\":\"https:\/\/www.stoelzle.com\/beauty\/#organization\"},\"potentialAction\":[{\"@type\":\"SearchAction\",\"target\":{\"@type\":\"EntryPoint\",\"urlTemplate\":\"https:\/\/www.stoelzle.com\/beauty\/?s={search_term_string}\"},\"query-input\":{\"@type\":\"PropertyValueSpecification\",\"valueRequired\":true,\"valueName\":\"search_term_string\"}}],\"inLanguage\":\"fr-FR\"},{\"@type\":\"Organization\",\"@id\":\"https:\/\/www.stoelzle.com\/beauty\/#organization\",\"name\":\"Stoelzle Beauty - Perfumery & Cosmetics\",\"url\":\"https:\/\/www.stoelzle.com\/beauty\/\",\"logo\":{\"@type\":\"ImageObject\",\"inLanguage\":\"fr-FR\",\"@id\":\"https:\/\/www.stoelzle.com\/beauty\/#\/schema\/logo\/image\/\",\"url\":\"https:\/\/www.stoelzle.com\/beauty\/wp-content\/uploads\/sites\/4\/2021\/03\/logo_beauty.svg\",\"contentUrl\":\"https:\/\/www.stoelzle.com\/beauty\/wp-content\/uploads\/sites\/4\/2021\/03\/logo_beauty.svg\",\"width\":173,\"height\":40,\"caption\":\"Stoelzle Beauty - Perfumery & Cosmetics\"},\"image\":{\"@id\":\"https:\/\/www.stoelzle.com\/beauty\/#\/schema\/logo\/image\/\"}}]}<\/script>\n<!-- \/ Yoast SEO plugin. -->","yoast_head_json":{"title":"Flacon de parfum personnalis\u00e9 \u00bb conception sur mesure I Stoelzle","description":"Selon les sp\u00e9cifications des clients, Stoelzle \u00e9value un concept et interpr\u00e8te une conception \u279c les flacons de parfum personnalis\u00e9s sont ainsi devenus une r\u00e9alit\u00e9 \u2713","robots":{"index":"index","follow":"follow","max-snippet":"max-snippet:-1","max-image-preview":"max-image-preview:large","max-video-preview":"max-video-preview:-1"},"canonical":"https:\/\/www.stoelzle.com\/beauty\/fr\/service-personnalise\/produit-developpement\/","og_locale":"fr_FR","og_type":"article","og_title":"Flacon de parfum personnalis\u00e9 \u00bb conception sur mesure I Stoelzle","og_description":"Selon les sp\u00e9cifications des clients, Stoelzle \u00e9value un concept et interpr\u00e8te une conception \u279c les flacons de parfum personnalis\u00e9s sont ainsi devenus une r\u00e9alit\u00e9 \u2713","og_url":"https:\/\/www.stoelzle.com\/beauty\/fr\/service-personnalise\/produit-developpement\/","og_site_name":"Stoelzle Beauty \u2013 Perfumery &amp; Cosmetics","article_modified_time":"2021-03-16T10:07:30+00:00","twitter_card":"summary_large_image","twitter_misc":{"Dur\u00e9e de lecture estim\u00e9e":"1 minute"},"schema":{"@context":"https:\/\/schema.org","@graph":[{"@type":"WebPage","@id":"https:\/\/www.stoelzle.com\/beauty\/fr\/service-personnalise\/produit-developpement\/","url":"https:\/\/www.stoelzle.com\/beauty\/fr\/service-personnalise\/produit-developpement\/","name":"Flacon de parfum personnalis\u00e9 \u00bb conception sur mesure I Stoelzle","isPartOf":{"@id":"https:\/\/www.stoelzle.com\/beauty\/#website"},"datePublished":"2021-01-29T16:55:53+00:00","dateModified":"2021-03-16T10:07:30+00:00","description":"Selon les sp\u00e9cifications des clients, Stoelzle \u00e9value un concept et interpr\u00e8te une conception \u279c les flacons de parfum personnalis\u00e9s sont ainsi devenus une r\u00e9alit\u00e9 \u2713","breadcrumb":{"@id":"https:\/\/www.stoelzle.com\/beauty\/fr\/service-personnalise\/produit-developpement\/#breadcrumb"},"inLanguage":"fr-FR","potentialAction":[{"@type":"ReadAction","target":["https:\/\/www.stoelzle.com\/beauty\/fr\/service-personnalise\/produit-developpement\/"]}]},{"@type":"BreadcrumbList","@id":"https:\/\/www.stoelzle.com\/beauty\/fr\/service-personnalise\/produit-developpement\/#breadcrumb","itemListElement":[{"@type":"ListItem","position":1,"name":"Home","item":"https:\/\/www.stoelzle.com"},{"@type":"ListItem","position":2,"name":"Perfumery &amp; Cosmetics","item":"https:\/\/www.stoelzle.com\/beauty\/fr\/"},{"@type":"ListItem","position":3,"name":"Service personnalis\u00e9","item":"https:\/\/www.stoelzle.com\/beauty\/fr\/service-personnalise\/"},{"@type":"ListItem","position":4,"name":"Produit d\u00e9veloppement"}]},{"@type":"WebSite","@id":"https:\/\/www.stoelzle.com\/beauty\/#website","url":"https:\/\/www.stoelzle.com\/beauty\/","name":"Stoelzle Beauty \u2013 Perfumery &amp; Cosmetics","description":"","publisher":{"@id":"https:\/\/www.stoelzle.com\/beauty\/#organization"},"potentialAction":[{"@type":"SearchAction","target":{"@type":"EntryPoint","urlTemplate":"https:\/\/www.stoelzle.com\/beauty\/?s={search_term_string}"},"query-input":{"@type":"PropertyValueSpecification","valueRequired":true,"valueName":"search_term_string"}}],"inLanguage":"fr-FR"},{"@type":"Organization","@id":"https:\/\/www.stoelzle.com\/beauty\/#organization","name":"Stoelzle Beauty - Perfumery & Cosmetics","url":"https:\/\/www.stoelzle.com\/beauty\/","logo":{"@type":"ImageObject","inLanguage":"fr-FR","@id":"https:\/\/www.stoelzle.com\/beauty\/#\/schema\/logo\/image\/","url":"https:\/\/www.stoelzle.com\/beauty\/wp-content\/uploads\/sites\/4\/2021\/03\/logo_beauty.svg","contentUrl":"https:\/\/www.stoelzle.com\/beauty\/wp-content\/uploads\/sites\/4\/2021\/03\/logo_beauty.svg","width":173,"height":40,"caption":"Stoelzle Beauty - Perfumery & Cosmetics"},"image":{"@id":"https:\/\/www.stoelzle.com\/beauty\/#\/schema\/logo\/image\/"}}]}},"_links":{"self":[{"href":"https:\/\/www.stoelzle.com\/beauty\/fr\/wp-json\/wp\/v2\/pages\/1650","targetHints":{"allow":["GET"]}}],"collection":[{"href":"https:\/\/www.stoelzle.com\/beauty\/fr\/wp-json\/wp\/v2\/pages"}],"about":[{"href":"https:\/\/www.stoelzle.com\/beauty\/fr\/wp-json\/wp\/v2\/types\/page"}],"author":[{"embeddable":true,"href":"https:\/\/www.stoelzle.com\/beauty\/fr\/wp-json\/wp\/v2\/users\/1"}],"replies":[{"embeddable":true,"href":"https:\/\/www.stoelzle.com\/beauty\/fr\/wp-json\/wp\/v2\/comments?post=1650"}],"version-history":[{"count":0,"href":"https:\/\/www.stoelzle.com\/beauty\/fr\/wp-json\/wp\/v2\/pages\/1650\/revisions"}],"up":[{"embeddable":true,"href":"https:\/\/www.stoelzle.com\/beauty\/fr\/wp-json\/wp\/v2\/pages\/1646"}],"wp:attachment":[{"href":"https:\/\/www.stoelzle.com\/beauty\/fr\/wp-json\/wp\/v2\/media?parent=1650"}],"curies":[{"name":"wp","href":"https:\/\/api.w.org\/{rel}","templated":true}]}}