{"id":1646,"date":"2021-01-29T16:55:53","date_gmt":"2021-01-29T16:55:53","guid":{"rendered":"https:\/\/stoelzle.com\/beauty\/customization\/"},"modified":"2022-03-23T12:54:16","modified_gmt":"2022-03-23T12:54:16","slug":"service-personnalise","status":"publish","type":"page","link":"https:\/\/www.stoelzle.com\/beauty\/fr\/service-personnalise\/","title":{"rendered":"Service personnalis\u00e9"},"content":{"rendered":"<div class=\"wpb-content-wrapper\"><p>[vc_row][vc_column]<div class=\"vc-title   text-center\">\n              <div class=\"topline\">Service excellent<\/div>\n              <h1 class=\"title position-relative separator\">Service personnalis\u00e9<\/h1>\n              <div class=\"row\"><div class=\"col-md-10 offset-md-1\"><\/p>\n<p class=\"large-text\">Nous souhaitons \u00eatre le partenaire privil\u00e9gi\u00e9 \u00e0 long terme de nos clients. C&#8217;est pourquoi nous nous sommes efforc\u00e9s de vous offrir un excellent service. Faites confiance aux connaissances et \u00e0 la fiabilit\u00e9 de notre \u00e9quipe !<\/p>\n<p><\/div><\/div>\n            <\/div>[\/vc_column][\/vc_row][vc_row full_width=&#8221;stretch_row_content_no_spaces&#8221;][vc_column]<div class=\"vc-two-columns  \">\n                <div class=\"row\">\n                    <div class=\"col-sm-6 bg-gray image-left\"><img loading=\"lazy\" decoding=\"async\" width=\"1024\" height=\"666\" src=\"https:\/\/www.stoelzle.com\/beauty\/wp-content\/uploads\/sites\/4\/2021\/02\/home-private-decoration-1024x666.jpg\" class=\"w-100 h-100 cover\" alt=\"Selection of premium perfumery products which are part of the Private Collection\" srcset=\"https:\/\/www.stoelzle.com\/beauty\/wp-content\/uploads\/sites\/4\/2021\/02\/home-private-decoration-1024x666.jpg 1024w, https:\/\/www.stoelzle.com\/beauty\/wp-content\/uploads\/sites\/4\/2021\/02\/home-private-decoration-480x312.jpg 480w, https:\/\/www.stoelzle.com\/beauty\/wp-content\/uploads\/sites\/4\/2021\/02\/home-private-decoration-1536x998.jpg 1536w, https:\/\/www.stoelzle.com\/beauty\/wp-content\/uploads\/sites\/4\/2021\/02\/home-private-decoration-992x645.jpg 992w, https:\/\/www.stoelzle.com\/beauty\/wp-content\/uploads\/sites\/4\/2021\/02\/home-private-decoration-600x390.jpg 600w, https:\/\/www.stoelzle.com\/beauty\/wp-content\/uploads\/sites\/4\/2021\/02\/home-private-decoration.jpg 2000w\" sizes=\"auto, (max-width: 1024px) 100vw, 1024px\" \/><\/div>\n                    <div class=\"col-sm-6 bg-gray image-left\"><div class=\"column-content h-100 d-flex flex-column justify-content-center\"><\/p>\n<h2>D\u00e9coration<\/h2>\n<p>Stoelzle transforme des id\u00e9es uniques en produit fini en verre tous plus incroyables les uns que les autres. Nous ne limiterons pas votre cr\u00e9ativit\u00e9 !<\/p>\n<p><a class=\"editor-button cta\" href=\"\/beauty\/fr\/service-personnalise\/decoration\/\">En savoir plus<\/a><\/div><\/div>\n                <\/div>\n            <\/div><div class=\"vc-two-columns  \">\n                <div class=\"row\">\n                    <div class=\"col-sm-6 bg-blue image-right\"><div class=\"column-content h-100 d-flex flex-column justify-content-center\"><\/p>\n<h2>Produit d\u00e9veloppement<\/h2>\n<p>En ce qui concerne le secteur de la Parfumerie et Cosm\u00e9tique, Stoelzle Glass Group s&#8217;efforce de d\u00e9velopper un design personnalis\u00e9 dans plus de 80% de tous les produits. Chaque article porte un message unique qui se refl\u00e8te dans la conception du produit.<\/p>\n<p><a class=\"editor-button cta-white\" href=\"\/beauty\/fr\/service-personnalise\/produit-developpement\/\">En savoir plus<\/a><\/div><\/div>\n                    <div class=\"col-sm-6 bg-blue image-right\"><img loading=\"lazy\" decoding=\"async\" width=\"1024\" height=\"666\" src=\"https:\/\/www.stoelzle.com\/beauty\/wp-content\/uploads\/sites\/4\/2021\/02\/customization-product-development-1024x666.jpg\" class=\"w-100 h-100 cover\" alt=\"Employee constructing a new bottle on his computer\" srcset=\"https:\/\/www.stoelzle.com\/beauty\/wp-content\/uploads\/sites\/4\/2021\/02\/customization-product-development-1024x666.jpg 1024w, https:\/\/www.stoelzle.com\/beauty\/wp-content\/uploads\/sites\/4\/2021\/02\/customization-product-development-480x312.jpg 480w, https:\/\/www.stoelzle.com\/beauty\/wp-content\/uploads\/sites\/4\/2021\/02\/customization-product-development-1536x998.jpg 1536w, https:\/\/www.stoelzle.com\/beauty\/wp-content\/uploads\/sites\/4\/2021\/02\/customization-product-development-992x645.jpg 992w, https:\/\/www.stoelzle.com\/beauty\/wp-content\/uploads\/sites\/4\/2021\/02\/customization-product-development-600x390.jpg 600w, https:\/\/www.stoelzle.com\/beauty\/wp-content\/uploads\/sites\/4\/2021\/02\/customization-product-development.jpg 2000w\" sizes=\"auto, (max-width: 1024px) 100vw, 1024px\" \/><\/div>\n                <\/div>\n            <\/div><div class=\"vc-two-columns  \">\n                <div class=\"row\">\n                    <div class=\"col-sm-6 bg-gray image-left\"><img loading=\"lazy\" decoding=\"async\" width=\"1024\" height=\"666\" src=\"https:\/\/www.stoelzle.com\/beauty\/wp-content\/uploads\/sites\/4\/2021\/05\/customisation-special-design-collage-1024x666.jpg\" class=\"w-100 h-100 cover\" alt=\"customized perfume bottle of renowned producers\" srcset=\"https:\/\/www.stoelzle.com\/beauty\/wp-content\/uploads\/sites\/4\/2021\/05\/customisation-special-design-collage-1024x666.jpg 1024w, https:\/\/www.stoelzle.com\/beauty\/wp-content\/uploads\/sites\/4\/2021\/05\/customisation-special-design-collage-480x312.jpg 480w, https:\/\/www.stoelzle.com\/beauty\/wp-content\/uploads\/sites\/4\/2021\/05\/customisation-special-design-collage-1536x998.jpg 1536w, https:\/\/www.stoelzle.com\/beauty\/wp-content\/uploads\/sites\/4\/2021\/05\/customisation-special-design-collage-992x645.jpg 992w, https:\/\/www.stoelzle.com\/beauty\/wp-content\/uploads\/sites\/4\/2021\/05\/customisation-special-design-collage-180x117.jpg 180w, https:\/\/www.stoelzle.com\/beauty\/wp-content\/uploads\/sites\/4\/2021\/05\/customisation-special-design-collage.jpg 2000w\" sizes=\"auto, (max-width: 1024px) 100vw, 1024px\" \/><\/div>\n                    <div class=\"col-sm-6 bg-gray image-left\"><div class=\"column-content h-100 d-flex flex-column justify-content-center\"><\/p>\n<h2>Conception sur mesure<\/h2>\n<p>Notre \u00e9quipe de d\u00e9veloppement produits s&#8217;appuie sur des ann\u00e9es d&#8217;exp\u00e9rience en mati\u00e8re de conception et d&#8217;ex\u00e9cution technique. Nous relevons constamment le d\u00e9fi de repousser les limites \u00e0 chaque nouveau projet.<\/p>\n<p><a class=\"editor-button cta\" href=\"\/beauty\/fr\/service-personnalise\/design-special\/\">En savoir plus<\/a><\/div><\/div>\n                <\/div>\n            <\/div><div class=\"vc-two-columns  \">\n                <div class=\"row\">\n                    <div class=\"col-sm-6 bg-white image-right\"><div class=\"column-content h-100 d-flex flex-column justify-content-center\"><\/p>\n<h2>Service client<\/h2>\n<p>Notre satisfaction client prioritaire !<\/p>\n<p><a class=\"editor-button cta\" href=\"\/beauty\/fr\/contacter\/\">\u00c9crivez-nous<\/a><\/p>\n<p><\/div><\/div>\n                    <div class=\"col-sm-6 bg-white image-right\"><img loading=\"lazy\" decoding=\"async\" width=\"1024\" height=\"666\" src=\"https:\/\/www.stoelzle.com\/beauty\/wp-content\/uploads\/sites\/4\/2022\/03\/stoelzle-perfumery-sales-team-1024x666.jpg\" class=\"w-100 h-100 cover\" alt=\"Repr\u00e9sentant des ventes assis \u00e0 la table avec un ordinateur portable\" srcset=\"https:\/\/www.stoelzle.com\/beauty\/wp-content\/uploads\/sites\/4\/2022\/03\/stoelzle-perfumery-sales-team-1024x666.jpg 1024w, https:\/\/www.stoelzle.com\/beauty\/wp-content\/uploads\/sites\/4\/2022\/03\/stoelzle-perfumery-sales-team-480x312.jpg 480w, https:\/\/www.stoelzle.com\/beauty\/wp-content\/uploads\/sites\/4\/2022\/03\/stoelzle-perfumery-sales-team-1536x998.jpg 1536w, https:\/\/www.stoelzle.com\/beauty\/wp-content\/uploads\/sites\/4\/2022\/03\/stoelzle-perfumery-sales-team-992x645.jpg 992w, https:\/\/www.stoelzle.com\/beauty\/wp-content\/uploads\/sites\/4\/2022\/03\/stoelzle-perfumery-sales-team-180x117.jpg 180w, https:\/\/www.stoelzle.com\/beauty\/wp-content\/uploads\/sites\/4\/2022\/03\/stoelzle-perfumery-sales-team.jpg 2000w\" sizes=\"auto, (max-width: 1024px) 100vw, 1024px\" \/><\/div>\n                <\/div>\n            <\/div>[\/vc_column][\/vc_row]<\/p>\n<\/div>","protected":false},"excerpt":{"rendered":"<p>[vc_row][vc_column][\/vc_column][\/vc_row][vc_row full_width=&#8221;stretch_row_content_no_spaces&#8221;][vc_column][\/vc_column][\/vc_row]<\/p>\n","protected":false},"author":1,"featured_media":0,"parent":0,"menu_order":80,"comment_status":"closed","ping_status":"closed","template":"","meta":{"_acf_changed":false,"footnotes":""},"class_list":["post-1646","page","type-page","status-publish","hentry"],"acf":[],"yoast_head":"<!-- This site is optimized with the Yoast SEO plugin v26.6 - https:\/\/yoast.com\/wordpress\/plugins\/seo\/ -->\n<title>Service permettant de proposer de la d\u00e9coration, un design personnalis\u00e9 et des conceptions sur mesure I Stoelzle<\/title>\n<meta name=\"description\" content=\"En tant que partenaire privil\u00e9gi\u00e9 de nos clients, nous proposons un excellent service, personnalis\u00e9 en fonction de vos besoins, gr\u00e2ce \u00e0 nos connaissances\" \/>\n<meta name=\"robots\" content=\"index, follow, max-snippet:-1, max-image-preview:large, max-video-preview:-1\" \/>\n<link rel=\"canonical\" href=\"https:\/\/www.stoelzle.com\/beauty\/fr\/service-personnalise\/\" \/>\n<meta property=\"og:locale\" content=\"fr_FR\" \/>\n<meta property=\"og:type\" content=\"article\" \/>\n<meta property=\"og:title\" content=\"Service permettant de proposer de la d\u00e9coration, un design personnalis\u00e9 et des conceptions sur mesure I Stoelzle\" \/>\n<meta property=\"og:description\" content=\"En tant que partenaire privil\u00e9gi\u00e9 de nos clients, nous proposons un excellent service, personnalis\u00e9 en fonction de vos besoins, gr\u00e2ce \u00e0 nos connaissances\" \/>\n<meta property=\"og:url\" content=\"https:\/\/www.stoelzle.com\/beauty\/fr\/service-personnalise\/\" \/>\n<meta property=\"og:site_name\" content=\"Stoelzle Beauty \u2013 Perfumery &amp; Cosmetics\" \/>\n<meta property=\"article:modified_time\" content=\"2022-03-23T12:54:16+00:00\" \/>\n<meta name=\"twitter:card\" content=\"summary_large_image\" \/>\n<meta name=\"twitter:label1\" content=\"Dur\u00e9e de lecture estim\u00e9e\" \/>\n\t<meta name=\"twitter:data1\" content=\"1 minute\" \/>\n<script type=\"application\/ld+json\" class=\"yoast-schema-graph\">{\"@context\":\"https:\/\/schema.org\",\"@graph\":[{\"@type\":\"WebPage\",\"@id\":\"https:\/\/www.stoelzle.com\/beauty\/fr\/service-personnalise\/\",\"url\":\"https:\/\/www.stoelzle.com\/beauty\/fr\/service-personnalise\/\",\"name\":\"Service permettant de proposer de la d\u00e9coration, un design personnalis\u00e9 et des conceptions sur mesure I Stoelzle\",\"isPartOf\":{\"@id\":\"https:\/\/www.stoelzle.com\/beauty\/#website\"},\"datePublished\":\"2021-01-29T16:55:53+00:00\",\"dateModified\":\"2022-03-23T12:54:16+00:00\",\"description\":\"En tant que partenaire privil\u00e9gi\u00e9 de nos clients, nous proposons un excellent service, personnalis\u00e9 en fonction de vos besoins, gr\u00e2ce \u00e0 nos connaissances\",\"breadcrumb\":{\"@id\":\"https:\/\/www.stoelzle.com\/beauty\/fr\/service-personnalise\/#breadcrumb\"},\"inLanguage\":\"fr-FR\",\"potentialAction\":[{\"@type\":\"ReadAction\",\"target\":[\"https:\/\/www.stoelzle.com\/beauty\/fr\/service-personnalise\/\"]}]},{\"@type\":\"BreadcrumbList\",\"@id\":\"https:\/\/www.stoelzle.com\/beauty\/fr\/service-personnalise\/#breadcrumb\",\"itemListElement\":[{\"@type\":\"ListItem\",\"position\":1,\"name\":\"Home\",\"item\":\"https:\/\/www.stoelzle.com\"},{\"@type\":\"ListItem\",\"position\":2,\"name\":\"Perfumery &amp; Cosmetics\",\"item\":\"https:\/\/www.stoelzle.com\/beauty\/fr\/\"},{\"@type\":\"ListItem\",\"position\":3,\"name\":\"Service personnalis\u00e9\"}]},{\"@type\":\"WebSite\",\"@id\":\"https:\/\/www.stoelzle.com\/beauty\/#website\",\"url\":\"https:\/\/www.stoelzle.com\/beauty\/\",\"name\":\"Stoelzle Beauty \u2013 Perfumery &amp; Cosmetics\",\"description\":\"\",\"publisher\":{\"@id\":\"https:\/\/www.stoelzle.com\/beauty\/#organization\"},\"potentialAction\":[{\"@type\":\"SearchAction\",\"target\":{\"@type\":\"EntryPoint\",\"urlTemplate\":\"https:\/\/www.stoelzle.com\/beauty\/?s={search_term_string}\"},\"query-input\":{\"@type\":\"PropertyValueSpecification\",\"valueRequired\":true,\"valueName\":\"search_term_string\"}}],\"inLanguage\":\"fr-FR\"},{\"@type\":\"Organization\",\"@id\":\"https:\/\/www.stoelzle.com\/beauty\/#organization\",\"name\":\"Stoelzle Beauty - Perfumery & Cosmetics\",\"url\":\"https:\/\/www.stoelzle.com\/beauty\/\",\"logo\":{\"@type\":\"ImageObject\",\"inLanguage\":\"fr-FR\",\"@id\":\"https:\/\/www.stoelzle.com\/beauty\/#\/schema\/logo\/image\/\",\"url\":\"https:\/\/www.stoelzle.com\/beauty\/wp-content\/uploads\/sites\/4\/2021\/03\/logo_beauty.svg\",\"contentUrl\":\"https:\/\/www.stoelzle.com\/beauty\/wp-content\/uploads\/sites\/4\/2021\/03\/logo_beauty.svg\",\"width\":173,\"height\":40,\"caption\":\"Stoelzle Beauty - Perfumery & Cosmetics\"},\"image\":{\"@id\":\"https:\/\/www.stoelzle.com\/beauty\/#\/schema\/logo\/image\/\"}}]}<\/script>\n<!-- \/ Yoast SEO plugin. -->","yoast_head_json":{"title":"Service permettant de proposer de la d\u00e9coration, un design personnalis\u00e9 et des conceptions sur mesure I Stoelzle","description":"En tant que partenaire privil\u00e9gi\u00e9 de nos clients, nous proposons un excellent service, personnalis\u00e9 en fonction de vos besoins, gr\u00e2ce \u00e0 nos connaissances","robots":{"index":"index","follow":"follow","max-snippet":"max-snippet:-1","max-image-preview":"max-image-preview:large","max-video-preview":"max-video-preview:-1"},"canonical":"https:\/\/www.stoelzle.com\/beauty\/fr\/service-personnalise\/","og_locale":"fr_FR","og_type":"article","og_title":"Service permettant de proposer de la d\u00e9coration, un design personnalis\u00e9 et des conceptions sur mesure I Stoelzle","og_description":"En tant que partenaire privil\u00e9gi\u00e9 de nos clients, nous proposons un excellent service, personnalis\u00e9 en fonction de vos besoins, gr\u00e2ce \u00e0 nos connaissances","og_url":"https:\/\/www.stoelzle.com\/beauty\/fr\/service-personnalise\/","og_site_name":"Stoelzle Beauty \u2013 Perfumery &amp; Cosmetics","article_modified_time":"2022-03-23T12:54:16+00:00","twitter_card":"summary_large_image","twitter_misc":{"Dur\u00e9e de lecture estim\u00e9e":"1 minute"},"schema":{"@context":"https:\/\/schema.org","@graph":[{"@type":"WebPage","@id":"https:\/\/www.stoelzle.com\/beauty\/fr\/service-personnalise\/","url":"https:\/\/www.stoelzle.com\/beauty\/fr\/service-personnalise\/","name":"Service permettant de proposer de la d\u00e9coration, un design personnalis\u00e9 et des conceptions sur mesure I Stoelzle","isPartOf":{"@id":"https:\/\/www.stoelzle.com\/beauty\/#website"},"datePublished":"2021-01-29T16:55:53+00:00","dateModified":"2022-03-23T12:54:16+00:00","description":"En tant que partenaire privil\u00e9gi\u00e9 de nos clients, nous proposons un excellent service, personnalis\u00e9 en fonction de vos besoins, gr\u00e2ce \u00e0 nos connaissances","breadcrumb":{"@id":"https:\/\/www.stoelzle.com\/beauty\/fr\/service-personnalise\/#breadcrumb"},"inLanguage":"fr-FR","potentialAction":[{"@type":"ReadAction","target":["https:\/\/www.stoelzle.com\/beauty\/fr\/service-personnalise\/"]}]},{"@type":"BreadcrumbList","@id":"https:\/\/www.stoelzle.com\/beauty\/fr\/service-personnalise\/#breadcrumb","itemListElement":[{"@type":"ListItem","position":1,"name":"Home","item":"https:\/\/www.stoelzle.com"},{"@type":"ListItem","position":2,"name":"Perfumery &amp; Cosmetics","item":"https:\/\/www.stoelzle.com\/beauty\/fr\/"},{"@type":"ListItem","position":3,"name":"Service personnalis\u00e9"}]},{"@type":"WebSite","@id":"https:\/\/www.stoelzle.com\/beauty\/#website","url":"https:\/\/www.stoelzle.com\/beauty\/","name":"Stoelzle Beauty \u2013 Perfumery &amp; Cosmetics","description":"","publisher":{"@id":"https:\/\/www.stoelzle.com\/beauty\/#organization"},"potentialAction":[{"@type":"SearchAction","target":{"@type":"EntryPoint","urlTemplate":"https:\/\/www.stoelzle.com\/beauty\/?s={search_term_string}"},"query-input":{"@type":"PropertyValueSpecification","valueRequired":true,"valueName":"search_term_string"}}],"inLanguage":"fr-FR"},{"@type":"Organization","@id":"https:\/\/www.stoelzle.com\/beauty\/#organization","name":"Stoelzle Beauty - Perfumery & Cosmetics","url":"https:\/\/www.stoelzle.com\/beauty\/","logo":{"@type":"ImageObject","inLanguage":"fr-FR","@id":"https:\/\/www.stoelzle.com\/beauty\/#\/schema\/logo\/image\/","url":"https:\/\/www.stoelzle.com\/beauty\/wp-content\/uploads\/sites\/4\/2021\/03\/logo_beauty.svg","contentUrl":"https:\/\/www.stoelzle.com\/beauty\/wp-content\/uploads\/sites\/4\/2021\/03\/logo_beauty.svg","width":173,"height":40,"caption":"Stoelzle Beauty - Perfumery & Cosmetics"},"image":{"@id":"https:\/\/www.stoelzle.com\/beauty\/#\/schema\/logo\/image\/"}}]}},"_links":{"self":[{"href":"https:\/\/www.stoelzle.com\/beauty\/fr\/wp-json\/wp\/v2\/pages\/1646","targetHints":{"allow":["GET"]}}],"collection":[{"href":"https:\/\/www.stoelzle.com\/beauty\/fr\/wp-json\/wp\/v2\/pages"}],"about":[{"href":"https:\/\/www.stoelzle.com\/beauty\/fr\/wp-json\/wp\/v2\/types\/page"}],"author":[{"embeddable":true,"href":"https:\/\/www.stoelzle.com\/beauty\/fr\/wp-json\/wp\/v2\/users\/1"}],"replies":[{"embeddable":true,"href":"https:\/\/www.stoelzle.com\/beauty\/fr\/wp-json\/wp\/v2\/comments?post=1646"}],"version-history":[{"count":0,"href":"https:\/\/www.stoelzle.com\/beauty\/fr\/wp-json\/wp\/v2\/pages\/1646\/revisions"}],"wp:attachment":[{"href":"https:\/\/www.stoelzle.com\/beauty\/fr\/wp-json\/wp\/v2\/media?parent=1646"}],"curies":[{"name":"wp","href":"https:\/\/api.w.org\/{rel}","templated":true}]}}