{"id":1642,"date":"2021-01-29T16:55:53","date_gmt":"2021-01-29T16:55:53","guid":{"rendered":"https:\/\/stoelzle.com\/beauty\/product-overview\/"},"modified":"2021-03-15T08:37:54","modified_gmt":"2021-03-15T08:37:54","slug":"presentation-du-produit","status":"publish","type":"page","link":"https:\/\/www.stoelzle.com\/beauty\/fr\/presentation-du-produit\/","title":{"rendered":"Pr\u00e9sentation du produit"},"content":{"rendered":"<div class=\"wpb-content-wrapper\"><p>[vc_row][vc_column]<div class=\"vc-title   text-center\">\n              <div class=\"topline\">Parfumerie &amp; Cosm\u00e9tique<\/div>\n              <h1 class=\"title position-relative separator\">Pr\u00e9sentation du produits<\/h1>\n              <div class=\"row\"><div class=\"col-md-10 offset-md-1\"><\/p>\n<p class=\"large-text\">En plus des designs personnalis\u00e9s, nous proposons une large gamme de produits standards pour la Parfumerie et Cosm\u00e9tique. Venez d\u00e9couvrir nos diff\u00e9rents mod\u00e8les r\u00e9put\u00e9s pour leur design et leur qualit\u00e9 de verre sup\u00e9rieure.<\/p>\n<p><\/div><\/div>\n            <\/div>[\/vc_column][\/vc_row][vc_row][vc_column]<div id=\"id-product-overview\" class=\"vc-gallery  spacing-bottom-m\"><div class=\"row vc-gallery-grid\"><a  href=\"\/beauty\/fr\/produits\/\"  class=\"vc-gallery-item mb-4 style-3 col-sm-6 col-md-4 col-lg-3\">\n                  <div class=\"vc-gallery-image off show-border\"><img decoding=\"async\" class=\"img-fluid\" src=\"https:\/\/www.stoelzle.com\/beauty\/wp-content\/uploads\/sites\/4\/2021\/02\/products-finder-800x800.jpg\" alt=\"Image representing the different products created at STM\"><\/div>\n                  <div class=\"vc-gallery-content\"><div class=\"vc-gallery-title\">Recherche de produits<\/div><\/div>\n                <\/a><a  href=\"\/beauty\/fr\/produits\/parfumerie\/\"  class=\"vc-gallery-item mb-4 style-3 col-sm-6 col-md-4 col-lg-3\">\n                  <div class=\"vc-gallery-image off show-border\"><img decoding=\"async\" class=\"img-fluid\" src=\"https:\/\/www.stoelzle.com\/beauty\/wp-content\/uploads\/sites\/4\/2021\/02\/products-perfumery-800x800.jpg\" alt=\"Range of products for luxurious perfums\"><\/div>\n                  <div class=\"vc-gallery-content\"><div class=\"vc-gallery-title\">Parfumerie<\/div><\/div>\n                <\/a><a  href=\"\/beauty\/fr\/produits\/cosmetiques\/\"  class=\"vc-gallery-item mb-4 style-3 col-sm-6 col-md-4 col-lg-3\">\n                  <div class=\"vc-gallery-image off show-border\"><img decoding=\"async\" class=\"img-fluid\" src=\"https:\/\/www.stoelzle.com\/beauty\/wp-content\/uploads\/sites\/4\/2021\/02\/products-cosmetics-800x800.jpg\" alt=\"Glass containers specific for high end cosmetic\"><\/div>\n                  <div class=\"vc-gallery-content\"><div class=\"vc-gallery-title\">Cosm\u00e9tiques<\/div><\/div>\n                <\/a><a  href=\"\/beauty\/fr\/produits\/soin-corps\/\"  class=\"vc-gallery-item mb-4 style-3 col-sm-6 col-md-4 col-lg-3\">\n                  <div class=\"vc-gallery-image off show-border\"><img decoding=\"async\" class=\"img-fluid\" src=\"https:\/\/www.stoelzle.com\/beauty\/wp-content\/uploads\/sites\/4\/2021\/02\/products-body-care-800x800.jpg\" alt=\"Body care bottles range\"><\/div>\n                  <div class=\"vc-gallery-content\"><div class=\"vc-gallery-title\">Soin du corps<\/div><\/div>\n                <\/a><\/div><\/div>[\/vc_column][\/vc_row][vc_row full_width=&#8221;stretch_row_content_no_spaces&#8221;][vc_column]<div class=\"vc-two-columns  \">\n                <div class=\"row\">\n                    <div class=\"col-sm-6 bg-gray image-left\"><img loading=\"lazy\" decoding=\"async\" width=\"1024\" height=\"666\" src=\"https:\/\/www.stoelzle.com\/beauty\/wp-content\/uploads\/sites\/4\/2021\/02\/products-range-1024x666.jpg\" class=\"w-100 h-100 cover\" alt=\"Combination of decorated perfume and cosmetic jars\" srcset=\"https:\/\/www.stoelzle.com\/beauty\/wp-content\/uploads\/sites\/4\/2021\/02\/products-range-1024x666.jpg 1024w, https:\/\/www.stoelzle.com\/beauty\/wp-content\/uploads\/sites\/4\/2021\/02\/products-range-480x312.jpg 480w, https:\/\/www.stoelzle.com\/beauty\/wp-content\/uploads\/sites\/4\/2021\/02\/products-range-1536x998.jpg 1536w, https:\/\/www.stoelzle.com\/beauty\/wp-content\/uploads\/sites\/4\/2021\/02\/products-range-992x645.jpg 992w, https:\/\/www.stoelzle.com\/beauty\/wp-content\/uploads\/sites\/4\/2021\/02\/products-range-600x390.jpg 600w, https:\/\/www.stoelzle.com\/beauty\/wp-content\/uploads\/sites\/4\/2021\/02\/products-range.jpg 2000w\" sizes=\"auto, (max-width: 1024px) 100vw, 1024px\" \/><\/div>\n                    <div class=\"col-sm-6 bg-gray image-left\"><div class=\"column-content h-100 d-flex flex-column justify-content-center\"><\/p>\n<h2>Domaine d&#8217;application<\/h2>\n<ul>\n<li><a href=\"\/beauty\/fr\/produits\/parfumerie\/private-collection-fr\/\">Private Collection<\/a><\/li>\n<li><a href=\"\/beauty\/fr\/produits\/parfumerie\/standard-collection-fr\/\">Standard collection<\/a><\/li>\n<li><a href=\"\/beauty\/fr\/produits\/cosmetiques\/cosmetique-bouteille\/\">Cosm\u00e9tique bouteille<\/a><\/li>\n<li><a href=\"\/beauty\/fr\/produits\/cosmetiques\/cosmetique-pot\/\">Cosm\u00e9tique pot<\/a><\/li>\n<li><a href=\"\/beauty\/fr\/produits\/soin-corps\/roll-on-fr\/\">Roll-On<\/a><\/li>\n<li><a href=\"\/beauty\/fr\/produits\/soin-corps\/lotion\/\">Lotion pour le corps<\/a><\/li>\n<li><a href=\"\/beauty\/fr\/produits\/soin-corps\/shampoing-gel-douche\/\">Shampoing gel &amp; douche<\/a><\/li>\n<\/ul>\n<p><a class=\"editor-button cta\" href=\"\/beauty\/fr\/produits\/\">Recherche de produits<\/a><\/div><\/div>\n                <\/div>\n            <\/div><div class=\"vc-two-columns  \">\n                <div class=\"row\">\n                    <div class=\"col-sm-6 bg-blue image-right\"><div class=\"column-content h-100 d-flex flex-column justify-content-center\"><\/p>\n<div class=\"topline\">Produit d\u00e9veloppement<\/div>\n<h2>Designs personnalis\u00e9s<\/h2>\n<p>Chaque article porte un message unique qui se refl\u00e8te dans le design du produit. Selon les sp\u00e9cifications du client, un concept est \u00e9valu\u00e9, le design est interpr\u00e9t\u00e9 et la production devient une r\u00e9alit\u00e9. Des solutions techniques sont trouv\u00e9es m\u00eame pour les designs les plus id\u00e9alistes et les plus exigeants.<\/p>\n<p><a class=\"editor-button cta-white\" href=\"\/beauty\/fr\/service-personnalise\/produit-developpement\/\">En savoir plus<\/a><\/div><\/div>\n                    <div class=\"col-sm-6 bg-blue image-right\"><img loading=\"lazy\" decoding=\"async\" width=\"1024\" height=\"666\" src=\"https:\/\/www.stoelzle.com\/beauty\/wp-content\/uploads\/sites\/4\/2021\/02\/products-customized-shapes-1024x666.jpg\" class=\"w-100 h-100 cover\" alt=\"Detail view of customized perfume bottle\" srcset=\"https:\/\/www.stoelzle.com\/beauty\/wp-content\/uploads\/sites\/4\/2021\/02\/products-customized-shapes-1024x666.jpg 1024w, https:\/\/www.stoelzle.com\/beauty\/wp-content\/uploads\/sites\/4\/2021\/02\/products-customized-shapes-480x312.jpg 480w, https:\/\/www.stoelzle.com\/beauty\/wp-content\/uploads\/sites\/4\/2021\/02\/products-customized-shapes-1536x998.jpg 1536w, https:\/\/www.stoelzle.com\/beauty\/wp-content\/uploads\/sites\/4\/2021\/02\/products-customized-shapes-992x645.jpg 992w, https:\/\/www.stoelzle.com\/beauty\/wp-content\/uploads\/sites\/4\/2021\/02\/products-customized-shapes-600x390.jpg 600w, https:\/\/www.stoelzle.com\/beauty\/wp-content\/uploads\/sites\/4\/2021\/02\/products-customized-shapes.jpg 2000w\" sizes=\"auto, (max-width: 1024px) 100vw, 1024px\" \/><\/div>\n                <\/div>\n            <\/div>[\/vc_column][\/vc_row][vc_row][vc_column]<div class=\"vc-spacer spacing-bottom-m\"><\/div>[vc_row_inner content_placement=&#8221;middle&#8221; el_class=&#8221;text-text&#8221;][vc_column_inner width=&#8221;1\/2&#8243;]\n      <div class=\"vc-image\">\n         \n          <img loading=\"lazy\" decoding=\"async\" width=\"2000\" height=\"1300\" src=\"https:\/\/www.stoelzle.com\/beauty\/wp-content\/uploads\/sites\/4\/2021\/02\/products-catalogues.jpg\" class=\"img-fluid w-100 h-100 d-none d-md-block\" alt=\"Cover pictures of the available perfume and cosmetic catalogues\" srcset=\"https:\/\/www.stoelzle.com\/beauty\/wp-content\/uploads\/sites\/4\/2021\/02\/products-catalogues.jpg 2000w, https:\/\/www.stoelzle.com\/beauty\/wp-content\/uploads\/sites\/4\/2021\/02\/products-catalogues-480x312.jpg 480w, https:\/\/www.stoelzle.com\/beauty\/wp-content\/uploads\/sites\/4\/2021\/02\/products-catalogues-1024x666.jpg 1024w, https:\/\/www.stoelzle.com\/beauty\/wp-content\/uploads\/sites\/4\/2021\/02\/products-catalogues-1536x998.jpg 1536w, https:\/\/www.stoelzle.com\/beauty\/wp-content\/uploads\/sites\/4\/2021\/02\/products-catalogues-992x645.jpg 992w, https:\/\/www.stoelzle.com\/beauty\/wp-content\/uploads\/sites\/4\/2021\/02\/products-catalogues-600x390.jpg 600w\" sizes=\"auto, (max-width: 2000px) 100vw, 2000px\" \/> \n          <img loading=\"lazy\" decoding=\"async\" width=\"992\" height=\"645\" src=\"https:\/\/www.stoelzle.com\/beauty\/wp-content\/uploads\/sites\/4\/2021\/02\/products-catalogues-992x645.jpg\" class=\"img-fluid w-100 h-100 d-mdx-none\" alt=\"Cover pictures of the available perfume and cosmetic catalogues\" srcset=\"https:\/\/www.stoelzle.com\/beauty\/wp-content\/uploads\/sites\/4\/2021\/02\/products-catalogues-992x645.jpg 992w, https:\/\/www.stoelzle.com\/beauty\/wp-content\/uploads\/sites\/4\/2021\/02\/products-catalogues-480x312.jpg 480w, https:\/\/www.stoelzle.com\/beauty\/wp-content\/uploads\/sites\/4\/2021\/02\/products-catalogues-1024x666.jpg 1024w, https:\/\/www.stoelzle.com\/beauty\/wp-content\/uploads\/sites\/4\/2021\/02\/products-catalogues-1536x998.jpg 1536w, https:\/\/www.stoelzle.com\/beauty\/wp-content\/uploads\/sites\/4\/2021\/02\/products-catalogues-600x390.jpg 600w, https:\/\/www.stoelzle.com\/beauty\/wp-content\/uploads\/sites\/4\/2021\/02\/products-catalogues.jpg 2000w\" sizes=\"auto, (max-width: 992px) 100vw, 992px\" \/>\n          \n         \n      <\/div>[\/vc_column_inner][vc_column_inner width=&#8221;1\/2&#8243;][vc_column_text]<\/p>\n<p class=\"topline\">D\u00e9couvrez nos produits !<\/p>\n<h2>Catalogues<\/h2>\n<p>T\u00e9l\u00e9chargez nos catalogues pour la parfumerie et les cosm\u00e9tiques afin d&#8217;avoir un aper\u00e7u complet.<\/p>\n<p><a class=\"editor-button cta\" href=\"\/beauty\/fr\/telechargements\/\">T\u00e9l\u00e9chargements<\/a>[\/vc_column_text][\/vc_column_inner][\/vc_row_inner]<div class=\"vc-spacer spacing-bottom-m\"><\/div>[\/vc_column][\/vc_row]<\/p>\n<\/div>","protected":false},"excerpt":{"rendered":"<p>[vc_row][vc_column][\/vc_column][\/vc_row][vc_row][vc_column][\/vc_column][\/vc_row][vc_row full_width=&#8221;stretch_row_content_no_spaces&#8221;][vc_column][\/vc_column][\/vc_row][vc_row][vc_column][vc_row_inner content_placement=&#8221;middle&#8221; el_class=&#8221;text-text&#8221;][vc_column_inner width=&#8221;1\/2&#8243;][\/vc_column_inner][vc_column_inner width=&#8221;1\/2&#8243;][vc_column_text] D\u00e9couvrez nos produits ! Catalogues T\u00e9l\u00e9chargez nos catalogues pour la parfumerie et les cosm\u00e9tiques afin d&#8217;avoir un aper\u00e7u complet. T\u00e9l\u00e9chargements[\/vc_column_text][\/vc_column_inner][\/vc_row_inner][\/vc_column][\/vc_row]<\/p>\n","protected":false},"author":1,"featured_media":0,"parent":0,"menu_order":70,"comment_status":"closed","ping_status":"closed","template":"","meta":{"_acf_changed":false,"footnotes":""},"class_list":["post-1642","page","type-page","status-publish","hentry"],"acf":[],"yoast_head":"<!-- This site is optimized with the Yoast SEO plugin v26.6 - https:\/\/yoast.com\/wordpress\/plugins\/seo\/ -->\n<title>Packaging en verre pour la cosm\u00e9tique haut de gamme \u00bb contenants en verre fantaisie I Stoelzle<\/title>\n<meta name=\"description\" content=\"D\u00e9couvrez nos produits cosm\u00e9tiques premium \u2713 flacons de parfum et contenants pour la cosm\u00e9tique de luxe \u2713 contenant en verre pour la cosm\u00e9tique \u2713 miniatures \u2713\" \/>\n<meta name=\"robots\" content=\"index, follow, max-snippet:-1, max-image-preview:large, max-video-preview:-1\" \/>\n<link rel=\"canonical\" href=\"https:\/\/www.stoelzle.com\/beauty\/fr\/presentation-du-produit\/\" \/>\n<meta property=\"og:locale\" content=\"fr_FR\" \/>\n<meta property=\"og:type\" content=\"article\" \/>\n<meta property=\"og:title\" content=\"Packaging en verre pour la cosm\u00e9tique haut de gamme \u00bb contenants en verre fantaisie I Stoelzle\" \/>\n<meta property=\"og:description\" content=\"D\u00e9couvrez nos produits cosm\u00e9tiques premium \u2713 flacons de parfum et contenants pour la cosm\u00e9tique de luxe \u2713 contenant en verre pour la cosm\u00e9tique \u2713 miniatures \u2713\" \/>\n<meta property=\"og:url\" content=\"https:\/\/www.stoelzle.com\/beauty\/fr\/presentation-du-produit\/\" \/>\n<meta property=\"og:site_name\" content=\"Stoelzle Beauty \u2013 Perfumery &amp; Cosmetics\" \/>\n<meta property=\"article:modified_time\" content=\"2021-03-15T08:37:54+00:00\" \/>\n<meta name=\"twitter:card\" content=\"summary_large_image\" \/>\n<meta name=\"twitter:label1\" content=\"Dur\u00e9e de lecture estim\u00e9e\" \/>\n\t<meta name=\"twitter:data1\" content=\"1 minute\" \/>\n<script type=\"application\/ld+json\" class=\"yoast-schema-graph\">{\"@context\":\"https:\/\/schema.org\",\"@graph\":[{\"@type\":\"WebPage\",\"@id\":\"https:\/\/www.stoelzle.com\/beauty\/fr\/presentation-du-produit\/\",\"url\":\"https:\/\/www.stoelzle.com\/beauty\/fr\/presentation-du-produit\/\",\"name\":\"Packaging en verre pour la cosm\u00e9tique haut de gamme \u00bb contenants en verre fantaisie I Stoelzle\",\"isPartOf\":{\"@id\":\"https:\/\/www.stoelzle.com\/beauty\/#website\"},\"datePublished\":\"2021-01-29T16:55:53+00:00\",\"dateModified\":\"2021-03-15T08:37:54+00:00\",\"description\":\"D\u00e9couvrez nos produits cosm\u00e9tiques premium \u2713 flacons de parfum et contenants pour la cosm\u00e9tique de luxe \u2713 contenant en verre pour la cosm\u00e9tique \u2713 miniatures \u2713\",\"breadcrumb\":{\"@id\":\"https:\/\/www.stoelzle.com\/beauty\/fr\/presentation-du-produit\/#breadcrumb\"},\"inLanguage\":\"fr-FR\",\"potentialAction\":[{\"@type\":\"ReadAction\",\"target\":[\"https:\/\/www.stoelzle.com\/beauty\/fr\/presentation-du-produit\/\"]}]},{\"@type\":\"BreadcrumbList\",\"@id\":\"https:\/\/www.stoelzle.com\/beauty\/fr\/presentation-du-produit\/#breadcrumb\",\"itemListElement\":[{\"@type\":\"ListItem\",\"position\":1,\"name\":\"Home\",\"item\":\"https:\/\/www.stoelzle.com\"},{\"@type\":\"ListItem\",\"position\":2,\"name\":\"Perfumery &amp; Cosmetics\",\"item\":\"https:\/\/www.stoelzle.com\/beauty\/fr\/\"},{\"@type\":\"ListItem\",\"position\":3,\"name\":\"Pr\u00e9sentation du produit\"}]},{\"@type\":\"WebSite\",\"@id\":\"https:\/\/www.stoelzle.com\/beauty\/#website\",\"url\":\"https:\/\/www.stoelzle.com\/beauty\/\",\"name\":\"Stoelzle Beauty \u2013 Perfumery &amp; Cosmetics\",\"description\":\"\",\"publisher\":{\"@id\":\"https:\/\/www.stoelzle.com\/beauty\/#organization\"},\"potentialAction\":[{\"@type\":\"SearchAction\",\"target\":{\"@type\":\"EntryPoint\",\"urlTemplate\":\"https:\/\/www.stoelzle.com\/beauty\/?s={search_term_string}\"},\"query-input\":{\"@type\":\"PropertyValueSpecification\",\"valueRequired\":true,\"valueName\":\"search_term_string\"}}],\"inLanguage\":\"fr-FR\"},{\"@type\":\"Organization\",\"@id\":\"https:\/\/www.stoelzle.com\/beauty\/#organization\",\"name\":\"Stoelzle Beauty - Perfumery & Cosmetics\",\"url\":\"https:\/\/www.stoelzle.com\/beauty\/\",\"logo\":{\"@type\":\"ImageObject\",\"inLanguage\":\"fr-FR\",\"@id\":\"https:\/\/www.stoelzle.com\/beauty\/#\/schema\/logo\/image\/\",\"url\":\"https:\/\/www.stoelzle.com\/beauty\/wp-content\/uploads\/sites\/4\/2021\/03\/logo_beauty.svg\",\"contentUrl\":\"https:\/\/www.stoelzle.com\/beauty\/wp-content\/uploads\/sites\/4\/2021\/03\/logo_beauty.svg\",\"width\":173,\"height\":40,\"caption\":\"Stoelzle Beauty - Perfumery & Cosmetics\"},\"image\":{\"@id\":\"https:\/\/www.stoelzle.com\/beauty\/#\/schema\/logo\/image\/\"}}]}<\/script>\n<!-- \/ Yoast SEO plugin. -->","yoast_head_json":{"title":"Packaging en verre pour la cosm\u00e9tique haut de gamme \u00bb contenants en verre fantaisie I Stoelzle","description":"D\u00e9couvrez nos produits cosm\u00e9tiques premium \u2713 flacons de parfum et contenants pour la cosm\u00e9tique de luxe \u2713 contenant en verre pour la cosm\u00e9tique \u2713 miniatures \u2713","robots":{"index":"index","follow":"follow","max-snippet":"max-snippet:-1","max-image-preview":"max-image-preview:large","max-video-preview":"max-video-preview:-1"},"canonical":"https:\/\/www.stoelzle.com\/beauty\/fr\/presentation-du-produit\/","og_locale":"fr_FR","og_type":"article","og_title":"Packaging en verre pour la cosm\u00e9tique haut de gamme \u00bb contenants en verre fantaisie I Stoelzle","og_description":"D\u00e9couvrez nos produits cosm\u00e9tiques premium \u2713 flacons de parfum et contenants pour la cosm\u00e9tique de luxe \u2713 contenant en verre pour la cosm\u00e9tique \u2713 miniatures \u2713","og_url":"https:\/\/www.stoelzle.com\/beauty\/fr\/presentation-du-produit\/","og_site_name":"Stoelzle Beauty \u2013 Perfumery &amp; Cosmetics","article_modified_time":"2021-03-15T08:37:54+00:00","twitter_card":"summary_large_image","twitter_misc":{"Dur\u00e9e de lecture estim\u00e9e":"1 minute"},"schema":{"@context":"https:\/\/schema.org","@graph":[{"@type":"WebPage","@id":"https:\/\/www.stoelzle.com\/beauty\/fr\/presentation-du-produit\/","url":"https:\/\/www.stoelzle.com\/beauty\/fr\/presentation-du-produit\/","name":"Packaging en verre pour la cosm\u00e9tique haut de gamme \u00bb contenants en verre fantaisie I Stoelzle","isPartOf":{"@id":"https:\/\/www.stoelzle.com\/beauty\/#website"},"datePublished":"2021-01-29T16:55:53+00:00","dateModified":"2021-03-15T08:37:54+00:00","description":"D\u00e9couvrez nos produits cosm\u00e9tiques premium \u2713 flacons de parfum et contenants pour la cosm\u00e9tique de luxe \u2713 contenant en verre pour la cosm\u00e9tique \u2713 miniatures \u2713","breadcrumb":{"@id":"https:\/\/www.stoelzle.com\/beauty\/fr\/presentation-du-produit\/#breadcrumb"},"inLanguage":"fr-FR","potentialAction":[{"@type":"ReadAction","target":["https:\/\/www.stoelzle.com\/beauty\/fr\/presentation-du-produit\/"]}]},{"@type":"BreadcrumbList","@id":"https:\/\/www.stoelzle.com\/beauty\/fr\/presentation-du-produit\/#breadcrumb","itemListElement":[{"@type":"ListItem","position":1,"name":"Home","item":"https:\/\/www.stoelzle.com"},{"@type":"ListItem","position":2,"name":"Perfumery &amp; Cosmetics","item":"https:\/\/www.stoelzle.com\/beauty\/fr\/"},{"@type":"ListItem","position":3,"name":"Pr\u00e9sentation du produit"}]},{"@type":"WebSite","@id":"https:\/\/www.stoelzle.com\/beauty\/#website","url":"https:\/\/www.stoelzle.com\/beauty\/","name":"Stoelzle Beauty \u2013 Perfumery &amp; Cosmetics","description":"","publisher":{"@id":"https:\/\/www.stoelzle.com\/beauty\/#organization"},"potentialAction":[{"@type":"SearchAction","target":{"@type":"EntryPoint","urlTemplate":"https:\/\/www.stoelzle.com\/beauty\/?s={search_term_string}"},"query-input":{"@type":"PropertyValueSpecification","valueRequired":true,"valueName":"search_term_string"}}],"inLanguage":"fr-FR"},{"@type":"Organization","@id":"https:\/\/www.stoelzle.com\/beauty\/#organization","name":"Stoelzle Beauty - Perfumery & Cosmetics","url":"https:\/\/www.stoelzle.com\/beauty\/","logo":{"@type":"ImageObject","inLanguage":"fr-FR","@id":"https:\/\/www.stoelzle.com\/beauty\/#\/schema\/logo\/image\/","url":"https:\/\/www.stoelzle.com\/beauty\/wp-content\/uploads\/sites\/4\/2021\/03\/logo_beauty.svg","contentUrl":"https:\/\/www.stoelzle.com\/beauty\/wp-content\/uploads\/sites\/4\/2021\/03\/logo_beauty.svg","width":173,"height":40,"caption":"Stoelzle Beauty - Perfumery & Cosmetics"},"image":{"@id":"https:\/\/www.stoelzle.com\/beauty\/#\/schema\/logo\/image\/"}}]}},"_links":{"self":[{"href":"https:\/\/www.stoelzle.com\/beauty\/fr\/wp-json\/wp\/v2\/pages\/1642","targetHints":{"allow":["GET"]}}],"collection":[{"href":"https:\/\/www.stoelzle.com\/beauty\/fr\/wp-json\/wp\/v2\/pages"}],"about":[{"href":"https:\/\/www.stoelzle.com\/beauty\/fr\/wp-json\/wp\/v2\/types\/page"}],"author":[{"embeddable":true,"href":"https:\/\/www.stoelzle.com\/beauty\/fr\/wp-json\/wp\/v2\/users\/1"}],"replies":[{"embeddable":true,"href":"https:\/\/www.stoelzle.com\/beauty\/fr\/wp-json\/wp\/v2\/comments?post=1642"}],"version-history":[{"count":0,"href":"https:\/\/www.stoelzle.com\/beauty\/fr\/wp-json\/wp\/v2\/pages\/1642\/revisions"}],"wp:attachment":[{"href":"https:\/\/www.stoelzle.com\/beauty\/fr\/wp-json\/wp\/v2\/media?parent=1642"}],"curies":[{"name":"wp","href":"https:\/\/api.w.org\/{rel}","templated":true}]}}