{"id":1638,"date":"2021-01-29T16:55:53","date_gmt":"2021-01-29T16:55:53","guid":{"rendered":"https:\/\/stoelzle.com\/beauty\/about-us\/history\/"},"modified":"2021-03-22T08:42:43","modified_gmt":"2021-03-22T08:42:43","slug":"historique","status":"publish","type":"page","link":"https:\/\/www.stoelzle.com\/beauty\/fr\/societe\/historique\/","title":{"rendered":"Historique"},"content":{"rendered":"<div class=\"wpb-content-wrapper\"><p>[vc_row][vc_column]<div class=\"vc-title   text-center\">\n              <div class=\"topline\">200 ans d'exp\u00e9rience<\/div>\n              <h1 class=\"title position-relative separator\">Historique<\/h1>\n              <div class=\"row\"><div class=\"col-md-10 offset-md-1\"><\/p>\n<p class=\"large-text\">La Verrerie de Masni\u00e8res a vu le jour en 1818. De nombreuses entreprises se sont succ\u00e9d\u00e9es pendant toutes ces ann\u00e9es avec la fabrication de plusieurs types de produits. Depuis plusieurs d\u00e9cennies, Masni\u00e8res est sp\u00e9cialis\u00e9e dans la fabrication d&#8217;emballage en verre pour la parfumerie et la cosm\u00e9tique de Luxe avec un excellent savoir-faire.<\/p>\n<p><\/div><\/div>\n            <\/div>[\/vc_column][\/vc_row][vc_row full_width=&#8221;stretch_row_content_no_spaces&#8221;][vc_column]<div class=\"vc-two-columns  \">\n                <div class=\"row\">\n                    <div class=\"col-sm-6 bg-gray image-left\"><img loading=\"lazy\" decoding=\"async\" width=\"1024\" height=\"666\" src=\"https:\/\/www.stoelzle.com\/beauty\/wp-content\/uploads\/sites\/4\/2021\/02\/history-stm-200-years-1024x666.jpg\" class=\"w-100 h-100 cover\" alt=\"People celebrating the 200th anniversary of the french plant\" srcset=\"https:\/\/www.stoelzle.com\/beauty\/wp-content\/uploads\/sites\/4\/2021\/02\/history-stm-200-years-1024x666.jpg 1024w, https:\/\/www.stoelzle.com\/beauty\/wp-content\/uploads\/sites\/4\/2021\/02\/history-stm-200-years-480x312.jpg 480w, https:\/\/www.stoelzle.com\/beauty\/wp-content\/uploads\/sites\/4\/2021\/02\/history-stm-200-years-1536x998.jpg 1536w, https:\/\/www.stoelzle.com\/beauty\/wp-content\/uploads\/sites\/4\/2021\/02\/history-stm-200-years-992x645.jpg 992w, https:\/\/www.stoelzle.com\/beauty\/wp-content\/uploads\/sites\/4\/2021\/02\/history-stm-200-years-600x390.jpg 600w, https:\/\/www.stoelzle.com\/beauty\/wp-content\/uploads\/sites\/4\/2021\/02\/history-stm-200-years.jpg 2000w\" sizes=\"auto, (max-width: 1024px) 100vw, 1024px\" \/><\/div>\n                    <div class=\"col-sm-6 bg-gray image-left\"><div class=\"column-content h-100 d-flex flex-column justify-content-center\"><\/p>\n<h2>Les 200 ans de Stoelzle Masni\u00e8res Parfumerie<\/h2>\n<p>En 2018, le verrier sp\u00e9cialis\u00e9 dans les flacons en verre haut de gamme pour parfums et cosm\u00e9tiques a f\u00eat\u00e9 ses 200 ans. \u00c0 cette occasion, Stoelzle Masni\u00e8res Parfumerie a re\u00e7u le label Entreprise du Patrimoine Vivant (EPV), une marque de reconnaissance des entreprises fran\u00e7aises bas\u00e9e sur l&#8217;excellence de leur savoir-faire traditionnel et industriel. Situ\u00e9e dans le Nord de la France, l&#8217;entreprise fait partie du groupe Stoelzle Glass, qui investit continuellement dans la modernisation de la production du verre et de la d\u00e9coration fran\u00e7aises depuis l&#8217;acquisition en 2013.<\/p>\n<p><img loading=\"lazy\" decoding=\"async\" class=\"alignnone wp-image-170\" title=\"logo des 200 ans STM\" src=\"https:\/\/www.stoelzle.com\/beauty\/wp-content\/uploads\/sites\/4\/2021\/02\/history-stm-masnieres-200-years-480x308.png\" alt=\"logo des 200 ans\" width=\"142\" height=\"91\" srcset=\"https:\/\/www.stoelzle.com\/beauty\/wp-content\/uploads\/sites\/4\/2021\/02\/history-stm-masnieres-200-years-480x308.png 480w, https:\/\/www.stoelzle.com\/beauty\/wp-content\/uploads\/sites\/4\/2021\/02\/history-stm-masnieres-200-years-1024x658.png 1024w, https:\/\/www.stoelzle.com\/beauty\/wp-content\/uploads\/sites\/4\/2021\/02\/history-stm-masnieres-200-years-1536x987.png 1536w, https:\/\/www.stoelzle.com\/beauty\/wp-content\/uploads\/sites\/4\/2021\/02\/history-stm-masnieres-200-years-2048x1316.png 2048w, https:\/\/www.stoelzle.com\/beauty\/wp-content\/uploads\/sites\/4\/2021\/02\/history-stm-masnieres-200-years-992x637.png 992w, https:\/\/www.stoelzle.com\/beauty\/wp-content\/uploads\/sites\/4\/2021\/02\/history-stm-masnieres-200-years-2000x1285.png 2000w, https:\/\/www.stoelzle.com\/beauty\/wp-content\/uploads\/sites\/4\/2021\/02\/history-stm-masnieres-200-years-600x386.png 600w\" sizes=\"auto, (max-width: 142px) 100vw, 142px\" \/><\/div><\/div>\n                <\/div>\n            <\/div>[\/vc_column][\/vc_row][vc_row][vc_column width=&#8221;1\/6&#8243;][\/vc_column][vc_column width=&#8221;2\/3&#8243;]<div class=\"vc-spacer spacing-bottom-m\"><\/div>[vc_column_text]<\/p>\n<table class=\"editor-history\" border=\"0\" width=\"100%\">\n<tbody>\n<tr>\n<td width=\"10%\">1818<\/td>\n<td width=\"90%\">La verrerie de Masnieres est fond\u00e9e par M. Boulanger.<\/td>\n<\/tr>\n<tr>\n<td>1835<\/td>\n<td>M. Varenghien rach\u00e8te la soci\u00e9t\u00e9 et d\u00e9veloppe la production industrielle (cloche en verre pour jardin et bouteilles).<\/td>\n<\/tr>\n<tr>\n<td>1850<\/td>\n<td>M. Leroy Soyez rach\u00e8te l&#8217;entreprise, d\u00e9veloppe un nouveau type de moule pour les bouteilles de bi\u00e8re et obtient les brevets.<\/td>\n<\/tr>\n<tr>\n<td>1861<\/td>\n<td>La famille Millet Bricout acquiert la soci\u00e9t\u00e9 et d\u00e9veloppe la production industrielle pour la pharmacie et le verre en feeder rouge.<\/td>\n<\/tr>\n<tr>\n<td>1920<\/td>\n<td>M. Souchon devient actionnaire.<\/td>\n<\/tr>\n<tr>\n<td>1924<\/td>\n<td>Arriv\u00e9e de l&#8217;\u00e9lectricit\u00e9 qui va r\u00e9volutionner la production industrielle.<\/td>\n<\/tr>\n<tr>\n<td>1929<\/td>\n<td>Disparition de la profession de souffleur de verre.<\/td>\n<\/tr>\n<tr>\n<td>1957<\/td>\n<td>M. Souchon devient l&#8217;actionnaire principal ; Cr\u00e9ation d&#8217;une nouvelle soci\u00e9t\u00e9 Nord Verre par la fusion de 3 sites de production de verre (Reims, Masnieres et Fourmies).<\/td>\n<\/tr>\n<tr>\n<td>1964<\/td>\n<td>La soci\u00e9t\u00e9 verri\u00e8re Souchon-Neuvesel rach\u00e8te la soci\u00e9t\u00e9 Nord Verre.<\/td>\n<\/tr>\n<tr>\n<td>1966<\/td>\n<td>Nouvelle raison sociale B.S.N. (Boussois Souchon Neuvesel).<\/td>\n<\/tr>\n<tr>\n<td>1994<\/td>\n<td>Fusion de la soci\u00e9t\u00e9 BSN et de Bormioli Rocco.<\/td>\n<\/tr>\n<tr>\n<td>2013<\/td>\n<td>Acquisition de Stoelzle Masni\u00e8res SAS et Stoelzle Masni\u00e8res D\u00e9coration SAS, France, par Stoelzle Glass Group.<\/td>\n<\/tr>\n<tr>\n<td>2015<\/td>\n<td>Les sites fran\u00e7ais de Stoelzle ont \u00e9t\u00e9 renomm\u00e9s Stoelzle Masni\u00e8res Parfumerie SAS &amp; Stoelzle Masni\u00e8res Parfumerie D\u00e9coration SAS.<\/td>\n<\/tr>\n<tr>\n<td>2018<\/td>\n<td>200 ans de Stoelzle Masni\u00e8res Parfumerie SAS ; Cet \u00e9v\u00e9nement a \u00e9t\u00e9 c\u00e9l\u00e9br\u00e9 par plusieurs manifestations.<\/td>\n<\/tr>\n<tr>\n<td>2020<\/td>\n<td>Reconstruction du four et ajout d&#8217;une 5\u00e8me ligne.<\/td>\n<\/tr>\n<\/tbody>\n<\/table>\n<p>[\/vc_column_text][\/vc_column][vc_column width=&#8221;1\/6&#8243;][\/vc_column][\/vc_row][vc_row][vc_column]<div id=\"id-gallery\" class=\"vc-gallery spacing-top-s spacing-bottom-m\"><div class=\"row vc-gallery-slider\"><a  href=\"https:\/\/www.stoelzle.com\/beauty\/wp-content\/uploads\/sites\/4\/2021\/02\/history-masnieres-canal.jpg\"  class=\"vc-gallery-item mb-4 style-1 col-sm-6 col-md-4 col-lg-3\">\n                  <div class=\"vc-gallery-image darken-20\"><img decoding=\"async\" class=\"img-fluid\" src=\"https:\/\/www.stoelzle.com\/beauty\/wp-content\/uploads\/sites\/4\/2021\/02\/history-masnieres-canal-800x800.jpg\" alt=\"Historic picture of canal near plant\"><\/div>\n                  <div class=\"vc-gallery-content\"><div class=\"vc-gallery-title\">Masni\u00e8res Canal<\/div><\/div>\n                <\/a><a  href=\"https:\/\/www.stoelzle.com\/beauty\/wp-content\/uploads\/sites\/4\/2021\/02\/history-weaving-1925.jpg\"  class=\"vc-gallery-item mb-4 style-1 col-sm-6 col-md-4 col-lg-3\">\n                  <div class=\"vc-gallery-image darken-20\"><img decoding=\"async\" class=\"img-fluid\" src=\"https:\/\/www.stoelzle.com\/beauty\/wp-content\/uploads\/sites\/4\/2021\/02\/history-weaving-1925-800x800.jpg\" alt=\"Historic picutre of weaving from 1925\"><\/div>\n                  <div class=\"vc-gallery-content\"><div class=\"vc-gallery-title\">1925<\/div><\/div>\n                <\/a><a  href=\"https:\/\/www.stoelzle.com\/beauty\/wp-content\/uploads\/sites\/4\/2021\/02\/history-stm-commemoration-millet-boivin-1949.jpg\"  class=\"vc-gallery-item mb-4 style-1 col-sm-6 col-md-4 col-lg-3\">\n                  <div class=\"vc-gallery-image darken-20\"><img decoding=\"async\" class=\"img-fluid\" src=\"https:\/\/www.stoelzle.com\/beauty\/wp-content\/uploads\/sites\/4\/2021\/02\/history-stm-commemoration-millet-boivin-1949-800x800.jpg\" alt=\"Historic picutre of commemoration from 1949\"><\/div>\n                  <div class=\"vc-gallery-content\"><div class=\"vc-gallery-title\">1949<\/div><\/div>\n                <\/a><a  href=\"https:\/\/www.stoelzle.com\/beauty\/wp-content\/uploads\/sites\/4\/2021\/02\/history-stm-commemoration-1949.jpg\"  class=\"vc-gallery-item mb-4 style-1 col-sm-6 col-md-4 col-lg-3\">\n                  <div class=\"vc-gallery-image darken-20\"><img decoding=\"async\" class=\"img-fluid\" src=\"https:\/\/www.stoelzle.com\/beauty\/wp-content\/uploads\/sites\/4\/2021\/02\/history-stm-commemoration-1949-800x800.jpg\" alt=\"Historic picutre of commemoration from 1949\"><\/div>\n                  <div class=\"vc-gallery-content\"><div class=\"vc-gallery-title\">1949<\/div><\/div>\n                <\/a><a  href=\"https:\/\/www.stoelzle.com\/beauty\/wp-content\/uploads\/sites\/4\/2021\/02\/history-stm-1970.jpg\"  class=\"vc-gallery-item mb-4 style-1 col-sm-6 col-md-4 col-lg-3\">\n                  <div class=\"vc-gallery-image darken-20\"><img decoding=\"async\" class=\"img-fluid\" src=\"https:\/\/www.stoelzle.com\/beauty\/wp-content\/uploads\/sites\/4\/2021\/02\/history-stm-1970-800x800.jpg\" alt=\"Historic picture of STM plant from 1970\"><\/div>\n                  <div class=\"vc-gallery-content\"><div class=\"vc-gallery-title\">1970<\/div><\/div>\n                <\/a><a  href=\"https:\/\/www.stoelzle.com\/beauty\/wp-content\/uploads\/sites\/4\/2021\/02\/history-masnieres-main-street-1908.jpg\"  class=\"vc-gallery-item mb-4 style-1 col-sm-6 col-md-4 col-lg-3\">\n                  <div class=\"vc-gallery-image darken-20\"><img decoding=\"async\" class=\"img-fluid\" src=\"https:\/\/www.stoelzle.com\/beauty\/wp-content\/uploads\/sites\/4\/2021\/02\/history-masnieres-main-street-1908-800x800.jpg\" alt=\"Historic picture of masniers main street from 1908\"><\/div>\n                  <div class=\"vc-gallery-content\"><div class=\"vc-gallery-title\">1908<\/div><\/div>\n                <\/a><a  href=\"https:\/\/www.stoelzle.com\/beauty\/wp-content\/uploads\/sites\/4\/2021\/02\/history-masnieres-1918.jpg\"  class=\"vc-gallery-item mb-4 style-1 col-sm-6 col-md-4 col-lg-3\">\n                  <div class=\"vc-gallery-image darken-20\"><img decoding=\"async\" class=\"img-fluid\" src=\"https:\/\/www.stoelzle.com\/beauty\/wp-content\/uploads\/sites\/4\/2021\/02\/history-masnieres-1918-800x800.jpg\" alt=\"Historic picture of plant from 1918\"><\/div>\n                  <div class=\"vc-gallery-content\"><div class=\"vc-gallery-title\">1918<\/div><\/div>\n                <\/a><a  href=\"https:\/\/www.stoelzle.com\/beauty\/wp-content\/uploads\/sites\/4\/2021\/02\/history-masnieres-1910.jpg\"  class=\"vc-gallery-item mb-4 style-1 col-sm-6 col-md-4 col-lg-3\">\n                  <div class=\"vc-gallery-image darken-20\"><img decoding=\"async\" class=\"img-fluid\" src=\"https:\/\/www.stoelzle.com\/beauty\/wp-content\/uploads\/sites\/4\/2021\/02\/history-masnieres-1910-800x800.jpg\" alt=\"Historic picture of plant from 1910\"><\/div>\n                  <div class=\"vc-gallery-content\"><div class=\"vc-gallery-title\">1910<\/div><\/div>\n                <\/a><a  href=\"https:\/\/www.stoelzle.com\/beauty\/wp-content\/uploads\/sites\/4\/2021\/02\/history-glass-worker-1909.jpg\"  class=\"vc-gallery-item mb-4 style-1 col-sm-6 col-md-4 col-lg-3\">\n                  <div class=\"vc-gallery-image darken-20\"><img decoding=\"async\" class=\"img-fluid\" src=\"https:\/\/www.stoelzle.com\/beauty\/wp-content\/uploads\/sites\/4\/2021\/02\/history-glass-worker-1909-800x800.jpg\" alt=\"Historic picture of glass worker from 1909\"><\/div>\n                  <div class=\"vc-gallery-content\"><div class=\"vc-gallery-title\">1909<\/div><\/div>\n                <\/a><a  href=\"https:\/\/www.stoelzle.com\/beauty\/wp-content\/uploads\/sites\/4\/2021\/02\/history-glass-furnace-1913.jpg\"  class=\"vc-gallery-item mb-4 style-1 col-sm-6 col-md-4 col-lg-3\">\n                  <div class=\"vc-gallery-image darken-20\"><img decoding=\"async\" class=\"img-fluid\" src=\"https:\/\/www.stoelzle.com\/beauty\/wp-content\/uploads\/sites\/4\/2021\/02\/history-glass-furnace-1913-800x800.jpg\" alt=\"Historic picture of glass furnace from 1913\"><\/div>\n                  <div class=\"vc-gallery-content\"><div class=\"vc-gallery-title\">1913<\/div><\/div>\n                <\/a><\/div><div class=\"mt-4\"><div class=\"row\"><div class=\"col content-slider-arrows text-center\"><\/div><\/div><\/div><\/div>\n      <script async>\n        jQuery(document).ready(function($) {\n          jQuery(\"#id-gallery .vc-gallery-slider\").slick({\n            slidesToShow: 4,\n            prevArrow: \"<span class=\\\"d-inline-block slick-arrow slick-arrow-prev\\\"><\/span>\",\n            nextArrow: \"<span class=\\\"d-inline-block slick-arrow slick-arrow-next\\\"><\/span>\",\n            appendArrows: $(\"#id-gallery .content-slider-arrows\"),\n            adaptiveHeight: true,\n            responsive: [\n              {\n                breakpoint: 1024,\n                settings: {\n                  slidesToShow: 2\n                }\n              },\n              {\n                breakpoint: 768,\n                settings: {\n                  slidesToShow: 1\n                }\n              },\n            ]\n          });\n        });\n      <\/script>\n        <script async>\n        jQuery(document).ready(function($) {\n          jQuery(\"#id-gallery a\").simpleLightbox({uniqueImages: false});\n        });\n        <\/script>\n      [\/vc_column][\/vc_row]<\/p>\n<\/div>","protected":false},"excerpt":{"rendered":"<p>[vc_row][vc_column][\/vc_column][\/vc_row][vc_row full_width=&#8221;stretch_row_content_no_spaces&#8221;][vc_column][\/vc_column][\/vc_row][vc_row][vc_column width=&#8221;1\/6&#8243;][\/vc_column][vc_column width=&#8221;2\/3&#8243;][vc_column_text] 1818 La verrerie de Masnieres est fond\u00e9e par M. Boulanger. 1835 M. Varenghien rach\u00e8te la soci\u00e9t\u00e9 et d\u00e9veloppe la production industrielle (cloche en verre pour jardin et bouteilles). 1850 M. Leroy Soyez rach\u00e8te l&#8217;entreprise, d\u00e9veloppe un nouveau type de moule pour les bouteilles de bi\u00e8re et obtient les brevets. 1861 La [&hellip;]<\/p>\n","protected":false},"author":1,"featured_media":0,"parent":1626,"menu_order":60,"comment_status":"closed","ping_status":"closed","template":"","meta":{"_acf_changed":false,"footnotes":""},"class_list":["post-1638","page","type-page","status-publish","hentry"],"acf":[],"yoast_head":"<!-- This site is optimized with the Yoast SEO plugin v26.6 - https:\/\/yoast.com\/wordpress\/plugins\/seo\/ -->\n<title>Histoire de Stoelzle Masni\u00e8res<\/title>\n<meta name=\"description\" content=\"La verrerie de Masni\u00e8res existe depuis 1818 ; elle est sp\u00e9cialis\u00e9e dans la fabrication d\u2019emballage en verre pour la parfumerie et la cosm\u00e9tique de Luxe\" \/>\n<meta name=\"robots\" content=\"index, follow, max-snippet:-1, max-image-preview:large, max-video-preview:-1\" \/>\n<link rel=\"canonical\" href=\"https:\/\/www.stoelzle.com\/beauty\/fr\/societe\/historique\/\" \/>\n<meta property=\"og:locale\" content=\"fr_FR\" \/>\n<meta property=\"og:type\" content=\"article\" \/>\n<meta property=\"og:title\" content=\"Histoire de Stoelzle Masni\u00e8res\" \/>\n<meta property=\"og:description\" content=\"La verrerie de Masni\u00e8res existe depuis 1818 ; elle est sp\u00e9cialis\u00e9e dans la fabrication d\u2019emballage en verre pour la parfumerie et la cosm\u00e9tique de Luxe\" \/>\n<meta property=\"og:url\" content=\"https:\/\/www.stoelzle.com\/beauty\/fr\/societe\/historique\/\" \/>\n<meta property=\"og:site_name\" content=\"Stoelzle Beauty \u2013 Perfumery &amp; Cosmetics\" \/>\n<meta property=\"article:modified_time\" content=\"2021-03-22T08:42:43+00:00\" \/>\n<meta property=\"og:image\" content=\"https:\/\/www.stoelzle.com\/beauty\/wp-content\/uploads\/sites\/4\/2021\/02\/history-stm-masnieres-200-years-480x308.png\" \/>\n<meta name=\"twitter:card\" content=\"summary_large_image\" \/>\n<meta name=\"twitter:label1\" content=\"Dur\u00e9e de lecture estim\u00e9e\" \/>\n\t<meta name=\"twitter:data1\" content=\"2 minutes\" \/>\n<script type=\"application\/ld+json\" class=\"yoast-schema-graph\">{\"@context\":\"https:\/\/schema.org\",\"@graph\":[{\"@type\":\"WebPage\",\"@id\":\"https:\/\/www.stoelzle.com\/beauty\/fr\/societe\/historique\/\",\"url\":\"https:\/\/www.stoelzle.com\/beauty\/fr\/societe\/historique\/\",\"name\":\"Histoire de Stoelzle Masni\u00e8res\",\"isPartOf\":{\"@id\":\"https:\/\/www.stoelzle.com\/beauty\/#website\"},\"primaryImageOfPage\":{\"@id\":\"https:\/\/www.stoelzle.com\/beauty\/fr\/societe\/historique\/#primaryimage\"},\"image\":{\"@id\":\"https:\/\/www.stoelzle.com\/beauty\/fr\/societe\/historique\/#primaryimage\"},\"thumbnailUrl\":\"https:\/\/www.stoelzle.com\/beauty\/wp-content\/uploads\/sites\/4\/2021\/02\/history-stm-masnieres-200-years-480x308.png\",\"datePublished\":\"2021-01-29T16:55:53+00:00\",\"dateModified\":\"2021-03-22T08:42:43+00:00\",\"description\":\"La verrerie de Masni\u00e8res existe depuis 1818 ; elle est sp\u00e9cialis\u00e9e dans la fabrication d\u2019emballage en verre pour la parfumerie et la cosm\u00e9tique de Luxe\",\"breadcrumb\":{\"@id\":\"https:\/\/www.stoelzle.com\/beauty\/fr\/societe\/historique\/#breadcrumb\"},\"inLanguage\":\"fr-FR\",\"potentialAction\":[{\"@type\":\"ReadAction\",\"target\":[\"https:\/\/www.stoelzle.com\/beauty\/fr\/societe\/historique\/\"]}]},{\"@type\":\"ImageObject\",\"inLanguage\":\"fr-FR\",\"@id\":\"https:\/\/www.stoelzle.com\/beauty\/fr\/societe\/historique\/#primaryimage\",\"url\":\"https:\/\/www.stoelzle.com\/beauty\/wp-content\/uploads\/sites\/4\/2021\/02\/history-stm-masnieres-200-years-480x308.png\",\"contentUrl\":\"https:\/\/www.stoelzle.com\/beauty\/wp-content\/uploads\/sites\/4\/2021\/02\/history-stm-masnieres-200-years-480x308.png\"},{\"@type\":\"BreadcrumbList\",\"@id\":\"https:\/\/www.stoelzle.com\/beauty\/fr\/societe\/historique\/#breadcrumb\",\"itemListElement\":[{\"@type\":\"ListItem\",\"position\":1,\"name\":\"Home\",\"item\":\"https:\/\/www.stoelzle.com\"},{\"@type\":\"ListItem\",\"position\":2,\"name\":\"Perfumery &amp; Cosmetics\",\"item\":\"https:\/\/www.stoelzle.com\/beauty\/fr\/\"},{\"@type\":\"ListItem\",\"position\":3,\"name\":\"Soci\u00e9t\u00e9\",\"item\":\"https:\/\/www.stoelzle.com\/beauty\/fr\/societe\/\"},{\"@type\":\"ListItem\",\"position\":4,\"name\":\"Historique\"}]},{\"@type\":\"WebSite\",\"@id\":\"https:\/\/www.stoelzle.com\/beauty\/#website\",\"url\":\"https:\/\/www.stoelzle.com\/beauty\/\",\"name\":\"Stoelzle Beauty \u2013 Perfumery &amp; Cosmetics\",\"description\":\"\",\"publisher\":{\"@id\":\"https:\/\/www.stoelzle.com\/beauty\/#organization\"},\"potentialAction\":[{\"@type\":\"SearchAction\",\"target\":{\"@type\":\"EntryPoint\",\"urlTemplate\":\"https:\/\/www.stoelzle.com\/beauty\/?s={search_term_string}\"},\"query-input\":{\"@type\":\"PropertyValueSpecification\",\"valueRequired\":true,\"valueName\":\"search_term_string\"}}],\"inLanguage\":\"fr-FR\"},{\"@type\":\"Organization\",\"@id\":\"https:\/\/www.stoelzle.com\/beauty\/#organization\",\"name\":\"Stoelzle Beauty - Perfumery & Cosmetics\",\"url\":\"https:\/\/www.stoelzle.com\/beauty\/\",\"logo\":{\"@type\":\"ImageObject\",\"inLanguage\":\"fr-FR\",\"@id\":\"https:\/\/www.stoelzle.com\/beauty\/#\/schema\/logo\/image\/\",\"url\":\"https:\/\/www.stoelzle.com\/beauty\/wp-content\/uploads\/sites\/4\/2021\/03\/logo_beauty.svg\",\"contentUrl\":\"https:\/\/www.stoelzle.com\/beauty\/wp-content\/uploads\/sites\/4\/2021\/03\/logo_beauty.svg\",\"width\":173,\"height\":40,\"caption\":\"Stoelzle Beauty - Perfumery & Cosmetics\"},\"image\":{\"@id\":\"https:\/\/www.stoelzle.com\/beauty\/#\/schema\/logo\/image\/\"}}]}<\/script>\n<!-- \/ Yoast SEO plugin. -->","yoast_head_json":{"title":"Histoire de Stoelzle Masni\u00e8res","description":"La verrerie de Masni\u00e8res existe depuis 1818 ; elle est sp\u00e9cialis\u00e9e dans la fabrication d\u2019emballage en verre pour la parfumerie et la cosm\u00e9tique de Luxe","robots":{"index":"index","follow":"follow","max-snippet":"max-snippet:-1","max-image-preview":"max-image-preview:large","max-video-preview":"max-video-preview:-1"},"canonical":"https:\/\/www.stoelzle.com\/beauty\/fr\/societe\/historique\/","og_locale":"fr_FR","og_type":"article","og_title":"Histoire de Stoelzle Masni\u00e8res","og_description":"La verrerie de Masni\u00e8res existe depuis 1818 ; elle est sp\u00e9cialis\u00e9e dans la fabrication d\u2019emballage en verre pour la parfumerie et la cosm\u00e9tique de Luxe","og_url":"https:\/\/www.stoelzle.com\/beauty\/fr\/societe\/historique\/","og_site_name":"Stoelzle Beauty \u2013 Perfumery &amp; Cosmetics","article_modified_time":"2021-03-22T08:42:43+00:00","og_image":[{"url":"https:\/\/www.stoelzle.com\/beauty\/wp-content\/uploads\/sites\/4\/2021\/02\/history-stm-masnieres-200-years-480x308.png","type":"","width":"","height":""}],"twitter_card":"summary_large_image","twitter_misc":{"Dur\u00e9e de lecture estim\u00e9e":"2 minutes"},"schema":{"@context":"https:\/\/schema.org","@graph":[{"@type":"WebPage","@id":"https:\/\/www.stoelzle.com\/beauty\/fr\/societe\/historique\/","url":"https:\/\/www.stoelzle.com\/beauty\/fr\/societe\/historique\/","name":"Histoire de Stoelzle Masni\u00e8res","isPartOf":{"@id":"https:\/\/www.stoelzle.com\/beauty\/#website"},"primaryImageOfPage":{"@id":"https:\/\/www.stoelzle.com\/beauty\/fr\/societe\/historique\/#primaryimage"},"image":{"@id":"https:\/\/www.stoelzle.com\/beauty\/fr\/societe\/historique\/#primaryimage"},"thumbnailUrl":"https:\/\/www.stoelzle.com\/beauty\/wp-content\/uploads\/sites\/4\/2021\/02\/history-stm-masnieres-200-years-480x308.png","datePublished":"2021-01-29T16:55:53+00:00","dateModified":"2021-03-22T08:42:43+00:00","description":"La verrerie de Masni\u00e8res existe depuis 1818 ; elle est sp\u00e9cialis\u00e9e dans la fabrication d\u2019emballage en verre pour la parfumerie et la cosm\u00e9tique de Luxe","breadcrumb":{"@id":"https:\/\/www.stoelzle.com\/beauty\/fr\/societe\/historique\/#breadcrumb"},"inLanguage":"fr-FR","potentialAction":[{"@type":"ReadAction","target":["https:\/\/www.stoelzle.com\/beauty\/fr\/societe\/historique\/"]}]},{"@type":"ImageObject","inLanguage":"fr-FR","@id":"https:\/\/www.stoelzle.com\/beauty\/fr\/societe\/historique\/#primaryimage","url":"https:\/\/www.stoelzle.com\/beauty\/wp-content\/uploads\/sites\/4\/2021\/02\/history-stm-masnieres-200-years-480x308.png","contentUrl":"https:\/\/www.stoelzle.com\/beauty\/wp-content\/uploads\/sites\/4\/2021\/02\/history-stm-masnieres-200-years-480x308.png"},{"@type":"BreadcrumbList","@id":"https:\/\/www.stoelzle.com\/beauty\/fr\/societe\/historique\/#breadcrumb","itemListElement":[{"@type":"ListItem","position":1,"name":"Home","item":"https:\/\/www.stoelzle.com"},{"@type":"ListItem","position":2,"name":"Perfumery &amp; Cosmetics","item":"https:\/\/www.stoelzle.com\/beauty\/fr\/"},{"@type":"ListItem","position":3,"name":"Soci\u00e9t\u00e9","item":"https:\/\/www.stoelzle.com\/beauty\/fr\/societe\/"},{"@type":"ListItem","position":4,"name":"Historique"}]},{"@type":"WebSite","@id":"https:\/\/www.stoelzle.com\/beauty\/#website","url":"https:\/\/www.stoelzle.com\/beauty\/","name":"Stoelzle Beauty \u2013 Perfumery &amp; Cosmetics","description":"","publisher":{"@id":"https:\/\/www.stoelzle.com\/beauty\/#organization"},"potentialAction":[{"@type":"SearchAction","target":{"@type":"EntryPoint","urlTemplate":"https:\/\/www.stoelzle.com\/beauty\/?s={search_term_string}"},"query-input":{"@type":"PropertyValueSpecification","valueRequired":true,"valueName":"search_term_string"}}],"inLanguage":"fr-FR"},{"@type":"Organization","@id":"https:\/\/www.stoelzle.com\/beauty\/#organization","name":"Stoelzle Beauty - Perfumery & Cosmetics","url":"https:\/\/www.stoelzle.com\/beauty\/","logo":{"@type":"ImageObject","inLanguage":"fr-FR","@id":"https:\/\/www.stoelzle.com\/beauty\/#\/schema\/logo\/image\/","url":"https:\/\/www.stoelzle.com\/beauty\/wp-content\/uploads\/sites\/4\/2021\/03\/logo_beauty.svg","contentUrl":"https:\/\/www.stoelzle.com\/beauty\/wp-content\/uploads\/sites\/4\/2021\/03\/logo_beauty.svg","width":173,"height":40,"caption":"Stoelzle Beauty - Perfumery & Cosmetics"},"image":{"@id":"https:\/\/www.stoelzle.com\/beauty\/#\/schema\/logo\/image\/"}}]}},"_links":{"self":[{"href":"https:\/\/www.stoelzle.com\/beauty\/fr\/wp-json\/wp\/v2\/pages\/1638","targetHints":{"allow":["GET"]}}],"collection":[{"href":"https:\/\/www.stoelzle.com\/beauty\/fr\/wp-json\/wp\/v2\/pages"}],"about":[{"href":"https:\/\/www.stoelzle.com\/beauty\/fr\/wp-json\/wp\/v2\/types\/page"}],"author":[{"embeddable":true,"href":"https:\/\/www.stoelzle.com\/beauty\/fr\/wp-json\/wp\/v2\/users\/1"}],"replies":[{"embeddable":true,"href":"https:\/\/www.stoelzle.com\/beauty\/fr\/wp-json\/wp\/v2\/comments?post=1638"}],"version-history":[{"count":0,"href":"https:\/\/www.stoelzle.com\/beauty\/fr\/wp-json\/wp\/v2\/pages\/1638\/revisions"}],"up":[{"embeddable":true,"href":"https:\/\/www.stoelzle.com\/beauty\/fr\/wp-json\/wp\/v2\/pages\/1626"}],"wp:attachment":[{"href":"https:\/\/www.stoelzle.com\/beauty\/fr\/wp-json\/wp\/v2\/media?parent=1638"}],"curies":[{"name":"wp","href":"https:\/\/api.w.org\/{rel}","templated":true}]}}