{"id":1634,"date":"2021-01-29T16:55:45","date_gmt":"2021-01-29T16:55:45","guid":{"rendered":"https:\/\/stoelzle.com\/beauty\/about-us\/quality\/"},"modified":"2021-03-08T16:53:54","modified_gmt":"2021-03-08T16:53:54","slug":"qualite","status":"publish","type":"page","link":"https:\/\/www.stoelzle.com\/beauty\/fr\/societe\/qualite\/","title":{"rendered":"Qualit\u00e9"},"content":{"rendered":"<div class=\"wpb-content-wrapper\"><p>[vc_row][vc_column]<div class=\"vc-title   text-center\">\n              <div class=\"topline\">Proc\u00e9d\u00e9s et produits qualifi\u00e9s<\/div>\n              <h1 class=\"title position-relative separator\">Qualit\u00e9<\/h1>\n              <div class=\"row\"><div class=\"col-md-10 offset-md-1\"><\/p>\n<p class=\"large-text\">Stoelzle Masni\u00e8res Parfumerie travaille principalement avec des entreprises de Luxe. Le niveau d&#8217;exigence est donc tr\u00e8s \u00e9lev\u00e9 et nous mettons un point d&#8217;honneur \u00e0 assurer une qualit\u00e9 et une flexibilit\u00e9 de haut niveau constantes.<\/p>\n<p><\/div><\/div>\n            <\/div>[\/vc_column][\/vc_row][vc_row full_width=&#8221;stretch_row_content_no_spaces&#8221;][vc_column]<div id=\"id-0\" class=\"row no-gutters  \">\n        <div class=\"col-sm-6 col-md-4 col-lg-3 \">\n          <div class=\"card card-text theme-light-gray\">\n            \n            <div class=\"card-overlay d-flex flex-column\">\n            <div class=\"sub-headline w-100\">L'\u00e9tat de l'art<\/div>\n            <div class=\"headline h3 w-100\">Syst\u00e8mes de production et de contr\u00f4le qualit\u00e9<\/div>\n            <div class=\"desc w-100\"><p>Des syst\u00e8mes d'inspection hautement sp\u00e9cialis\u00e9s garantissent un contr\u00f4le qualit\u00e9 visuel et m\u00e9canique complet de tous les produits.<\/p><\/div>\n            \n              <div class=\"mt-auto\">\n                \n              <\/div>\n            <\/div>\n          <\/div>\n        <\/div>\n        <div class=\"col-sm-6 col-md-4 col-lg-3 d-block d-md-none d-lg-block\">\n          <div class=\"card no-zoom theme-dark\">\n            \n          <div class=\"card-image position-absolute w-100 h-100\">\n            <img decoding=\"async\" class=\"w-100 h-100\"  src=\"https:\/\/www.stoelzle.com\/beauty\/wp-content\/uploads\/sites\/4\/2021\/02\/quality-control-systems-800x800.jpg\" alt=\"Employee working on the inspection machines\" \/>\n          <\/div>\n            <div class=\"card-overlay d-flex flex-column\">\n            \n            \n            \n            \n              <div class=\"mt-auto\">\n                \n              <\/div>\n            <\/div>\n          <\/div>\n        <\/div>\n        <div class=\"col-sm-6 col-md-4 col-lg-3 \">\n          <a href=\"\/beauty\/fr\/contacter\/\"  class=\"card d-block card-text theme-blue\">\n            \n            <div class=\"card-overlay d-flex flex-column\">\n            <div class=\"sub-headline w-100\">Contact<\/div>\n            <div class=\"headline h3 w-100\">Contactez notre support technique<\/div>\n            \n            \n              <div class=\"mt-auto\">\n                <span class=\"cta big-button arrow\"><\/span>\n              <\/div>\n            <\/div>\n          <\/a>\n        <\/div>\n        <div class=\"col-sm-6 col-md-4 col-lg-3 \">\n          <a href=\"\/beauty\/fr\/telechargements\/\"  class=\"card d-block card-text theme-light-gray\">\n            \n            <div class=\"card-overlay d-flex flex-column\">\n            <div class=\"sub-headline w-100\">T\u00e9l\u00e9chargements<\/div>\n            <div class=\"headline h3 w-100\">Nos certificats<\/div>\n            <div class=\"desc w-100\"><p><ul>\n  <li>ISO 9001:2015 <\/li>\n<\/ul><\/p><\/div>\n            \n              <div class=\"mt-auto\">\n                <span class=\"cta big-button arrow\"><\/span>\n              <\/div>\n            <\/div>\n          <\/a>\n        <\/div><\/div>[\/vc_column][\/vc_row][vc_row][vc_column]<div class=\"vc-spacer spacing-bottom-m\"><\/div>[vc_row_inner content_placement=&#8221;middle&#8221; el_class=&#8221;text-text&#8221;][vc_column_inner width=&#8221;1\/2&#8243;][vc_column_text]<\/p>\n<h2>Stoelzle Gestion de la qualit\u00e9<\/h2>\n<p>Les processus de qualit\u00e9 sont constamment revus. Ils sont g\u00e9r\u00e9s, am\u00e9lior\u00e9s et suivis par les contr\u00f4leurs qualit\u00e9 sous la direction du Responsable Qualit\u00e9 Groupe.<\/p>\n<ul>\n<li><strong>Contr\u00f4le de la qualit\u00e9 :<\/strong> contr\u00f4le de la qualit\u00e9 complet gr\u00e2ce \u00e0 des machines d&#8217;inspection \u00e0 la pointe de la technologie.<\/li>\n<li><strong>Syst\u00e8me de gestion de la qualit\u00e9 int\u00e9gr\u00e9 :<\/strong> toutes les succursales sont soumises au m\u00eame syst\u00e8me de la gestion de la qualit\u00e9.<\/li>\n<li><strong>Am\u00e9liorations constantes :<\/strong> notre objectif de z\u00e9ro defaut dans tous nos processus est bas\u00e9 sur le travail de nos employ\u00e9s consciencieux et les nombreuses mesures d&#8217;am\u00e9lioration continue.<\/li>\n<\/ul>\n<p>[\/vc_column_text][\/vc_column_inner][vc_column_inner width=&#8221;1\/2&#8243;]\n      <div class=\"vc-image\">\n         \n          <img loading=\"lazy\" decoding=\"async\" width=\"2000\" height=\"1300\" src=\"https:\/\/www.stoelzle.com\/beauty\/wp-content\/uploads\/sites\/4\/2021\/03\/quality-stoelzle-fr.jpg\" class=\"img-fluid w-100 h-100 d-none d-md-block\" alt=\"Repr\u00e9sentation de la qualit\u00e9 STO\" srcset=\"https:\/\/www.stoelzle.com\/beauty\/wp-content\/uploads\/sites\/4\/2021\/03\/quality-stoelzle-fr.jpg 2000w, https:\/\/www.stoelzle.com\/beauty\/wp-content\/uploads\/sites\/4\/2021\/03\/quality-stoelzle-fr-480x312.jpg 480w, https:\/\/www.stoelzle.com\/beauty\/wp-content\/uploads\/sites\/4\/2021\/03\/quality-stoelzle-fr-1024x666.jpg 1024w, https:\/\/www.stoelzle.com\/beauty\/wp-content\/uploads\/sites\/4\/2021\/03\/quality-stoelzle-fr-1536x998.jpg 1536w, https:\/\/www.stoelzle.com\/beauty\/wp-content\/uploads\/sites\/4\/2021\/03\/quality-stoelzle-fr-992x645.jpg 992w, https:\/\/www.stoelzle.com\/beauty\/wp-content\/uploads\/sites\/4\/2021\/03\/quality-stoelzle-fr-600x390.jpg 600w\" sizes=\"auto, (max-width: 2000px) 100vw, 2000px\" \/> \n          <img loading=\"lazy\" decoding=\"async\" width=\"992\" height=\"645\" src=\"https:\/\/www.stoelzle.com\/beauty\/wp-content\/uploads\/sites\/4\/2021\/03\/quality-stoelzle-fr-992x645.jpg\" class=\"img-fluid w-100 h-100 d-mdx-none\" alt=\"Repr\u00e9sentation de la qualit\u00e9 STO\" srcset=\"https:\/\/www.stoelzle.com\/beauty\/wp-content\/uploads\/sites\/4\/2021\/03\/quality-stoelzle-fr-992x645.jpg 992w, https:\/\/www.stoelzle.com\/beauty\/wp-content\/uploads\/sites\/4\/2021\/03\/quality-stoelzle-fr-480x312.jpg 480w, https:\/\/www.stoelzle.com\/beauty\/wp-content\/uploads\/sites\/4\/2021\/03\/quality-stoelzle-fr-1024x666.jpg 1024w, https:\/\/www.stoelzle.com\/beauty\/wp-content\/uploads\/sites\/4\/2021\/03\/quality-stoelzle-fr-1536x998.jpg 1536w, https:\/\/www.stoelzle.com\/beauty\/wp-content\/uploads\/sites\/4\/2021\/03\/quality-stoelzle-fr-600x390.jpg 600w, https:\/\/www.stoelzle.com\/beauty\/wp-content\/uploads\/sites\/4\/2021\/03\/quality-stoelzle-fr.jpg 2000w\" sizes=\"auto, (max-width: 992px) 100vw, 992px\" \/>\n          \n         \n      <\/div>[\/vc_column_inner][\/vc_row_inner]<div class=\"vc-spacer spacing-bottom-m\"><\/div>[\/vc_column][\/vc_row][vc_row full_width=&#8221;stretch_row_content_no_spaces&#8221;][vc_column]<div id=\"id-content-cards-2\" class=\"row no-gutters  \">\n        <div class=\"col-sm-6 col-md-4 col-lg-3 \">\n          <div class=\"card no-zoom theme-dark\">\n            \n          <div class=\"card-image position-absolute w-100 h-100\">\n            <img decoding=\"async\" class=\"w-100 h-100\"  src=\"https:\/\/www.stoelzle.com\/beauty\/wp-content\/uploads\/sites\/4\/2021\/02\/quality-microscope-800x800.jpg\" alt=\"Employee operates microscope\" \/>\n          <\/div>\n            <div class=\"card-overlay d-flex flex-column\">\n            \n            \n            \n            \n              <div class=\"mt-auto\">\n                \n              <\/div>\n            <\/div>\n          <\/div>\n        <\/div>\n        <div class=\"col-sm-6 col-md-4 col-lg-3 \">\n          <div class=\"card card-text theme-light-gray quote\">\n            \n            <div class=\"card-overlay d-flex flex-column\">\n            \n            <div class=\"headline h3 w-100\">Plus de 200 ans d'exp\u00e9rience dans la fabrication du verre.<\/div>\n            \n            \n              <div class=\"mt-auto\">\n                \n              <\/div>\n            <\/div>\n          <\/div>\n        <\/div>\n        <div class=\"col-sm-6 col-md-4 col-lg-3 d-block d-md-none d-lg-block\">\n          <div class=\"card no-zoom theme-dark\">\n            \n          <div class=\"card-image position-absolute w-100 h-100\">\n            <img decoding=\"async\" class=\"w-100 h-100\"  src=\"https:\/\/www.stoelzle.com\/beauty\/wp-content\/uploads\/sites\/4\/2021\/02\/quality-standardized-quality-processes-800x800.jpg\" alt=\"Glass jars during neck finish inspection\" \/>\n          <\/div>\n            <div class=\"card-overlay d-flex flex-column\">\n            \n            \n            \n            \n              <div class=\"mt-auto\">\n                \n              <\/div>\n            <\/div>\n          <\/div>\n        <\/div>\n        <div class=\"col-sm-6 col-md-4 col-lg-3 \">\n          <a href=\"\/corporation\/quality\/\"  target=\"_blank\"  class=\"card d-block card-text theme-white\">\n            \n            <div class=\"card-overlay d-flex flex-column\">\n            <div class=\"sub-headline w-100\">D\u00c9COUVREZ MAINTENANT<\/div>\n            <div class=\"headline h3 w-100\">Normes \u00e0 l'\u00e9chelle du groupe<\/div>\n            <div class=\"desc w-100\"><p>Processus qualit\u00e9 standardis\u00e9s \u00e0 l'\u00e9chelle du groupe pour une qualit\u00e9 de produit uniform\u00e9ment \u00e9lev\u00e9e.<\/p><\/div>\n            \n              <div class=\"mt-auto\">\n                <span class=\"cta\">En savoir plus<\/span>\n              <\/div>\n            <\/div>\n          <\/a>\n        <\/div><\/div>[\/vc_column][\/vc_row]<\/p>\n<\/div>","protected":false},"excerpt":{"rendered":"<p>[vc_row][vc_column][\/vc_column][\/vc_row][vc_row full_width=&#8221;stretch_row_content_no_spaces&#8221;][vc_column][\/vc_column][\/vc_row][vc_row][vc_column][vc_row_inner content_placement=&#8221;middle&#8221; el_class=&#8221;text-text&#8221;][vc_column_inner width=&#8221;1\/2&#8243;][vc_column_text] Stoelzle Gestion de la qualit\u00e9 Les processus de qualit\u00e9 sont constamment revus. Ils sont g\u00e9r\u00e9s, am\u00e9lior\u00e9s et suivis par les contr\u00f4leurs qualit\u00e9 sous la direction du Responsable Qualit\u00e9 Groupe. Contr\u00f4le de la qualit\u00e9 : contr\u00f4le de la qualit\u00e9 complet gr\u00e2ce \u00e0 des machines d&#8217;inspection \u00e0 la pointe de la technologie. [&hellip;]<\/p>\n","protected":false},"author":1,"featured_media":0,"parent":1626,"menu_order":50,"comment_status":"closed","ping_status":"closed","template":"","meta":{"_acf_changed":false,"footnotes":""},"class_list":["post-1634","page","type-page","status-publish","hentry"],"acf":[],"yoast_head":"<!-- This site is optimized with the Yoast SEO plugin v26.6 - https:\/\/yoast.com\/wordpress\/plugins\/seo\/ -->\n<title>Flexibilit\u00e9 et fiabilit\u00e9 pour r\u00e9pondre aux exigences du luxe I Stoelzle<\/title>\n<meta name=\"description\" content=\"La flexbilit\u00e9 est notre ma\u00eetre mot, permettant ainsi \u00e0 Stoelzle d&#039;assurer la qualit\u00e9 des produits\" \/>\n<meta name=\"robots\" content=\"index, follow, max-snippet:-1, max-image-preview:large, max-video-preview:-1\" \/>\n<link rel=\"canonical\" href=\"https:\/\/www.stoelzle.com\/beauty\/fr\/societe\/qualite\/\" \/>\n<meta property=\"og:locale\" content=\"fr_FR\" \/>\n<meta property=\"og:type\" content=\"article\" \/>\n<meta property=\"og:title\" content=\"Flexibilit\u00e9 et fiabilit\u00e9 pour r\u00e9pondre aux exigences du luxe I Stoelzle\" \/>\n<meta property=\"og:description\" content=\"La flexbilit\u00e9 est notre ma\u00eetre mot, permettant ainsi \u00e0 Stoelzle d&#039;assurer la qualit\u00e9 des produits\" \/>\n<meta property=\"og:url\" content=\"https:\/\/www.stoelzle.com\/beauty\/fr\/societe\/qualite\/\" \/>\n<meta property=\"og:site_name\" content=\"Stoelzle Beauty \u2013 Perfumery &amp; Cosmetics\" \/>\n<meta property=\"article:modified_time\" content=\"2021-03-08T16:53:54+00:00\" \/>\n<meta name=\"twitter:card\" content=\"summary_large_image\" \/>\n<meta name=\"twitter:label1\" content=\"Dur\u00e9e de lecture estim\u00e9e\" \/>\n\t<meta name=\"twitter:data1\" content=\"1 minute\" \/>\n<script type=\"application\/ld+json\" class=\"yoast-schema-graph\">{\"@context\":\"https:\/\/schema.org\",\"@graph\":[{\"@type\":\"WebPage\",\"@id\":\"https:\/\/www.stoelzle.com\/beauty\/fr\/societe\/qualite\/\",\"url\":\"https:\/\/www.stoelzle.com\/beauty\/fr\/societe\/qualite\/\",\"name\":\"Flexibilit\u00e9 et fiabilit\u00e9 pour r\u00e9pondre aux exigences du luxe I Stoelzle\",\"isPartOf\":{\"@id\":\"https:\/\/www.stoelzle.com\/beauty\/#website\"},\"datePublished\":\"2021-01-29T16:55:45+00:00\",\"dateModified\":\"2021-03-08T16:53:54+00:00\",\"description\":\"La flexbilit\u00e9 est notre ma\u00eetre mot, permettant ainsi \u00e0 Stoelzle d'assurer la qualit\u00e9 des produits\",\"breadcrumb\":{\"@id\":\"https:\/\/www.stoelzle.com\/beauty\/fr\/societe\/qualite\/#breadcrumb\"},\"inLanguage\":\"fr-FR\",\"potentialAction\":[{\"@type\":\"ReadAction\",\"target\":[\"https:\/\/www.stoelzle.com\/beauty\/fr\/societe\/qualite\/\"]}]},{\"@type\":\"BreadcrumbList\",\"@id\":\"https:\/\/www.stoelzle.com\/beauty\/fr\/societe\/qualite\/#breadcrumb\",\"itemListElement\":[{\"@type\":\"ListItem\",\"position\":1,\"name\":\"Home\",\"item\":\"https:\/\/www.stoelzle.com\"},{\"@type\":\"ListItem\",\"position\":2,\"name\":\"Perfumery &amp; Cosmetics\",\"item\":\"https:\/\/www.stoelzle.com\/beauty\/fr\/\"},{\"@type\":\"ListItem\",\"position\":3,\"name\":\"Soci\u00e9t\u00e9\",\"item\":\"https:\/\/www.stoelzle.com\/beauty\/fr\/societe\/\"},{\"@type\":\"ListItem\",\"position\":4,\"name\":\"Qualit\u00e9\"}]},{\"@type\":\"WebSite\",\"@id\":\"https:\/\/www.stoelzle.com\/beauty\/#website\",\"url\":\"https:\/\/www.stoelzle.com\/beauty\/\",\"name\":\"Stoelzle Beauty \u2013 Perfumery &amp; Cosmetics\",\"description\":\"\",\"publisher\":{\"@id\":\"https:\/\/www.stoelzle.com\/beauty\/#organization\"},\"potentialAction\":[{\"@type\":\"SearchAction\",\"target\":{\"@type\":\"EntryPoint\",\"urlTemplate\":\"https:\/\/www.stoelzle.com\/beauty\/?s={search_term_string}\"},\"query-input\":{\"@type\":\"PropertyValueSpecification\",\"valueRequired\":true,\"valueName\":\"search_term_string\"}}],\"inLanguage\":\"fr-FR\"},{\"@type\":\"Organization\",\"@id\":\"https:\/\/www.stoelzle.com\/beauty\/#organization\",\"name\":\"Stoelzle Beauty - Perfumery & Cosmetics\",\"url\":\"https:\/\/www.stoelzle.com\/beauty\/\",\"logo\":{\"@type\":\"ImageObject\",\"inLanguage\":\"fr-FR\",\"@id\":\"https:\/\/www.stoelzle.com\/beauty\/#\/schema\/logo\/image\/\",\"url\":\"https:\/\/www.stoelzle.com\/beauty\/wp-content\/uploads\/sites\/4\/2021\/03\/logo_beauty.svg\",\"contentUrl\":\"https:\/\/www.stoelzle.com\/beauty\/wp-content\/uploads\/sites\/4\/2021\/03\/logo_beauty.svg\",\"width\":173,\"height\":40,\"caption\":\"Stoelzle Beauty - Perfumery & Cosmetics\"},\"image\":{\"@id\":\"https:\/\/www.stoelzle.com\/beauty\/#\/schema\/logo\/image\/\"}}]}<\/script>\n<!-- \/ Yoast SEO plugin. -->","yoast_head_json":{"title":"Flexibilit\u00e9 et fiabilit\u00e9 pour r\u00e9pondre aux exigences du luxe I Stoelzle","description":"La flexbilit\u00e9 est notre ma\u00eetre mot, permettant ainsi \u00e0 Stoelzle d'assurer la qualit\u00e9 des produits","robots":{"index":"index","follow":"follow","max-snippet":"max-snippet:-1","max-image-preview":"max-image-preview:large","max-video-preview":"max-video-preview:-1"},"canonical":"https:\/\/www.stoelzle.com\/beauty\/fr\/societe\/qualite\/","og_locale":"fr_FR","og_type":"article","og_title":"Flexibilit\u00e9 et fiabilit\u00e9 pour r\u00e9pondre aux exigences du luxe I Stoelzle","og_description":"La flexbilit\u00e9 est notre ma\u00eetre mot, permettant ainsi \u00e0 Stoelzle d'assurer la qualit\u00e9 des produits","og_url":"https:\/\/www.stoelzle.com\/beauty\/fr\/societe\/qualite\/","og_site_name":"Stoelzle Beauty \u2013 Perfumery &amp; Cosmetics","article_modified_time":"2021-03-08T16:53:54+00:00","twitter_card":"summary_large_image","twitter_misc":{"Dur\u00e9e de lecture estim\u00e9e":"1 minute"},"schema":{"@context":"https:\/\/schema.org","@graph":[{"@type":"WebPage","@id":"https:\/\/www.stoelzle.com\/beauty\/fr\/societe\/qualite\/","url":"https:\/\/www.stoelzle.com\/beauty\/fr\/societe\/qualite\/","name":"Flexibilit\u00e9 et fiabilit\u00e9 pour r\u00e9pondre aux exigences du luxe I Stoelzle","isPartOf":{"@id":"https:\/\/www.stoelzle.com\/beauty\/#website"},"datePublished":"2021-01-29T16:55:45+00:00","dateModified":"2021-03-08T16:53:54+00:00","description":"La flexbilit\u00e9 est notre ma\u00eetre mot, permettant ainsi \u00e0 Stoelzle d'assurer la qualit\u00e9 des produits","breadcrumb":{"@id":"https:\/\/www.stoelzle.com\/beauty\/fr\/societe\/qualite\/#breadcrumb"},"inLanguage":"fr-FR","potentialAction":[{"@type":"ReadAction","target":["https:\/\/www.stoelzle.com\/beauty\/fr\/societe\/qualite\/"]}]},{"@type":"BreadcrumbList","@id":"https:\/\/www.stoelzle.com\/beauty\/fr\/societe\/qualite\/#breadcrumb","itemListElement":[{"@type":"ListItem","position":1,"name":"Home","item":"https:\/\/www.stoelzle.com"},{"@type":"ListItem","position":2,"name":"Perfumery &amp; Cosmetics","item":"https:\/\/www.stoelzle.com\/beauty\/fr\/"},{"@type":"ListItem","position":3,"name":"Soci\u00e9t\u00e9","item":"https:\/\/www.stoelzle.com\/beauty\/fr\/societe\/"},{"@type":"ListItem","position":4,"name":"Qualit\u00e9"}]},{"@type":"WebSite","@id":"https:\/\/www.stoelzle.com\/beauty\/#website","url":"https:\/\/www.stoelzle.com\/beauty\/","name":"Stoelzle Beauty \u2013 Perfumery &amp; Cosmetics","description":"","publisher":{"@id":"https:\/\/www.stoelzle.com\/beauty\/#organization"},"potentialAction":[{"@type":"SearchAction","target":{"@type":"EntryPoint","urlTemplate":"https:\/\/www.stoelzle.com\/beauty\/?s={search_term_string}"},"query-input":{"@type":"PropertyValueSpecification","valueRequired":true,"valueName":"search_term_string"}}],"inLanguage":"fr-FR"},{"@type":"Organization","@id":"https:\/\/www.stoelzle.com\/beauty\/#organization","name":"Stoelzle Beauty - Perfumery & Cosmetics","url":"https:\/\/www.stoelzle.com\/beauty\/","logo":{"@type":"ImageObject","inLanguage":"fr-FR","@id":"https:\/\/www.stoelzle.com\/beauty\/#\/schema\/logo\/image\/","url":"https:\/\/www.stoelzle.com\/beauty\/wp-content\/uploads\/sites\/4\/2021\/03\/logo_beauty.svg","contentUrl":"https:\/\/www.stoelzle.com\/beauty\/wp-content\/uploads\/sites\/4\/2021\/03\/logo_beauty.svg","width":173,"height":40,"caption":"Stoelzle Beauty - Perfumery & Cosmetics"},"image":{"@id":"https:\/\/www.stoelzle.com\/beauty\/#\/schema\/logo\/image\/"}}]}},"_links":{"self":[{"href":"https:\/\/www.stoelzle.com\/beauty\/fr\/wp-json\/wp\/v2\/pages\/1634","targetHints":{"allow":["GET"]}}],"collection":[{"href":"https:\/\/www.stoelzle.com\/beauty\/fr\/wp-json\/wp\/v2\/pages"}],"about":[{"href":"https:\/\/www.stoelzle.com\/beauty\/fr\/wp-json\/wp\/v2\/types\/page"}],"author":[{"embeddable":true,"href":"https:\/\/www.stoelzle.com\/beauty\/fr\/wp-json\/wp\/v2\/users\/1"}],"replies":[{"embeddable":true,"href":"https:\/\/www.stoelzle.com\/beauty\/fr\/wp-json\/wp\/v2\/comments?post=1634"}],"version-history":[{"count":0,"href":"https:\/\/www.stoelzle.com\/beauty\/fr\/wp-json\/wp\/v2\/pages\/1634\/revisions"}],"up":[{"embeddable":true,"href":"https:\/\/www.stoelzle.com\/beauty\/fr\/wp-json\/wp\/v2\/pages\/1626"}],"wp:attachment":[{"href":"https:\/\/www.stoelzle.com\/beauty\/fr\/wp-json\/wp\/v2\/media?parent=1634"}],"curies":[{"name":"wp","href":"https:\/\/api.w.org\/{rel}","templated":true}]}}