{"id":1626,"date":"2021-01-29T16:55:45","date_gmt":"2021-01-29T16:55:45","guid":{"rendered":"https:\/\/stoelzle.com\/beauty\/about-us\/"},"modified":"2021-08-18T07:25:19","modified_gmt":"2021-08-18T07:25:19","slug":"societe","status":"publish","type":"page","link":"https:\/\/www.stoelzle.com\/beauty\/fr\/societe\/","title":{"rendered":"Soci\u00e9t\u00e9"},"content":{"rendered":"<div class=\"wpb-content-wrapper\"><p>[vc_row][vc_column]<div class=\"vc-title   text-center\">\n              <div class=\"topline\">\u00c0 propos de nous<\/div>\n              <h1 class=\"title position-relative separator\">Stoelzle Parfumerie &amp; Cosm\u00e9tique<\/h1>\n              <div class=\"row\"><div class=\"col-md-10 offset-md-1\"><\/p>\n<p class=\"large-text\">Nous sommes un fabricant d&#8217;emballages en verre haut de gamme pour l&#8217;industrie des parfums et des cosm\u00e9tiques. C&#8217;est notre passion de transformer un mat\u00e9riau tel que le verre et \u00e0 chaque projet nous nous effor\u00e7ons de r\u00e9pondre aux exigences des clients. Outre notre gamme de produits standards, nous sommes sp\u00e9cialis\u00e9s dans le d\u00e9veloppement et la conception de nouveaux flacons en verre &#8211; cr\u00e9ant chaque jour de nouvelles formes extraordinaires.<\/p>\n<p><\/div><\/div>\n            <\/div>[\/vc_column][\/vc_row][vc_row full_width=&#8221;stretch_row_content_no_spaces&#8221;][vc_column]<div id=\"id-content-cards\" class=\"row no-gutters  \">\n        <div class=\"col-sm-6 col-md-4 col-lg-3 \">\n          <div class=\"card card-text theme-white\">\n            \n            <div class=\"card-overlay d-flex flex-column\">\n            \n            <div class=\"headline h3 w-100\">Notre vision<\/div>\n            <div class=\"desc w-100\"><p>Notre objectif est d\u2019\u00eatre un partenaire de premier choix pour nos clients et nos employ\u00e9s, en instaurant une culture de confiance r\u00e9ciproque et en s\u2019effor\u00e7ant d\u2019obtenir \u00e0 la fois des performances, une flexibilit\u00e9 et une fiabilit\u00e9 de premier ordre.<\/p><\/div>\n            \n              <div class=\"mt-auto\">\n                \n              <\/div>\n            <\/div>\n          <\/div>\n        <\/div>\n        <div class=\"col-sm-6 col-md-4 col-lg-3 d-block d-md-none d-lg-block\">\n          <div class=\"card no-zoom theme-dark\">\n            \n          <div class=\"card-image position-absolute w-100 h-100\">\n            <img decoding=\"async\" class=\"w-100 h-100\"  src=\"https:\/\/www.stoelzle.com\/beauty\/wp-content\/uploads\/sites\/4\/2021\/02\/about-us-perfumery-oval-800x800.jpg\" alt=\"perfume glass bottle with closure\" \/>\n          <\/div>\n            <div class=\"card-overlay d-flex flex-column\">\n            \n            \n            \n            \n              <div class=\"mt-auto\">\n                \n              <\/div>\n            <\/div>\n          <\/div>\n        <\/div>\n        <div class=\"col-sm-6 col-md-4 col-lg-3 \">\n          <div class=\"card card-text theme-blue quote\">\n            \n            <div class=\"card-overlay d-flex flex-column\">\n            \n            <div class=\"headline h3 w-100\">Nous sommes fascin\u00e9s par le verre et nous vivons notre passion!<\/div>\n            \n            \n              <div class=\"mt-auto\">\n                \n              <\/div>\n            <\/div>\n          <\/div>\n        <\/div>\n        <div class=\"col-sm-6 col-md-4 col-lg-3 \">\n          <div class=\"card no-zoom theme-dark\">\n            \n          <div class=\"card-image position-absolute w-100 h-100\">\n            <img decoding=\"async\" class=\"w-100 h-100\"  src=\"https:\/\/www.stoelzle.com\/beauty\/wp-content\/uploads\/sites\/4\/2021\/02\/about-us-cosmetic-jar-800x800.jpg\" alt=\"Cosmetic glass jar with closure\" \/>\n          <\/div>\n            <div class=\"card-overlay d-flex flex-column\">\n            \n            \n            \n            \n              <div class=\"mt-auto\">\n                \n              <\/div>\n            <\/div>\n          <\/div>\n        <\/div><\/div>[\/vc_column][\/vc_row][vc_row][vc_column]<div class=\"vc-title spacing-top-m  text-center\">\n              \n              <h2 class=\"title position-relative\">Nous faisons partie du Groupe Stoelzle Glass<\/h2>\n              \n            <\/div>[vc_row_inner][vc_column_inner width=&#8221;1\/6&#8243;][\/vc_column_inner][vc_column_inner width=&#8221;2\/6&#8243;][vc_column_text]<\/p>\n<ul>\n<li>Votre sp\u00e9cialiste du flaconnage en verre de haute qualit\u00e9<\/li>\n<li>Nous faisons partie d&#8217;une entreprise priv\u00e9e internationale<\/li>\n<li>Fort de plus de 200 ans d&#8217;exp\u00e9rience dans la fabrication du verre<\/li>\n<\/ul>\n<p>[\/vc_column_text][\/vc_column_inner][vc_column_inner width=&#8221;2\/6&#8243;][vc_column_text]<\/p>\n<ul>\n<li>Un fournisseur unique pour le d\u00e9veloppement, la production, la d\u00e9coration et les bouchages<\/li>\n<li>Six sites de production en Autriche, en Angleterre, en France, en R\u00e9publique Tch\u00e8que et en Pologne<\/li>\n<\/ul>\n<p>[\/vc_column_text][\/vc_column_inner][vc_column_inner width=&#8221;1\/6&#8243;][\/vc_column_inner][\/vc_row_inner]<div class=\"vc-spacer spacing-bottom-s\"><\/div><div id=\"id-bu-overview\" class=\"vc-gallery  spacing-bottom-s\"><div class=\"row vc-gallery-grid\"><a  href=\"\/pharma\/\"  class=\"vc-gallery-item mb-4 style-3 col-sm-6 col-md-4 col-lg-3\">\n                  <div class=\"vc-gallery-image off show-border\"><img decoding=\"async\" class=\"img-fluid\" src=\"https:\/\/www.stoelzle.com\/beauty\/wp-content\/uploads\/sites\/4\/2021\/02\/business-unit-pharma-800x800.jpg\" alt=\"Dropper bottle with closure\"><\/div>\n                  <div class=\"vc-gallery-content\"><div class=\"vc-gallery-title\">Pharmacie<\/div><\/div>\n                <\/a><a  href=\"\/business-units\/medical-laboratory\/\"  class=\"vc-gallery-item mb-4 style-3 col-sm-6 col-md-4 col-lg-3\">\n                  <div class=\"vc-gallery-image off show-border\"><img decoding=\"async\" class=\"img-fluid\" src=\"https:\/\/www.stoelzle.com\/beauty\/wp-content\/uploads\/sites\/4\/2021\/02\/business-unit-medical-800x800.jpg\" alt=\"Consumables\"><\/div>\n                  <div class=\"vc-gallery-content\"><div class=\"vc-gallery-title\">M\u00e9dical & laboratoire<\/div><\/div>\n                <\/a><a  href=\"\/consumer\/\"  class=\"vc-gallery-item mb-4 style-3 col-sm-6 col-md-4 col-lg-3\">\n                  <div class=\"vc-gallery-image off show-border\"><img decoding=\"async\" class=\"img-fluid\" src=\"https:\/\/www.stoelzle.com\/beauty\/wp-content\/uploads\/sites\/4\/2021\/02\/business-unit-consumer-800x800.jpg\" alt=\"Filled jam jar\"><\/div>\n                  <div class=\"vc-gallery-content\"><div class=\"vc-gallery-title\">Alimentaire & boissons<\/div><\/div>\n                <\/a><a  href=\"\/business-units\/prestige-spirits\/\"  class=\"vc-gallery-item mb-4 style-3 col-sm-6 col-md-4 col-lg-3\">\n                  <div class=\"vc-gallery-image off show-border\"><img decoding=\"async\" class=\"img-fluid\" src=\"https:\/\/www.stoelzle.com\/beauty\/wp-content\/uploads\/sites\/4\/2021\/02\/business-unit-spirits-800x800.jpg\" alt=\"Spirit bottle with closurew\"><\/div>\n                  <div class=\"vc-gallery-content\"><div class=\"vc-gallery-title\">Spiritueux<\/div><\/div>\n                <\/a><a  href=\"\/business-units\/tableware\/\"  class=\"vc-gallery-item mb-4 style-3 col-sm-6 col-md-4 col-lg-3\">\n                  <div class=\"vc-gallery-image off show-border\"><img decoding=\"async\" class=\"img-fluid\" src=\"https:\/\/www.stoelzle.com\/beauty\/wp-content\/uploads\/sites\/4\/2021\/02\/business-unit-tableware-800x800.jpg\" alt=\"Glass jug\"><\/div>\n                  <div class=\"vc-gallery-content\"><div class=\"vc-gallery-title\">Art de la table<\/div><\/div>\n                <\/a><a  href=\"\/business-units\/candle-jars-lanterns\/\"  class=\"vc-gallery-item mb-4 style-3 col-sm-6 col-md-4 col-lg-3\">\n                  <div class=\"vc-gallery-image off show-border\"><img decoding=\"async\" class=\"img-fluid\" src=\"https:\/\/www.stoelzle.com\/beauty\/wp-content\/uploads\/sites\/4\/2021\/02\/business-unit-lanterns-800x800.jpg\" alt=\"Candle jar\"><\/div>\n                  <div class=\"vc-gallery-content\"><div class=\"vc-gallery-title\">Bougies & lanternes<\/div><\/div>\n                <\/a><a  href=\"\/business-units\/mini-spirits\/\"  class=\"vc-gallery-item mb-4 style-3 col-sm-6 col-md-4 col-lg-3\">\n                  <div class=\"vc-gallery-image off show-border\"><img decoding=\"async\" class=\"img-fluid\" src=\"https:\/\/www.stoelzle.com\/beauty\/wp-content\/uploads\/sites\/4\/2021\/08\/business-unit-mini-spirits3-800x800.jpg\" alt=\"\"><\/div>\n                  <div class=\"vc-gallery-content\"><div class=\"vc-gallery-title\">Spiritueux miniatures<\/div><\/div>\n                <\/a><\/div><\/div>[vc_column_text]<\/p>\n<p style=\"text-align: center\"><a class=\"editor-button cta\" href=\"https:\/\/www.stoelzle.com\/\" target=\"_blank\" rel=\"noopener\">Stoelzle Glass Group<\/a><\/p>\n<p>[\/vc_column_text]<div class=\"vc-spacer spacing-bottom-s\"><\/div>[\/vc_column][\/vc_row][vc_row full_width=&#8221;stretch_row&#8221; el_class=&#8221;light-gray&#8221;][vc_column]<div class=\"vc-spacer spacing-bottom-m\"><\/div>[vc_row_inner content_placement=&#8221;middle&#8221; el_class=&#8221;text-text&#8221;][vc_column_inner width=&#8221;1\/2&#8243;]\n      <div class=\"vc-image\">\n         \n          <img loading=\"lazy\" decoding=\"async\" width=\"2000\" height=\"1035\" src=\"https:\/\/www.stoelzle.com\/beauty\/wp-content\/uploads\/sites\/4\/2021\/02\/about-us-fields-of-application.jpg\" class=\"img-fluid w-100 h-100 d-none d-md-block\" alt=\"Sketches showing the outline of perfume and cosmetic products\" srcset=\"https:\/\/www.stoelzle.com\/beauty\/wp-content\/uploads\/sites\/4\/2021\/02\/about-us-fields-of-application.jpg 2000w, https:\/\/www.stoelzle.com\/beauty\/wp-content\/uploads\/sites\/4\/2021\/02\/about-us-fields-of-application-480x248.jpg 480w, https:\/\/www.stoelzle.com\/beauty\/wp-content\/uploads\/sites\/4\/2021\/02\/about-us-fields-of-application-1024x530.jpg 1024w, https:\/\/www.stoelzle.com\/beauty\/wp-content\/uploads\/sites\/4\/2021\/02\/about-us-fields-of-application-1536x795.jpg 1536w, https:\/\/www.stoelzle.com\/beauty\/wp-content\/uploads\/sites\/4\/2021\/02\/about-us-fields-of-application-992x513.jpg 992w, https:\/\/www.stoelzle.com\/beauty\/wp-content\/uploads\/sites\/4\/2021\/02\/about-us-fields-of-application-600x311.jpg 600w\" sizes=\"auto, (max-width: 2000px) 100vw, 2000px\" \/> \n          <img loading=\"lazy\" decoding=\"async\" width=\"992\" height=\"513\" src=\"https:\/\/www.stoelzle.com\/beauty\/wp-content\/uploads\/sites\/4\/2021\/02\/about-us-fields-of-application-992x513.jpg\" class=\"img-fluid w-100 h-100 d-mdx-none\" alt=\"Sketches showing the outline of perfume and cosmetic products\" srcset=\"https:\/\/www.stoelzle.com\/beauty\/wp-content\/uploads\/sites\/4\/2021\/02\/about-us-fields-of-application-992x513.jpg 992w, https:\/\/www.stoelzle.com\/beauty\/wp-content\/uploads\/sites\/4\/2021\/02\/about-us-fields-of-application-480x248.jpg 480w, https:\/\/www.stoelzle.com\/beauty\/wp-content\/uploads\/sites\/4\/2021\/02\/about-us-fields-of-application-1024x530.jpg 1024w, https:\/\/www.stoelzle.com\/beauty\/wp-content\/uploads\/sites\/4\/2021\/02\/about-us-fields-of-application-1536x795.jpg 1536w, https:\/\/www.stoelzle.com\/beauty\/wp-content\/uploads\/sites\/4\/2021\/02\/about-us-fields-of-application-600x311.jpg 600w, https:\/\/www.stoelzle.com\/beauty\/wp-content\/uploads\/sites\/4\/2021\/02\/about-us-fields-of-application.jpg 2000w\" sizes=\"auto, (max-width: 992px) 100vw, 992px\" \/>\n          \n         \n      <\/div>[\/vc_column_inner][vc_column_inner width=&#8221;1\/2&#8243;][vc_column_text]<\/p>\n<h2>Domaine d&#8217;application<\/h2>\n<ul>\n<li><a href=\"\/beauty\/fr\/produits\/parfumerie\/private-collection-fr\/\">Private Collection<\/a><\/li>\n<li><a href=\"\/beauty\/fr\/produits\/parfumerie\/standard-collection-fr\/\">Standard collection<\/a><\/li>\n<li><a href=\"\/beauty\/fr\/produits\/cosmetiques\/cosmetique-bouteille\/\">Cosm\u00e9tique bouteille<\/a><\/li>\n<li><a href=\"\/beauty\/fr\/produits\/cosmetiques\/cosmetique-pot\/\">Cosm\u00e9tique pot<\/a><\/li>\n<li><a href=\"\/beauty\/fr\/produits\/soin-corps\/roll-on-fr\/\">Roll-On<\/a><\/li>\n<li><a href=\"\/beauty\/fr\/produits\/soin-corps\/lotion\/\">Lotion pour le corps<\/a><\/li>\n<li><a href=\"\/beauty\/fr\/produits\/soin-corps\/shampoing-gel-douche\/\">Shampoing gel &amp; douche<\/a><\/li>\n<\/ul>\n<p><a class=\"editor-button cta\" href=\"\/beauty\/fr\/produits\/\">Recherche de produits<\/a>[\/vc_column_text][\/vc_column_inner][\/vc_row_inner]<div class=\"vc-spacer spacing-bottom-m\"><\/div>[\/vc_column][\/vc_row]<\/p>\n<\/div>","protected":false},"excerpt":{"rendered":"<p>[vc_row][vc_column][\/vc_column][\/vc_row][vc_row full_width=&#8221;stretch_row_content_no_spaces&#8221;][vc_column][\/vc_column][\/vc_row][vc_row][vc_column][vc_row_inner][vc_column_inner width=&#8221;1\/6&#8243;][\/vc_column_inner][vc_column_inner width=&#8221;2\/6&#8243;][vc_column_text] Votre sp\u00e9cialiste du flaconnage en verre de haute qualit\u00e9 Nous faisons partie d&#8217;une entreprise priv\u00e9e internationale Fort de plus de 200 ans d&#8217;exp\u00e9rience dans la fabrication du verre [\/vc_column_text][\/vc_column_inner][vc_column_inner width=&#8221;2\/6&#8243;][vc_column_text] Un fournisseur unique pour le d\u00e9veloppement, la production, la d\u00e9coration et les bouchages Six sites de production en Autriche, en Angleterre, [&hellip;]<\/p>\n","protected":false},"author":1,"featured_media":0,"parent":0,"menu_order":30,"comment_status":"closed","ping_status":"closed","template":"","meta":{"_acf_changed":false,"footnotes":""},"class_list":["post-1626","page","type-page","status-publish","hentry"],"acf":[],"yoast_head":"<!-- This site is optimized with the Yoast SEO plugin v26.6 - https:\/\/yoast.com\/wordpress\/plugins\/seo\/ -->\n<title>Fabrication d&#039;emballages en verre pour la parfumerie et cosm\u00e9tique de luxe I Stoelzle<\/title>\n<meta name=\"description\" content=\"Fabricant d\u2019emballages en verre haut de gamme pour l\u2019industrie des parfums et des cosm\u00e9tiques, nous proposons une gamme de produits standards et nous d\u00e9veloppons et concevons de nouveaux flacons\" \/>\n<meta name=\"robots\" content=\"index, follow, max-snippet:-1, max-image-preview:large, max-video-preview:-1\" \/>\n<link rel=\"canonical\" href=\"https:\/\/www.stoelzle.com\/beauty\/fr\/societe\/\" \/>\n<meta property=\"og:locale\" content=\"fr_FR\" \/>\n<meta property=\"og:type\" content=\"article\" \/>\n<meta property=\"og:title\" content=\"Fabrication d&#039;emballages en verre pour la parfumerie et cosm\u00e9tique de luxe I Stoelzle\" \/>\n<meta property=\"og:description\" content=\"Fabricant d\u2019emballages en verre haut de gamme pour l\u2019industrie des parfums et des cosm\u00e9tiques, nous proposons une gamme de produits standards et nous d\u00e9veloppons et concevons de nouveaux flacons\" \/>\n<meta property=\"og:url\" content=\"https:\/\/www.stoelzle.com\/beauty\/fr\/societe\/\" \/>\n<meta property=\"og:site_name\" content=\"Stoelzle Beauty \u2013 Perfumery &amp; Cosmetics\" \/>\n<meta property=\"article:modified_time\" content=\"2021-08-18T07:25:19+00:00\" \/>\n<meta name=\"twitter:card\" content=\"summary_large_image\" \/>\n<meta name=\"twitter:label1\" content=\"Dur\u00e9e de lecture estim\u00e9e\" \/>\n\t<meta name=\"twitter:data1\" content=\"1 minute\" \/>\n<script type=\"application\/ld+json\" class=\"yoast-schema-graph\">{\"@context\":\"https:\/\/schema.org\",\"@graph\":[{\"@type\":\"WebPage\",\"@id\":\"https:\/\/www.stoelzle.com\/beauty\/fr\/societe\/\",\"url\":\"https:\/\/www.stoelzle.com\/beauty\/fr\/societe\/\",\"name\":\"Fabrication d'emballages en verre pour la parfumerie et cosm\u00e9tique de luxe I Stoelzle\",\"isPartOf\":{\"@id\":\"https:\/\/www.stoelzle.com\/beauty\/#website\"},\"datePublished\":\"2021-01-29T16:55:45+00:00\",\"dateModified\":\"2021-08-18T07:25:19+00:00\",\"description\":\"Fabricant d\u2019emballages en verre haut de gamme pour l\u2019industrie des parfums et des cosm\u00e9tiques, nous proposons une gamme de produits standards et nous d\u00e9veloppons et concevons de nouveaux flacons\",\"breadcrumb\":{\"@id\":\"https:\/\/www.stoelzle.com\/beauty\/fr\/societe\/#breadcrumb\"},\"inLanguage\":\"fr-FR\",\"potentialAction\":[{\"@type\":\"ReadAction\",\"target\":[\"https:\/\/www.stoelzle.com\/beauty\/fr\/societe\/\"]}]},{\"@type\":\"BreadcrumbList\",\"@id\":\"https:\/\/www.stoelzle.com\/beauty\/fr\/societe\/#breadcrumb\",\"itemListElement\":[{\"@type\":\"ListItem\",\"position\":1,\"name\":\"Home\",\"item\":\"https:\/\/www.stoelzle.com\"},{\"@type\":\"ListItem\",\"position\":2,\"name\":\"Perfumery &amp; Cosmetics\",\"item\":\"https:\/\/www.stoelzle.com\/beauty\/fr\/\"},{\"@type\":\"ListItem\",\"position\":3,\"name\":\"Soci\u00e9t\u00e9\"}]},{\"@type\":\"WebSite\",\"@id\":\"https:\/\/www.stoelzle.com\/beauty\/#website\",\"url\":\"https:\/\/www.stoelzle.com\/beauty\/\",\"name\":\"Stoelzle Beauty \u2013 Perfumery &amp; Cosmetics\",\"description\":\"\",\"publisher\":{\"@id\":\"https:\/\/www.stoelzle.com\/beauty\/#organization\"},\"potentialAction\":[{\"@type\":\"SearchAction\",\"target\":{\"@type\":\"EntryPoint\",\"urlTemplate\":\"https:\/\/www.stoelzle.com\/beauty\/?s={search_term_string}\"},\"query-input\":{\"@type\":\"PropertyValueSpecification\",\"valueRequired\":true,\"valueName\":\"search_term_string\"}}],\"inLanguage\":\"fr-FR\"},{\"@type\":\"Organization\",\"@id\":\"https:\/\/www.stoelzle.com\/beauty\/#organization\",\"name\":\"Stoelzle Beauty - Perfumery & Cosmetics\",\"url\":\"https:\/\/www.stoelzle.com\/beauty\/\",\"logo\":{\"@type\":\"ImageObject\",\"inLanguage\":\"fr-FR\",\"@id\":\"https:\/\/www.stoelzle.com\/beauty\/#\/schema\/logo\/image\/\",\"url\":\"https:\/\/www.stoelzle.com\/beauty\/wp-content\/uploads\/sites\/4\/2021\/03\/logo_beauty.svg\",\"contentUrl\":\"https:\/\/www.stoelzle.com\/beauty\/wp-content\/uploads\/sites\/4\/2021\/03\/logo_beauty.svg\",\"width\":173,\"height\":40,\"caption\":\"Stoelzle Beauty - Perfumery & Cosmetics\"},\"image\":{\"@id\":\"https:\/\/www.stoelzle.com\/beauty\/#\/schema\/logo\/image\/\"}}]}<\/script>\n<!-- \/ Yoast SEO plugin. -->","yoast_head_json":{"title":"Fabrication d'emballages en verre pour la parfumerie et cosm\u00e9tique de luxe I Stoelzle","description":"Fabricant d\u2019emballages en verre haut de gamme pour l\u2019industrie des parfums et des cosm\u00e9tiques, nous proposons une gamme de produits standards et nous d\u00e9veloppons et concevons de nouveaux flacons","robots":{"index":"index","follow":"follow","max-snippet":"max-snippet:-1","max-image-preview":"max-image-preview:large","max-video-preview":"max-video-preview:-1"},"canonical":"https:\/\/www.stoelzle.com\/beauty\/fr\/societe\/","og_locale":"fr_FR","og_type":"article","og_title":"Fabrication d'emballages en verre pour la parfumerie et cosm\u00e9tique de luxe I Stoelzle","og_description":"Fabricant d\u2019emballages en verre haut de gamme pour l\u2019industrie des parfums et des cosm\u00e9tiques, nous proposons une gamme de produits standards et nous d\u00e9veloppons et concevons de nouveaux flacons","og_url":"https:\/\/www.stoelzle.com\/beauty\/fr\/societe\/","og_site_name":"Stoelzle Beauty \u2013 Perfumery &amp; Cosmetics","article_modified_time":"2021-08-18T07:25:19+00:00","twitter_card":"summary_large_image","twitter_misc":{"Dur\u00e9e de lecture estim\u00e9e":"1 minute"},"schema":{"@context":"https:\/\/schema.org","@graph":[{"@type":"WebPage","@id":"https:\/\/www.stoelzle.com\/beauty\/fr\/societe\/","url":"https:\/\/www.stoelzle.com\/beauty\/fr\/societe\/","name":"Fabrication d'emballages en verre pour la parfumerie et cosm\u00e9tique de luxe I Stoelzle","isPartOf":{"@id":"https:\/\/www.stoelzle.com\/beauty\/#website"},"datePublished":"2021-01-29T16:55:45+00:00","dateModified":"2021-08-18T07:25:19+00:00","description":"Fabricant d\u2019emballages en verre haut de gamme pour l\u2019industrie des parfums et des cosm\u00e9tiques, nous proposons une gamme de produits standards et nous d\u00e9veloppons et concevons de nouveaux flacons","breadcrumb":{"@id":"https:\/\/www.stoelzle.com\/beauty\/fr\/societe\/#breadcrumb"},"inLanguage":"fr-FR","potentialAction":[{"@type":"ReadAction","target":["https:\/\/www.stoelzle.com\/beauty\/fr\/societe\/"]}]},{"@type":"BreadcrumbList","@id":"https:\/\/www.stoelzle.com\/beauty\/fr\/societe\/#breadcrumb","itemListElement":[{"@type":"ListItem","position":1,"name":"Home","item":"https:\/\/www.stoelzle.com"},{"@type":"ListItem","position":2,"name":"Perfumery &amp; Cosmetics","item":"https:\/\/www.stoelzle.com\/beauty\/fr\/"},{"@type":"ListItem","position":3,"name":"Soci\u00e9t\u00e9"}]},{"@type":"WebSite","@id":"https:\/\/www.stoelzle.com\/beauty\/#website","url":"https:\/\/www.stoelzle.com\/beauty\/","name":"Stoelzle Beauty \u2013 Perfumery &amp; Cosmetics","description":"","publisher":{"@id":"https:\/\/www.stoelzle.com\/beauty\/#organization"},"potentialAction":[{"@type":"SearchAction","target":{"@type":"EntryPoint","urlTemplate":"https:\/\/www.stoelzle.com\/beauty\/?s={search_term_string}"},"query-input":{"@type":"PropertyValueSpecification","valueRequired":true,"valueName":"search_term_string"}}],"inLanguage":"fr-FR"},{"@type":"Organization","@id":"https:\/\/www.stoelzle.com\/beauty\/#organization","name":"Stoelzle Beauty - Perfumery & Cosmetics","url":"https:\/\/www.stoelzle.com\/beauty\/","logo":{"@type":"ImageObject","inLanguage":"fr-FR","@id":"https:\/\/www.stoelzle.com\/beauty\/#\/schema\/logo\/image\/","url":"https:\/\/www.stoelzle.com\/beauty\/wp-content\/uploads\/sites\/4\/2021\/03\/logo_beauty.svg","contentUrl":"https:\/\/www.stoelzle.com\/beauty\/wp-content\/uploads\/sites\/4\/2021\/03\/logo_beauty.svg","width":173,"height":40,"caption":"Stoelzle Beauty - Perfumery & Cosmetics"},"image":{"@id":"https:\/\/www.stoelzle.com\/beauty\/#\/schema\/logo\/image\/"}}]}},"_links":{"self":[{"href":"https:\/\/www.stoelzle.com\/beauty\/fr\/wp-json\/wp\/v2\/pages\/1626","targetHints":{"allow":["GET"]}}],"collection":[{"href":"https:\/\/www.stoelzle.com\/beauty\/fr\/wp-json\/wp\/v2\/pages"}],"about":[{"href":"https:\/\/www.stoelzle.com\/beauty\/fr\/wp-json\/wp\/v2\/types\/page"}],"author":[{"embeddable":true,"href":"https:\/\/www.stoelzle.com\/beauty\/fr\/wp-json\/wp\/v2\/users\/1"}],"replies":[{"embeddable":true,"href":"https:\/\/www.stoelzle.com\/beauty\/fr\/wp-json\/wp\/v2\/comments?post=1626"}],"version-history":[{"count":0,"href":"https:\/\/www.stoelzle.com\/beauty\/fr\/wp-json\/wp\/v2\/pages\/1626\/revisions"}],"wp:attachment":[{"href":"https:\/\/www.stoelzle.com\/beauty\/fr\/wp-json\/wp\/v2\/media?parent=1626"}],"curies":[{"name":"wp","href":"https:\/\/api.w.org\/{rel}","templated":true}]}}