{"id":1665,"date":"2021-01-29T16:56:01","date_gmt":"2021-01-29T16:56:01","guid":{"rendered":"https:\/\/stoelzle.com\/beauty\/events\/"},"modified":"2024-05-07T14:11:18","modified_gmt":"2024-05-07T14:11:18","slug":"events","status":"publish","type":"page","link":"https:\/\/www.stoelzle.com\/beauty\/de\/events\/","title":{"rendered":"Events"},"content":{"rendered":"<div class=\"wpb-content-wrapper\"><p>[vc_row][vc_column]<div class=\"vc-title   text-center\">\n              <div class=\"topline\">Stoelzle infocenter<\/div>\n              <h1 class=\"title position-relative separator\">Messen &amp; Veranstaltungen<\/h1>\n              <div class=\"row\"><div class=\"col-md-10 offset-md-1\"><\/p>\n<p class=\"large-text\">Wir freuen uns, Sie auf unseren internationalen Messen begr\u00fc\u00dfen zu d\u00fcrfen. Entdecken Sie unsere St\u00e4nde, um mehr \u00fcber innovative Produkte, atemberaubende Dekorationen und Neuheiten im Bereich Verpackungsglas zu erfahren.<\/p>\n<p><\/div><\/div>\n            <\/div>[\/vc_column][\/vc_row][vc_row][vc_column width=&#8221;1\/12&#8243;][\/vc_column][vc_column width=&#8221;10\/12&#8243;]<div id=\"id-events\" class=\"vc-gallery  spacing-bottom-m\"><div class=\"row vc-gallery-grid\"><div  class=\"vc-gallery-item mb-4 style-2 col-sm-6 col-md-4 col-lg-3 text-left\">\n                  <div class=\"vc-gallery-image off show-border\"><img decoding=\"async\" class=\"img-fluid\" src=\"https:\/\/www.stoelzle.com\/beauty\/wp-content\/uploads\/sites\/4\/2022\/11\/Luxepack-2023-800x600.jpg\" alt=\"Luxepack 2023 Logo\"><\/div>\n                  <div class=\"vc-gallery-content\"><div class=\"vc-gallery-title\">LuxePack Monaco<\/div><div class=\"vc-gallery-text\">30.09. \u2013 02.10.2024<br>\nGrimaldi Forum, Monaco<br>\n<a href=\"https:\/\/www.luxepackmonaco.com\/\" target=\"_blank\">www.luxepackmonaco.com<\/a><\/div><\/div>\n                <\/div><\/div><\/div>[\/vc_column][vc_column width=&#8221;1\/12&#8243;][\/vc_column][\/vc_row][vc_row][vc_column]<div id=\"id-gallery\" class=\"vc-gallery spacing-top-s spacing-bottom-m\"><div class=\"row vc-gallery-slider\"><a  href=\"https:\/\/www.stoelzle.com\/beauty\/wp-content\/uploads\/sites\/4\/2021\/02\/events-pcd-paris-2020.jpg\"  class=\"vc-gallery-item mb-4 style-1 col-sm-6 col-md-4 col-lg-3\">\n                  <div class=\"vc-gallery-image darken-20 show-border\"><img decoding=\"async\" class=\"img-fluid\" src=\"https:\/\/www.stoelzle.com\/beauty\/wp-content\/uploads\/sites\/4\/2021\/02\/events-pcd-paris-2020-800x800.jpg\" alt=\"Group picture of employees exhibiting at PCD Paris in 2019\"><\/div>\n                  <div class=\"vc-gallery-content\"><div class=\"vc-gallery-title\">PCD Paris<\/div><\/div>\n                <\/a><a  href=\"https:\/\/www.stoelzle.com\/beauty\/wp-content\/uploads\/sites\/4\/2021\/02\/events-pcd-paris-2019.jpg\"  class=\"vc-gallery-item mb-4 style-1 col-sm-6 col-md-4 col-lg-3\">\n                  <div class=\"vc-gallery-image darken-20 show-border\"><img decoding=\"async\" class=\"img-fluid\" src=\"https:\/\/www.stoelzle.com\/beauty\/wp-content\/uploads\/sites\/4\/2021\/02\/events-pcd-paris-2019-800x800.jpg\" alt=\"Exhibition booth at PCD Paris during the show\"><\/div>\n                  <div class=\"vc-gallery-content\"><div class=\"vc-gallery-title\">PCD Paris<\/div><\/div>\n                <\/a><a  href=\"https:\/\/www.stoelzle.com\/beauty\/wp-content\/uploads\/sites\/4\/2021\/02\/events-pcd-paris-2018.jpg\"  class=\"vc-gallery-item mb-4 style-1 col-sm-6 col-md-4 col-lg-3\">\n                  <div class=\"vc-gallery-image darken-20 show-border\"><img decoding=\"async\" class=\"img-fluid\" src=\"https:\/\/www.stoelzle.com\/beauty\/wp-content\/uploads\/sites\/4\/2021\/02\/events-pcd-paris-2018-800x800.jpg\" alt=\"Our stand in Paris at the PCD event in 2018\"><\/div>\n                  <div class=\"vc-gallery-content\"><div class=\"vc-gallery-title\">PCD Paris<\/div><\/div>\n                <\/a><a  href=\"https:\/\/www.stoelzle.com\/beauty\/wp-content\/uploads\/sites\/4\/2021\/02\/events-luxe-pack-monaco-2019-2.jpg\"  class=\"vc-gallery-item mb-4 style-1 col-sm-6 col-md-4 col-lg-3\">\n                  <div class=\"vc-gallery-image darken-20 show-border\"><img decoding=\"async\" class=\"img-fluid\" src=\"https:\/\/www.stoelzle.com\/beauty\/wp-content\/uploads\/sites\/4\/2021\/02\/events-luxe-pack-monaco-2019-2-800x800.jpg\" alt=\"Exhibition booth at Luxe Pack Monaco in 2019\"><\/div>\n                  <div class=\"vc-gallery-content\"><div class=\"vc-gallery-title\">Luxe Pack Monaco 2019<\/div><\/div>\n                <\/a><a  href=\"https:\/\/www.stoelzle.com\/beauty\/wp-content\/uploads\/sites\/4\/2021\/02\/events-luxe-pack-monaco-2019-1.jpg\"  class=\"vc-gallery-item mb-4 style-1 col-sm-6 col-md-4 col-lg-3\">\n                  <div class=\"vc-gallery-image darken-20 show-border\"><img decoding=\"async\" class=\"img-fluid\" src=\"https:\/\/www.stoelzle.com\/beauty\/wp-content\/uploads\/sites\/4\/2021\/02\/events-luxe-pack-monaco-2019-1-800x800.jpg\" alt=\"People at the exhibition booth at Luxe Pack Monaco in 2019\"><\/div>\n                  <div class=\"vc-gallery-content\"><div class=\"vc-gallery-title\">Luxe Pack Monaco<\/div><\/div>\n                <\/a><a  href=\"https:\/\/www.stoelzle.com\/beauty\/wp-content\/uploads\/sites\/4\/2021\/02\/events-luxepack-new-york-2018.jpg\"  class=\"vc-gallery-item mb-4 style-1 col-sm-6 col-md-4 col-lg-3\">\n                  <div class=\"vc-gallery-image darken-20 show-border\"><img decoding=\"async\" class=\"img-fluid\" src=\"https:\/\/www.stoelzle.com\/beauty\/wp-content\/uploads\/sites\/4\/2021\/02\/events-luxepack-new-york-2018-800x800.jpg\" alt=\"Stoelzle stand at the New York luxe pack event in 2018\"><\/div>\n                  <div class=\"vc-gallery-content\"><div class=\"vc-gallery-title\">Luxe Pack New York<\/div><\/div>\n                <\/a><\/div><div class=\"mt-4\"><div class=\"row\"><div class=\"col content-slider-arrows text-center\"><\/div><\/div><\/div><\/div>\n      <script async>\n        jQuery(document).ready(function($) {\n          jQuery(\"#id-gallery .vc-gallery-slider\").slick({\n            slidesToShow: 4,\n            prevArrow: \"<span class=\\\"d-inline-block slick-arrow slick-arrow-prev\\\"><\/span>\",\n            nextArrow: \"<span class=\\\"d-inline-block slick-arrow slick-arrow-next\\\"><\/span>\",\n            appendArrows: $(\"#id-gallery .content-slider-arrows\"),\n            adaptiveHeight: true,\n            responsive: [\n              {\n                breakpoint: 1024,\n                settings: {\n                  slidesToShow: 2\n                }\n              },\n              {\n                breakpoint: 768,\n                settings: {\n                  slidesToShow: 1\n                }\n              },\n            ]\n          });\n        });\n      <\/script>\n        <script async>\n        jQuery(document).ready(function($) {\n          jQuery(\"#id-gallery a\").simpleLightbox({uniqueImages: false});\n        });\n        <\/script>\n      [\/vc_column][\/vc_row]<\/p>\n<\/div>","protected":false},"excerpt":{"rendered":"<p>[vc_row][vc_column][\/vc_column][\/vc_row][vc_row][vc_column width=&#8221;1\/12&#8243;][\/vc_column][vc_column width=&#8221;10\/12&#8243;][\/vc_column][vc_column width=&#8221;1\/12&#8243;][\/vc_column][\/vc_row][vc_row][vc_column][\/vc_column][\/vc_row]<\/p>\n","protected":false},"author":1,"featured_media":0,"parent":0,"menu_order":140,"comment_status":"closed","ping_status":"closed","template":"","meta":{"_acf_changed":false,"footnotes":""},"class_list":["post-1665","page","type-page","status-publish","hentry"],"acf":[],"yoast_head":"<!-- This site is optimized with the Yoast SEO plugin v26.6 - https:\/\/yoast.com\/wordpress\/plugins\/seo\/ -->\n<title>Events - Stoelzle Beauty \u2013 Perfumery &amp; Cosmetics<\/title>\n<meta name=\"robots\" content=\"index, follow, max-snippet:-1, max-image-preview:large, max-video-preview:-1\" \/>\n<link rel=\"canonical\" href=\"https:\/\/www.stoelzle.com\/de\/events\" \/>\n<meta property=\"og:locale\" content=\"de_DE\" \/>\n<meta property=\"og:type\" content=\"article\" \/>\n<meta property=\"og:title\" content=\"Events - Stoelzle Beauty \u2013 Perfumery &amp; Cosmetics\" \/>\n<meta property=\"og:description\" content=\"[vc_row][vc_column][\/vc_column][\/vc_row][vc_row][vc_column width=&#8221;1\/12&#8243;][\/vc_column][vc_column width=&#8221;10\/12&#8243;][\/vc_column][vc_column width=&#8221;1\/12&#8243;][\/vc_column][\/vc_row][vc_row][vc_column][\/vc_column][\/vc_row]\" \/>\n<meta property=\"og:url\" content=\"https:\/\/www.stoelzle.com\/de\/events\" \/>\n<meta property=\"og:site_name\" content=\"Stoelzle Beauty \u2013 Perfumery &amp; Cosmetics\" \/>\n<meta property=\"article:modified_time\" content=\"2024-05-07T14:11:18+00:00\" \/>\n<meta name=\"twitter:card\" content=\"summary_large_image\" \/>\n<meta name=\"twitter:label1\" content=\"Gesch\u00e4tzte Lesezeit\" \/>\n\t<meta name=\"twitter:data1\" content=\"1 Minute\" \/>\n<script type=\"application\/ld+json\" class=\"yoast-schema-graph\">{\"@context\":\"https:\/\/schema.org\",\"@graph\":[{\"@type\":\"WebPage\",\"@id\":\"https:\/\/www.stoelzle.com\/beauty\/de\/events\/\",\"url\":\"https:\/\/www.stoelzle.com\/de\/events\",\"name\":\"Events - Stoelzle Beauty \u2013 Perfumery &amp; Cosmetics\",\"isPartOf\":{\"@id\":\"https:\/\/www.stoelzle.com\/beauty\/#website\"},\"datePublished\":\"2021-01-29T16:56:01+00:00\",\"dateModified\":\"2024-05-07T14:11:18+00:00\",\"breadcrumb\":{\"@id\":\"https:\/\/www.stoelzle.com\/de\/events#breadcrumb\"},\"inLanguage\":\"de-DE\",\"potentialAction\":[{\"@type\":\"ReadAction\",\"target\":[\"https:\/\/www.stoelzle.com\/de\/events\"]}]},{\"@type\":\"BreadcrumbList\",\"@id\":\"https:\/\/www.stoelzle.com\/de\/events#breadcrumb\",\"itemListElement\":[{\"@type\":\"ListItem\",\"position\":1,\"name\":\"Home\",\"item\":\"https:\/\/www.stoelzle.com\/de\/\"},{\"@type\":\"ListItem\",\"position\":2,\"name\":\"Perfumery &amp; Cosmetics\",\"item\":\"https:\/\/www.stoelzle.com\/beauty\/de\/\"},{\"@type\":\"ListItem\",\"position\":3,\"name\":\"Events\"}]},{\"@type\":\"WebSite\",\"@id\":\"https:\/\/www.stoelzle.com\/beauty\/#website\",\"url\":\"https:\/\/www.stoelzle.com\/beauty\/\",\"name\":\"Stoelzle Beauty \u2013 Perfumery &amp; Cosmetics\",\"description\":\"\",\"publisher\":{\"@id\":\"https:\/\/www.stoelzle.com\/beauty\/#organization\"},\"potentialAction\":[{\"@type\":\"SearchAction\",\"target\":{\"@type\":\"EntryPoint\",\"urlTemplate\":\"https:\/\/www.stoelzle.com\/beauty\/?s={search_term_string}\"},\"query-input\":{\"@type\":\"PropertyValueSpecification\",\"valueRequired\":true,\"valueName\":\"search_term_string\"}}],\"inLanguage\":\"de-DE\"},{\"@type\":\"Organization\",\"@id\":\"https:\/\/www.stoelzle.com\/beauty\/#organization\",\"name\":\"Stoelzle Beauty - Perfumery & Cosmetics\",\"url\":\"https:\/\/www.stoelzle.com\/beauty\/\",\"logo\":{\"@type\":\"ImageObject\",\"inLanguage\":\"de-DE\",\"@id\":\"https:\/\/www.stoelzle.com\/beauty\/#\/schema\/logo\/image\/\",\"url\":\"https:\/\/www.stoelzle.com\/beauty\/wp-content\/uploads\/sites\/4\/2021\/03\/logo_beauty.svg\",\"contentUrl\":\"https:\/\/www.stoelzle.com\/beauty\/wp-content\/uploads\/sites\/4\/2021\/03\/logo_beauty.svg\",\"width\":173,\"height\":40,\"caption\":\"Stoelzle Beauty - Perfumery & Cosmetics\"},\"image\":{\"@id\":\"https:\/\/www.stoelzle.com\/beauty\/#\/schema\/logo\/image\/\"}}]}<\/script>\n<!-- \/ Yoast SEO plugin. -->","yoast_head_json":{"title":"Events - Stoelzle Beauty \u2013 Perfumery &amp; Cosmetics","robots":{"index":"index","follow":"follow","max-snippet":"max-snippet:-1","max-image-preview":"max-image-preview:large","max-video-preview":"max-video-preview:-1"},"canonical":"https:\/\/www.stoelzle.com\/de\/events","og_locale":"de_DE","og_type":"article","og_title":"Events - Stoelzle Beauty \u2013 Perfumery &amp; Cosmetics","og_description":"[vc_row][vc_column][\/vc_column][\/vc_row][vc_row][vc_column width=&#8221;1\/12&#8243;][\/vc_column][vc_column width=&#8221;10\/12&#8243;][\/vc_column][vc_column width=&#8221;1\/12&#8243;][\/vc_column][\/vc_row][vc_row][vc_column][\/vc_column][\/vc_row]","og_url":"https:\/\/www.stoelzle.com\/de\/events","og_site_name":"Stoelzle Beauty \u2013 Perfumery &amp; Cosmetics","article_modified_time":"2024-05-07T14:11:18+00:00","twitter_card":"summary_large_image","twitter_misc":{"Gesch\u00e4tzte Lesezeit":"1 Minute"},"schema":{"@context":"https:\/\/schema.org","@graph":[{"@type":"WebPage","@id":"https:\/\/www.stoelzle.com\/beauty\/de\/events\/","url":"https:\/\/www.stoelzle.com\/de\/events","name":"Events - Stoelzle Beauty \u2013 Perfumery &amp; Cosmetics","isPartOf":{"@id":"https:\/\/www.stoelzle.com\/beauty\/#website"},"datePublished":"2021-01-29T16:56:01+00:00","dateModified":"2024-05-07T14:11:18+00:00","breadcrumb":{"@id":"https:\/\/www.stoelzle.com\/de\/events#breadcrumb"},"inLanguage":"de-DE","potentialAction":[{"@type":"ReadAction","target":["https:\/\/www.stoelzle.com\/de\/events"]}]},{"@type":"BreadcrumbList","@id":"https:\/\/www.stoelzle.com\/de\/events#breadcrumb","itemListElement":[{"@type":"ListItem","position":1,"name":"Home","item":"https:\/\/www.stoelzle.com\/de\/"},{"@type":"ListItem","position":2,"name":"Perfumery &amp; Cosmetics","item":"https:\/\/www.stoelzle.com\/beauty\/de\/"},{"@type":"ListItem","position":3,"name":"Events"}]},{"@type":"WebSite","@id":"https:\/\/www.stoelzle.com\/beauty\/#website","url":"https:\/\/www.stoelzle.com\/beauty\/","name":"Stoelzle Beauty \u2013 Perfumery &amp; Cosmetics","description":"","publisher":{"@id":"https:\/\/www.stoelzle.com\/beauty\/#organization"},"potentialAction":[{"@type":"SearchAction","target":{"@type":"EntryPoint","urlTemplate":"https:\/\/www.stoelzle.com\/beauty\/?s={search_term_string}"},"query-input":{"@type":"PropertyValueSpecification","valueRequired":true,"valueName":"search_term_string"}}],"inLanguage":"de-DE"},{"@type":"Organization","@id":"https:\/\/www.stoelzle.com\/beauty\/#organization","name":"Stoelzle Beauty - Perfumery & Cosmetics","url":"https:\/\/www.stoelzle.com\/beauty\/","logo":{"@type":"ImageObject","inLanguage":"de-DE","@id":"https:\/\/www.stoelzle.com\/beauty\/#\/schema\/logo\/image\/","url":"https:\/\/www.stoelzle.com\/beauty\/wp-content\/uploads\/sites\/4\/2021\/03\/logo_beauty.svg","contentUrl":"https:\/\/www.stoelzle.com\/beauty\/wp-content\/uploads\/sites\/4\/2021\/03\/logo_beauty.svg","width":173,"height":40,"caption":"Stoelzle Beauty - Perfumery & Cosmetics"},"image":{"@id":"https:\/\/www.stoelzle.com\/beauty\/#\/schema\/logo\/image\/"}}]}},"_links":{"self":[{"href":"https:\/\/www.stoelzle.com\/beauty\/de\/wp-json\/wp\/v2\/pages\/1665","targetHints":{"allow":["GET"]}}],"collection":[{"href":"https:\/\/www.stoelzle.com\/beauty\/de\/wp-json\/wp\/v2\/pages"}],"about":[{"href":"https:\/\/www.stoelzle.com\/beauty\/de\/wp-json\/wp\/v2\/types\/page"}],"author":[{"embeddable":true,"href":"https:\/\/www.stoelzle.com\/beauty\/de\/wp-json\/wp\/v2\/users\/1"}],"replies":[{"embeddable":true,"href":"https:\/\/www.stoelzle.com\/beauty\/de\/wp-json\/wp\/v2\/comments?post=1665"}],"version-history":[{"count":0,"href":"https:\/\/www.stoelzle.com\/beauty\/de\/wp-json\/wp\/v2\/pages\/1665\/revisions"}],"wp:attachment":[{"href":"https:\/\/www.stoelzle.com\/beauty\/de\/wp-json\/wp\/v2\/media?parent=1665"}],"curies":[{"name":"wp","href":"https:\/\/api.w.org\/{rel}","templated":true}]}}