{"id":1657,"date":"2021-01-29T16:56:01","date_gmt":"2021-01-29T16:56:01","guid":{"rendered":"https:\/\/stoelzle.com\/beauty\/customization\/special-design\/"},"modified":"2021-07-09T12:06:58","modified_gmt":"2021-07-09T12:06:58","slug":"spezielle-designs","status":"publish","type":"page","link":"https:\/\/www.stoelzle.com\/beauty\/de\/spezialanfertigungen\/spezielle-designs\/","title":{"rendered":"Spezielle Designs"},"content":{"rendered":"<div class=\"wpb-content-wrapper\"><p>[vc_row][vc_column]<div class=\"vc-title   text-center\">\n              <div class=\"topline\">Der Werkstoff Glas<\/div>\n              <h1 class=\"title position-relative separator\">Spezielle Designs<\/h1>\n              <div class=\"row\"><div class=\"col-md-10 offset-md-1\"><\/p>\n<p class=\"large-text\">Glas ist ein nat\u00fcrliches und faszinierendes Material. F\u00fcr die Herstellung von hochwertigem <a href=\"https:\/\/www.stoelzle.com\/beauty\/de\/produkte\/parfum\/\">Verpackungsglas f\u00fcr Parf\u00fcms<\/a> und <a href=\"https:\/\/www.stoelzle.com\/beauty\/de\/produkte\/kosmetik\/\">Kosmetikprodukte<\/a> bedarf es exzellenten Know-hows. Unser Produktentwicklungsteam hat jahrelange Erfahrung im Design und der technischen Fertigung von komplexen Verpackungsprojekten.<\/p>\n<p><\/div><\/div>\n            <\/div>[\/vc_column][\/vc_row][vc_row full_width=&#8221;stretch_row_content_no_spaces&#8221;][vc_column]<div class=\"vc-two-columns  \">\n                <div class=\"row\">\n                    <div class=\"col-sm-6 bg-gray image-left\"><img loading=\"lazy\" decoding=\"async\" width=\"1024\" height=\"666\" src=\"https:\/\/www.stoelzle.com\/beauty\/wp-content\/uploads\/sites\/4\/2021\/05\/special-design-givenchy-irresistible-1024x666.jpg\" class=\"w-100 h-100 cover\" alt=\"Kundenspezifische Parf\u00fcmflasche von Irresistible by Givenchy\" srcset=\"https:\/\/www.stoelzle.com\/beauty\/wp-content\/uploads\/sites\/4\/2021\/05\/special-design-givenchy-irresistible-1024x666.jpg 1024w, https:\/\/www.stoelzle.com\/beauty\/wp-content\/uploads\/sites\/4\/2021\/05\/special-design-givenchy-irresistible-480x312.jpg 480w, https:\/\/www.stoelzle.com\/beauty\/wp-content\/uploads\/sites\/4\/2021\/05\/special-design-givenchy-irresistible-1536x998.jpg 1536w, https:\/\/www.stoelzle.com\/beauty\/wp-content\/uploads\/sites\/4\/2021\/05\/special-design-givenchy-irresistible-992x645.jpg 992w, https:\/\/www.stoelzle.com\/beauty\/wp-content\/uploads\/sites\/4\/2021\/05\/special-design-givenchy-irresistible-600x390.jpg 600w, https:\/\/www.stoelzle.com\/beauty\/wp-content\/uploads\/sites\/4\/2021\/05\/special-design-givenchy-irresistible.jpg 2000w\" sizes=\"auto, (max-width: 1024px) 100vw, 1024px\" \/><\/div>\n                    <div class=\"col-sm-6 bg-gray image-left\"><div class=\"column-content h-100 d-flex flex-column justify-content-center\"><\/p>\n<h2>L&#8217;Irr\u00e9sistible &#8211; Givenchy<\/h2>\n<p class=\"p1\">Das Haus Givenchy hat Stoelzle Masni\u00e8res Parfumerie mit der Gestaltung eines Flakons beauftragt, der ebenso modern wie der Duft sein sollte. Dieser Flakon in klarem und n\u00fcchternen Design war technisch sehr herausfordernd. Sowohl quadratisch als auch an den Ecken abgerundet, ist die sinnliche Form dieses Flakons von gro\u00dfer Eleganz. Die technische Herausforderung bestand darin, eine spezielle Form zu kreieren, damit eine Metallplatte auf der Schulter des Flakons eingef\u00fcgt werden konnte, die es erm\u00f6glicht, die Winkel der Facetten zu sublimieren. Es erforderte das ganze Know-how der Stoelzle-Teams, um diese sch\u00f6ne Verteilung des Glases ohne optische St\u00f6rung zu erreichen. Ein sehr couturehafter Touch f\u00fcr dieses moderne und ultra-feminine Geh\u00e4use.<\/p>\n<p><\/div><\/div>\n                <\/div>\n            <\/div><div class=\"vc-two-columns  \">\n                <div class=\"row\">\n                    <div class=\"col-sm-6 bg-blue image-right\"><div class=\"column-content h-100 d-flex flex-column justify-content-center\"><\/p>\n<h2>Mademoiselle Rochas<\/h2>\n<p>In enger Zusammenarbeit mit Interparfums haben wir 2017 den prachtvollen Flakon &#8220;Mademoiselle Rochas&#8221; produziert. F\u00fcr die Marke war es wichtig, dass die feinen Rippen in regelm\u00e4\u00dfigen Abst\u00e4nden rund um den Flakon die Haute Couture-Details des franz\u00f6sischen Hauses widerspiegeln. Au\u00dferdem musste der Flakon auf beiden Seiten eine absolut ebene Fl\u00e4chen bieten, um das Etikett perfekt zu positionieren.<\/p>\n<p>Indem wir die W\u00fcnsche von Interparfums perfekt respektiert haben, konnten wir einen technisch anspruchsvollen Flakon kreieren, der in v\u00f6lliger Harmonie mit dem Image einer Marke steht, die das franz\u00f6sische Erbe verk\u00f6rpert.<\/div><\/div>\n                    <div class=\"col-sm-6 bg-blue image-right\"><img loading=\"lazy\" decoding=\"async\" width=\"1024\" height=\"666\" src=\"https:\/\/www.stoelzle.com\/beauty\/wp-content\/uploads\/sites\/4\/2021\/05\/special-design-mademoiselle-rochas-black-1024x666.jpg\" class=\"w-100 h-100 cover\" alt=\"Kundenspezifische Parf\u00fcmflasche von Mademoiselle Rochas\" srcset=\"https:\/\/www.stoelzle.com\/beauty\/wp-content\/uploads\/sites\/4\/2021\/05\/special-design-mademoiselle-rochas-black-1024x666.jpg 1024w, https:\/\/www.stoelzle.com\/beauty\/wp-content\/uploads\/sites\/4\/2021\/05\/special-design-mademoiselle-rochas-black-480x312.jpg 480w, https:\/\/www.stoelzle.com\/beauty\/wp-content\/uploads\/sites\/4\/2021\/05\/special-design-mademoiselle-rochas-black-1536x998.jpg 1536w, https:\/\/www.stoelzle.com\/beauty\/wp-content\/uploads\/sites\/4\/2021\/05\/special-design-mademoiselle-rochas-black-992x645.jpg 992w, https:\/\/www.stoelzle.com\/beauty\/wp-content\/uploads\/sites\/4\/2021\/05\/special-design-mademoiselle-rochas-black-600x390.jpg 600w, https:\/\/www.stoelzle.com\/beauty\/wp-content\/uploads\/sites\/4\/2021\/05\/special-design-mademoiselle-rochas-black.jpg 2000w\" sizes=\"auto, (max-width: 1024px) 100vw, 1024px\" \/><\/div>\n                <\/div>\n            <\/div><div class=\"vc-two-columns  \">\n                <div class=\"row\">\n                    <div class=\"col-sm-6 bg-white image-left\"><img loading=\"lazy\" decoding=\"async\" width=\"1024\" height=\"666\" src=\"https:\/\/www.stoelzle.com\/beauty\/wp-content\/uploads\/sites\/4\/2021\/05\/special-design-caron-aimez-moi-1024x666.jpg\" class=\"w-100 h-100 cover\" alt=\"Kundenspezifische Parf\u00fcmflasche von Aimez-moi comme je suis\" srcset=\"https:\/\/www.stoelzle.com\/beauty\/wp-content\/uploads\/sites\/4\/2021\/05\/special-design-caron-aimez-moi-1024x666.jpg 1024w, https:\/\/www.stoelzle.com\/beauty\/wp-content\/uploads\/sites\/4\/2021\/05\/special-design-caron-aimez-moi-480x312.jpg 480w, https:\/\/www.stoelzle.com\/beauty\/wp-content\/uploads\/sites\/4\/2021\/05\/special-design-caron-aimez-moi-1536x998.jpg 1536w, https:\/\/www.stoelzle.com\/beauty\/wp-content\/uploads\/sites\/4\/2021\/05\/special-design-caron-aimez-moi-992x645.jpg 992w, https:\/\/www.stoelzle.com\/beauty\/wp-content\/uploads\/sites\/4\/2021\/05\/special-design-caron-aimez-moi-600x390.jpg 600w, https:\/\/www.stoelzle.com\/beauty\/wp-content\/uploads\/sites\/4\/2021\/05\/special-design-caron-aimez-moi.jpg 2000w\" sizes=\"auto, (max-width: 1024px) 100vw, 1024px\" \/><\/div>\n                    <div class=\"col-sm-6 bg-white image-left\"><div class=\"column-content h-100 d-flex flex-column justify-content-center\"><\/p>\n<h2>Parfums Caron &#8211; Aimez-moi comme je suis<\/h2>\n<p>dieses wundersch\u00f6nen Flakons gesteckt. Ein sehr strukturierter Flakon mit gew\u00f6lbten Seiten erforderte eine sehr technische Auslegung des Werkzeugs und eine sehr gute Beherrschung des Prozesses, um die richtige Verteilung auf der Ebene der S\u00e4ulen und der Schulter zu erhalten. Dar\u00fcber hinaus war der kleine Schraubring f\u00fcr ein hohes Glasgewicht eine weitere Herausforderung. Die Umweltcharta von Parfums Caron verlangte n\u00e4mlich eine einfache Trennung der Pumpe von der Flasche bei der Entsorgung. Schlie\u00dflich musste eine besonders heikle Pr\u00fcfung durchgef\u00fchrt werden, um die Ebenheit des Fensters f\u00fcr das Plattengeh\u00e4use zu verifizieren.<\/p>\n<p>Die enge Zusammenarbeit mit den Teams von Parfums CARON erm\u00f6glichte es, diese sehr sch\u00f6nen Flakons in der reinen Tradition der franz\u00f6sischen Haute Parfumerie zu produzieren.<\/div><\/div>\n                <\/div>\n            <\/div><div class=\"vc-two-columns  \">\n                <div class=\"row\">\n                    <div class=\"col-sm-6 bg-gray image-right\"><div class=\"column-content h-100 d-flex flex-column justify-content-center\"><\/p>\n<h2>Angels&#8217; Share &#8211; Kilian<\/h2>\n<p>Die Marke beauftragte Stoelzle Masni\u00e8res Parfumerie mit der Kreation dieser sehr sch\u00f6nen Flakons, die sofort s\u00fcchtig machen. Ein dickes Glas, graviert mit dem emblematischen K-Motiv, das das Licht aus jedem Winkel reflektiert! Trompe l&#8217;oeil-Objekte, die an Cocktailgl\u00e4ser in Art-D\u00e9co-Bars erinnern &#8230; Die gro\u00dfe Komplexit\u00e4t des Designs dieses Flakons verlangte vom Stoelzle-Team eine echte technische Meisterleistung. F\u00fcr diese gro\u00dfe Markteinf\u00fchrung wurden mehrere Herausforderungen erfolgreich gemeistert:<\/p>\n<ul>\n<li>eine facettierte, sehr glasreiche Flasche, getragen von einem sehr kleinen Schraubring<\/li>\n<li>eine sehr gleichm\u00e4\u00dfige Verteilung am Boden und an der Schulter trotz sehr ausgepr\u00e4gter Stichtiefgravur<\/li>\n<li>die Herstellung einer sehr spezifischen Form, die eine Entformung in mehreren Teilen erfordert<\/li>\n<li>eine perfekte Ma\u00dfkontrolle, um eine gute Positionierung und Verklebung der Platte zu erm\u00f6glichen<\/li>\n<\/ul>\n<p><\/div><\/div>\n                    <div class=\"col-sm-6 bg-gray image-right\"><img loading=\"lazy\" decoding=\"async\" width=\"1024\" height=\"666\" src=\"https:\/\/www.stoelzle.com\/beauty\/wp-content\/uploads\/sites\/4\/2021\/05\/special-design-angels-share-kilian-1024x666.jpg\" class=\"w-100 h-100 cover\" alt=\"Kundenspezifische Parf\u00fcmflasche von Angel&#039;s share by Kilian\" srcset=\"https:\/\/www.stoelzle.com\/beauty\/wp-content\/uploads\/sites\/4\/2021\/05\/special-design-angels-share-kilian-1024x666.jpg 1024w, https:\/\/www.stoelzle.com\/beauty\/wp-content\/uploads\/sites\/4\/2021\/05\/special-design-angels-share-kilian-480x312.jpg 480w, https:\/\/www.stoelzle.com\/beauty\/wp-content\/uploads\/sites\/4\/2021\/05\/special-design-angels-share-kilian-1536x998.jpg 1536w, https:\/\/www.stoelzle.com\/beauty\/wp-content\/uploads\/sites\/4\/2021\/05\/special-design-angels-share-kilian-992x645.jpg 992w, https:\/\/www.stoelzle.com\/beauty\/wp-content\/uploads\/sites\/4\/2021\/05\/special-design-angels-share-kilian-600x390.jpg 600w, https:\/\/www.stoelzle.com\/beauty\/wp-content\/uploads\/sites\/4\/2021\/05\/special-design-angels-share-kilian.jpg 2000w\" sizes=\"auto, (max-width: 1024px) 100vw, 1024px\" \/><\/div>\n                <\/div>\n            <\/div><div class=\"vc-two-columns  \">\n                <div class=\"row\">\n                    <div class=\"col-sm-6 bg-blue image-left\"><img loading=\"lazy\" decoding=\"async\" width=\"1024\" height=\"666\" src=\"https:\/\/www.stoelzle.com\/beauty\/wp-content\/uploads\/sites\/4\/2021\/05\/special-design-coach-dreams-eau-de-parfum-1024x666.jpg\" class=\"w-100 h-100 cover\" alt=\"Kundenspezifische Parf\u00fcmflasche von Coach dreams Parf\u00fcm\" srcset=\"https:\/\/www.stoelzle.com\/beauty\/wp-content\/uploads\/sites\/4\/2021\/05\/special-design-coach-dreams-eau-de-parfum-1024x666.jpg 1024w, https:\/\/www.stoelzle.com\/beauty\/wp-content\/uploads\/sites\/4\/2021\/05\/special-design-coach-dreams-eau-de-parfum-480x312.jpg 480w, https:\/\/www.stoelzle.com\/beauty\/wp-content\/uploads\/sites\/4\/2021\/05\/special-design-coach-dreams-eau-de-parfum-1536x998.jpg 1536w, https:\/\/www.stoelzle.com\/beauty\/wp-content\/uploads\/sites\/4\/2021\/05\/special-design-coach-dreams-eau-de-parfum-992x645.jpg 992w, https:\/\/www.stoelzle.com\/beauty\/wp-content\/uploads\/sites\/4\/2021\/05\/special-design-coach-dreams-eau-de-parfum-600x390.jpg 600w, https:\/\/www.stoelzle.com\/beauty\/wp-content\/uploads\/sites\/4\/2021\/05\/special-design-coach-dreams-eau-de-parfum.jpg 2000w\" sizes=\"auto, (max-width: 1024px) 100vw, 1024px\" \/><\/div>\n                    <div class=\"col-sm-6 bg-blue image-left\"><div class=\"column-content h-100 d-flex flex-column justify-content-center\"><\/p>\n<h2>Coach Dreams<\/h2>\n<p class=\"p1\">Der Flakon zeigt ein sehr sch\u00f6nes Design, das vom Vintage-Stil der Apotheker im \u00e4u\u00dfersten Westen inspiriert ist. Die Kr\u00fcmmung des Flakons erinnert an eine h\u00fcbsche Flasche. Die Basis besteht aus einem schonen Glasring, auf dem ein dicker Flaschenboden ruht. Die Vorderansicht ziert ein weises Etikett, auf dem das Logo sowie ein Symbol f\u00fcr Pferde und Kutsche zu sehen sind.<span class=\"Apple-converted-space\">\u00a0<\/span><\/p>\n<p><\/div><\/div>\n                <\/div>\n            <\/div><div class=\"vc-two-columns  \">\n                <div class=\"row\">\n                    <div class=\"col-sm-6 bg-white image-right\"><div class=\"column-content h-100 d-flex flex-column justify-content-center\"><\/p>\n<h2>Perfume gun collection \u2013 Fr\u00e9d\u00e9ric Malle<\/h2>\n<p>In Sachen Innovation ist die Stoelzle Masni\u00e8res Parfumerie gleich doppelt stolz. Zum einen auf die erste Zusammenarbeit mit den Teams von Editions de Parfums Fr\u00e9d\u00e9ric Malle und zum anderen auf die Entwicklung des ersten Flakons, der mit der Pulverbeschichtungstechnik &#8220;Quali Glass Coat 2.0&#8221; behandelt wurde. Angewandt auf bernsteinfarbene Flakons, die vor allem in der pharmazeutischen Industrie verwendet werden, sorgt die 40-Mikron-Pulverbeschichtung f\u00fcr eine perfekt glatte, makellose Oberfl\u00e4che mit einem sch\u00f6nen, matten Finish der Spitzenklasse.<\/div><\/div>\n                    <div class=\"col-sm-6 bg-white image-right\"><img loading=\"lazy\" decoding=\"async\" width=\"1024\" height=\"666\" src=\"https:\/\/www.stoelzle.com\/beauty\/wp-content\/uploads\/sites\/4\/2021\/05\/special-design-gun-jurassic-flower-1024x666.jpg\" class=\"w-100 h-100 cover\" alt=\"Kundenspezifische Parf\u00fcmflasche von Frederic Malle Perfume Gun\" srcset=\"https:\/\/www.stoelzle.com\/beauty\/wp-content\/uploads\/sites\/4\/2021\/05\/special-design-gun-jurassic-flower-1024x666.jpg 1024w, https:\/\/www.stoelzle.com\/beauty\/wp-content\/uploads\/sites\/4\/2021\/05\/special-design-gun-jurassic-flower-480x312.jpg 480w, https:\/\/www.stoelzle.com\/beauty\/wp-content\/uploads\/sites\/4\/2021\/05\/special-design-gun-jurassic-flower-1536x998.jpg 1536w, https:\/\/www.stoelzle.com\/beauty\/wp-content\/uploads\/sites\/4\/2021\/05\/special-design-gun-jurassic-flower-992x645.jpg 992w, https:\/\/www.stoelzle.com\/beauty\/wp-content\/uploads\/sites\/4\/2021\/05\/special-design-gun-jurassic-flower-600x390.jpg 600w, https:\/\/www.stoelzle.com\/beauty\/wp-content\/uploads\/sites\/4\/2021\/05\/special-design-gun-jurassic-flower.jpg 2000w\" sizes=\"auto, (max-width: 1024px) 100vw, 1024px\" \/><\/div>\n                <\/div>\n            <\/div>[\/vc_column][\/vc_row]<\/p>\n<\/div>","protected":false},"excerpt":{"rendered":"<p>[vc_row][vc_column][\/vc_column][\/vc_row][vc_row full_width=&#8221;stretch_row_content_no_spaces&#8221;][vc_column][\/vc_column][\/vc_row]<\/p>\n","protected":false},"author":1,"featured_media":0,"parent":1645,"menu_order":110,"comment_status":"closed","ping_status":"closed","template":"","meta":{"_acf_changed":false,"footnotes":""},"class_list":["post-1657","page","type-page","status-publish","hentry"],"acf":[],"yoast_head":"<!-- This site is optimized with the Yoast SEO plugin v26.6 - https:\/\/yoast.com\/wordpress\/plugins\/seo\/ -->\n<title>Parfumflakon Design \u00bb ma\u00dfgeschneiderte Entw\u00fcrfe | Stoelzle<\/title>\n<meta name=\"description\" content=\"Im Portfolio von Stoelzle finden sich zahlreiche pr\u00e4mierte Parfumflakon-Designs \u279c Erfahren Sie mehr \u00fcber unsere erfolgreichsten Entw\u00fcrfe!\" \/>\n<meta name=\"robots\" content=\"index, follow, max-snippet:-1, max-image-preview:large, max-video-preview:-1\" \/>\n<link rel=\"canonical\" href=\"https:\/\/www.stoelzle.com\/beauty\/de\/spezialanfertigungen\/spezielle-designs\/\" \/>\n<meta property=\"og:locale\" content=\"de_DE\" \/>\n<meta property=\"og:type\" content=\"article\" \/>\n<meta property=\"og:title\" content=\"Parfumflakon Design \u00bb ma\u00dfgeschneiderte Entw\u00fcrfe | Stoelzle\" \/>\n<meta property=\"og:description\" content=\"Im Portfolio von Stoelzle finden sich zahlreiche pr\u00e4mierte Parfumflakon-Designs \u279c Erfahren Sie mehr \u00fcber unsere erfolgreichsten Entw\u00fcrfe!\" \/>\n<meta property=\"og:url\" content=\"https:\/\/www.stoelzle.com\/beauty\/de\/spezialanfertigungen\/spezielle-designs\/\" \/>\n<meta property=\"og:site_name\" content=\"Stoelzle Beauty \u2013 Perfumery &amp; Cosmetics\" \/>\n<meta property=\"article:modified_time\" content=\"2021-07-09T12:06:58+00:00\" \/>\n<meta name=\"twitter:card\" content=\"summary_large_image\" \/>\n<meta name=\"twitter:label1\" content=\"Gesch\u00e4tzte Lesezeit\" \/>\n\t<meta name=\"twitter:data1\" content=\"3 Minuten\" \/>\n<script type=\"application\/ld+json\" class=\"yoast-schema-graph\">{\"@context\":\"https:\/\/schema.org\",\"@graph\":[{\"@type\":\"WebPage\",\"@id\":\"https:\/\/www.stoelzle.com\/beauty\/de\/spezialanfertigungen\/spezielle-designs\/\",\"url\":\"https:\/\/www.stoelzle.com\/beauty\/de\/spezialanfertigungen\/spezielle-designs\/\",\"name\":\"Parfumflakon Design \u00bb ma\u00dfgeschneiderte Entw\u00fcrfe | Stoelzle\",\"isPartOf\":{\"@id\":\"https:\/\/www.stoelzle.com\/beauty\/#website\"},\"datePublished\":\"2021-01-29T16:56:01+00:00\",\"dateModified\":\"2021-07-09T12:06:58+00:00\",\"description\":\"Im Portfolio von Stoelzle finden sich zahlreiche pr\u00e4mierte Parfumflakon-Designs \u279c Erfahren Sie mehr \u00fcber unsere erfolgreichsten Entw\u00fcrfe!\",\"breadcrumb\":{\"@id\":\"https:\/\/www.stoelzle.com\/beauty\/de\/spezialanfertigungen\/spezielle-designs\/#breadcrumb\"},\"inLanguage\":\"de-DE\",\"potentialAction\":[{\"@type\":\"ReadAction\",\"target\":[\"https:\/\/www.stoelzle.com\/beauty\/de\/spezialanfertigungen\/spezielle-designs\/\"]}]},{\"@type\":\"BreadcrumbList\",\"@id\":\"https:\/\/www.stoelzle.com\/beauty\/de\/spezialanfertigungen\/spezielle-designs\/#breadcrumb\",\"itemListElement\":[{\"@type\":\"ListItem\",\"position\":1,\"name\":\"Home\",\"item\":\"https:\/\/www.stoelzle.com\/de\/\"},{\"@type\":\"ListItem\",\"position\":2,\"name\":\"Perfumery &amp; Cosmetics\",\"item\":\"https:\/\/www.stoelzle.com\/beauty\/de\/\"},{\"@type\":\"ListItem\",\"position\":3,\"name\":\"Spezialanfertigungen\",\"item\":\"https:\/\/www.stoelzle.com\/beauty\/de\/spezialanfertigungen\/\"},{\"@type\":\"ListItem\",\"position\":4,\"name\":\"Spezielle Designs\"}]},{\"@type\":\"WebSite\",\"@id\":\"https:\/\/www.stoelzle.com\/beauty\/#website\",\"url\":\"https:\/\/www.stoelzle.com\/beauty\/\",\"name\":\"Stoelzle Beauty \u2013 Perfumery &amp; Cosmetics\",\"description\":\"\",\"publisher\":{\"@id\":\"https:\/\/www.stoelzle.com\/beauty\/#organization\"},\"potentialAction\":[{\"@type\":\"SearchAction\",\"target\":{\"@type\":\"EntryPoint\",\"urlTemplate\":\"https:\/\/www.stoelzle.com\/beauty\/?s={search_term_string}\"},\"query-input\":{\"@type\":\"PropertyValueSpecification\",\"valueRequired\":true,\"valueName\":\"search_term_string\"}}],\"inLanguage\":\"de-DE\"},{\"@type\":\"Organization\",\"@id\":\"https:\/\/www.stoelzle.com\/beauty\/#organization\",\"name\":\"Stoelzle Beauty - Perfumery & Cosmetics\",\"url\":\"https:\/\/www.stoelzle.com\/beauty\/\",\"logo\":{\"@type\":\"ImageObject\",\"inLanguage\":\"de-DE\",\"@id\":\"https:\/\/www.stoelzle.com\/beauty\/#\/schema\/logo\/image\/\",\"url\":\"https:\/\/www.stoelzle.com\/beauty\/wp-content\/uploads\/sites\/4\/2021\/03\/logo_beauty.svg\",\"contentUrl\":\"https:\/\/www.stoelzle.com\/beauty\/wp-content\/uploads\/sites\/4\/2021\/03\/logo_beauty.svg\",\"width\":173,\"height\":40,\"caption\":\"Stoelzle Beauty - Perfumery & Cosmetics\"},\"image\":{\"@id\":\"https:\/\/www.stoelzle.com\/beauty\/#\/schema\/logo\/image\/\"}}]}<\/script>\n<!-- \/ Yoast SEO plugin. -->","yoast_head_json":{"title":"Parfumflakon Design \u00bb ma\u00dfgeschneiderte Entw\u00fcrfe | Stoelzle","description":"Im Portfolio von Stoelzle finden sich zahlreiche pr\u00e4mierte Parfumflakon-Designs \u279c Erfahren Sie mehr \u00fcber unsere erfolgreichsten Entw\u00fcrfe!","robots":{"index":"index","follow":"follow","max-snippet":"max-snippet:-1","max-image-preview":"max-image-preview:large","max-video-preview":"max-video-preview:-1"},"canonical":"https:\/\/www.stoelzle.com\/beauty\/de\/spezialanfertigungen\/spezielle-designs\/","og_locale":"de_DE","og_type":"article","og_title":"Parfumflakon Design \u00bb ma\u00dfgeschneiderte Entw\u00fcrfe | Stoelzle","og_description":"Im Portfolio von Stoelzle finden sich zahlreiche pr\u00e4mierte Parfumflakon-Designs \u279c Erfahren Sie mehr \u00fcber unsere erfolgreichsten Entw\u00fcrfe!","og_url":"https:\/\/www.stoelzle.com\/beauty\/de\/spezialanfertigungen\/spezielle-designs\/","og_site_name":"Stoelzle Beauty \u2013 Perfumery &amp; Cosmetics","article_modified_time":"2021-07-09T12:06:58+00:00","twitter_card":"summary_large_image","twitter_misc":{"Gesch\u00e4tzte Lesezeit":"3 Minuten"},"schema":{"@context":"https:\/\/schema.org","@graph":[{"@type":"WebPage","@id":"https:\/\/www.stoelzle.com\/beauty\/de\/spezialanfertigungen\/spezielle-designs\/","url":"https:\/\/www.stoelzle.com\/beauty\/de\/spezialanfertigungen\/spezielle-designs\/","name":"Parfumflakon Design \u00bb ma\u00dfgeschneiderte Entw\u00fcrfe | Stoelzle","isPartOf":{"@id":"https:\/\/www.stoelzle.com\/beauty\/#website"},"datePublished":"2021-01-29T16:56:01+00:00","dateModified":"2021-07-09T12:06:58+00:00","description":"Im Portfolio von Stoelzle finden sich zahlreiche pr\u00e4mierte Parfumflakon-Designs \u279c Erfahren Sie mehr \u00fcber unsere erfolgreichsten Entw\u00fcrfe!","breadcrumb":{"@id":"https:\/\/www.stoelzle.com\/beauty\/de\/spezialanfertigungen\/spezielle-designs\/#breadcrumb"},"inLanguage":"de-DE","potentialAction":[{"@type":"ReadAction","target":["https:\/\/www.stoelzle.com\/beauty\/de\/spezialanfertigungen\/spezielle-designs\/"]}]},{"@type":"BreadcrumbList","@id":"https:\/\/www.stoelzle.com\/beauty\/de\/spezialanfertigungen\/spezielle-designs\/#breadcrumb","itemListElement":[{"@type":"ListItem","position":1,"name":"Home","item":"https:\/\/www.stoelzle.com\/de\/"},{"@type":"ListItem","position":2,"name":"Perfumery &amp; Cosmetics","item":"https:\/\/www.stoelzle.com\/beauty\/de\/"},{"@type":"ListItem","position":3,"name":"Spezialanfertigungen","item":"https:\/\/www.stoelzle.com\/beauty\/de\/spezialanfertigungen\/"},{"@type":"ListItem","position":4,"name":"Spezielle Designs"}]},{"@type":"WebSite","@id":"https:\/\/www.stoelzle.com\/beauty\/#website","url":"https:\/\/www.stoelzle.com\/beauty\/","name":"Stoelzle Beauty \u2013 Perfumery &amp; Cosmetics","description":"","publisher":{"@id":"https:\/\/www.stoelzle.com\/beauty\/#organization"},"potentialAction":[{"@type":"SearchAction","target":{"@type":"EntryPoint","urlTemplate":"https:\/\/www.stoelzle.com\/beauty\/?s={search_term_string}"},"query-input":{"@type":"PropertyValueSpecification","valueRequired":true,"valueName":"search_term_string"}}],"inLanguage":"de-DE"},{"@type":"Organization","@id":"https:\/\/www.stoelzle.com\/beauty\/#organization","name":"Stoelzle Beauty - Perfumery & Cosmetics","url":"https:\/\/www.stoelzle.com\/beauty\/","logo":{"@type":"ImageObject","inLanguage":"de-DE","@id":"https:\/\/www.stoelzle.com\/beauty\/#\/schema\/logo\/image\/","url":"https:\/\/www.stoelzle.com\/beauty\/wp-content\/uploads\/sites\/4\/2021\/03\/logo_beauty.svg","contentUrl":"https:\/\/www.stoelzle.com\/beauty\/wp-content\/uploads\/sites\/4\/2021\/03\/logo_beauty.svg","width":173,"height":40,"caption":"Stoelzle Beauty - Perfumery & Cosmetics"},"image":{"@id":"https:\/\/www.stoelzle.com\/beauty\/#\/schema\/logo\/image\/"}}]}},"_links":{"self":[{"href":"https:\/\/www.stoelzle.com\/beauty\/de\/wp-json\/wp\/v2\/pages\/1657","targetHints":{"allow":["GET"]}}],"collection":[{"href":"https:\/\/www.stoelzle.com\/beauty\/de\/wp-json\/wp\/v2\/pages"}],"about":[{"href":"https:\/\/www.stoelzle.com\/beauty\/de\/wp-json\/wp\/v2\/types\/page"}],"author":[{"embeddable":true,"href":"https:\/\/www.stoelzle.com\/beauty\/de\/wp-json\/wp\/v2\/users\/1"}],"replies":[{"embeddable":true,"href":"https:\/\/www.stoelzle.com\/beauty\/de\/wp-json\/wp\/v2\/comments?post=1657"}],"version-history":[{"count":0,"href":"https:\/\/www.stoelzle.com\/beauty\/de\/wp-json\/wp\/v2\/pages\/1657\/revisions"}],"up":[{"embeddable":true,"href":"https:\/\/www.stoelzle.com\/beauty\/de\/wp-json\/wp\/v2\/pages\/1645"}],"wp:attachment":[{"href":"https:\/\/www.stoelzle.com\/beauty\/de\/wp-json\/wp\/v2\/media?parent=1657"}],"curies":[{"name":"wp","href":"https:\/\/api.w.org\/{rel}","templated":true}]}}