{"id":1653,"date":"2021-01-29T16:56:01","date_gmt":"2021-01-29T16:56:01","guid":{"rendered":"https:\/\/stoelzle.com\/beauty\/customization\/decoration\/"},"modified":"2021-09-29T06:55:17","modified_gmt":"2021-09-29T06:55:17","slug":"dekoration","status":"publish","type":"page","link":"https:\/\/www.stoelzle.com\/beauty\/de\/spezialanfertigungen\/dekoration\/","title":{"rendered":"Dekoration"},"content":{"rendered":"<div class=\"wpb-content-wrapper\"><p>[vc_row][vc_column]<div class=\"vc-title   text-center\">\n              <div class=\"topline\">Einzigartige Produkte<\/div>\n              <h1 class=\"title position-relative separator\">Dekoration<\/h1>\n              <div class=\"row\"><div class=\"col-md-10 offset-md-1\"><\/p>\n<p class=\"large-text\">In den letzten Jahren wurde die Dekoration von Glasverpackungen, vor allem im Bereich der <a href=\"https:\/\/www.stoelzle.com\/beauty\/de\/\">Parf\u00fcmerie &amp; Kosmetik<\/a>, immer wichtiger. Immer mehr Kunden lassen ihre <a href=\"https:\/\/www.stoelzle.com\/beauty\/de\/produkt-uebersicht\/\">Glasverpackungen<\/a> aufwendig und exklusiv dekorieren, damit sich ihr Produkt aus der Masse von Artikeln am Markt abhebt. Stoelzle Masni\u00e8res arbeitet zudem st\u00e4ndig daran, neue, umweltfreundlichere Dekorationsprozesse zu entwickeln.<\/p>\n<p><\/div><\/div>\n            <\/div>[\/vc_column][\/vc_row][vc_row full_width=&#8221;stretch_row_content_no_spaces&#8221;][vc_column]<div id=\"id-content-cards\" class=\"row no-gutters  \">\n        <div class=\"col-sm-6 col-md-4 col-lg-3 \">\n          <div class=\"card no-zoom theme-dark\">\n            \n          <div class=\"card-image position-absolute w-100 h-100\">\n            <img decoding=\"async\" class=\"w-100 h-100\"  src=\"https:\/\/www.stoelzle.com\/beauty\/wp-content\/uploads\/sites\/4\/2021\/02\/decoration-sites-perfume-800x800.jpg\" alt=\"Decorated perfume bottle\" \/>\n          <\/div>\n            <div class=\"card-overlay d-flex flex-column\">\n            \n            \n            \n            \n              <div class=\"mt-auto\">\n                \n              <\/div>\n            <\/div>\n          <\/div>\n        <\/div>\n        <div class=\"col-sm-6 col-md-4 col-lg-3 \">\n          <div class=\"card card-text theme-light-gray\">\n            \n            <div class=\"card-overlay d-flex flex-column\">\n            <div class=\"sub-headline w-100\">Tradition trifft Innovation<\/div>\n            <div class=\"headline h3 w-100\">Drei hauseigene Dekorationsst\u00e4tten<\/div>\n            <div class=\"desc w-100\"><p><ul>\n  <li>Stoelzle Cz\u0119stochowa (Polen)<\/li>\n  <li>Stoelzle Flaconnage (England)<\/li>\n  <li>Stoelzle Masni\u00e8res Decoration (Frankreich)<\/li>\n<\/ul><\/p><\/div>\n            \n              <div class=\"mt-auto\">\n                \n              <\/div>\n            <\/div>\n          <\/div>\n        <\/div>\n        <div class=\"col-sm-6 col-md-4 col-lg-3 d-block d-md-none d-lg-block\">\n          <div class=\"card no-zoom theme-dark\">\n            \n          <div class=\"card-image position-absolute w-100 h-100\">\n            <img decoding=\"async\" class=\"w-100 h-100\"  src=\"https:\/\/www.stoelzle.com\/beauty\/wp-content\/uploads\/sites\/4\/2021\/02\/decoration-wood-bottle-800x800.jpg\" alt=\"Two decorated perfume bottles in wood optic\" \/>\n          <\/div>\n            <div class=\"card-overlay d-flex flex-column\">\n            \n            \n            \n            \n              <div class=\"mt-auto\">\n                \n              <\/div>\n            <\/div>\n          <\/div>\n        <\/div>\n        <div class=\"col-sm-6 col-md-4 col-lg-3 \">\n          <a href=\"\/beauty\/de\/kontakt\/\"  class=\"card d-block card-text theme-blue\">\n            \n            <div class=\"card-overlay d-flex flex-column\">\n            <div class=\"sub-headline w-100\">Kontakt<\/div>\n            <div class=\"headline h3 w-100\">Anfragen zu unseren Dekorationen<\/div>\n            \n            \n              <div class=\"mt-auto\">\n                <span class=\"cta big-button arrow\"><\/span>\n              <\/div>\n            <\/div>\n          <\/a>\n        <\/div><\/div>[\/vc_column][\/vc_row][vc_row][vc_column]<div class=\"vc-title spacing-top-m  text-center\">\n              \n              <h2 class=\"title position-relative\">Dekorationstechniken<\/h2>\n              \n            <\/div><div id=\"id-decoration-techniques-slider\" class=\" spacing-bottom-m\"><div class=\"mb-4\"><div class=\"row\"><div class=\"col content-slider-arrows text-center\"><\/div><\/div><\/div><div class=\"row content-slider mb-5\"><div class=\"col\"><div>\n                        <div class=\"mb-3\"><div class=\"content-slider-image\">\n                      <img decoding=\"async\" class=\"img-fluid w-100 h-100\" src=\"https:\/\/www.stoelzle.com\/beauty\/wp-content\/uploads\/sites\/4\/2021\/02\/decoration_carbon-spray.jpg\" alt=\"Perfume bottles decorated with carbon spray\">\n                    <\/div><\/div>\n                        <div class=\"h3 content-slider-title\">Carbon Lackierung<\/div><div class=\"content-slider-text\">Lackieren ist eine der am weitesten verbreiteten Dekorationstechniken, die zahlreiche Effekte in sich birgt. Carbon Lackierung ist eine Variante der Effektlackierung, die der Glasoberfl\u00e4che Optik von Kohle verleiht.<\/div>\n                      <\/div><\/div><div class=\"col\"><div>\n                        <div class=\"mb-3\"><div class=\"content-slider-image\">\n                      <img decoding=\"async\" class=\"img-fluid w-100 h-100\" src=\"https:\/\/www.stoelzle.com\/beauty\/wp-content\/uploads\/sites\/4\/2021\/02\/decoration-digital-print.jpg\" alt=\"Perfume bottles decorated with digital print\">\n                    <\/div><\/div>\n                        <div class=\"h3 content-slider-title\">Digitaldruck<\/div><div class=\"content-slider-text\">Die Dekorationsm\u00f6glichkeiten wurden im digitalen Zeitalter um eine Facette reicher: Das Digitaldruckverfahren erm\u00f6glicht es uns, fotorealistische Bilder in strahlenden Farben auf eine Vielzahl an Glasbeh\u00e4ltnissen zu drucken, unabh\u00e4ngig von der Gr\u00f6\u00dfe oder Form der Flaschen. Zudem ist es nicht n\u00f6tig, den Druck einzubrennen. Diese Technik eignet sich bestens, um kleine Mengen und auch  Sondereditionen zu veredeln.<\/div>\n                      <\/div><\/div><div class=\"col\"><div>\n                        <div class=\"mb-3\"><div class=\"content-slider-image\">\n                      <img decoding=\"async\" class=\"img-fluid w-100 h-100\" src=\"https:\/\/www.stoelzle.com\/beauty\/wp-content\/uploads\/sites\/4\/2021\/02\/decoration-metallization-spray.jpg\" alt=\"Perfume bottles decorated with metallisation spray\">\n                    <\/div><\/div>\n                        <div class=\"h3 content-slider-title\">Metallisierung<\/div><div class=\"content-slider-text\">Metallicoberfl\u00e4chen k\u00f6nnen ebenfalls durch die entsprechende Lackierung erzielt werden. Diese Technik ist kosteng\u00fcnstiger als herk\u00f6mmliche Metallisierungen. <\/div>\n                      <\/div><\/div><div class=\"col\"><div>\n                        <div class=\"mb-3\"><div class=\"content-slider-image\">\n                      <img decoding=\"async\" class=\"img-fluid w-100 h-100\" src=\"https:\/\/www.stoelzle.com\/beauty\/wp-content\/uploads\/sites\/4\/2021\/02\/decoration-tigital.jpg\" alt=\"Perfume bottles decorated with TIGITAL\">\n                    <\/div><\/div>\n                        <div class=\"h3 content-slider-title\">Tigital<\/div><div class=\"content-slider-text\">Diese brandneue Dekorationstechnik wurde von Stoelzle in Zusammenarbeit mit der Firma Tiger entwickelt. Der Dekor wird mittels einer Hei\u00dffolienpr\u00e4gungsmaschine in Form von Pulver auf das Glas aufgebracht. Dabei handelt es sich um eine der neuen von Stoelzle entwickelten umweltfreundlichen Dekorationsarten. \n<ul>\n<li>Umweltfreundliche Dekorationstechnik<\/li>\n<li>Bessere mechanische Widerstandsf\u00e4higkeit der Oberfl\u00e4che und Best\u00e4ndigkeit des Drucks im Vergleich zu Digitaldruck<\/li>\n<li>L\u00f6sungsmittelfreie Farben und CO<sub>2<\/sub> Ersparnis von rund 85%<\/li>\n<li>Geeignet f\u00fcr Kleinmengen<\/li>\n<\/ul><\/div>\n                      <\/div><\/div><div class=\"col\"><div>\n                        <div class=\"mb-3\"><div class=\"content-slider-image\">\n                      <img decoding=\"async\" class=\"img-fluid w-100 h-100\" src=\"https:\/\/www.stoelzle.com\/beauty\/wp-content\/uploads\/sites\/4\/2021\/02\/decoration-quali-glass-coat.jpg\" alt=\"Perfume bottles decorated with quality glass coat\">\n                    <\/div><\/div>\n                        <div class=\"h3 content-slider-title\">Quali Glass Coat 2.0<\/div><div class=\"content-slider-text\">Neue Art der Pulverbeschichtung bei Verpackungsgl\u00e4ser f\u00fcr Parf\u00fcms und Kosmetikprodukte. \n<ul>\n<li>Umweltfreundliche Dekorationstechnik<\/li>\n<li>Bessere mechanische Widerstandsf\u00e4higkeit der Oberfl\u00e4che und Best\u00e4ndigkeit des Drucks im Vergleich zu Digitaldruck<\/li>\n<li>L\u00f6sungsmittelfreie Farben und CO<sub>2<\/sub> Ersparnis von rund 77%<\/li>\n<li>0% Materialverlust bei den Farben<\/li>\n<li>Geeignet f\u00fcr Kleinmengen, breite Palette an Farben und Texturen<\/li>\n<\/ul><\/div>\n                      <\/div><\/div><\/div><\/div>\n    <script async>\n      jQuery(document).ready(function($) {\n        jQuery(\"#id-decoration-techniques-slider .content-slider\").slick({\n          slidesToShow: 3,\n          prevArrow: \"<span class=\\\"d-inline-block slick-arrow slick-arrow-prev\\\"><\/span>\",\n          nextArrow: \"<span class=\\\"d-inline-block slick-arrow slick-arrow-next\\\"><\/span>\",\n          appendArrows: $(\"#id-decoration-techniques-slider .content-slider-arrows\"),\n          adaptiveHeight: true,\n          responsive: [\n            {\n              breakpoint: 1024,\n              settings: {\n                slidesToShow: 2\n              }\n            },\n            {\n              breakpoint: 768,\n              settings: {\n                slidesToShow: 1\n              }\n            },\n          ]\n        });\n      });\n    <\/script>[\/vc_column][\/vc_row][vc_row full_width=&#8221;stretch_row&#8221; css=&#8221;.vc_custom_1612528106625{background-color: #f0f0f0 !important;}&#8221;][vc_column]<div class=\"vc-title spacing-top-m  text-center\">\n              \n              <h2 class=\"title position-relative\">St\u00e4rken Sie Ihre Marke!<\/h2>\n              <div class=\"row\"><div class=\"col-md-10 offset-md-1\">Verleihen Sie der Glasverpackung Ihres Produktes eine einzigartige Haptik oder Optik. Wir arbeiten konstant an der Entwicklung von neuen, noch effizienteren, besseren und umweltfreundlicheren Dekorationsprozessen und Veredelungstechniken.<\/p>\n<p>&nbsp;<\/p>\n<p style=\"text-align: center\"><a class=\"editor-button cta\" href=\"\/de\/service\/dekoration\/\" target=\"_blank\" rel=\"noopener\">Mehr \u00fcber unsere Dekorationstechniken<\/a><\/p>\n<p><\/div><\/div>\n            <\/div>[vc_row_inner][vc_column_inner width=&#8221;1\/6&#8243;][\/vc_column_inner][vc_column_inner width=&#8221;1\/6&#8243;][vc_column_text]<\/p>\n<ul>\n<li>Digitaldruck<\/li>\n<li>Effektlackierung<\/li>\n<li>Hei\u00dffolienpr\u00e4gung<\/li>\n<li>Refliefdekor<\/li>\n<li>Lasergravur<\/li>\n<\/ul>\n<p>[\/vc_column_text][\/vc_column_inner][vc_column_inner width=&#8221;1\/6&#8243;][vc_column_text]<\/p>\n<ul>\n<li>NRG 4.0<\/li>\n<li>Tigital<\/li>\n<li>Siebdruck<\/li>\n<li>Lackierung<\/li>\n<li>Quadrichromie<\/li>\n<\/ul>\n<p>[\/vc_column_text][\/vc_column_inner][vc_column_inner width=&#8221;1\/6&#8243;][vc_column_text]<\/p>\n<ul>\n<li>UV Kleben<\/li>\n<li>Quali Glass Coat 2.0<\/li>\n<li>Rundum-Druck<\/li>\n<li>IPET Beschichtung<\/li>\n<li>Bruchsicheres Glas<\/li>\n<\/ul>\n<p>[\/vc_column_text][\/vc_column_inner][vc_column_inner width=&#8221;1\/6&#8243;][vc_column_text]<\/p>\n<ul>\n<li>S\u00e4uremattierung<\/li>\n<li>Abziehbilder<\/li>\n<li>Sleeving<\/li>\n<li>Tampo Druck<\/li>\n<li>Kleben von Applikationen<\/li>\n<\/ul>\n<p>[\/vc_column_text][\/vc_column_inner][vc_column_inner width=&#8221;1\/6&#8243;][\/vc_column_inner][\/vc_row_inner]<div class=\"vc-spacer spacing-bottom-m\"><\/div>[\/vc_column][\/vc_row][vc_row full_width=&#8221;stretch_row&#8221;][vc_column]<div class=\"vc-spacer spacing-bottom-m\"><\/div>[vc_row_inner content_placement=&#8221;middle&#8221; el_class=&#8221;text-text&#8221;][vc_column_inner width=&#8221;1\/2&#8243;][vc_video link=&#8221;https:\/\/youtu.be\/AuNEtKqExAo&#8221;][\/vc_column_inner][vc_column_inner width=&#8221;1\/2&#8243;][vc_column_text]<\/p>\n<div class=\"topline\">Video<\/div>\n<h2>Dekoration bei Stoelzle<\/h2>\n<ul>\n<li>Innovative Dekorationstechniken<\/li>\n<li>Beachtliche Investitionen in neue Entwicklungen<\/li>\n<li>Umweltfreundliche Dekorationstechniken<\/li>\n<li>Beeindruckende Dekor-Ergebnisse<\/li>\n<\/ul>\n<p>[\/vc_column_text][\/vc_column_inner][\/vc_row_inner]<div class=\"vc-spacer spacing-bottom-m\"><\/div>[\/vc_column][\/vc_row]<\/p>\n<\/div>","protected":false},"excerpt":{"rendered":"<p>[vc_row][vc_column][\/vc_column][\/vc_row][vc_row full_width=&#8221;stretch_row_content_no_spaces&#8221;][vc_column][\/vc_column][\/vc_row][vc_row][vc_column][\/vc_column][\/vc_row][vc_row full_width=&#8221;stretch_row&#8221; css=&#8221;.vc_custom_1612528106625{background-color: #f0f0f0 !important;}&#8221;][vc_column][vc_row_inner][vc_column_inner width=&#8221;1\/6&#8243;][\/vc_column_inner][vc_column_inner width=&#8221;1\/6&#8243;][vc_column_text] Digitaldruck Effektlackierung Hei\u00dffolienpr\u00e4gung Refliefdekor Lasergravur [\/vc_column_text][\/vc_column_inner][vc_column_inner width=&#8221;1\/6&#8243;][vc_column_text] NRG 4.0 Tigital Siebdruck Lackierung Quadrichromie [\/vc_column_text][\/vc_column_inner][vc_column_inner width=&#8221;1\/6&#8243;][vc_column_text] UV Kleben Quali Glass Coat 2.0 Rundum-Druck IPET Beschichtung Bruchsicheres Glas [\/vc_column_text][\/vc_column_inner][vc_column_inner width=&#8221;1\/6&#8243;][vc_column_text] S\u00e4uremattierung Abziehbilder Sleeving Tampo Druck Kleben von Applikationen [\/vc_column_text][\/vc_column_inner][vc_column_inner width=&#8221;1\/6&#8243;][\/vc_column_inner][\/vc_row_inner][\/vc_column][\/vc_row][vc_row full_width=&#8221;stretch_row&#8221;][vc_column][vc_row_inner content_placement=&#8221;middle&#8221; el_class=&#8221;text-text&#8221;][vc_column_inner width=&#8221;1\/2&#8243;][vc_video link=&#8221;https:\/\/youtu.be\/AuNEtKqExAo&#8221;][\/vc_column_inner][vc_column_inner width=&#8221;1\/2&#8243;][vc_column_text] Video Dekoration bei [&hellip;]<\/p>\n","protected":false},"author":1,"featured_media":0,"parent":1645,"menu_order":100,"comment_status":"closed","ping_status":"closed","template":"","meta":{"_acf_changed":false,"footnotes":""},"class_list":["post-1653","page","type-page","status-publish","hentry"],"acf":[],"yoast_head":"<!-- This site is optimized with the Yoast SEO plugin v26.6 - https:\/\/yoast.com\/wordpress\/plugins\/seo\/ -->\n<title>Dekoration von Glasverpackungen \u00bb Kosmetikindustrie | Stoelzle<\/title>\n<meta name=\"robots\" content=\"index, follow, max-snippet:-1, max-image-preview:large, max-video-preview:-1\" \/>\n<link rel=\"canonical\" href=\"https:\/\/www.stoelzle.com\/beauty\/de\/spezialanfertigungen\/dekoration\/\" \/>\n<meta property=\"og:locale\" content=\"de_DE\" \/>\n<meta property=\"og:type\" content=\"article\" \/>\n<meta property=\"og:title\" content=\"Dekoration von Glasverpackungen \u00bb Kosmetikindustrie | Stoelzle\" \/>\n<meta property=\"og:description\" content=\"[vc_row][vc_column][\/vc_column][\/vc_row][vc_row full_width=&#8221;stretch_row_content_no_spaces&#8221;][vc_column][\/vc_column][\/vc_row][vc_row][vc_column][\/vc_column][\/vc_row][vc_row full_width=&#8221;stretch_row&#8221; css=&#8221;.vc_custom_1612528106625{background-color: #f0f0f0 !important;}&#8221;][vc_column][vc_row_inner][vc_column_inner width=&#8221;1\/6&#8243;][\/vc_column_inner][vc_column_inner width=&#8221;1\/6&#8243;][vc_column_text] Digitaldruck Effektlackierung Hei\u00dffolienpr\u00e4gung Refliefdekor Lasergravur [\/vc_column_text][\/vc_column_inner][vc_column_inner width=&#8221;1\/6&#8243;][vc_column_text] NRG 4.0 Tigital Siebdruck Lackierung Quadrichromie [\/vc_column_text][\/vc_column_inner][vc_column_inner width=&#8221;1\/6&#8243;][vc_column_text] UV Kleben Quali Glass Coat 2.0 Rundum-Druck IPET Beschichtung Bruchsicheres Glas [\/vc_column_text][\/vc_column_inner][vc_column_inner width=&#8221;1\/6&#8243;][vc_column_text] S\u00e4uremattierung Abziehbilder Sleeving Tampo Druck Kleben von Applikationen [\/vc_column_text][\/vc_column_inner][vc_column_inner width=&#8221;1\/6&#8243;][\/vc_column_inner][\/vc_row_inner][\/vc_column][\/vc_row][vc_row full_width=&#8221;stretch_row&#8221;][vc_column][vc_row_inner content_placement=&#8221;middle&#8221; el_class=&#8221;text-text&#8221;][vc_column_inner width=&#8221;1\/2&#8243;][vc_video link=&#8221;https:\/\/youtu.be\/AuNEtKqExAo&#8221;][\/vc_column_inner][vc_column_inner width=&#8221;1\/2&#8243;][vc_column_text] Video Dekoration bei [&hellip;]\" \/>\n<meta property=\"og:url\" content=\"https:\/\/www.stoelzle.com\/beauty\/de\/spezialanfertigungen\/dekoration\/\" \/>\n<meta property=\"og:site_name\" content=\"Stoelzle Beauty \u2013 Perfumery &amp; Cosmetics\" \/>\n<meta property=\"article:modified_time\" content=\"2021-09-29T06:55:17+00:00\" \/>\n<meta name=\"twitter:card\" content=\"summary_large_image\" \/>\n<meta name=\"twitter:label1\" content=\"Gesch\u00e4tzte Lesezeit\" \/>\n\t<meta name=\"twitter:data1\" content=\"1 Minute\" \/>\n<script type=\"application\/ld+json\" class=\"yoast-schema-graph\">{\"@context\":\"https:\/\/schema.org\",\"@graph\":[{\"@type\":\"WebPage\",\"@id\":\"https:\/\/www.stoelzle.com\/beauty\/de\/spezialanfertigungen\/dekoration\/\",\"url\":\"https:\/\/www.stoelzle.com\/beauty\/de\/spezialanfertigungen\/dekoration\/\",\"name\":\"Dekoration von Glasverpackungen \u00bb Kosmetikindustrie | Stoelzle\",\"isPartOf\":{\"@id\":\"https:\/\/www.stoelzle.com\/beauty\/#website\"},\"datePublished\":\"2021-01-29T16:56:01+00:00\",\"dateModified\":\"2021-09-29T06:55:17+00:00\",\"breadcrumb\":{\"@id\":\"https:\/\/www.stoelzle.com\/beauty\/de\/spezialanfertigungen\/dekoration\/#breadcrumb\"},\"inLanguage\":\"de-DE\",\"potentialAction\":[{\"@type\":\"ReadAction\",\"target\":[\"https:\/\/www.stoelzle.com\/beauty\/de\/spezialanfertigungen\/dekoration\/\"]}]},{\"@type\":\"BreadcrumbList\",\"@id\":\"https:\/\/www.stoelzle.com\/beauty\/de\/spezialanfertigungen\/dekoration\/#breadcrumb\",\"itemListElement\":[{\"@type\":\"ListItem\",\"position\":1,\"name\":\"Home\",\"item\":\"https:\/\/www.stoelzle.com\/de\/\"},{\"@type\":\"ListItem\",\"position\":2,\"name\":\"Perfumery &amp; Cosmetics\",\"item\":\"https:\/\/www.stoelzle.com\/beauty\/de\/\"},{\"@type\":\"ListItem\",\"position\":3,\"name\":\"Spezialanfertigungen\",\"item\":\"https:\/\/www.stoelzle.com\/beauty\/de\/spezialanfertigungen\/\"},{\"@type\":\"ListItem\",\"position\":4,\"name\":\"Dekoration\"}]},{\"@type\":\"WebSite\",\"@id\":\"https:\/\/www.stoelzle.com\/beauty\/#website\",\"url\":\"https:\/\/www.stoelzle.com\/beauty\/\",\"name\":\"Stoelzle Beauty \u2013 Perfumery &amp; Cosmetics\",\"description\":\"\",\"publisher\":{\"@id\":\"https:\/\/www.stoelzle.com\/beauty\/#organization\"},\"potentialAction\":[{\"@type\":\"SearchAction\",\"target\":{\"@type\":\"EntryPoint\",\"urlTemplate\":\"https:\/\/www.stoelzle.com\/beauty\/?s={search_term_string}\"},\"query-input\":{\"@type\":\"PropertyValueSpecification\",\"valueRequired\":true,\"valueName\":\"search_term_string\"}}],\"inLanguage\":\"de-DE\"},{\"@type\":\"Organization\",\"@id\":\"https:\/\/www.stoelzle.com\/beauty\/#organization\",\"name\":\"Stoelzle Beauty - Perfumery & Cosmetics\",\"url\":\"https:\/\/www.stoelzle.com\/beauty\/\",\"logo\":{\"@type\":\"ImageObject\",\"inLanguage\":\"de-DE\",\"@id\":\"https:\/\/www.stoelzle.com\/beauty\/#\/schema\/logo\/image\/\",\"url\":\"https:\/\/www.stoelzle.com\/beauty\/wp-content\/uploads\/sites\/4\/2021\/03\/logo_beauty.svg\",\"contentUrl\":\"https:\/\/www.stoelzle.com\/beauty\/wp-content\/uploads\/sites\/4\/2021\/03\/logo_beauty.svg\",\"width\":173,\"height\":40,\"caption\":\"Stoelzle Beauty - Perfumery & Cosmetics\"},\"image\":{\"@id\":\"https:\/\/www.stoelzle.com\/beauty\/#\/schema\/logo\/image\/\"}}]}<\/script>\n<!-- \/ Yoast SEO plugin. -->","yoast_head_json":{"title":"Dekoration von Glasverpackungen \u00bb Kosmetikindustrie | Stoelzle","robots":{"index":"index","follow":"follow","max-snippet":"max-snippet:-1","max-image-preview":"max-image-preview:large","max-video-preview":"max-video-preview:-1"},"canonical":"https:\/\/www.stoelzle.com\/beauty\/de\/spezialanfertigungen\/dekoration\/","og_locale":"de_DE","og_type":"article","og_title":"Dekoration von Glasverpackungen \u00bb Kosmetikindustrie | Stoelzle","og_description":"[vc_row][vc_column][\/vc_column][\/vc_row][vc_row full_width=&#8221;stretch_row_content_no_spaces&#8221;][vc_column][\/vc_column][\/vc_row][vc_row][vc_column][\/vc_column][\/vc_row][vc_row full_width=&#8221;stretch_row&#8221; css=&#8221;.vc_custom_1612528106625{background-color: #f0f0f0 !important;}&#8221;][vc_column][vc_row_inner][vc_column_inner width=&#8221;1\/6&#8243;][\/vc_column_inner][vc_column_inner width=&#8221;1\/6&#8243;][vc_column_text] Digitaldruck Effektlackierung Hei\u00dffolienpr\u00e4gung Refliefdekor Lasergravur [\/vc_column_text][\/vc_column_inner][vc_column_inner width=&#8221;1\/6&#8243;][vc_column_text] NRG 4.0 Tigital Siebdruck Lackierung Quadrichromie [\/vc_column_text][\/vc_column_inner][vc_column_inner width=&#8221;1\/6&#8243;][vc_column_text] UV Kleben Quali Glass Coat 2.0 Rundum-Druck IPET Beschichtung Bruchsicheres Glas [\/vc_column_text][\/vc_column_inner][vc_column_inner width=&#8221;1\/6&#8243;][vc_column_text] S\u00e4uremattierung Abziehbilder Sleeving Tampo Druck Kleben von Applikationen [\/vc_column_text][\/vc_column_inner][vc_column_inner width=&#8221;1\/6&#8243;][\/vc_column_inner][\/vc_row_inner][\/vc_column][\/vc_row][vc_row full_width=&#8221;stretch_row&#8221;][vc_column][vc_row_inner content_placement=&#8221;middle&#8221; el_class=&#8221;text-text&#8221;][vc_column_inner width=&#8221;1\/2&#8243;][vc_video link=&#8221;https:\/\/youtu.be\/AuNEtKqExAo&#8221;][\/vc_column_inner][vc_column_inner width=&#8221;1\/2&#8243;][vc_column_text] Video Dekoration bei [&hellip;]","og_url":"https:\/\/www.stoelzle.com\/beauty\/de\/spezialanfertigungen\/dekoration\/","og_site_name":"Stoelzle Beauty \u2013 Perfumery &amp; Cosmetics","article_modified_time":"2021-09-29T06:55:17+00:00","twitter_card":"summary_large_image","twitter_misc":{"Gesch\u00e4tzte Lesezeit":"1 Minute"},"schema":{"@context":"https:\/\/schema.org","@graph":[{"@type":"WebPage","@id":"https:\/\/www.stoelzle.com\/beauty\/de\/spezialanfertigungen\/dekoration\/","url":"https:\/\/www.stoelzle.com\/beauty\/de\/spezialanfertigungen\/dekoration\/","name":"Dekoration von Glasverpackungen \u00bb Kosmetikindustrie | Stoelzle","isPartOf":{"@id":"https:\/\/www.stoelzle.com\/beauty\/#website"},"datePublished":"2021-01-29T16:56:01+00:00","dateModified":"2021-09-29T06:55:17+00:00","breadcrumb":{"@id":"https:\/\/www.stoelzle.com\/beauty\/de\/spezialanfertigungen\/dekoration\/#breadcrumb"},"inLanguage":"de-DE","potentialAction":[{"@type":"ReadAction","target":["https:\/\/www.stoelzle.com\/beauty\/de\/spezialanfertigungen\/dekoration\/"]}]},{"@type":"BreadcrumbList","@id":"https:\/\/www.stoelzle.com\/beauty\/de\/spezialanfertigungen\/dekoration\/#breadcrumb","itemListElement":[{"@type":"ListItem","position":1,"name":"Home","item":"https:\/\/www.stoelzle.com\/de\/"},{"@type":"ListItem","position":2,"name":"Perfumery &amp; Cosmetics","item":"https:\/\/www.stoelzle.com\/beauty\/de\/"},{"@type":"ListItem","position":3,"name":"Spezialanfertigungen","item":"https:\/\/www.stoelzle.com\/beauty\/de\/spezialanfertigungen\/"},{"@type":"ListItem","position":4,"name":"Dekoration"}]},{"@type":"WebSite","@id":"https:\/\/www.stoelzle.com\/beauty\/#website","url":"https:\/\/www.stoelzle.com\/beauty\/","name":"Stoelzle Beauty \u2013 Perfumery &amp; Cosmetics","description":"","publisher":{"@id":"https:\/\/www.stoelzle.com\/beauty\/#organization"},"potentialAction":[{"@type":"SearchAction","target":{"@type":"EntryPoint","urlTemplate":"https:\/\/www.stoelzle.com\/beauty\/?s={search_term_string}"},"query-input":{"@type":"PropertyValueSpecification","valueRequired":true,"valueName":"search_term_string"}}],"inLanguage":"de-DE"},{"@type":"Organization","@id":"https:\/\/www.stoelzle.com\/beauty\/#organization","name":"Stoelzle Beauty - Perfumery & Cosmetics","url":"https:\/\/www.stoelzle.com\/beauty\/","logo":{"@type":"ImageObject","inLanguage":"de-DE","@id":"https:\/\/www.stoelzle.com\/beauty\/#\/schema\/logo\/image\/","url":"https:\/\/www.stoelzle.com\/beauty\/wp-content\/uploads\/sites\/4\/2021\/03\/logo_beauty.svg","contentUrl":"https:\/\/www.stoelzle.com\/beauty\/wp-content\/uploads\/sites\/4\/2021\/03\/logo_beauty.svg","width":173,"height":40,"caption":"Stoelzle Beauty - Perfumery & Cosmetics"},"image":{"@id":"https:\/\/www.stoelzle.com\/beauty\/#\/schema\/logo\/image\/"}}]}},"_links":{"self":[{"href":"https:\/\/www.stoelzle.com\/beauty\/de\/wp-json\/wp\/v2\/pages\/1653","targetHints":{"allow":["GET"]}}],"collection":[{"href":"https:\/\/www.stoelzle.com\/beauty\/de\/wp-json\/wp\/v2\/pages"}],"about":[{"href":"https:\/\/www.stoelzle.com\/beauty\/de\/wp-json\/wp\/v2\/types\/page"}],"author":[{"embeddable":true,"href":"https:\/\/www.stoelzle.com\/beauty\/de\/wp-json\/wp\/v2\/users\/1"}],"replies":[{"embeddable":true,"href":"https:\/\/www.stoelzle.com\/beauty\/de\/wp-json\/wp\/v2\/comments?post=1653"}],"version-history":[{"count":0,"href":"https:\/\/www.stoelzle.com\/beauty\/de\/wp-json\/wp\/v2\/pages\/1653\/revisions"}],"up":[{"embeddable":true,"href":"https:\/\/www.stoelzle.com\/beauty\/de\/wp-json\/wp\/v2\/pages\/1645"}],"wp:attachment":[{"href":"https:\/\/www.stoelzle.com\/beauty\/de\/wp-json\/wp\/v2\/media?parent=1653"}],"curies":[{"name":"wp","href":"https:\/\/api.w.org\/{rel}","templated":true}]}}