{"id":1645,"date":"2021-01-29T16:55:53","date_gmt":"2021-01-29T16:55:53","guid":{"rendered":"https:\/\/stoelzle.com\/beauty\/customization\/"},"modified":"2022-03-23T12:53:20","modified_gmt":"2022-03-23T12:53:20","slug":"spezialanfertigungen","status":"publish","type":"page","link":"https:\/\/www.stoelzle.com\/beauty\/de\/spezialanfertigungen\/","title":{"rendered":"Spezialanfertigungen"},"content":{"rendered":"<div class=\"wpb-content-wrapper\"><p>[vc_row][vc_column]<div class=\"vc-title   text-center\">\n              <div class=\"topline\">Au\u00dfergew\u00f6hnlicher Service<\/div>\n              <h1 class=\"title position-relative separator\">Design nach Kundenwunsch<\/h1>\n              <div class=\"row\"><div class=\"col-md-10 offset-md-1\"><\/p>\n<p class=\"large-text\">Wir m\u00f6chten f\u00fcr all unsere Kunden der bevorzugte Gesch\u00e4ftspartner sein. Deshalb bieten wir in allen Bereichen exzellentes Service. Setzen Sie auf unser Expertenwissen und absolute Zuverl\u00e4ssigkeit!<\/p>\n<p><\/div><\/div>\n            <\/div>[\/vc_column][\/vc_row][vc_row full_width=&#8221;stretch_row_content_no_spaces&#8221;][vc_column]<div class=\"vc-two-columns  \">\n                <div class=\"row\">\n                    <div class=\"col-sm-6 bg-gray image-left\"><img loading=\"lazy\" decoding=\"async\" width=\"1024\" height=\"666\" src=\"https:\/\/www.stoelzle.com\/beauty\/wp-content\/uploads\/sites\/4\/2021\/02\/home-private-decoration-1024x666.jpg\" class=\"w-100 h-100 cover\" alt=\"Selection of premium perfumery products which are part of the Private Collection\" srcset=\"https:\/\/www.stoelzle.com\/beauty\/wp-content\/uploads\/sites\/4\/2021\/02\/home-private-decoration-1024x666.jpg 1024w, https:\/\/www.stoelzle.com\/beauty\/wp-content\/uploads\/sites\/4\/2021\/02\/home-private-decoration-480x312.jpg 480w, https:\/\/www.stoelzle.com\/beauty\/wp-content\/uploads\/sites\/4\/2021\/02\/home-private-decoration-1536x998.jpg 1536w, https:\/\/www.stoelzle.com\/beauty\/wp-content\/uploads\/sites\/4\/2021\/02\/home-private-decoration-992x645.jpg 992w, https:\/\/www.stoelzle.com\/beauty\/wp-content\/uploads\/sites\/4\/2021\/02\/home-private-decoration-600x390.jpg 600w, https:\/\/www.stoelzle.com\/beauty\/wp-content\/uploads\/sites\/4\/2021\/02\/home-private-decoration.jpg 2000w\" sizes=\"auto, (max-width: 1024px) 100vw, 1024px\" \/><\/div>\n                    <div class=\"col-sm-6 bg-gray image-left\"><div class=\"column-content h-100 d-flex flex-column justify-content-center\"><\/p>\n<h2>Dekoration<\/h2>\n<p>Wir lassen Ihre einzigartigen Produktideen Realit\u00e4t werden und erschaffen f\u00fcr Sie beeindruckende Glasverpackungen. Ihrer Kreativit\u00e4t sind keine Grenzen gesetzt!<\/p>\n<p><a class=\"editor-button cta\" href=\"\/beauty\/de\/spezialanfertigungen\/dekoration\/\">Mehr erfahren<\/a><\/div><\/div>\n                <\/div>\n            <\/div><div class=\"vc-two-columns  \">\n                <div class=\"row\">\n                    <div class=\"col-sm-6 bg-blue image-right\"><div class=\"column-content h-100 d-flex flex-column justify-content-center\"><\/p>\n<h2>Produktentwicklungen<\/h2>\n<p>Im Bereich Parf\u00fcmerie &amp; Kosmetik handelt es sich bei \u00fcber 80% aller Produkte um kundeneigene Designs. Jede Glasverpackung birgt spezielle Emotionen und transportiert die Geschichte des Produktes.<\/p>\n<p><a class=\"editor-button cta-white\" href=\"\/beauty\/de\/spezialanfertigungen\/produktentwicklung\/\">Mehr erfahren<\/a><\/div><\/div>\n                    <div class=\"col-sm-6 bg-blue image-right\"><img loading=\"lazy\" decoding=\"async\" width=\"1024\" height=\"666\" src=\"https:\/\/www.stoelzle.com\/beauty\/wp-content\/uploads\/sites\/4\/2021\/02\/customization-product-development-1024x666.jpg\" class=\"w-100 h-100 cover\" alt=\"Employee constructing a new bottle on his computer\" srcset=\"https:\/\/www.stoelzle.com\/beauty\/wp-content\/uploads\/sites\/4\/2021\/02\/customization-product-development-1024x666.jpg 1024w, https:\/\/www.stoelzle.com\/beauty\/wp-content\/uploads\/sites\/4\/2021\/02\/customization-product-development-480x312.jpg 480w, https:\/\/www.stoelzle.com\/beauty\/wp-content\/uploads\/sites\/4\/2021\/02\/customization-product-development-1536x998.jpg 1536w, https:\/\/www.stoelzle.com\/beauty\/wp-content\/uploads\/sites\/4\/2021\/02\/customization-product-development-992x645.jpg 992w, https:\/\/www.stoelzle.com\/beauty\/wp-content\/uploads\/sites\/4\/2021\/02\/customization-product-development-600x390.jpg 600w, https:\/\/www.stoelzle.com\/beauty\/wp-content\/uploads\/sites\/4\/2021\/02\/customization-product-development.jpg 2000w\" sizes=\"auto, (max-width: 1024px) 100vw, 1024px\" \/><\/div>\n                <\/div>\n            <\/div><div class=\"vc-two-columns  \">\n                <div class=\"row\">\n                    <div class=\"col-sm-6 bg-gray image-left\"><img loading=\"lazy\" decoding=\"async\" width=\"1024\" height=\"666\" src=\"https:\/\/www.stoelzle.com\/beauty\/wp-content\/uploads\/sites\/4\/2021\/05\/customisation-special-design-collage-1024x666.jpg\" class=\"w-100 h-100 cover\" alt=\"customized perfume bottle of renowned producers\" srcset=\"https:\/\/www.stoelzle.com\/beauty\/wp-content\/uploads\/sites\/4\/2021\/05\/customisation-special-design-collage-1024x666.jpg 1024w, https:\/\/www.stoelzle.com\/beauty\/wp-content\/uploads\/sites\/4\/2021\/05\/customisation-special-design-collage-480x312.jpg 480w, https:\/\/www.stoelzle.com\/beauty\/wp-content\/uploads\/sites\/4\/2021\/05\/customisation-special-design-collage-1536x998.jpg 1536w, https:\/\/www.stoelzle.com\/beauty\/wp-content\/uploads\/sites\/4\/2021\/05\/customisation-special-design-collage-992x645.jpg 992w, https:\/\/www.stoelzle.com\/beauty\/wp-content\/uploads\/sites\/4\/2021\/05\/customisation-special-design-collage-180x117.jpg 180w, https:\/\/www.stoelzle.com\/beauty\/wp-content\/uploads\/sites\/4\/2021\/05\/customisation-special-design-collage.jpg 2000w\" sizes=\"auto, (max-width: 1024px) 100vw, 1024px\" \/><\/div>\n                    <div class=\"col-sm-6 bg-gray image-left\"><div class=\"column-content h-100 d-flex flex-column justify-content-center\"><\/p>\n<h2>Designvielfalt<\/h2>\n<p>Unser Produktenwicklungsteam hat jahrelange Erfahrung im Design und der technischen Fertigung von komplexen Verpackungsprojekten.<\/p>\n<p><a class=\"editor-button cta\" href=\"\/beauty\/de\/spezialanfertigungen\/spezielle-designs\/\">Mehr erfahren<\/a><\/div><\/div>\n                <\/div>\n            <\/div><div class=\"vc-two-columns  \">\n                <div class=\"row\">\n                    <div class=\"col-sm-6 bg-white image-right\"><div class=\"column-content h-100 d-flex flex-column justify-content-center\"><\/p>\n<h2>Kundenservice<\/h2>\n<p>Die Zufriedenheit der Kunden ist unsere wichtigstes Anliegen!<\/p>\n<p><a class=\"editor-button cta\" href=\"\/beauty\/de\/kontakt\/\">Schreiben Sie uns<\/a><\/p>\n<p><\/div><\/div>\n                    <div class=\"col-sm-6 bg-white image-right\"><img loading=\"lazy\" decoding=\"async\" width=\"1024\" height=\"666\" src=\"https:\/\/www.stoelzle.com\/beauty\/wp-content\/uploads\/sites\/4\/2022\/03\/stoelzle-perfumery-sales-team-1024x666.jpg\" class=\"w-100 h-100 cover\" alt=\"Verkaufsmitarbeiterin sitzt am Tisch mit Laptop\" srcset=\"https:\/\/www.stoelzle.com\/beauty\/wp-content\/uploads\/sites\/4\/2022\/03\/stoelzle-perfumery-sales-team-1024x666.jpg 1024w, https:\/\/www.stoelzle.com\/beauty\/wp-content\/uploads\/sites\/4\/2022\/03\/stoelzle-perfumery-sales-team-480x312.jpg 480w, https:\/\/www.stoelzle.com\/beauty\/wp-content\/uploads\/sites\/4\/2022\/03\/stoelzle-perfumery-sales-team-1536x998.jpg 1536w, https:\/\/www.stoelzle.com\/beauty\/wp-content\/uploads\/sites\/4\/2022\/03\/stoelzle-perfumery-sales-team-992x645.jpg 992w, https:\/\/www.stoelzle.com\/beauty\/wp-content\/uploads\/sites\/4\/2022\/03\/stoelzle-perfumery-sales-team-180x117.jpg 180w, https:\/\/www.stoelzle.com\/beauty\/wp-content\/uploads\/sites\/4\/2022\/03\/stoelzle-perfumery-sales-team.jpg 2000w\" sizes=\"auto, (max-width: 1024px) 100vw, 1024px\" \/><\/div>\n                <\/div>\n            <\/div>[\/vc_column][\/vc_row]<\/p>\n<\/div>","protected":false},"excerpt":{"rendered":"<p>[vc_row][vc_column][\/vc_column][\/vc_row][vc_row full_width=&#8221;stretch_row_content_no_spaces&#8221;][vc_column][\/vc_column][\/vc_row]<\/p>\n","protected":false},"author":1,"featured_media":0,"parent":0,"menu_order":80,"comment_status":"closed","ping_status":"closed","template":"","meta":{"_acf_changed":false,"footnotes":""},"class_list":["post-1645","page","type-page","status-publish","hentry"],"acf":[],"yoast_head":"<!-- This site is optimized with the Yoast SEO plugin v26.6 - https:\/\/yoast.com\/wordpress\/plugins\/seo\/ -->\n<title>Spezialanfertigungen - Stoelzle Beauty \u2013 Perfumery &amp; Cosmetics<\/title>\n<meta name=\"robots\" content=\"index, follow, max-snippet:-1, max-image-preview:large, max-video-preview:-1\" \/>\n<link rel=\"canonical\" href=\"https:\/\/www.stoelzle.com\/de\/service\" \/>\n<meta property=\"og:locale\" content=\"de_DE\" \/>\n<meta property=\"og:type\" content=\"article\" \/>\n<meta property=\"og:title\" content=\"Spezialanfertigungen - Stoelzle Beauty \u2013 Perfumery &amp; Cosmetics\" \/>\n<meta property=\"og:description\" content=\"[vc_row][vc_column][\/vc_column][\/vc_row][vc_row full_width=&#8221;stretch_row_content_no_spaces&#8221;][vc_column][\/vc_column][\/vc_row]\" \/>\n<meta property=\"og:url\" content=\"https:\/\/www.stoelzle.com\/de\/service\" \/>\n<meta property=\"og:site_name\" content=\"Stoelzle Beauty \u2013 Perfumery &amp; Cosmetics\" \/>\n<meta property=\"article:modified_time\" content=\"2022-03-23T12:53:20+00:00\" \/>\n<meta name=\"twitter:card\" content=\"summary_large_image\" \/>\n<meta name=\"twitter:label1\" content=\"Gesch\u00e4tzte Lesezeit\" \/>\n\t<meta name=\"twitter:data1\" content=\"1 Minute\" \/>\n<script type=\"application\/ld+json\" class=\"yoast-schema-graph\">{\"@context\":\"https:\/\/schema.org\",\"@graph\":[{\"@type\":\"WebPage\",\"@id\":\"https:\/\/www.stoelzle.com\/beauty\/de\/spezialanfertigungen\/\",\"url\":\"https:\/\/www.stoelzle.com\/de\/service\",\"name\":\"Spezialanfertigungen - Stoelzle Beauty \u2013 Perfumery &amp; Cosmetics\",\"isPartOf\":{\"@id\":\"https:\/\/www.stoelzle.com\/beauty\/#website\"},\"datePublished\":\"2021-01-29T16:55:53+00:00\",\"dateModified\":\"2022-03-23T12:53:20+00:00\",\"breadcrumb\":{\"@id\":\"https:\/\/www.stoelzle.com\/de\/service#breadcrumb\"},\"inLanguage\":\"de-DE\",\"potentialAction\":[{\"@type\":\"ReadAction\",\"target\":[\"https:\/\/www.stoelzle.com\/de\/service\"]}]},{\"@type\":\"BreadcrumbList\",\"@id\":\"https:\/\/www.stoelzle.com\/de\/service#breadcrumb\",\"itemListElement\":[{\"@type\":\"ListItem\",\"position\":1,\"name\":\"Home\",\"item\":\"https:\/\/www.stoelzle.com\/de\/\"},{\"@type\":\"ListItem\",\"position\":2,\"name\":\"Perfumery &amp; Cosmetics\",\"item\":\"https:\/\/www.stoelzle.com\/beauty\/de\/\"},{\"@type\":\"ListItem\",\"position\":3,\"name\":\"Spezialanfertigungen\"}]},{\"@type\":\"WebSite\",\"@id\":\"https:\/\/www.stoelzle.com\/beauty\/#website\",\"url\":\"https:\/\/www.stoelzle.com\/beauty\/\",\"name\":\"Stoelzle Beauty \u2013 Perfumery &amp; Cosmetics\",\"description\":\"\",\"publisher\":{\"@id\":\"https:\/\/www.stoelzle.com\/beauty\/#organization\"},\"potentialAction\":[{\"@type\":\"SearchAction\",\"target\":{\"@type\":\"EntryPoint\",\"urlTemplate\":\"https:\/\/www.stoelzle.com\/beauty\/?s={search_term_string}\"},\"query-input\":{\"@type\":\"PropertyValueSpecification\",\"valueRequired\":true,\"valueName\":\"search_term_string\"}}],\"inLanguage\":\"de-DE\"},{\"@type\":\"Organization\",\"@id\":\"https:\/\/www.stoelzle.com\/beauty\/#organization\",\"name\":\"Stoelzle Beauty - Perfumery & Cosmetics\",\"url\":\"https:\/\/www.stoelzle.com\/beauty\/\",\"logo\":{\"@type\":\"ImageObject\",\"inLanguage\":\"de-DE\",\"@id\":\"https:\/\/www.stoelzle.com\/beauty\/#\/schema\/logo\/image\/\",\"url\":\"https:\/\/www.stoelzle.com\/beauty\/wp-content\/uploads\/sites\/4\/2021\/03\/logo_beauty.svg\",\"contentUrl\":\"https:\/\/www.stoelzle.com\/beauty\/wp-content\/uploads\/sites\/4\/2021\/03\/logo_beauty.svg\",\"width\":173,\"height\":40,\"caption\":\"Stoelzle Beauty - Perfumery & Cosmetics\"},\"image\":{\"@id\":\"https:\/\/www.stoelzle.com\/beauty\/#\/schema\/logo\/image\/\"}}]}<\/script>\n<!-- \/ Yoast SEO plugin. -->","yoast_head_json":{"title":"Spezialanfertigungen - Stoelzle Beauty \u2013 Perfumery &amp; Cosmetics","robots":{"index":"index","follow":"follow","max-snippet":"max-snippet:-1","max-image-preview":"max-image-preview:large","max-video-preview":"max-video-preview:-1"},"canonical":"https:\/\/www.stoelzle.com\/de\/service","og_locale":"de_DE","og_type":"article","og_title":"Spezialanfertigungen - Stoelzle Beauty \u2013 Perfumery &amp; Cosmetics","og_description":"[vc_row][vc_column][\/vc_column][\/vc_row][vc_row full_width=&#8221;stretch_row_content_no_spaces&#8221;][vc_column][\/vc_column][\/vc_row]","og_url":"https:\/\/www.stoelzle.com\/de\/service","og_site_name":"Stoelzle Beauty \u2013 Perfumery &amp; Cosmetics","article_modified_time":"2022-03-23T12:53:20+00:00","twitter_card":"summary_large_image","twitter_misc":{"Gesch\u00e4tzte Lesezeit":"1 Minute"},"schema":{"@context":"https:\/\/schema.org","@graph":[{"@type":"WebPage","@id":"https:\/\/www.stoelzle.com\/beauty\/de\/spezialanfertigungen\/","url":"https:\/\/www.stoelzle.com\/de\/service","name":"Spezialanfertigungen - Stoelzle Beauty \u2013 Perfumery &amp; Cosmetics","isPartOf":{"@id":"https:\/\/www.stoelzle.com\/beauty\/#website"},"datePublished":"2021-01-29T16:55:53+00:00","dateModified":"2022-03-23T12:53:20+00:00","breadcrumb":{"@id":"https:\/\/www.stoelzle.com\/de\/service#breadcrumb"},"inLanguage":"de-DE","potentialAction":[{"@type":"ReadAction","target":["https:\/\/www.stoelzle.com\/de\/service"]}]},{"@type":"BreadcrumbList","@id":"https:\/\/www.stoelzle.com\/de\/service#breadcrumb","itemListElement":[{"@type":"ListItem","position":1,"name":"Home","item":"https:\/\/www.stoelzle.com\/de\/"},{"@type":"ListItem","position":2,"name":"Perfumery &amp; Cosmetics","item":"https:\/\/www.stoelzle.com\/beauty\/de\/"},{"@type":"ListItem","position":3,"name":"Spezialanfertigungen"}]},{"@type":"WebSite","@id":"https:\/\/www.stoelzle.com\/beauty\/#website","url":"https:\/\/www.stoelzle.com\/beauty\/","name":"Stoelzle Beauty \u2013 Perfumery &amp; Cosmetics","description":"","publisher":{"@id":"https:\/\/www.stoelzle.com\/beauty\/#organization"},"potentialAction":[{"@type":"SearchAction","target":{"@type":"EntryPoint","urlTemplate":"https:\/\/www.stoelzle.com\/beauty\/?s={search_term_string}"},"query-input":{"@type":"PropertyValueSpecification","valueRequired":true,"valueName":"search_term_string"}}],"inLanguage":"de-DE"},{"@type":"Organization","@id":"https:\/\/www.stoelzle.com\/beauty\/#organization","name":"Stoelzle Beauty - Perfumery & Cosmetics","url":"https:\/\/www.stoelzle.com\/beauty\/","logo":{"@type":"ImageObject","inLanguage":"de-DE","@id":"https:\/\/www.stoelzle.com\/beauty\/#\/schema\/logo\/image\/","url":"https:\/\/www.stoelzle.com\/beauty\/wp-content\/uploads\/sites\/4\/2021\/03\/logo_beauty.svg","contentUrl":"https:\/\/www.stoelzle.com\/beauty\/wp-content\/uploads\/sites\/4\/2021\/03\/logo_beauty.svg","width":173,"height":40,"caption":"Stoelzle Beauty - Perfumery & Cosmetics"},"image":{"@id":"https:\/\/www.stoelzle.com\/beauty\/#\/schema\/logo\/image\/"}}]}},"_links":{"self":[{"href":"https:\/\/www.stoelzle.com\/beauty\/de\/wp-json\/wp\/v2\/pages\/1645","targetHints":{"allow":["GET"]}}],"collection":[{"href":"https:\/\/www.stoelzle.com\/beauty\/de\/wp-json\/wp\/v2\/pages"}],"about":[{"href":"https:\/\/www.stoelzle.com\/beauty\/de\/wp-json\/wp\/v2\/types\/page"}],"author":[{"embeddable":true,"href":"https:\/\/www.stoelzle.com\/beauty\/de\/wp-json\/wp\/v2\/users\/1"}],"replies":[{"embeddable":true,"href":"https:\/\/www.stoelzle.com\/beauty\/de\/wp-json\/wp\/v2\/comments?post=1645"}],"version-history":[{"count":0,"href":"https:\/\/www.stoelzle.com\/beauty\/de\/wp-json\/wp\/v2\/pages\/1645\/revisions"}],"wp:attachment":[{"href":"https:\/\/www.stoelzle.com\/beauty\/de\/wp-json\/wp\/v2\/media?parent=1645"}],"curies":[{"name":"wp","href":"https:\/\/api.w.org\/{rel}","templated":true}]}}