{"id":1641,"date":"2021-01-29T16:55:53","date_gmt":"2021-01-29T16:55:53","guid":{"rendered":"https:\/\/stoelzle.com\/beauty\/product-overview\/"},"modified":"2021-05-07T15:24:45","modified_gmt":"2021-05-07T15:24:45","slug":"produkt-uebersicht","status":"publish","type":"page","link":"https:\/\/www.stoelzle.com\/beauty\/de\/produkt-uebersicht\/","title":{"rendered":"Produkt\u00fcbersicht"},"content":{"rendered":"<div class=\"wpb-content-wrapper\"><p>[vc_row][vc_column]<div class=\"vc-title   text-center\">\n              <div class=\"topline\">Parf\u00fcmerie &amp; Kosmetik<\/div>\n              <h1 class=\"title position-relative separator\">Produktsortiment<\/h1>\n              <div class=\"row\"><div class=\"col-md-10 offset-md-1\"><\/p>\n<p class=\"large-text\">Neben zahlreichen Standard-Verpackungsgl\u00e4sern f\u00fcr Parf\u00fcms und K\u00f6rperpflegeprodukte sind wir auch Experte f\u00fcr au\u00dfergew\u00f6hnliche Kundendesigns und Eigenformen. Tauchen Sie ein in die Welt der D\u00fcfte und Kosmetik und entdecken Sie unsere tollen Glasflakons.<\/p>\n<p><\/div><\/div>\n            <\/div>[\/vc_column][\/vc_row][vc_row][vc_column]<div id=\"id-product-overview\" class=\"vc-gallery  spacing-bottom-m\"><div class=\"row vc-gallery-grid\"><a  href=\"\/beauty\/de\/produkte\/\"  class=\"vc-gallery-item mb-4 style-3 col-sm-6 col-md-4 col-lg-3\">\n                  <div class=\"vc-gallery-image off show-border\"><img decoding=\"async\" class=\"img-fluid\" src=\"https:\/\/www.stoelzle.com\/beauty\/wp-content\/uploads\/sites\/4\/2021\/02\/products-finder-800x800.jpg\" alt=\"Image representing the different products created at STM\"><\/div>\n                  <div class=\"vc-gallery-content\"><div class=\"vc-gallery-title\">Produktfinder<\/div><\/div>\n                <\/a><a  href=\"\/beauty\/de\/produkte\/parfum\/\"  class=\"vc-gallery-item mb-4 style-3 col-sm-6 col-md-4 col-lg-3\">\n                  <div class=\"vc-gallery-image off show-border\"><img decoding=\"async\" class=\"img-fluid\" src=\"https:\/\/www.stoelzle.com\/beauty\/wp-content\/uploads\/sites\/4\/2021\/02\/products-perfumery-800x800.jpg\" alt=\"Range of products for luxurious perfums\"><\/div>\n                  <div class=\"vc-gallery-content\"><div class=\"vc-gallery-title\">Parf\u00fcmerie<\/div><\/div>\n                <\/a><a  href=\"\/beauty\/de\/produkte\/kosmetik\/\"  class=\"vc-gallery-item mb-4 style-3 col-sm-6 col-md-4 col-lg-3\">\n                  <div class=\"vc-gallery-image off show-border\"><img decoding=\"async\" class=\"img-fluid\" src=\"https:\/\/www.stoelzle.com\/beauty\/wp-content\/uploads\/sites\/4\/2021\/02\/products-cosmetics-800x800.jpg\" alt=\"Glass containers specific for high end cosmetic\"><\/div>\n                  <div class=\"vc-gallery-content\"><div class=\"vc-gallery-title\">Kosmetik<\/div><\/div>\n                <\/a><a  href=\"\/beauty\/de\/produkte\/koerperpflege\/\"  class=\"vc-gallery-item mb-4 style-3 col-sm-6 col-md-4 col-lg-3\">\n                  <div class=\"vc-gallery-image off show-border\"><img decoding=\"async\" class=\"img-fluid\" src=\"https:\/\/www.stoelzle.com\/beauty\/wp-content\/uploads\/sites\/4\/2021\/02\/products-body-care-800x800.jpg\" alt=\"Body care bottles range\"><\/div>\n                  <div class=\"vc-gallery-content\"><div class=\"vc-gallery-title\">K\u00f6rperpflege<\/div><\/div>\n                <\/a><\/div><\/div>[\/vc_column][\/vc_row][vc_row full_width=&#8221;stretch_row_content_no_spaces&#8221;][vc_column]<div class=\"vc-two-columns  \">\n                <div class=\"row\">\n                    <div class=\"col-sm-6 bg-gray image-left\"><img loading=\"lazy\" decoding=\"async\" width=\"1024\" height=\"666\" src=\"https:\/\/www.stoelzle.com\/beauty\/wp-content\/uploads\/sites\/4\/2021\/02\/products-range-1024x666.jpg\" class=\"w-100 h-100 cover\" alt=\"Combination of decorated perfume and cosmetic jars\" srcset=\"https:\/\/www.stoelzle.com\/beauty\/wp-content\/uploads\/sites\/4\/2021\/02\/products-range-1024x666.jpg 1024w, https:\/\/www.stoelzle.com\/beauty\/wp-content\/uploads\/sites\/4\/2021\/02\/products-range-480x312.jpg 480w, https:\/\/www.stoelzle.com\/beauty\/wp-content\/uploads\/sites\/4\/2021\/02\/products-range-1536x998.jpg 1536w, https:\/\/www.stoelzle.com\/beauty\/wp-content\/uploads\/sites\/4\/2021\/02\/products-range-992x645.jpg 992w, https:\/\/www.stoelzle.com\/beauty\/wp-content\/uploads\/sites\/4\/2021\/02\/products-range-600x390.jpg 600w, https:\/\/www.stoelzle.com\/beauty\/wp-content\/uploads\/sites\/4\/2021\/02\/products-range.jpg 2000w\" sizes=\"auto, (max-width: 1024px) 100vw, 1024px\" \/><\/div>\n                    <div class=\"col-sm-6 bg-gray image-left\"><div class=\"column-content h-100 d-flex flex-column justify-content-center\"><\/p>\n<h2>Umfassendes Produktsortiment<\/h2>\n<ul>\n<li><a href=\"\/beauty\/de\/produkte\/parfum\/luxus-kollektion\/\">Luxus-Kollektion<\/a><\/li>\n<li><a href=\"\/beauty\/de\/produkte\/parfum\/standardprodukte\/\">Standard-Kollektion<\/a><\/li>\n<li><a href=\"\/beauty\/de\/produkte\/kosmetik\/kosmetikflaschen\/\">Kosmetikflaschen<\/a><\/li>\n<li><a href=\"\/beauty\/de\/produkte\/kosmetik\/cremetiegel\/\">Cremetiegel<\/a><\/li>\n<li><a href=\"\/beauty\/de\/produkte\/koerperpflege\/roll-on-de\/\">Roll-On<\/a><\/li>\n<li><a href=\"\/beauty\/de\/produkte\/koerperpflege\/lotion-de\/\">Body Lotions<\/a><\/li>\n<li><a href=\"\/beauty\/de\/produkte\/koerperpflege\/shampoo-duschgel\/\">Shampoo &amp; Duschgel<\/a><\/li>\n<\/ul>\n<p><a class=\"editor-button cta\" href=\"\/beauty\/de\/produkte\/\">Produktfinder<\/a><\/div><\/div>\n                <\/div>\n            <\/div><div class=\"vc-two-columns  \">\n                <div class=\"row\">\n                    <div class=\"col-sm-6 bg-blue image-right\"><div class=\"column-content h-100 d-flex flex-column justify-content-center\"><\/p>\n<div class=\"topline\">Produktentwicklung<\/div>\n<h2>Kundenspezifische Glasverpackungen<\/h2>\n<p>Jede Glasverpackung soll das Image des Produkts unterstreichen und mit seinem Design, Emotionen transportieren. Basierend auf den Anforderungen der Kunden entwerfen wir ein Design und setzen jedes noch so anspruchsvolle Projekt technisch perfekt in Glas um.<\/p>\n<p><a class=\"editor-button cta-white\" href=\"\/beauty\/de\/spezialanfertigungen\/produktentwicklung\/\">Mehr erfahren<\/a><\/div><\/div>\n                    <div class=\"col-sm-6 bg-blue image-right\"><img loading=\"lazy\" decoding=\"async\" width=\"1024\" height=\"666\" src=\"https:\/\/www.stoelzle.com\/beauty\/wp-content\/uploads\/sites\/4\/2021\/02\/products-customized-shapes-1024x666.jpg\" class=\"w-100 h-100 cover\" alt=\"Detail view of customized perfume bottle\" srcset=\"https:\/\/www.stoelzle.com\/beauty\/wp-content\/uploads\/sites\/4\/2021\/02\/products-customized-shapes-1024x666.jpg 1024w, https:\/\/www.stoelzle.com\/beauty\/wp-content\/uploads\/sites\/4\/2021\/02\/products-customized-shapes-480x312.jpg 480w, https:\/\/www.stoelzle.com\/beauty\/wp-content\/uploads\/sites\/4\/2021\/02\/products-customized-shapes-1536x998.jpg 1536w, https:\/\/www.stoelzle.com\/beauty\/wp-content\/uploads\/sites\/4\/2021\/02\/products-customized-shapes-992x645.jpg 992w, https:\/\/www.stoelzle.com\/beauty\/wp-content\/uploads\/sites\/4\/2021\/02\/products-customized-shapes-600x390.jpg 600w, https:\/\/www.stoelzle.com\/beauty\/wp-content\/uploads\/sites\/4\/2021\/02\/products-customized-shapes.jpg 2000w\" sizes=\"auto, (max-width: 1024px) 100vw, 1024px\" \/><\/div>\n                <\/div>\n            <\/div>[\/vc_column][\/vc_row][vc_row][vc_column]<div class=\"vc-spacer spacing-bottom-m\"><\/div>[vc_row_inner content_placement=&#8221;middle&#8221; el_class=&#8221;text-text&#8221;][vc_column_inner width=&#8221;1\/2&#8243;]\n      <div class=\"vc-image\">\n         \n          <img loading=\"lazy\" decoding=\"async\" width=\"2000\" height=\"1300\" src=\"https:\/\/www.stoelzle.com\/beauty\/wp-content\/uploads\/sites\/4\/2021\/02\/products-catalogues.jpg\" class=\"img-fluid w-100 h-100 d-none d-md-block\" alt=\"Cover pictures of the available perfume and cosmetic catalogues\" srcset=\"https:\/\/www.stoelzle.com\/beauty\/wp-content\/uploads\/sites\/4\/2021\/02\/products-catalogues.jpg 2000w, https:\/\/www.stoelzle.com\/beauty\/wp-content\/uploads\/sites\/4\/2021\/02\/products-catalogues-480x312.jpg 480w, https:\/\/www.stoelzle.com\/beauty\/wp-content\/uploads\/sites\/4\/2021\/02\/products-catalogues-1024x666.jpg 1024w, https:\/\/www.stoelzle.com\/beauty\/wp-content\/uploads\/sites\/4\/2021\/02\/products-catalogues-1536x998.jpg 1536w, https:\/\/www.stoelzle.com\/beauty\/wp-content\/uploads\/sites\/4\/2021\/02\/products-catalogues-992x645.jpg 992w, https:\/\/www.stoelzle.com\/beauty\/wp-content\/uploads\/sites\/4\/2021\/02\/products-catalogues-600x390.jpg 600w\" sizes=\"auto, (max-width: 2000px) 100vw, 2000px\" \/> \n          <img loading=\"lazy\" decoding=\"async\" width=\"992\" height=\"645\" src=\"https:\/\/www.stoelzle.com\/beauty\/wp-content\/uploads\/sites\/4\/2021\/02\/products-catalogues-992x645.jpg\" class=\"img-fluid w-100 h-100 d-mdx-none\" alt=\"Cover pictures of the available perfume and cosmetic catalogues\" srcset=\"https:\/\/www.stoelzle.com\/beauty\/wp-content\/uploads\/sites\/4\/2021\/02\/products-catalogues-992x645.jpg 992w, https:\/\/www.stoelzle.com\/beauty\/wp-content\/uploads\/sites\/4\/2021\/02\/products-catalogues-480x312.jpg 480w, https:\/\/www.stoelzle.com\/beauty\/wp-content\/uploads\/sites\/4\/2021\/02\/products-catalogues-1024x666.jpg 1024w, https:\/\/www.stoelzle.com\/beauty\/wp-content\/uploads\/sites\/4\/2021\/02\/products-catalogues-1536x998.jpg 1536w, https:\/\/www.stoelzle.com\/beauty\/wp-content\/uploads\/sites\/4\/2021\/02\/products-catalogues-600x390.jpg 600w, https:\/\/www.stoelzle.com\/beauty\/wp-content\/uploads\/sites\/4\/2021\/02\/products-catalogues.jpg 2000w\" sizes=\"auto, (max-width: 992px) 100vw, 992px\" \/>\n          \n         \n      <\/div>[\/vc_column_inner][vc_column_inner width=&#8221;1\/2&#8243;][vc_column_text]<\/p>\n<p class=\"topline\">Verkaufsbrosch\u00fcren<\/p>\n<h2>Kataloge<\/h2>\n<p>Die Verkaufsbrosch\u00fcren f\u00fcr die Bereiche Verpackungsglas f\u00fcr Parf\u00fcmerie &amp; Kosmetik sind als Downloadfiles verf\u00fcgbar.<\/p>\n<p><a class=\"editor-button cta\" href=\"\/beauty\/de\/downloads\/\">Download<\/a>[\/vc_column_text][\/vc_column_inner][\/vc_row_inner]<div class=\"vc-spacer spacing-bottom-m\"><\/div>[\/vc_column][\/vc_row]<\/p>\n<\/div>","protected":false},"excerpt":{"rendered":"<p>[vc_row][vc_column][\/vc_column][\/vc_row][vc_row][vc_column][\/vc_column][\/vc_row][vc_row full_width=&#8221;stretch_row_content_no_spaces&#8221;][vc_column][\/vc_column][\/vc_row][vc_row][vc_column][vc_row_inner content_placement=&#8221;middle&#8221; el_class=&#8221;text-text&#8221;][vc_column_inner width=&#8221;1\/2&#8243;][\/vc_column_inner][vc_column_inner width=&#8221;1\/2&#8243;][vc_column_text] Verkaufsbrosch\u00fcren Kataloge Die Verkaufsbrosch\u00fcren f\u00fcr die Bereiche Verpackungsglas f\u00fcr Parf\u00fcmerie &amp; Kosmetik sind als Downloadfiles verf\u00fcgbar. Download[\/vc_column_text][\/vc_column_inner][\/vc_row_inner][\/vc_column][\/vc_row]<\/p>\n","protected":false},"author":1,"featured_media":0,"parent":0,"menu_order":70,"comment_status":"closed","ping_status":"closed","template":"","meta":{"_acf_changed":false,"footnotes":""},"class_list":["post-1641","page","type-page","status-publish","hentry"],"acf":[],"yoast_head":"<!-- This site is optimized with the Yoast SEO plugin v26.6 - https:\/\/yoast.com\/wordpress\/plugins\/seo\/ -->\n<title>Kosmetikverpackungen Glas \u00bb Flakons &amp; Glastiegel | Stoelzle<\/title>\n<meta name=\"description\" content=\"Stoelzles hochwertige Kosmetikverpackungen aus Glas \u279c stilvolle Designs \u2713 brilliantes Wei\u00dfglas \u2713 gro\u00dfe Produktauswahl \u2713 zum Sortiment!\" \/>\n<meta name=\"robots\" content=\"index, follow, max-snippet:-1, max-image-preview:large, max-video-preview:-1\" \/>\n<link rel=\"canonical\" href=\"https:\/\/www.stoelzle.com\/beauty\/de\/produkt-uebersicht\/\" \/>\n<meta property=\"og:locale\" content=\"de_DE\" \/>\n<meta property=\"og:type\" content=\"article\" \/>\n<meta property=\"og:title\" content=\"Kosmetikverpackungen Glas \u00bb Flakons &amp; Glastiegel | Stoelzle\" \/>\n<meta property=\"og:description\" content=\"Stoelzles hochwertige Kosmetikverpackungen aus Glas \u279c stilvolle Designs \u2713 brilliantes Wei\u00dfglas \u2713 gro\u00dfe Produktauswahl \u2713 zum Sortiment!\" \/>\n<meta property=\"og:url\" content=\"https:\/\/www.stoelzle.com\/beauty\/de\/produkt-uebersicht\/\" \/>\n<meta property=\"og:site_name\" content=\"Stoelzle Beauty \u2013 Perfumery &amp; Cosmetics\" \/>\n<meta property=\"article:modified_time\" content=\"2021-05-07T15:24:45+00:00\" \/>\n<meta name=\"twitter:card\" content=\"summary_large_image\" \/>\n<meta name=\"twitter:label1\" content=\"Gesch\u00e4tzte Lesezeit\" \/>\n\t<meta name=\"twitter:data1\" content=\"1 Minute\" \/>\n<script type=\"application\/ld+json\" class=\"yoast-schema-graph\">{\"@context\":\"https:\/\/schema.org\",\"@graph\":[{\"@type\":\"WebPage\",\"@id\":\"https:\/\/www.stoelzle.com\/beauty\/de\/produkt-uebersicht\/\",\"url\":\"https:\/\/www.stoelzle.com\/beauty\/de\/produkt-uebersicht\/\",\"name\":\"Kosmetikverpackungen Glas \u00bb Flakons & Glastiegel | Stoelzle\",\"isPartOf\":{\"@id\":\"https:\/\/www.stoelzle.com\/beauty\/#website\"},\"datePublished\":\"2021-01-29T16:55:53+00:00\",\"dateModified\":\"2021-05-07T15:24:45+00:00\",\"description\":\"Stoelzles hochwertige Kosmetikverpackungen aus Glas \u279c stilvolle Designs \u2713 brilliantes Wei\u00dfglas \u2713 gro\u00dfe Produktauswahl \u2713 zum Sortiment!\",\"breadcrumb\":{\"@id\":\"https:\/\/www.stoelzle.com\/beauty\/de\/produkt-uebersicht\/#breadcrumb\"},\"inLanguage\":\"de-DE\",\"potentialAction\":[{\"@type\":\"ReadAction\",\"target\":[\"https:\/\/www.stoelzle.com\/beauty\/de\/produkt-uebersicht\/\"]}]},{\"@type\":\"BreadcrumbList\",\"@id\":\"https:\/\/www.stoelzle.com\/beauty\/de\/produkt-uebersicht\/#breadcrumb\",\"itemListElement\":[{\"@type\":\"ListItem\",\"position\":1,\"name\":\"Home\",\"item\":\"https:\/\/www.stoelzle.com\/de\/\"},{\"@type\":\"ListItem\",\"position\":2,\"name\":\"Perfumery &amp; Cosmetics\",\"item\":\"https:\/\/www.stoelzle.com\/beauty\/de\/\"},{\"@type\":\"ListItem\",\"position\":3,\"name\":\"Produkt\u00fcbersicht\"}]},{\"@type\":\"WebSite\",\"@id\":\"https:\/\/www.stoelzle.com\/beauty\/#website\",\"url\":\"https:\/\/www.stoelzle.com\/beauty\/\",\"name\":\"Stoelzle Beauty \u2013 Perfumery &amp; Cosmetics\",\"description\":\"\",\"publisher\":{\"@id\":\"https:\/\/www.stoelzle.com\/beauty\/#organization\"},\"potentialAction\":[{\"@type\":\"SearchAction\",\"target\":{\"@type\":\"EntryPoint\",\"urlTemplate\":\"https:\/\/www.stoelzle.com\/beauty\/?s={search_term_string}\"},\"query-input\":{\"@type\":\"PropertyValueSpecification\",\"valueRequired\":true,\"valueName\":\"search_term_string\"}}],\"inLanguage\":\"de-DE\"},{\"@type\":\"Organization\",\"@id\":\"https:\/\/www.stoelzle.com\/beauty\/#organization\",\"name\":\"Stoelzle Beauty - Perfumery & Cosmetics\",\"url\":\"https:\/\/www.stoelzle.com\/beauty\/\",\"logo\":{\"@type\":\"ImageObject\",\"inLanguage\":\"de-DE\",\"@id\":\"https:\/\/www.stoelzle.com\/beauty\/#\/schema\/logo\/image\/\",\"url\":\"https:\/\/www.stoelzle.com\/beauty\/wp-content\/uploads\/sites\/4\/2021\/03\/logo_beauty.svg\",\"contentUrl\":\"https:\/\/www.stoelzle.com\/beauty\/wp-content\/uploads\/sites\/4\/2021\/03\/logo_beauty.svg\",\"width\":173,\"height\":40,\"caption\":\"Stoelzle Beauty - Perfumery & Cosmetics\"},\"image\":{\"@id\":\"https:\/\/www.stoelzle.com\/beauty\/#\/schema\/logo\/image\/\"}}]}<\/script>\n<!-- \/ Yoast SEO plugin. -->","yoast_head_json":{"title":"Kosmetikverpackungen Glas \u00bb Flakons & Glastiegel | Stoelzle","description":"Stoelzles hochwertige Kosmetikverpackungen aus Glas \u279c stilvolle Designs \u2713 brilliantes Wei\u00dfglas \u2713 gro\u00dfe Produktauswahl \u2713 zum Sortiment!","robots":{"index":"index","follow":"follow","max-snippet":"max-snippet:-1","max-image-preview":"max-image-preview:large","max-video-preview":"max-video-preview:-1"},"canonical":"https:\/\/www.stoelzle.com\/beauty\/de\/produkt-uebersicht\/","og_locale":"de_DE","og_type":"article","og_title":"Kosmetikverpackungen Glas \u00bb Flakons & Glastiegel | Stoelzle","og_description":"Stoelzles hochwertige Kosmetikverpackungen aus Glas \u279c stilvolle Designs \u2713 brilliantes Wei\u00dfglas \u2713 gro\u00dfe Produktauswahl \u2713 zum Sortiment!","og_url":"https:\/\/www.stoelzle.com\/beauty\/de\/produkt-uebersicht\/","og_site_name":"Stoelzle Beauty \u2013 Perfumery &amp; Cosmetics","article_modified_time":"2021-05-07T15:24:45+00:00","twitter_card":"summary_large_image","twitter_misc":{"Gesch\u00e4tzte Lesezeit":"1 Minute"},"schema":{"@context":"https:\/\/schema.org","@graph":[{"@type":"WebPage","@id":"https:\/\/www.stoelzle.com\/beauty\/de\/produkt-uebersicht\/","url":"https:\/\/www.stoelzle.com\/beauty\/de\/produkt-uebersicht\/","name":"Kosmetikverpackungen Glas \u00bb Flakons & Glastiegel | Stoelzle","isPartOf":{"@id":"https:\/\/www.stoelzle.com\/beauty\/#website"},"datePublished":"2021-01-29T16:55:53+00:00","dateModified":"2021-05-07T15:24:45+00:00","description":"Stoelzles hochwertige Kosmetikverpackungen aus Glas \u279c stilvolle Designs \u2713 brilliantes Wei\u00dfglas \u2713 gro\u00dfe Produktauswahl \u2713 zum Sortiment!","breadcrumb":{"@id":"https:\/\/www.stoelzle.com\/beauty\/de\/produkt-uebersicht\/#breadcrumb"},"inLanguage":"de-DE","potentialAction":[{"@type":"ReadAction","target":["https:\/\/www.stoelzle.com\/beauty\/de\/produkt-uebersicht\/"]}]},{"@type":"BreadcrumbList","@id":"https:\/\/www.stoelzle.com\/beauty\/de\/produkt-uebersicht\/#breadcrumb","itemListElement":[{"@type":"ListItem","position":1,"name":"Home","item":"https:\/\/www.stoelzle.com\/de\/"},{"@type":"ListItem","position":2,"name":"Perfumery &amp; Cosmetics","item":"https:\/\/www.stoelzle.com\/beauty\/de\/"},{"@type":"ListItem","position":3,"name":"Produkt\u00fcbersicht"}]},{"@type":"WebSite","@id":"https:\/\/www.stoelzle.com\/beauty\/#website","url":"https:\/\/www.stoelzle.com\/beauty\/","name":"Stoelzle Beauty \u2013 Perfumery &amp; Cosmetics","description":"","publisher":{"@id":"https:\/\/www.stoelzle.com\/beauty\/#organization"},"potentialAction":[{"@type":"SearchAction","target":{"@type":"EntryPoint","urlTemplate":"https:\/\/www.stoelzle.com\/beauty\/?s={search_term_string}"},"query-input":{"@type":"PropertyValueSpecification","valueRequired":true,"valueName":"search_term_string"}}],"inLanguage":"de-DE"},{"@type":"Organization","@id":"https:\/\/www.stoelzle.com\/beauty\/#organization","name":"Stoelzle Beauty - Perfumery & Cosmetics","url":"https:\/\/www.stoelzle.com\/beauty\/","logo":{"@type":"ImageObject","inLanguage":"de-DE","@id":"https:\/\/www.stoelzle.com\/beauty\/#\/schema\/logo\/image\/","url":"https:\/\/www.stoelzle.com\/beauty\/wp-content\/uploads\/sites\/4\/2021\/03\/logo_beauty.svg","contentUrl":"https:\/\/www.stoelzle.com\/beauty\/wp-content\/uploads\/sites\/4\/2021\/03\/logo_beauty.svg","width":173,"height":40,"caption":"Stoelzle Beauty - Perfumery & Cosmetics"},"image":{"@id":"https:\/\/www.stoelzle.com\/beauty\/#\/schema\/logo\/image\/"}}]}},"_links":{"self":[{"href":"https:\/\/www.stoelzle.com\/beauty\/de\/wp-json\/wp\/v2\/pages\/1641","targetHints":{"allow":["GET"]}}],"collection":[{"href":"https:\/\/www.stoelzle.com\/beauty\/de\/wp-json\/wp\/v2\/pages"}],"about":[{"href":"https:\/\/www.stoelzle.com\/beauty\/de\/wp-json\/wp\/v2\/types\/page"}],"author":[{"embeddable":true,"href":"https:\/\/www.stoelzle.com\/beauty\/de\/wp-json\/wp\/v2\/users\/1"}],"replies":[{"embeddable":true,"href":"https:\/\/www.stoelzle.com\/beauty\/de\/wp-json\/wp\/v2\/comments?post=1641"}],"version-history":[{"count":0,"href":"https:\/\/www.stoelzle.com\/beauty\/de\/wp-json\/wp\/v2\/pages\/1641\/revisions"}],"wp:attachment":[{"href":"https:\/\/www.stoelzle.com\/beauty\/de\/wp-json\/wp\/v2\/media?parent=1641"}],"curies":[{"name":"wp","href":"https:\/\/api.w.org\/{rel}","templated":true}]}}