{"id":1637,"date":"2021-01-29T16:55:53","date_gmt":"2021-01-29T16:55:53","guid":{"rendered":"https:\/\/stoelzle.com\/beauty\/about-us\/history\/"},"modified":"2021-07-26T15:26:48","modified_gmt":"2021-07-26T15:26:48","slug":"geschichte","status":"publish","type":"page","link":"https:\/\/www.stoelzle.com\/beauty\/de\/ueber-uns\/geschichte\/","title":{"rendered":"Geschichte"},"content":{"rendered":"<div class=\"wpb-content-wrapper\"><p>[vc_row][vc_column]<div class=\"vc-title   text-center\">\n              <div class=\"topline\">200 Jahre Erfahrung<\/div>\n              <h1 class=\"title position-relative separator\">Geschichte<\/h1>\n              <div class=\"row\"><div class=\"col-md-10 offset-md-1\"><\/p>\n<p class=\"large-text\">Die Glasfabrik in Masni\u00e8res wurde 1818 gegr\u00fcndet. In diesem Jahr entstanden zahlreiche herstellende Unternehmen in verschiedensten Branchen. \u00dcber Jahrzehnte ist Stoelzle Masni\u00e8res nun schon auf die Herstellung von hochwertigen Verpackungsgl\u00e4sern f\u00fcr Parf\u00fcms und Kosmetikprodukte spezialisiert und hat sich dank seines exzellenten Know-hows einen sehr guten Ruf \u00fcber die Landesgrenzen hinweg erarbeitet.<\/p>\n<p><\/div><\/div>\n            <\/div>[\/vc_column][\/vc_row][vc_row full_width=&#8221;stretch_row_content_no_spaces&#8221;][vc_column]<div class=\"vc-two-columns  \">\n                <div class=\"row\">\n                    <div class=\"col-sm-6 bg-gray image-left\"><img loading=\"lazy\" decoding=\"async\" width=\"1024\" height=\"666\" src=\"https:\/\/www.stoelzle.com\/beauty\/wp-content\/uploads\/sites\/4\/2021\/02\/history-stm-200-years-1024x666.jpg\" class=\"w-100 h-100 cover\" alt=\"People celebrating the 200th anniversary of the french plant\" srcset=\"https:\/\/www.stoelzle.com\/beauty\/wp-content\/uploads\/sites\/4\/2021\/02\/history-stm-200-years-1024x666.jpg 1024w, https:\/\/www.stoelzle.com\/beauty\/wp-content\/uploads\/sites\/4\/2021\/02\/history-stm-200-years-480x312.jpg 480w, https:\/\/www.stoelzle.com\/beauty\/wp-content\/uploads\/sites\/4\/2021\/02\/history-stm-200-years-1536x998.jpg 1536w, https:\/\/www.stoelzle.com\/beauty\/wp-content\/uploads\/sites\/4\/2021\/02\/history-stm-200-years-992x645.jpg 992w, https:\/\/www.stoelzle.com\/beauty\/wp-content\/uploads\/sites\/4\/2021\/02\/history-stm-200-years-600x390.jpg 600w, https:\/\/www.stoelzle.com\/beauty\/wp-content\/uploads\/sites\/4\/2021\/02\/history-stm-200-years.jpg 2000w\" sizes=\"auto, (max-width: 1024px) 100vw, 1024px\" \/><\/div>\n                    <div class=\"col-sm-6 bg-gray image-left\"><div class=\"column-content h-100 d-flex flex-column justify-content-center\"><\/p>\n<h2>200 Jahre Stoelzle Masni\u00e8res<\/h2>\n<p>Im Jahr 2018 feierte der franz\u00f6sische Standort der Stoelzle Glasgruppe, Stoelzle Masni\u00e8res Parfumerie sein 200j\u00e4hriges Bestehen. Anl\u00e4sslich des Jubil\u00e4ums wurde dem Unternehmen vom franz\u00f6sischen Staat die Auszeichnung EPV (Entreprise du Patrimoine Vivant) f\u00fcr seine Verdienste als traditionsreicher und zugleich modernster Industriebetrieb verliehen. Stoelzle Mansi\u00e8res befindet sich im Norden von Frankreich und geh\u00f6rt zur Stoelzle Glasgruppe, welche beachtlich in die Modernisierung des franz\u00f6sischen Standortes investiert.<\/p>\n<p><img loading=\"lazy\" decoding=\"async\" class=\"alignnone wp-image-170\" title=\"logo des 200 ans STM\" src=\"https:\/\/www.stoelzle.com\/beauty\/wp-content\/uploads\/sites\/4\/2021\/02\/history-stm-masnieres-200-years-480x308.png\" alt=\"logo des 200 ans\" width=\"142\" height=\"91\" srcset=\"https:\/\/www.stoelzle.com\/beauty\/wp-content\/uploads\/sites\/4\/2021\/02\/history-stm-masnieres-200-years-480x308.png 480w, https:\/\/www.stoelzle.com\/beauty\/wp-content\/uploads\/sites\/4\/2021\/02\/history-stm-masnieres-200-years-1024x658.png 1024w, https:\/\/www.stoelzle.com\/beauty\/wp-content\/uploads\/sites\/4\/2021\/02\/history-stm-masnieres-200-years-1536x987.png 1536w, https:\/\/www.stoelzle.com\/beauty\/wp-content\/uploads\/sites\/4\/2021\/02\/history-stm-masnieres-200-years-2048x1316.png 2048w, https:\/\/www.stoelzle.com\/beauty\/wp-content\/uploads\/sites\/4\/2021\/02\/history-stm-masnieres-200-years-992x637.png 992w, https:\/\/www.stoelzle.com\/beauty\/wp-content\/uploads\/sites\/4\/2021\/02\/history-stm-masnieres-200-years-2000x1285.png 2000w, https:\/\/www.stoelzle.com\/beauty\/wp-content\/uploads\/sites\/4\/2021\/02\/history-stm-masnieres-200-years-600x386.png 600w\" sizes=\"auto, (max-width: 142px) 100vw, 142px\" \/><\/div><\/div>\n                <\/div>\n            <\/div>[\/vc_column][\/vc_row][vc_row][vc_column width=&#8221;1\/6&#8243;][\/vc_column][vc_column width=&#8221;2\/3&#8243;]<div class=\"vc-spacer spacing-bottom-m\"><\/div>[vc_column_text]<\/p>\n<table class=\"editor-history\" border=\"0\" width=\"100%\">\n<tbody>\n<tr>\n<td width=\"10%\">1818<\/td>\n<td width=\"90%\">Gr\u00fcndung der Glasfabrik durch Herrn Boulanger.<\/td>\n<\/tr>\n<tr>\n<td>1835<\/td>\n<td>Herr Varenghien erwirbt die Glasfabrik und startet mit der industriellen Fertigung (Glaskugeln f\u00fcr den Garten und Flaschen).<\/td>\n<\/tr>\n<tr>\n<td>1850<\/td>\n<td>Herr Leroy Soyez erwirbt die Glasfaribk und entwickelt eine neue Art von Formen f\u00fcr Bierflaschen, f\u00fcr die er auch ein Patent anmeldet.<\/td>\n<\/tr>\n<tr>\n<td>1861<\/td>\n<td>Die Familie Millet Bricout erwirbt die Glasfrabrik und startet die industrielle Fertigung von pharmazeutischen Glasflaschen und rotem Feederglas.<\/td>\n<\/tr>\n<tr>\n<td>1920<\/td>\n<td>Herr Souchon steigt als Aktion\u00e4r ein.<\/td>\n<\/tr>\n<tr>\n<td>1924<\/td>\n<td>Die Fabrik wird elektrifiziert und die industrielle Fertigung somit revolutioniert.<\/td>\n<\/tr>\n<tr>\n<td>1929<\/td>\n<td>Ende der handwerklichen Fertigung durch Glasmacher.<\/td>\n<\/tr>\n<tr>\n<td>1957<\/td>\n<td>Herr Souchon wird Hauptaktion\u00e4r; Zusammenschluss der drei Glash\u00fctten (Reims, Masnieres and Fourmies) f\u00fchrt zur Gr\u00fcndung der neuen Firma Nord Verre.<\/td>\n<\/tr>\n<tr>\n<td>1964<\/td>\n<td>Nord Verre\u00a0 wird vom Unternehmen Souchon-Neuvesel erworben.<\/td>\n<\/tr>\n<tr>\n<td>1966<\/td>\n<td>\u00a0Umfirmierung in B.S.N. (Boussois Souchon Neuvesel).<\/td>\n<\/tr>\n<tr>\n<td>1994<\/td>\n<td>Fusionierung von BSN und Bormioli Rocco.<\/td>\n<\/tr>\n<tr>\n<td>2013<\/td>\n<td>\u00dcbernahme von Stoelzle Masni\u00e8res SAS and Stoelzle Masni\u00e8res D\u00e9coration SAS, France, durch die Stoelzle Glasgruppe.<\/td>\n<\/tr>\n<tr>\n<td>2015<\/td>\n<td>Umfirmeirung in Stoelzle Masni\u00e8res Parfumerie SAS &amp; Stoelzle Masni\u00e8res Parfumerie Decoration SAS.<\/td>\n<\/tr>\n<tr>\n<td>2018<\/td>\n<td>200 j\u00e4hriges Bestandsjubil\u00e4um\u00a0 der Glash\u00fctte wir feierlich begangen.<\/td>\n<\/tr>\n<tr>\n<td>2020<\/td>\n<td>Wannenneubau und Ausbau der Produktionskapazit\u00e4t um eine f\u00fcnfte Linie.<\/td>\n<\/tr>\n<\/tbody>\n<\/table>\n<p>[\/vc_column_text][\/vc_column][vc_column width=&#8221;1\/6&#8243;][\/vc_column][\/vc_row][vc_row][vc_column]<div id=\"id-gallery\" class=\"vc-gallery spacing-top-s spacing-bottom-m\"><div class=\"row vc-gallery-slider\"><a  href=\"https:\/\/www.stoelzle.com\/beauty\/wp-content\/uploads\/sites\/4\/2021\/02\/history-masnieres-canal.jpg\"  class=\"vc-gallery-item mb-4 style-1 col-sm-6 col-md-4 col-lg-3\">\n                  <div class=\"vc-gallery-image darken-20\"><img decoding=\"async\" class=\"img-fluid\" src=\"https:\/\/www.stoelzle.com\/beauty\/wp-content\/uploads\/sites\/4\/2021\/02\/history-masnieres-canal-800x800.jpg\" alt=\"Historic picture of canal near plant\"><\/div>\n                  <div class=\"vc-gallery-content\"><div class=\"vc-gallery-title\">Masni\u00e8res Kanal<\/div><\/div>\n                <\/a><a  href=\"https:\/\/www.stoelzle.com\/beauty\/wp-content\/uploads\/sites\/4\/2021\/02\/history-weaving-1925.jpg\"  class=\"vc-gallery-item mb-4 style-1 col-sm-6 col-md-4 col-lg-3\">\n                  <div class=\"vc-gallery-image darken-20\"><img decoding=\"async\" class=\"img-fluid\" src=\"https:\/\/www.stoelzle.com\/beauty\/wp-content\/uploads\/sites\/4\/2021\/02\/history-weaving-1925-800x800.jpg\" alt=\"Historic picutre of weaving from 1925\"><\/div>\n                  <div class=\"vc-gallery-content\"><div class=\"vc-gallery-title\">1925<\/div><\/div>\n                <\/a><a  href=\"https:\/\/www.stoelzle.com\/beauty\/wp-content\/uploads\/sites\/4\/2021\/02\/history-stm-commemoration-millet-boivin-1949.jpg\"  class=\"vc-gallery-item mb-4 style-1 col-sm-6 col-md-4 col-lg-3\">\n                  <div class=\"vc-gallery-image darken-20\"><img decoding=\"async\" class=\"img-fluid\" src=\"https:\/\/www.stoelzle.com\/beauty\/wp-content\/uploads\/sites\/4\/2021\/02\/history-stm-commemoration-millet-boivin-1949-800x800.jpg\" alt=\"Historic picutre of commemoration from 1949\"><\/div>\n                  <div class=\"vc-gallery-content\"><div class=\"vc-gallery-title\">1949<\/div><\/div>\n                <\/a><a  href=\"https:\/\/www.stoelzle.com\/beauty\/wp-content\/uploads\/sites\/4\/2021\/02\/history-stm-commemoration-1949.jpg\"  class=\"vc-gallery-item mb-4 style-1 col-sm-6 col-md-4 col-lg-3\">\n                  <div class=\"vc-gallery-image darken-20\"><img decoding=\"async\" class=\"img-fluid\" src=\"https:\/\/www.stoelzle.com\/beauty\/wp-content\/uploads\/sites\/4\/2021\/02\/history-stm-commemoration-1949-800x800.jpg\" alt=\"Historic picutre of commemoration from 1949\"><\/div>\n                  <div class=\"vc-gallery-content\"><div class=\"vc-gallery-title\">1949<\/div><\/div>\n                <\/a><a  href=\"https:\/\/www.stoelzle.com\/beauty\/wp-content\/uploads\/sites\/4\/2021\/02\/history-stm-1970.jpg\"  class=\"vc-gallery-item mb-4 style-1 col-sm-6 col-md-4 col-lg-3\">\n                  <div class=\"vc-gallery-image darken-20\"><img decoding=\"async\" class=\"img-fluid\" src=\"https:\/\/www.stoelzle.com\/beauty\/wp-content\/uploads\/sites\/4\/2021\/02\/history-stm-1970-800x800.jpg\" alt=\"Historic picture of STM plant from 1970\"><\/div>\n                  <div class=\"vc-gallery-content\"><div class=\"vc-gallery-title\">1970<\/div><\/div>\n                <\/a><a  href=\"https:\/\/www.stoelzle.com\/beauty\/wp-content\/uploads\/sites\/4\/2021\/02\/history-masnieres-main-street-1908.jpg\"  class=\"vc-gallery-item mb-4 style-1 col-sm-6 col-md-4 col-lg-3\">\n                  <div class=\"vc-gallery-image darken-20\"><img decoding=\"async\" class=\"img-fluid\" src=\"https:\/\/www.stoelzle.com\/beauty\/wp-content\/uploads\/sites\/4\/2021\/02\/history-masnieres-main-street-1908-800x800.jpg\" alt=\"Historic picture of masniers main street from 1908\"><\/div>\n                  <div class=\"vc-gallery-content\"><div class=\"vc-gallery-title\">1908<\/div><\/div>\n                <\/a><a  href=\"https:\/\/www.stoelzle.com\/beauty\/wp-content\/uploads\/sites\/4\/2021\/02\/history-masnieres-1918.jpg\"  class=\"vc-gallery-item mb-4 style-1 col-sm-6 col-md-4 col-lg-3\">\n                  <div class=\"vc-gallery-image darken-20\"><img decoding=\"async\" class=\"img-fluid\" src=\"https:\/\/www.stoelzle.com\/beauty\/wp-content\/uploads\/sites\/4\/2021\/02\/history-masnieres-1918-800x800.jpg\" alt=\"Historic picture of plant from 1918\"><\/div>\n                  <div class=\"vc-gallery-content\"><div class=\"vc-gallery-title\">1918<\/div><\/div>\n                <\/a><a  href=\"https:\/\/www.stoelzle.com\/beauty\/wp-content\/uploads\/sites\/4\/2021\/02\/history-masnieres-1910.jpg\"  class=\"vc-gallery-item mb-4 style-1 col-sm-6 col-md-4 col-lg-3\">\n                  <div class=\"vc-gallery-image darken-20\"><img decoding=\"async\" class=\"img-fluid\" src=\"https:\/\/www.stoelzle.com\/beauty\/wp-content\/uploads\/sites\/4\/2021\/02\/history-masnieres-1910-800x800.jpg\" alt=\"Historic picture of plant from 1910\"><\/div>\n                  <div class=\"vc-gallery-content\"><div class=\"vc-gallery-title\">1910<\/div><\/div>\n                <\/a><a  href=\"https:\/\/www.stoelzle.com\/beauty\/wp-content\/uploads\/sites\/4\/2021\/02\/history-glass-worker-1909.jpg\"  class=\"vc-gallery-item mb-4 style-1 col-sm-6 col-md-4 col-lg-3\">\n                  <div class=\"vc-gallery-image darken-20\"><img decoding=\"async\" class=\"img-fluid\" src=\"https:\/\/www.stoelzle.com\/beauty\/wp-content\/uploads\/sites\/4\/2021\/02\/history-glass-worker-1909-800x800.jpg\" alt=\"Historic picture of glass worker from 1909\"><\/div>\n                  <div class=\"vc-gallery-content\"><div class=\"vc-gallery-title\">1909<\/div><\/div>\n                <\/a><a  href=\"https:\/\/www.stoelzle.com\/beauty\/wp-content\/uploads\/sites\/4\/2021\/02\/history-glass-furnace-1913.jpg\"  class=\"vc-gallery-item mb-4 style-1 col-sm-6 col-md-4 col-lg-3\">\n                  <div class=\"vc-gallery-image darken-20\"><img decoding=\"async\" class=\"img-fluid\" src=\"https:\/\/www.stoelzle.com\/beauty\/wp-content\/uploads\/sites\/4\/2021\/02\/history-glass-furnace-1913-800x800.jpg\" alt=\"Historic picture of glass furnace from 1913\"><\/div>\n                  <div class=\"vc-gallery-content\"><div class=\"vc-gallery-title\">1913<\/div><\/div>\n                <\/a><\/div><div class=\"mt-4\"><div class=\"row\"><div class=\"col content-slider-arrows text-center\"><\/div><\/div><\/div><\/div>\n      <script async>\n        jQuery(document).ready(function($) {\n          jQuery(\"#id-gallery .vc-gallery-slider\").slick({\n            slidesToShow: 4,\n            prevArrow: \"<span class=\\\"d-inline-block slick-arrow slick-arrow-prev\\\"><\/span>\",\n            nextArrow: \"<span class=\\\"d-inline-block slick-arrow slick-arrow-next\\\"><\/span>\",\n            appendArrows: $(\"#id-gallery .content-slider-arrows\"),\n            adaptiveHeight: true,\n            responsive: [\n              {\n                breakpoint: 1024,\n                settings: {\n                  slidesToShow: 2\n                }\n              },\n              {\n                breakpoint: 768,\n                settings: {\n                  slidesToShow: 1\n                }\n              },\n            ]\n          });\n        });\n      <\/script>\n        <script async>\n        jQuery(document).ready(function($) {\n          jQuery(\"#id-gallery a\").simpleLightbox({uniqueImages: false});\n        });\n        <\/script>\n      [\/vc_column][\/vc_row]<\/p>\n<\/div>","protected":false},"excerpt":{"rendered":"<p>[vc_row][vc_column][\/vc_column][\/vc_row][vc_row full_width=&#8221;stretch_row_content_no_spaces&#8221;][vc_column][\/vc_column][\/vc_row][vc_row][vc_column width=&#8221;1\/6&#8243;][\/vc_column][vc_column width=&#8221;2\/3&#8243;][vc_column_text] 1818 Gr\u00fcndung der Glasfabrik durch Herrn Boulanger. 1835 Herr Varenghien erwirbt die Glasfabrik und startet mit der industriellen Fertigung (Glaskugeln f\u00fcr den Garten und Flaschen). 1850 Herr Leroy Soyez erwirbt die Glasfaribk und entwickelt eine neue Art von Formen f\u00fcr Bierflaschen, f\u00fcr die er auch ein Patent anmeldet. 1861 Die Familie [&hellip;]<\/p>\n","protected":false},"author":1,"featured_media":0,"parent":1625,"menu_order":60,"comment_status":"closed","ping_status":"closed","template":"","meta":{"_acf_changed":false,"footnotes":""},"class_list":["post-1637","page","type-page","status-publish","hentry"],"acf":[],"yoast_head":"<!-- This site is optimized with the Yoast SEO plugin v26.6 - https:\/\/yoast.com\/wordpress\/plugins\/seo\/ -->\n<title>Geschichte - Stoelzle Beauty \u2013 Perfumery &amp; Cosmetics<\/title>\n<meta name=\"robots\" content=\"index, follow, max-snippet:-1, max-image-preview:large, max-video-preview:-1\" \/>\n<link rel=\"canonical\" href=\"https:\/\/www.stoelzle.com\/de\/unternehmen\/geschichte\" \/>\n<meta property=\"og:locale\" content=\"de_DE\" \/>\n<meta property=\"og:type\" content=\"article\" \/>\n<meta property=\"og:title\" content=\"Geschichte - Stoelzle Beauty \u2013 Perfumery &amp; Cosmetics\" \/>\n<meta property=\"og:description\" content=\"[vc_row][vc_column][\/vc_column][\/vc_row][vc_row full_width=&#8221;stretch_row_content_no_spaces&#8221;][vc_column][\/vc_column][\/vc_row][vc_row][vc_column width=&#8221;1\/6&#8243;][\/vc_column][vc_column width=&#8221;2\/3&#8243;][vc_column_text] 1818 Gr\u00fcndung der Glasfabrik durch Herrn Boulanger. 1835 Herr Varenghien erwirbt die Glasfabrik und startet mit der industriellen Fertigung (Glaskugeln f\u00fcr den Garten und Flaschen). 1850 Herr Leroy Soyez erwirbt die Glasfaribk und entwickelt eine neue Art von Formen f\u00fcr Bierflaschen, f\u00fcr die er auch ein Patent anmeldet. 1861 Die Familie [&hellip;]\" \/>\n<meta property=\"og:url\" content=\"https:\/\/www.stoelzle.com\/de\/unternehmen\/geschichte\" \/>\n<meta property=\"og:site_name\" content=\"Stoelzle Beauty \u2013 Perfumery &amp; Cosmetics\" \/>\n<meta property=\"article:modified_time\" content=\"2021-07-26T15:26:48+00:00\" \/>\n<meta property=\"og:image\" content=\"https:\/\/www.stoelzle.com\/beauty\/wp-content\/uploads\/sites\/4\/2021\/02\/history-stm-masnieres-200-years-480x308.png\" \/>\n<meta name=\"twitter:card\" content=\"summary_large_image\" \/>\n<meta name=\"twitter:label1\" content=\"Gesch\u00e4tzte Lesezeit\" \/>\n\t<meta name=\"twitter:data1\" content=\"2 Minuten\" \/>\n<script type=\"application\/ld+json\" class=\"yoast-schema-graph\">{\"@context\":\"https:\/\/schema.org\",\"@graph\":[{\"@type\":\"WebPage\",\"@id\":\"https:\/\/www.stoelzle.com\/beauty\/de\/ueber-uns\/geschichte\/\",\"url\":\"https:\/\/www.stoelzle.com\/de\/unternehmen\/geschichte\",\"name\":\"Geschichte - Stoelzle Beauty \u2013 Perfumery &amp; Cosmetics\",\"isPartOf\":{\"@id\":\"https:\/\/www.stoelzle.com\/beauty\/#website\"},\"primaryImageOfPage\":{\"@id\":\"https:\/\/www.stoelzle.com\/de\/unternehmen\/geschichte#primaryimage\"},\"image\":{\"@id\":\"https:\/\/www.stoelzle.com\/de\/unternehmen\/geschichte#primaryimage\"},\"thumbnailUrl\":\"https:\/\/www.stoelzle.com\/beauty\/wp-content\/uploads\/sites\/4\/2021\/02\/history-stm-masnieres-200-years-480x308.png\",\"datePublished\":\"2021-01-29T16:55:53+00:00\",\"dateModified\":\"2021-07-26T15:26:48+00:00\",\"breadcrumb\":{\"@id\":\"https:\/\/www.stoelzle.com\/de\/unternehmen\/geschichte#breadcrumb\"},\"inLanguage\":\"de-DE\",\"potentialAction\":[{\"@type\":\"ReadAction\",\"target\":[\"https:\/\/www.stoelzle.com\/de\/unternehmen\/geschichte\"]}]},{\"@type\":\"ImageObject\",\"inLanguage\":\"de-DE\",\"@id\":\"https:\/\/www.stoelzle.com\/de\/unternehmen\/geschichte#primaryimage\",\"url\":\"https:\/\/www.stoelzle.com\/beauty\/wp-content\/uploads\/sites\/4\/2021\/02\/history-stm-masnieres-200-years-480x308.png\",\"contentUrl\":\"https:\/\/www.stoelzle.com\/beauty\/wp-content\/uploads\/sites\/4\/2021\/02\/history-stm-masnieres-200-years-480x308.png\"},{\"@type\":\"BreadcrumbList\",\"@id\":\"https:\/\/www.stoelzle.com\/de\/unternehmen\/geschichte#breadcrumb\",\"itemListElement\":[{\"@type\":\"ListItem\",\"position\":1,\"name\":\"Home\",\"item\":\"https:\/\/www.stoelzle.com\/de\/\"},{\"@type\":\"ListItem\",\"position\":2,\"name\":\"Perfumery &amp; Cosmetics\",\"item\":\"https:\/\/www.stoelzle.com\/beauty\/de\/\"},{\"@type\":\"ListItem\",\"position\":3,\"name\":\"\u00dcber uns\",\"item\":\"https:\/\/www.stoelzle.com\/beauty\/de\/ueber-uns\/\"},{\"@type\":\"ListItem\",\"position\":4,\"name\":\"Geschichte\"}]},{\"@type\":\"WebSite\",\"@id\":\"https:\/\/www.stoelzle.com\/beauty\/#website\",\"url\":\"https:\/\/www.stoelzle.com\/beauty\/\",\"name\":\"Stoelzle Beauty \u2013 Perfumery &amp; Cosmetics\",\"description\":\"\",\"publisher\":{\"@id\":\"https:\/\/www.stoelzle.com\/beauty\/#organization\"},\"potentialAction\":[{\"@type\":\"SearchAction\",\"target\":{\"@type\":\"EntryPoint\",\"urlTemplate\":\"https:\/\/www.stoelzle.com\/beauty\/?s={search_term_string}\"},\"query-input\":{\"@type\":\"PropertyValueSpecification\",\"valueRequired\":true,\"valueName\":\"search_term_string\"}}],\"inLanguage\":\"de-DE\"},{\"@type\":\"Organization\",\"@id\":\"https:\/\/www.stoelzle.com\/beauty\/#organization\",\"name\":\"Stoelzle Beauty - Perfumery & Cosmetics\",\"url\":\"https:\/\/www.stoelzle.com\/beauty\/\",\"logo\":{\"@type\":\"ImageObject\",\"inLanguage\":\"de-DE\",\"@id\":\"https:\/\/www.stoelzle.com\/beauty\/#\/schema\/logo\/image\/\",\"url\":\"https:\/\/www.stoelzle.com\/beauty\/wp-content\/uploads\/sites\/4\/2021\/03\/logo_beauty.svg\",\"contentUrl\":\"https:\/\/www.stoelzle.com\/beauty\/wp-content\/uploads\/sites\/4\/2021\/03\/logo_beauty.svg\",\"width\":173,\"height\":40,\"caption\":\"Stoelzle Beauty - Perfumery & Cosmetics\"},\"image\":{\"@id\":\"https:\/\/www.stoelzle.com\/beauty\/#\/schema\/logo\/image\/\"}}]}<\/script>\n<!-- \/ Yoast SEO plugin. -->","yoast_head_json":{"title":"Geschichte - Stoelzle Beauty \u2013 Perfumery &amp; Cosmetics","robots":{"index":"index","follow":"follow","max-snippet":"max-snippet:-1","max-image-preview":"max-image-preview:large","max-video-preview":"max-video-preview:-1"},"canonical":"https:\/\/www.stoelzle.com\/de\/unternehmen\/geschichte","og_locale":"de_DE","og_type":"article","og_title":"Geschichte - Stoelzle Beauty \u2013 Perfumery &amp; Cosmetics","og_description":"[vc_row][vc_column][\/vc_column][\/vc_row][vc_row full_width=&#8221;stretch_row_content_no_spaces&#8221;][vc_column][\/vc_column][\/vc_row][vc_row][vc_column width=&#8221;1\/6&#8243;][\/vc_column][vc_column width=&#8221;2\/3&#8243;][vc_column_text] 1818 Gr\u00fcndung der Glasfabrik durch Herrn Boulanger. 1835 Herr Varenghien erwirbt die Glasfabrik und startet mit der industriellen Fertigung (Glaskugeln f\u00fcr den Garten und Flaschen). 1850 Herr Leroy Soyez erwirbt die Glasfaribk und entwickelt eine neue Art von Formen f\u00fcr Bierflaschen, f\u00fcr die er auch ein Patent anmeldet. 1861 Die Familie [&hellip;]","og_url":"https:\/\/www.stoelzle.com\/de\/unternehmen\/geschichte","og_site_name":"Stoelzle Beauty \u2013 Perfumery &amp; Cosmetics","article_modified_time":"2021-07-26T15:26:48+00:00","og_image":[{"url":"https:\/\/www.stoelzle.com\/beauty\/wp-content\/uploads\/sites\/4\/2021\/02\/history-stm-masnieres-200-years-480x308.png","type":"","width":"","height":""}],"twitter_card":"summary_large_image","twitter_misc":{"Gesch\u00e4tzte Lesezeit":"2 Minuten"},"schema":{"@context":"https:\/\/schema.org","@graph":[{"@type":"WebPage","@id":"https:\/\/www.stoelzle.com\/beauty\/de\/ueber-uns\/geschichte\/","url":"https:\/\/www.stoelzle.com\/de\/unternehmen\/geschichte","name":"Geschichte - Stoelzle Beauty \u2013 Perfumery &amp; Cosmetics","isPartOf":{"@id":"https:\/\/www.stoelzle.com\/beauty\/#website"},"primaryImageOfPage":{"@id":"https:\/\/www.stoelzle.com\/de\/unternehmen\/geschichte#primaryimage"},"image":{"@id":"https:\/\/www.stoelzle.com\/de\/unternehmen\/geschichte#primaryimage"},"thumbnailUrl":"https:\/\/www.stoelzle.com\/beauty\/wp-content\/uploads\/sites\/4\/2021\/02\/history-stm-masnieres-200-years-480x308.png","datePublished":"2021-01-29T16:55:53+00:00","dateModified":"2021-07-26T15:26:48+00:00","breadcrumb":{"@id":"https:\/\/www.stoelzle.com\/de\/unternehmen\/geschichte#breadcrumb"},"inLanguage":"de-DE","potentialAction":[{"@type":"ReadAction","target":["https:\/\/www.stoelzle.com\/de\/unternehmen\/geschichte"]}]},{"@type":"ImageObject","inLanguage":"de-DE","@id":"https:\/\/www.stoelzle.com\/de\/unternehmen\/geschichte#primaryimage","url":"https:\/\/www.stoelzle.com\/beauty\/wp-content\/uploads\/sites\/4\/2021\/02\/history-stm-masnieres-200-years-480x308.png","contentUrl":"https:\/\/www.stoelzle.com\/beauty\/wp-content\/uploads\/sites\/4\/2021\/02\/history-stm-masnieres-200-years-480x308.png"},{"@type":"BreadcrumbList","@id":"https:\/\/www.stoelzle.com\/de\/unternehmen\/geschichte#breadcrumb","itemListElement":[{"@type":"ListItem","position":1,"name":"Home","item":"https:\/\/www.stoelzle.com\/de\/"},{"@type":"ListItem","position":2,"name":"Perfumery &amp; Cosmetics","item":"https:\/\/www.stoelzle.com\/beauty\/de\/"},{"@type":"ListItem","position":3,"name":"\u00dcber uns","item":"https:\/\/www.stoelzle.com\/beauty\/de\/ueber-uns\/"},{"@type":"ListItem","position":4,"name":"Geschichte"}]},{"@type":"WebSite","@id":"https:\/\/www.stoelzle.com\/beauty\/#website","url":"https:\/\/www.stoelzle.com\/beauty\/","name":"Stoelzle Beauty \u2013 Perfumery &amp; Cosmetics","description":"","publisher":{"@id":"https:\/\/www.stoelzle.com\/beauty\/#organization"},"potentialAction":[{"@type":"SearchAction","target":{"@type":"EntryPoint","urlTemplate":"https:\/\/www.stoelzle.com\/beauty\/?s={search_term_string}"},"query-input":{"@type":"PropertyValueSpecification","valueRequired":true,"valueName":"search_term_string"}}],"inLanguage":"de-DE"},{"@type":"Organization","@id":"https:\/\/www.stoelzle.com\/beauty\/#organization","name":"Stoelzle Beauty - Perfumery & Cosmetics","url":"https:\/\/www.stoelzle.com\/beauty\/","logo":{"@type":"ImageObject","inLanguage":"de-DE","@id":"https:\/\/www.stoelzle.com\/beauty\/#\/schema\/logo\/image\/","url":"https:\/\/www.stoelzle.com\/beauty\/wp-content\/uploads\/sites\/4\/2021\/03\/logo_beauty.svg","contentUrl":"https:\/\/www.stoelzle.com\/beauty\/wp-content\/uploads\/sites\/4\/2021\/03\/logo_beauty.svg","width":173,"height":40,"caption":"Stoelzle Beauty - Perfumery & Cosmetics"},"image":{"@id":"https:\/\/www.stoelzle.com\/beauty\/#\/schema\/logo\/image\/"}}]}},"_links":{"self":[{"href":"https:\/\/www.stoelzle.com\/beauty\/de\/wp-json\/wp\/v2\/pages\/1637","targetHints":{"allow":["GET"]}}],"collection":[{"href":"https:\/\/www.stoelzle.com\/beauty\/de\/wp-json\/wp\/v2\/pages"}],"about":[{"href":"https:\/\/www.stoelzle.com\/beauty\/de\/wp-json\/wp\/v2\/types\/page"}],"author":[{"embeddable":true,"href":"https:\/\/www.stoelzle.com\/beauty\/de\/wp-json\/wp\/v2\/users\/1"}],"replies":[{"embeddable":true,"href":"https:\/\/www.stoelzle.com\/beauty\/de\/wp-json\/wp\/v2\/comments?post=1637"}],"version-history":[{"count":0,"href":"https:\/\/www.stoelzle.com\/beauty\/de\/wp-json\/wp\/v2\/pages\/1637\/revisions"}],"up":[{"embeddable":true,"href":"https:\/\/www.stoelzle.com\/beauty\/de\/wp-json\/wp\/v2\/pages\/1625"}],"wp:attachment":[{"href":"https:\/\/www.stoelzle.com\/beauty\/de\/wp-json\/wp\/v2\/media?parent=1637"}],"curies":[{"name":"wp","href":"https:\/\/api.w.org\/{rel}","templated":true}]}}