{"id":1625,"date":"2021-01-29T16:55:45","date_gmt":"2021-01-29T16:55:45","guid":{"rendered":"https:\/\/stoelzle.com\/beauty\/about-us\/"},"modified":"2021-08-18T06:01:31","modified_gmt":"2021-08-18T06:01:31","slug":"ueber-uns","status":"publish","type":"page","link":"https:\/\/www.stoelzle.com\/beauty\/de\/ueber-uns\/","title":{"rendered":"\u00dcber uns"},"content":{"rendered":"<div class=\"wpb-content-wrapper\"><p>[vc_row][vc_column]<div class=\"vc-title   text-center\">\n              <div class=\"topline\">\u00dcber uns<\/div>\n              <h1 class=\"title position-relative separator\">Stoelzle Parf\u00fcmerie &amp; Kosmetik<\/h1>\n              <div class=\"row\"><div class=\"col-md-10 offset-md-1\"><\/p>\n<p class=\"large-text\">Wir haben uns der Herstellung von hochwertigem Verpackungsglas f\u00fcr Parf\u00fcms und Kosmetikprodukte verschrieben. Glas ist unsere Leidenschaft und wir geben unser Bestes, um in jedem Projekt die W\u00fcnsche und Erwartungen unserer Kunden zu erf\u00fcllen. Wir haben zahlreiche Standardartikel, sind jedoch auch auf die Entwicklung von designaffinen Kundenformen spezialisiert. Wir lieben es, au\u00dfergew\u00f6hnliche Glasflaschen zu fertigen.<\/p>\n<p><\/div><\/div>\n            <\/div>[\/vc_column][\/vc_row][vc_row full_width=&#8221;stretch_row_content_no_spaces&#8221;][vc_column]<div id=\"id-content-cards\" class=\"row no-gutters  \">\n        <div class=\"col-sm-6 col-md-4 col-lg-3 \">\n          <div class=\"card card-text theme-white\">\n            \n            <div class=\"card-overlay d-flex flex-column\">\n            \n            <div class=\"headline h3 w-100\">Unsere Vision<\/div>\n            <div class=\"desc w-100\"><p>Wir m\u00f6chten f\u00fcr unsere Kunden und unsere Mitarbeiter dauerhaft ein bevorzugter Partner sein, getragen von einer Unternehmenskultur von gegenseitigem Vertrauen und dem Anspruch hoher Leistungsbereitschaft, Flexibilit\u00e4t und Verl\u00e4sslichkeit.<\/p><\/div>\n            \n              <div class=\"mt-auto\">\n                \n              <\/div>\n            <\/div>\n          <\/div>\n        <\/div>\n        <div class=\"col-sm-6 col-md-4 col-lg-3 d-block d-md-none d-lg-block\">\n          <div class=\"card no-zoom theme-dark\">\n            \n          <div class=\"card-image position-absolute w-100 h-100\">\n            <img decoding=\"async\" class=\"w-100 h-100\"  src=\"https:\/\/www.stoelzle.com\/beauty\/wp-content\/uploads\/sites\/4\/2021\/02\/about-us-perfumery-oval-800x800.jpg\" alt=\"perfume glass bottle with closure\" \/>\n          <\/div>\n            <div class=\"card-overlay d-flex flex-column\">\n            \n            \n            \n            \n              <div class=\"mt-auto\">\n                \n              <\/div>\n            <\/div>\n          <\/div>\n        <\/div>\n        <div class=\"col-sm-6 col-md-4 col-lg-3 \">\n          <div class=\"card card-text theme-blue quote\">\n            \n            <div class=\"card-overlay d-flex flex-column\">\n            \n            <div class=\"headline h3 w-100\">Wir sind fasziniert von dem Material Glas und leben diese Leidenschaft!<\/div>\n            \n            \n              <div class=\"mt-auto\">\n                \n              <\/div>\n            <\/div>\n          <\/div>\n        <\/div>\n        <div class=\"col-sm-6 col-md-4 col-lg-3 \">\n          <div class=\"card no-zoom theme-dark\">\n            \n          <div class=\"card-image position-absolute w-100 h-100\">\n            <img decoding=\"async\" class=\"w-100 h-100\"  src=\"https:\/\/www.stoelzle.com\/beauty\/wp-content\/uploads\/sites\/4\/2021\/02\/about-us-cosmetic-jar-800x800.jpg\" alt=\"Cosmetic glass jar with closure\" \/>\n          <\/div>\n            <div class=\"card-overlay d-flex flex-column\">\n            \n            \n            \n            \n              <div class=\"mt-auto\">\n                \n              <\/div>\n            <\/div>\n          <\/div>\n        <\/div><\/div>[\/vc_column][\/vc_row][vc_row][vc_column]<div class=\"vc-title spacing-top-m  text-center\">\n              \n              <h2 class=\"title position-relative\">Wir geh\u00f6ren zur Stoelzle Glasgruppe<\/h2>\n              \n            <\/div>[vc_row_inner][vc_column_inner width=&#8221;1\/6&#8243;][\/vc_column_inner][vc_column_inner width=&#8221;2\/6&#8243;][vc_column_text]<\/p>\n<ul>\n<li>Ihr Experte f\u00fcr hochwertiges Verpackungsglas<\/li>\n<li>Teil einer internationalen Unternehmensgruppe in Privatbesitz<\/li>\n<li>\u00dcber 200 Jahre Erfahrung in der Herstellung von Verpackungsglas<\/li>\n<\/ul>\n<p>[\/vc_column_text][\/vc_column_inner][vc_column_inner width=&#8221;2\/6&#8243;][vc_column_text]<\/p>\n<ul>\n<li>Gesamtanbieter f\u00fcr die Entwicklung, Fertigung, Dekoration und Verschlussl\u00f6sungen<\/li>\n<li>Sechs Produktionsstandorte: \u00d6sterreich, England, Frankreich, Tschechischen und Polen<\/li>\n<\/ul>\n<p>[\/vc_column_text][\/vc_column_inner][vc_column_inner width=&#8221;1\/6&#8243;][\/vc_column_inner][\/vc_row_inner]<div class=\"vc-spacer spacing-bottom-s\"><\/div><div id=\"id-bu-overview\" class=\"vc-gallery  spacing-bottom-s\"><div class=\"row vc-gallery-grid\"><a  href=\"\/pharma\/de\/\"  class=\"vc-gallery-item mb-4 style-3 col-sm-6 col-md-4 col-lg-3\">\n                  <div class=\"vc-gallery-image off show-border\"><img decoding=\"async\" class=\"img-fluid\" src=\"https:\/\/www.stoelzle.com\/beauty\/wp-content\/uploads\/sites\/4\/2021\/02\/business-unit-pharma-800x800.jpg\" alt=\"Dropper bottle with closure\"><\/div>\n                  <div class=\"vc-gallery-content\"><div class=\"vc-gallery-title\">Pharma<\/div><\/div>\n                <\/a><a  href=\"\/de\/geschaeftsfelder\/medical-laborbedarf\/\"  class=\"vc-gallery-item mb-4 style-3 col-sm-6 col-md-4 col-lg-3\">\n                  <div class=\"vc-gallery-image off show-border\"><img decoding=\"async\" class=\"img-fluid\" src=\"https:\/\/www.stoelzle.com\/beauty\/wp-content\/uploads\/sites\/4\/2021\/02\/business-unit-medical-800x800.jpg\" alt=\"Consumables\"><\/div>\n                  <div class=\"vc-gallery-content\"><div class=\"vc-gallery-title\">Medical & Laborbedarf<\/div><\/div>\n                <\/a><a  href=\"\/consumer\/de\/\"  class=\"vc-gallery-item mb-4 style-3 col-sm-6 col-md-4 col-lg-3\">\n                  <div class=\"vc-gallery-image off show-border\"><img decoding=\"async\" class=\"img-fluid\" src=\"https:\/\/www.stoelzle.com\/beauty\/wp-content\/uploads\/sites\/4\/2021\/02\/business-unit-consumer-800x800.jpg\" alt=\"Filled jam jar\"><\/div>\n                  <div class=\"vc-gallery-content\"><div class=\"vc-gallery-title\">Lebensmittel & Getr\u00e4nke<\/div><\/div>\n                <\/a><a  href=\"\/de\/geschaeftsfelder\/prestige-spirits\/\"  class=\"vc-gallery-item mb-4 style-3 col-sm-6 col-md-4 col-lg-3\">\n                  <div class=\"vc-gallery-image off show-border\"><img decoding=\"async\" class=\"img-fluid\" src=\"https:\/\/www.stoelzle.com\/beauty\/wp-content\/uploads\/sites\/4\/2021\/02\/business-unit-spirits-800x800.jpg\" alt=\"Spirit bottle with closurew\"><\/div>\n                  <div class=\"vc-gallery-content\"><div class=\"vc-gallery-title\">Spirituosen<\/div><\/div>\n                <\/a><a  href=\"\/de\/geschaeftsfelder\/tableware\/\"  class=\"vc-gallery-item mb-4 style-3 col-sm-6 col-md-4 col-lg-3\">\n                  <div class=\"vc-gallery-image off show-border\"><img decoding=\"async\" class=\"img-fluid\" src=\"https:\/\/www.stoelzle.com\/beauty\/wp-content\/uploads\/sites\/4\/2021\/02\/business-unit-tableware-800x800.jpg\" alt=\"Glass jug\"><\/div>\n                  <div class=\"vc-gallery-content\"><div class=\"vc-gallery-title\">Tableware<\/div><\/div>\n                <\/a><a  href=\"\/de\/geschaeftsfelder\/kerzenglaeser-laternen\/\"  class=\"vc-gallery-item mb-4 style-3 col-sm-6 col-md-4 col-lg-3\">\n                  <div class=\"vc-gallery-image off show-border\"><img decoding=\"async\" class=\"img-fluid\" src=\"https:\/\/www.stoelzle.com\/beauty\/wp-content\/uploads\/sites\/4\/2021\/02\/business-unit-lanterns-800x800.jpg\" alt=\"Candle jar\"><\/div>\n                  <div class=\"vc-gallery-content\"><div class=\"vc-gallery-title\">Kerzengl\u00e4ser & Laternen<\/div><\/div>\n                <\/a><a  href=\"\/de\/geschaeftsfelder\/mini-spirituosen\/\"  class=\"vc-gallery-item mb-4 style-3 col-sm-6 col-md-4 col-lg-3\">\n                  <div class=\"vc-gallery-image off show-border\"><img decoding=\"async\" class=\"img-fluid\" src=\"https:\/\/www.stoelzle.com\/beauty\/wp-content\/uploads\/sites\/4\/2021\/08\/business-unit-mini-spirits3-800x800.jpg\" alt=\"\"><\/div>\n                  <div class=\"vc-gallery-content\"><div class=\"vc-gallery-title\">Mini Spirituosen<\/div><\/div>\n                <\/a><\/div><\/div>[vc_column_text]<\/p>\n<p style=\"text-align: center\"><a class=\"editor-button cta\" href=\"\/de\" target=\"_blank\" rel=\"noopener\">Zur Stoelzle Glasgruppe<\/a><\/p>\n<p>[\/vc_column_text]<div class=\"vc-spacer spacing-bottom-s\"><\/div>[\/vc_column][\/vc_row][vc_row full_width=&#8221;stretch_row&#8221; el_class=&#8221;light-gray&#8221;][vc_column]<div class=\"vc-spacer spacing-bottom-m\"><\/div>[vc_row_inner content_placement=&#8221;middle&#8221; el_class=&#8221;text-text&#8221;][vc_column_inner width=&#8221;1\/2&#8243;]\n      <div class=\"vc-image\">\n         \n          <img loading=\"lazy\" decoding=\"async\" width=\"2000\" height=\"1035\" src=\"https:\/\/www.stoelzle.com\/beauty\/wp-content\/uploads\/sites\/4\/2021\/02\/about-us-fields-of-application.jpg\" class=\"img-fluid w-100 h-100 d-none d-md-block\" alt=\"Sketches showing the outline of perfume and cosmetic products\" srcset=\"https:\/\/www.stoelzle.com\/beauty\/wp-content\/uploads\/sites\/4\/2021\/02\/about-us-fields-of-application.jpg 2000w, https:\/\/www.stoelzle.com\/beauty\/wp-content\/uploads\/sites\/4\/2021\/02\/about-us-fields-of-application-480x248.jpg 480w, https:\/\/www.stoelzle.com\/beauty\/wp-content\/uploads\/sites\/4\/2021\/02\/about-us-fields-of-application-1024x530.jpg 1024w, https:\/\/www.stoelzle.com\/beauty\/wp-content\/uploads\/sites\/4\/2021\/02\/about-us-fields-of-application-1536x795.jpg 1536w, https:\/\/www.stoelzle.com\/beauty\/wp-content\/uploads\/sites\/4\/2021\/02\/about-us-fields-of-application-992x513.jpg 992w, https:\/\/www.stoelzle.com\/beauty\/wp-content\/uploads\/sites\/4\/2021\/02\/about-us-fields-of-application-600x311.jpg 600w\" sizes=\"auto, (max-width: 2000px) 100vw, 2000px\" \/> \n          <img loading=\"lazy\" decoding=\"async\" width=\"992\" height=\"513\" src=\"https:\/\/www.stoelzle.com\/beauty\/wp-content\/uploads\/sites\/4\/2021\/02\/about-us-fields-of-application-992x513.jpg\" class=\"img-fluid w-100 h-100 d-mdx-none\" alt=\"Sketches showing the outline of perfume and cosmetic products\" srcset=\"https:\/\/www.stoelzle.com\/beauty\/wp-content\/uploads\/sites\/4\/2021\/02\/about-us-fields-of-application-992x513.jpg 992w, https:\/\/www.stoelzle.com\/beauty\/wp-content\/uploads\/sites\/4\/2021\/02\/about-us-fields-of-application-480x248.jpg 480w, https:\/\/www.stoelzle.com\/beauty\/wp-content\/uploads\/sites\/4\/2021\/02\/about-us-fields-of-application-1024x530.jpg 1024w, https:\/\/www.stoelzle.com\/beauty\/wp-content\/uploads\/sites\/4\/2021\/02\/about-us-fields-of-application-1536x795.jpg 1536w, https:\/\/www.stoelzle.com\/beauty\/wp-content\/uploads\/sites\/4\/2021\/02\/about-us-fields-of-application-600x311.jpg 600w, https:\/\/www.stoelzle.com\/beauty\/wp-content\/uploads\/sites\/4\/2021\/02\/about-us-fields-of-application.jpg 2000w\" sizes=\"auto, (max-width: 992px) 100vw, 992px\" \/>\n          \n         \n      <\/div>[\/vc_column_inner][vc_column_inner width=&#8221;1\/2&#8243;][vc_column_text]<\/p>\n<h2>Umfassendes Produktsortiment<\/h2>\n<ul>\n<li><a href=\"\/beauty\/de\/produkte\/parfum\/luxus-kollektion\/\">Luxus-Kollektion<\/a><\/li>\n<li><a href=\"\/beauty\/de\/produkte\/parfum\/standardprodukte\/\">Standard-Kollektion<\/a><\/li>\n<li><a href=\"\/beauty\/de\/produkte\/kosmetik\/kosmetikflaschen\/\">Kosmetikflaschen<\/a><\/li>\n<li><a href=\"\/beauty\/de\/produkte\/kosmetik\/cremetiegel\/\">Cremetiegel<\/a><\/li>\n<li><a href=\"\/beauty\/de\/produkte\/koerperpflege\/roll-on-de\/\">Roll-On<\/a><\/li>\n<li><a href=\"\/beauty\/de\/produkte\/koerperpflege\/lotion-de\/\">Body Lotions<\/a><\/li>\n<li><a href=\"\/beauty\/de\/produkte\/koerperpflege\/shampoo-duschgel\/\">Shampoo &amp; Duschgel<\/a><\/li>\n<\/ul>\n<p><a class=\"editor-button cta\" href=\"\/beauty\/de\/produkte\/\">Produktfinder<\/a>[\/vc_column_text][\/vc_column_inner][\/vc_row_inner]<div class=\"vc-spacer spacing-bottom-m\"><\/div>[\/vc_column][\/vc_row]<\/p>\n<\/div>","protected":false},"excerpt":{"rendered":"<p>[vc_row][vc_column][\/vc_column][\/vc_row][vc_row full_width=&#8221;stretch_row_content_no_spaces&#8221;][vc_column][\/vc_column][\/vc_row][vc_row][vc_column][vc_row_inner][vc_column_inner width=&#8221;1\/6&#8243;][\/vc_column_inner][vc_column_inner width=&#8221;2\/6&#8243;][vc_column_text] Ihr Experte f\u00fcr hochwertiges Verpackungsglas Teil einer internationalen Unternehmensgruppe in Privatbesitz \u00dcber 200 Jahre Erfahrung in der Herstellung von Verpackungsglas [\/vc_column_text][\/vc_column_inner][vc_column_inner width=&#8221;2\/6&#8243;][vc_column_text] Gesamtanbieter f\u00fcr die Entwicklung, Fertigung, Dekoration und Verschlussl\u00f6sungen Sechs Produktionsstandorte: \u00d6sterreich, England, Frankreich, Tschechischen und Polen [\/vc_column_text][\/vc_column_inner][vc_column_inner width=&#8221;1\/6&#8243;][\/vc_column_inner][\/vc_row_inner][vc_column_text] Zur Stoelzle Glasgruppe [\/vc_column_text][\/vc_column][\/vc_row][vc_row full_width=&#8221;stretch_row&#8221; el_class=&#8221;light-gray&#8221;][vc_column][vc_row_inner content_placement=&#8221;middle&#8221; el_class=&#8221;text-text&#8221;][vc_column_inner width=&#8221;1\/2&#8243;][\/vc_column_inner][vc_column_inner width=&#8221;1\/2&#8243;][vc_column_text] Umfassendes [&hellip;]<\/p>\n","protected":false},"author":1,"featured_media":0,"parent":0,"menu_order":30,"comment_status":"closed","ping_status":"closed","template":"","meta":{"_acf_changed":false,"footnotes":""},"class_list":["post-1625","page","type-page","status-publish","hentry"],"acf":[],"yoast_head":"<!-- This site is optimized with the Yoast SEO plugin v26.6 - https:\/\/yoast.com\/wordpress\/plugins\/seo\/ -->\n<title>\u00dcber uns - Stoelzle Beauty \u2013 Perfumery &amp; Cosmetics<\/title>\n<meta name=\"robots\" content=\"index, follow, max-snippet:-1, max-image-preview:large, max-video-preview:-1\" \/>\n<link rel=\"canonical\" href=\"https:\/\/www.stoelzle.com\/beauty\/de\/ueber-uns\/\" \/>\n<meta property=\"og:locale\" content=\"de_DE\" \/>\n<meta property=\"og:type\" content=\"article\" \/>\n<meta property=\"og:title\" content=\"\u00dcber uns - Stoelzle Beauty \u2013 Perfumery &amp; Cosmetics\" \/>\n<meta property=\"og:description\" content=\"[vc_row][vc_column][\/vc_column][\/vc_row][vc_row full_width=&#8221;stretch_row_content_no_spaces&#8221;][vc_column][\/vc_column][\/vc_row][vc_row][vc_column][vc_row_inner][vc_column_inner width=&#8221;1\/6&#8243;][\/vc_column_inner][vc_column_inner width=&#8221;2\/6&#8243;][vc_column_text] Ihr Experte f\u00fcr hochwertiges Verpackungsglas Teil einer internationalen Unternehmensgruppe in Privatbesitz \u00dcber 200 Jahre Erfahrung in der Herstellung von Verpackungsglas [\/vc_column_text][\/vc_column_inner][vc_column_inner width=&#8221;2\/6&#8243;][vc_column_text] Gesamtanbieter f\u00fcr die Entwicklung, Fertigung, Dekoration und Verschlussl\u00f6sungen Sechs Produktionsstandorte: \u00d6sterreich, England, Frankreich, Tschechischen und Polen [\/vc_column_text][\/vc_column_inner][vc_column_inner width=&#8221;1\/6&#8243;][\/vc_column_inner][\/vc_row_inner][vc_column_text] Zur Stoelzle Glasgruppe [\/vc_column_text][\/vc_column][\/vc_row][vc_row full_width=&#8221;stretch_row&#8221; el_class=&#8221;light-gray&#8221;][vc_column][vc_row_inner content_placement=&#8221;middle&#8221; el_class=&#8221;text-text&#8221;][vc_column_inner width=&#8221;1\/2&#8243;][\/vc_column_inner][vc_column_inner width=&#8221;1\/2&#8243;][vc_column_text] Umfassendes [&hellip;]\" \/>\n<meta property=\"og:url\" content=\"https:\/\/www.stoelzle.com\/beauty\/de\/ueber-uns\/\" \/>\n<meta property=\"og:site_name\" content=\"Stoelzle Beauty \u2013 Perfumery &amp; Cosmetics\" \/>\n<meta property=\"article:modified_time\" content=\"2021-08-18T06:01:31+00:00\" \/>\n<meta name=\"twitter:card\" content=\"summary_large_image\" \/>\n<meta name=\"twitter:label1\" content=\"Gesch\u00e4tzte Lesezeit\" \/>\n\t<meta name=\"twitter:data1\" content=\"1 Minute\" \/>\n<script type=\"application\/ld+json\" class=\"yoast-schema-graph\">{\"@context\":\"https:\/\/schema.org\",\"@graph\":[{\"@type\":\"WebPage\",\"@id\":\"https:\/\/www.stoelzle.com\/beauty\/de\/ueber-uns\/\",\"url\":\"https:\/\/www.stoelzle.com\/beauty\/de\/ueber-uns\/\",\"name\":\"\u00dcber uns - Stoelzle Beauty \u2013 Perfumery &amp; Cosmetics\",\"isPartOf\":{\"@id\":\"https:\/\/www.stoelzle.com\/beauty\/#website\"},\"datePublished\":\"2021-01-29T16:55:45+00:00\",\"dateModified\":\"2021-08-18T06:01:31+00:00\",\"breadcrumb\":{\"@id\":\"https:\/\/www.stoelzle.com\/beauty\/de\/ueber-uns\/#breadcrumb\"},\"inLanguage\":\"de-DE\",\"potentialAction\":[{\"@type\":\"ReadAction\",\"target\":[\"https:\/\/www.stoelzle.com\/beauty\/de\/ueber-uns\/\"]}]},{\"@type\":\"BreadcrumbList\",\"@id\":\"https:\/\/www.stoelzle.com\/beauty\/de\/ueber-uns\/#breadcrumb\",\"itemListElement\":[{\"@type\":\"ListItem\",\"position\":1,\"name\":\"Home\",\"item\":\"https:\/\/www.stoelzle.com\/de\/\"},{\"@type\":\"ListItem\",\"position\":2,\"name\":\"Perfumery &amp; Cosmetics\",\"item\":\"https:\/\/www.stoelzle.com\/beauty\/de\/\"},{\"@type\":\"ListItem\",\"position\":3,\"name\":\"\u00dcber uns\"}]},{\"@type\":\"WebSite\",\"@id\":\"https:\/\/www.stoelzle.com\/beauty\/#website\",\"url\":\"https:\/\/www.stoelzle.com\/beauty\/\",\"name\":\"Stoelzle Beauty \u2013 Perfumery &amp; Cosmetics\",\"description\":\"\",\"publisher\":{\"@id\":\"https:\/\/www.stoelzle.com\/beauty\/#organization\"},\"potentialAction\":[{\"@type\":\"SearchAction\",\"target\":{\"@type\":\"EntryPoint\",\"urlTemplate\":\"https:\/\/www.stoelzle.com\/beauty\/?s={search_term_string}\"},\"query-input\":{\"@type\":\"PropertyValueSpecification\",\"valueRequired\":true,\"valueName\":\"search_term_string\"}}],\"inLanguage\":\"de-DE\"},{\"@type\":\"Organization\",\"@id\":\"https:\/\/www.stoelzle.com\/beauty\/#organization\",\"name\":\"Stoelzle Beauty - Perfumery & Cosmetics\",\"url\":\"https:\/\/www.stoelzle.com\/beauty\/\",\"logo\":{\"@type\":\"ImageObject\",\"inLanguage\":\"de-DE\",\"@id\":\"https:\/\/www.stoelzle.com\/beauty\/#\/schema\/logo\/image\/\",\"url\":\"https:\/\/www.stoelzle.com\/beauty\/wp-content\/uploads\/sites\/4\/2021\/03\/logo_beauty.svg\",\"contentUrl\":\"https:\/\/www.stoelzle.com\/beauty\/wp-content\/uploads\/sites\/4\/2021\/03\/logo_beauty.svg\",\"width\":173,\"height\":40,\"caption\":\"Stoelzle Beauty - Perfumery & Cosmetics\"},\"image\":{\"@id\":\"https:\/\/www.stoelzle.com\/beauty\/#\/schema\/logo\/image\/\"}}]}<\/script>\n<!-- \/ Yoast SEO plugin. -->","yoast_head_json":{"title":"\u00dcber uns - Stoelzle Beauty \u2013 Perfumery &amp; Cosmetics","robots":{"index":"index","follow":"follow","max-snippet":"max-snippet:-1","max-image-preview":"max-image-preview:large","max-video-preview":"max-video-preview:-1"},"canonical":"https:\/\/www.stoelzle.com\/beauty\/de\/ueber-uns\/","og_locale":"de_DE","og_type":"article","og_title":"\u00dcber uns - Stoelzle Beauty \u2013 Perfumery &amp; Cosmetics","og_description":"[vc_row][vc_column][\/vc_column][\/vc_row][vc_row full_width=&#8221;stretch_row_content_no_spaces&#8221;][vc_column][\/vc_column][\/vc_row][vc_row][vc_column][vc_row_inner][vc_column_inner width=&#8221;1\/6&#8243;][\/vc_column_inner][vc_column_inner width=&#8221;2\/6&#8243;][vc_column_text] Ihr Experte f\u00fcr hochwertiges Verpackungsglas Teil einer internationalen Unternehmensgruppe in Privatbesitz \u00dcber 200 Jahre Erfahrung in der Herstellung von Verpackungsglas [\/vc_column_text][\/vc_column_inner][vc_column_inner width=&#8221;2\/6&#8243;][vc_column_text] Gesamtanbieter f\u00fcr die Entwicklung, Fertigung, Dekoration und Verschlussl\u00f6sungen Sechs Produktionsstandorte: \u00d6sterreich, England, Frankreich, Tschechischen und Polen [\/vc_column_text][\/vc_column_inner][vc_column_inner width=&#8221;1\/6&#8243;][\/vc_column_inner][\/vc_row_inner][vc_column_text] Zur Stoelzle Glasgruppe [\/vc_column_text][\/vc_column][\/vc_row][vc_row full_width=&#8221;stretch_row&#8221; el_class=&#8221;light-gray&#8221;][vc_column][vc_row_inner content_placement=&#8221;middle&#8221; el_class=&#8221;text-text&#8221;][vc_column_inner width=&#8221;1\/2&#8243;][\/vc_column_inner][vc_column_inner width=&#8221;1\/2&#8243;][vc_column_text] Umfassendes [&hellip;]","og_url":"https:\/\/www.stoelzle.com\/beauty\/de\/ueber-uns\/","og_site_name":"Stoelzle Beauty \u2013 Perfumery &amp; Cosmetics","article_modified_time":"2021-08-18T06:01:31+00:00","twitter_card":"summary_large_image","twitter_misc":{"Gesch\u00e4tzte Lesezeit":"1 Minute"},"schema":{"@context":"https:\/\/schema.org","@graph":[{"@type":"WebPage","@id":"https:\/\/www.stoelzle.com\/beauty\/de\/ueber-uns\/","url":"https:\/\/www.stoelzle.com\/beauty\/de\/ueber-uns\/","name":"\u00dcber uns - Stoelzle Beauty \u2013 Perfumery &amp; Cosmetics","isPartOf":{"@id":"https:\/\/www.stoelzle.com\/beauty\/#website"},"datePublished":"2021-01-29T16:55:45+00:00","dateModified":"2021-08-18T06:01:31+00:00","breadcrumb":{"@id":"https:\/\/www.stoelzle.com\/beauty\/de\/ueber-uns\/#breadcrumb"},"inLanguage":"de-DE","potentialAction":[{"@type":"ReadAction","target":["https:\/\/www.stoelzle.com\/beauty\/de\/ueber-uns\/"]}]},{"@type":"BreadcrumbList","@id":"https:\/\/www.stoelzle.com\/beauty\/de\/ueber-uns\/#breadcrumb","itemListElement":[{"@type":"ListItem","position":1,"name":"Home","item":"https:\/\/www.stoelzle.com\/de\/"},{"@type":"ListItem","position":2,"name":"Perfumery &amp; Cosmetics","item":"https:\/\/www.stoelzle.com\/beauty\/de\/"},{"@type":"ListItem","position":3,"name":"\u00dcber uns"}]},{"@type":"WebSite","@id":"https:\/\/www.stoelzle.com\/beauty\/#website","url":"https:\/\/www.stoelzle.com\/beauty\/","name":"Stoelzle Beauty \u2013 Perfumery &amp; Cosmetics","description":"","publisher":{"@id":"https:\/\/www.stoelzle.com\/beauty\/#organization"},"potentialAction":[{"@type":"SearchAction","target":{"@type":"EntryPoint","urlTemplate":"https:\/\/www.stoelzle.com\/beauty\/?s={search_term_string}"},"query-input":{"@type":"PropertyValueSpecification","valueRequired":true,"valueName":"search_term_string"}}],"inLanguage":"de-DE"},{"@type":"Organization","@id":"https:\/\/www.stoelzle.com\/beauty\/#organization","name":"Stoelzle Beauty - Perfumery & Cosmetics","url":"https:\/\/www.stoelzle.com\/beauty\/","logo":{"@type":"ImageObject","inLanguage":"de-DE","@id":"https:\/\/www.stoelzle.com\/beauty\/#\/schema\/logo\/image\/","url":"https:\/\/www.stoelzle.com\/beauty\/wp-content\/uploads\/sites\/4\/2021\/03\/logo_beauty.svg","contentUrl":"https:\/\/www.stoelzle.com\/beauty\/wp-content\/uploads\/sites\/4\/2021\/03\/logo_beauty.svg","width":173,"height":40,"caption":"Stoelzle Beauty - Perfumery & Cosmetics"},"image":{"@id":"https:\/\/www.stoelzle.com\/beauty\/#\/schema\/logo\/image\/"}}]}},"_links":{"self":[{"href":"https:\/\/www.stoelzle.com\/beauty\/de\/wp-json\/wp\/v2\/pages\/1625","targetHints":{"allow":["GET"]}}],"collection":[{"href":"https:\/\/www.stoelzle.com\/beauty\/de\/wp-json\/wp\/v2\/pages"}],"about":[{"href":"https:\/\/www.stoelzle.com\/beauty\/de\/wp-json\/wp\/v2\/types\/page"}],"author":[{"embeddable":true,"href":"https:\/\/www.stoelzle.com\/beauty\/de\/wp-json\/wp\/v2\/users\/1"}],"replies":[{"embeddable":true,"href":"https:\/\/www.stoelzle.com\/beauty\/de\/wp-json\/wp\/v2\/comments?post=1625"}],"version-history":[{"count":0,"href":"https:\/\/www.stoelzle.com\/beauty\/de\/wp-json\/wp\/v2\/pages\/1625\/revisions"}],"wp:attachment":[{"href":"https:\/\/www.stoelzle.com\/beauty\/de\/wp-json\/wp\/v2\/media?parent=1625"}],"curies":[{"name":"wp","href":"https:\/\/api.w.org\/{rel}","templated":true}]}}